{"id":287621,"date":"2023-12-29T11:44:42","date_gmt":"2023-12-29T10:44:42","guid":{"rendered":"https:\/\/www.hzc-power.com\/uncategorized\/pallet-forks-for-hzc-power-mini-excavators-p12\/pallet-forks-for-hzc-power-mini-excavators-p12\/"},"modified":"2026-04-16T18:41:25","modified_gmt":"2026-04-16T16:41:25","slug":"pallet-forks-for-hzc-power-mini-excavators-p12","status":"publish","type":"product","link":"https:\/\/www.hzc-power.com\/en\/pallet-forks-for-hzc-power-mini-excavators-p12\/","title":{"rendered":"Pallet forks for HZC Power mini excavators (P12)"},"content":{"rendered":"<div class=\"wpb-content-wrapper\"><p>[vc_row css=&#8221;.vc_custom_1696421734791{padding-top: 3rem !important;padding-bottom: 3rem !important;}&#8221;][vc_column width=&#8221;1\/2&#8243;][vc_column_text]<\/p>\n<h2>Pallet forks for HZC Power mini excavators (P12)<\/h2>\n<p>[\/vc_column_text][vc_empty_space][vc_column_text]The P12 pallet forks are ideal for our mini excavators. This fork is attached to the dozer blade and makes it easier to work with pallets, crates etc.. Our forks can lift and move up to 150 kg. This is particularly suitable for transporting material on pallets or crates etc. from A to B on a construction project or similar. The width of the pallet forks can be adjusted from 550 mm to 680 mm.[\/vc_column_text][\/vc_column][vc_column width=&#8221;1\/2&#8243;][vc_column_text]<br \/>\nDimensions:<br \/>\n[\/vc_column_text][vc_empty_space][vc_column_text]<br \/>\nDimensions: 1000 x 140 x 60 mm<br \/>\nWidth of operating lever: 550 to 680 mm<br \/>\n[\/vc_column_text][vc_gallery interval=&#8221;3&#8243; images=&#8221;287466&#8243;][\/vc_column][\/vc_row][vc_row][vc_column]            <div class=\"nasa-static-block\" >\r\n                                <div class=\"nasa-static-block-container\">\r\n                    <style type=\"text\/css\" data-type=\"vc_shortcodes-custom-css\">.vc_custom_1696253521432{margin-top: 2rem !important;margin-bottom: 2rem !important;padding-top: 3rem !important;padding-bottom: 3rem !important;background-color: #505f6b !important;}.vc_custom_1696253530748{padding-right: 1rem !important;padding-left: 1rem !important;}<\/style>[vc_section full_width=\"stretch_row\" css=\".vc_custom_1696253521432{margin-top: 2rem !important;margin-bottom: 2rem !important;padding-top: 3rem !important;padding-bottom: 3rem !important;background-color: #505f6b !important;}\"][vc_row css=\".vc_custom_1696253530748{padding-right: 1rem !important;padding-left: 1rem !important;}\"][vc_column width=\"1\/2\"][vc_column_text]\r\n<h2><span style=\"color: #ffffff;\">Angebot f\u00fcr Ihr HZC Power Produkt<\/span><\/h2>\r\n[\/vc_column_text][vc_empty_space][\/vc_column][vc_column width=\"1\/2\"][vc_column_text]<span style=\"color: #ffffff;\">Bei HZC Power achten wir stets auf h\u00f6chste Qualit\u00e4t, technisch einwandfreie Verarbeitung und eine robuste Konstruktion. Unsere Produkte erhalten Sie teilmontiert per Spedition. Dabei bieten wir Ihnen einen Festpreis f\u00fcr den Versand der automatisch im Warenkorb generiert wird (zus\u00e4tzliche Versandinformationen finden sie <a style=\"color: #ffffff;\" href=\"http:\/\/www.hzc-power.com\/de\/versand\"><strong>hier<\/strong><\/a>).<\/span>\r\n\r\n<span style=\"color: #ffffff;\">Gerne k\u00f6nnen Sie unsere Produkte nach Absprache auch in unserer Zentrale besichtigen oder kostenlos abholen.<\/span>\r\n\r\n<span style=\"color: #ffffff;\">Sollten Sie weitere Fragen zu den einzelnen Modellen haben dann melden Sie sich gerne bei <strong><a style=\"color: #ffffff;\" href=\"http:\/\/www.hzc-power.com\/de\/kontakt\">unserem Kundenservice<\/a><\/strong>. Dieser ber\u00e4t Sie gerne weiter. \u00dcberzeugen Sie sich selbst von unserem Angebot und sichern Sie sich Ihr Produkt in bester Qualit\u00e4t zum besten Preis bei HZC Power.<\/span>[\/vc_column_text][\/vc_column][\/vc_row][\/vc_section]                <\/div>\r\n            <\/div>\r\n            [\/vc_column][\/vc_row][vc_section full_width=&#8221;stretch_row&#8221; css=&#8221;.vc_custom_1696421646869{margin-top: 2rem !important;margin-bottom: 2rem !important;padding-top: 3rem !important;padding-bottom: 3rem !important;background-color: #fafafa !important;}&#8221;][vc_row css=&#8221;.vc_custom_1696421669972{padding-right: 1rem !important;padding-left: 1rem !important;}&#8221;][vc_column][vc_column_text]Videos:[\/vc_column_text][vc_empty_space][vc_video link=&#8221;https:\/\/youtu.be\/CynoWldEw7o&#8221;][vc_video link=&#8221;https:\/\/youtu.be\/fq1jfgkrvNc&#8221;][\/vc_column][\/vc_row][\/vc_section]<\/p>\n<\/div>","protected":false},"excerpt":{"rendered":"<p><span style=\"color: #ff0000;\"><strong>The pallet forks would be available at the end of February.<\/strong><\/span><\/p>\n<ul>\n<li>The price is for a pair &#8211; <strong>2 pallet forks<\/strong><\/li>\n<li>Dimensions of the forks <strong>1000mm x 140 mm x 60 mm<\/strong> (LxWxH)<\/li>\n<li>Forks adjustable from <strong>550 mm to 680 mm<\/strong><\/li>\n<li>Lifting force up to <strong>150Kg<\/strong><\/li>\n<li>Maximum lifting height <strong>190 mm<\/strong><\/li>\n<li>Compatible with all HZC Power mini excavators that have a <strong>dozer blade<\/strong><\/li>\n<li>For more <strong>variability<\/strong> on the mini excavator<\/li>\n<\/ul>\n","protected":false},"featured_media":299278,"comment_status":"open","ping_status":"closed","template":"","meta":{"inline_featured_image":false},"product_brand":[],"product_cat":[329,324],"class_list":{"0":"post-287621","1":"product","2":"type-product","3":"status-publish","4":"has-post-thumbnail","6":"product_cat-excavator-accessories","7":"product_cat-forestry-landscaping","8":"product_shipping_class-spedition-15","10":"first","11":"instock","12":"sale","13":"taxable","14":"shipping-taxable","15":"purchasable","16":"product-type-simple"},"bundled_by":["4690","28639","4675","286460","286523","291163","291203","287613","287610","286541","286554","289570","4688","4694","7329","4683","291230","4696","297356"],"bundle_stock_status":"instock","bundle_stock_quantity":29,"bundle_virtual":false,"bundle_layout":"","bundle_add_to_cart_form_location":"","bundle_editable_in_cart":false,"bundle_sold_individually_context":"","bundle_item_grouping":"","bundle_min_size":"","bundle_max_size":"","bundle_price":[],"bundled_items":[],"bundle_sell_ids":[],"jetpack_sharing_enabled":true,"wcpa_form_fields":null,"_links":{"self":[{"href":"https:\/\/www.hzc-power.com\/en\/wp-json\/wp\/v2\/product\/287621","targetHints":{"allow":["GET"]}}],"collection":[{"href":"https:\/\/www.hzc-power.com\/en\/wp-json\/wp\/v2\/product"}],"about":[{"href":"https:\/\/www.hzc-power.com\/en\/wp-json\/wp\/v2\/types\/product"}],"replies":[{"embeddable":true,"href":"https:\/\/www.hzc-power.com\/en\/wp-json\/wp\/v2\/comments?post=287621"}],"wp:featuredmedia":[{"embeddable":true,"href":"https:\/\/www.hzc-power.com\/en\/wp-json\/wp\/v2\/media\/299278"}],"wp:attachment":[{"href":"https:\/\/www.hzc-power.com\/en\/wp-json\/wp\/v2\/media?parent=287621"}],"wp:term":[{"taxonomy":"product_brand","embeddable":true,"href":"https:\/\/www.hzc-power.com\/en\/wp-json\/wp\/v2\/product_brand?post=287621"},{"taxonomy":"product_cat","embeddable":true,"href":"https:\/\/www.hzc-power.com\/en\/wp-json\/wp\/v2\/product_cat?post=287621"}],"curies":[{"name":"wp","href":"https:\/\/api.w.org\/{rel}","templated":true}]}}