{"id":288804,"date":"2024-04-09T12:26:08","date_gmt":"2024-04-09T10:26:08","guid":{"rendered":"https:\/\/www.hzc-power.com\/unkategorisiert\/excavator-thumb-for-hzc-power-mini-excavator-bgd\/excavator-thumb-for-hzc-power-mini-excavator-bgd\/"},"modified":"2026-04-15T12:19:23","modified_gmt":"2026-04-15T10:19:23","slug":"excavator-thumb-for-hzc-power-mini-excavator-bgd","status":"publish","type":"product","link":"https:\/\/www.hzc-power.com\/en\/excavator-thumb-for-hzc-power-mini-excavator-bgd\/","title":{"rendered":"Excavator Thumb for HZC Power Mini Excavators (BGD)"},"content":{"rendered":"<div class=\"wpb-content-wrapper\"><p>[vc_row css=&#8221;.vc_custom_1696421734791{padding-top: 3rem !important;padding-bottom: 3rem !important;}&#8221;][vc_column width=&#8221;1\/2&#8243;][vc_column_text]<\/p>\n<h2>Excavator Thumb for HZC Power Mini Excavators (BGD)<\/h2>\n<p>[\/vc_column_text][vc_empty_space][vc_column_text]The excavator thumb BGD is designed as an additional attachment for all our mini excavators. The excavator thumb is a true all-rounder for loading and sorting tasks such as wood, stones, and more.<\/p>\n<p>It is suitable for all our HZC Power <a href=\"https:\/\/www.hzc-power.com\/en\/?attachment_id=8935\">mini excavator<\/a> models, both with diesel and petrol engines.[\/vc_column_text][\/vc_column][\/vc_row][vc_row][vc_column][accordion_father][accordion_son title_padding=&#8221;17&#8243; title=&#8221;Dimensions&#8221; bgclr=&#8221;#f7f7f7&#8243;]<\/p>\n<ul>\n<li>Weight: 12 kg<\/li>\n<li>Max. diameter: 500 mm<\/li>\n<li>Load capacity: 100 kg<\/li>\n<\/ul>\n<p>[\/accordion_son][\/accordion_father][accordion_father][accordion_son title_padding=&#8221;17&#8243; title=&#8221;Standard Equipment&#8221; bgclr=&#8221;#f7f7f7&#8243;]<\/p>\n<ul>\n<li>Max. diameter: <strong>500 mm<\/strong><\/li>\n<li>Load capacity: <strong>100 kg<\/strong><\/li>\n<li><strong>Compatible<\/strong> with all our <a href=\"https:\/\/www.hzc-power.com\/en\/?attachment_id=8935\">mini excavators<\/a><\/li>\n<li>All-rounder for <strong>loading and sorting tasks such as wood, stones, etc.<\/strong><\/li>\n<li>Manufactured from <strong>high-quality steel<\/strong><\/li>\n<\/ul>\n<p>[\/accordion_son][\/accordion_father][accordion_father][accordion_son title_padding=&#8221;17&#8243; title=&#8221;Delivery Information&#8221; bgclr=&#8221;#f7f7f7&#8243;]At HZC Power, we always ensure the highest quality, technically flawless workmanship, and robust construction. Our products are delivered partially assembled by freight carrier. A fixed shipping price is automatically calculated in the shopping cart (additional shipping information can be found <a href=\"\/?product_cat=versand\"><strong>here<\/strong><\/a>).<\/p>\n<p>You are also welcome to view our products at our headquarters by appointment or collect them free of charge.[\/accordion_son][\/accordion_father][\/vc_column][\/vc_row]<\/p>\n<\/div>","protected":false},"excerpt":{"rendered":"<div class=\"woocommerce-product-details__short-description\">\n<p><span style=\"color: #ff0000;\"><strong>Now available. Delivery time information will be provided after order receipt via our <span style=\"color: #9e0000;\"><a style=\"color: #9e0000;\" href=\"\/?product_cat=kontakt\">customer service<\/a><\/span>.<\/strong><\/span><\/p>\n<ul>\n<li>Max. diameter: <strong>500 mm<\/strong><\/li>\n<li>Load capacity: <strong>100 kg<\/strong><\/li>\n<li><strong>Compatible<\/strong> with all our <a href=\"https:\/\/www.hzc-power.com\/en\/?attachment_id=8935\">mini excavators<\/a><\/li>\n<li>All-rounder for <strong>loading and sorting tasks such as wood, stones, etc.<\/strong><\/li>\n<li>Manufactured from <strong>high-quality steel<\/strong><\/li>\n<\/ul>\n<p><a href=\"https:\/\/www.hzc-power.com\/wp-content\/uploads\/2026\/01\/bedienungsanleitung-bgd.pdf\"><strong><span style=\"color: #007bbb;\">\u2192 Download installation manual BGD<\/span><\/strong><\/a><\/p>\n<\/div>\n","protected":false},"featured_media":288764,"comment_status":"closed","ping_status":"closed","template":"","meta":{"inline_featured_image":false},"product_brand":[],"product_cat":[329,324],"class_list":{"0":"post-288804","1":"product","2":"type-product","3":"status-publish","4":"has-post-thumbnail","6":"product_cat-excavator-accessories","7":"product_cat-forestry-landscaping","8":"product_shipping_class-versand-b","9":"wcpa_has_options","11":"first","12":"instock","13":"sale","14":"taxable","15":"shipping-taxable","16":"purchasable","17":"product-type-simple"},"bundled_by":["4690","28639","4675","286460","286523","291163","291203","287613","287610","286541","286554","289570","4688","4694","7329","4683","4696","297356","291230"],"bundle_stock_status":"instock","bundle_stock_quantity":143,"bundle_virtual":false,"bundle_layout":"","bundle_add_to_cart_form_location":"","bundle_editable_in_cart":false,"bundle_sold_individually_context":"","bundle_item_grouping":"","bundle_min_size":"","bundle_max_size":"","bundle_price":[],"bundled_items":[],"bundle_sell_ids":[],"jetpack_sharing_enabled":true,"wcpa_form_fields":{"wcpaData":{"product":{"product_price":99,"price_html":"<del aria-hidden=\"true\"><span class=\"woocommerce-Price-amount amount\"><bdi>159.00&nbsp;<span class=\"woocommerce-Price-currencySymbol\">&euro;<\/span><\/bdi><\/span><\/del> <span class=\"screen-reader-text\">Original price was: 159.00&nbsp;&euro;.<\/span><ins aria-hidden=\"true\"><span class=\"woocommerce-Price-amount amount\"><bdi>99.00&nbsp;<span class=\"woocommerce-Price-currencySymbol\">&euro;<\/span><\/bdi><\/span><\/ins><span class=\"screen-reader-text\">Current price is: 99.00&nbsp;&euro;.<\/span><div class=\"gm-wp_bakery_woocommerce_get_price_html\">\n\t\t<div class=\"wgm-info woocommerce-de_price_taxrate \"><\/div>\n\t\t<div class=\"wgm-info woocommerce_de_versandkosten\">plus <a class=\"versandkosten\" href=\"https:\/\/www.hzc-power.com\/en\/payment-and-shipping\/\" target=\"_blank\">shipping<\/a><\/div><\/div>","original_product_price":159,"price_including_tax":99,"price_excluding_tax":83.193277,"product_id":{"parent":288804,"variation":false},"is_variable":false,"stock_status":"instock","stock_quantity":143,"parent_sku":"BGD","product_attributes":[],"custom_fields":[],"is_taxable":true,"product_name":"Excavator Thumb for HZC Power Mini Excavators (BGD)","hasImage":false},"fields":{"sec_66711012370517":{"extra":{"key":"sec_66711012370517","section_id":"sec_66711012370517","name":"Default","status":1,"cl_rule":"show","enableCl":false,"relations":[],"toggle":true,"title_tag":"h3","show_title":false,"showPrice":"default","form_id":292283,"form_rules":{"exclude_from_discount":false,"fee_label":"Fee","disp_hide_options_price":false,"disp_show_section_price":false,"disp_show_field_price":true,"layout_option":"standard","pric_use_as_fee":false,"process_fee_as":"woo_fee"},"layout_option":"standard"},"fields":[[{"active":true,"col":6,"relations":false,"cl_rule":"show","enableCl":false,"price":"","enablePrice":true,"className":"","label_position":"default","desc_position":"default","type":"checkbox-group","required":false,"elementId":"checkgroup_6160862643","label":"Adapter","name":"checkgroup_6160862643","values":[{"label":"Adapter","value":"Adapter","selected":false,"tempId":"aco_2814","price":"70","description":"Der Adapter wird f\u00fcr alle Bagger ben\u00f6tigt die oben am Arm keine \u00d6se\/Halterung besitzen. Nur so kann der HBGD an den Minibagger montiert werden.","gt_translate_keys":["label","description"]}],"layOut":"","error":false,"checkUi":"","tooltip":"Der Adapter wird f\u00fcr alle Bagger ben\u00f6tigt die oben am Arm keine \u00d6se\/Halterung besitzen. Nur so kann der HBGD an den Minibagger montiert werden.","other":false,"priceOptions":"different_for_all","pricingType":"fixed","use_as_fee":true,"options_description":true,"enableClearSelection":true,"enableDesign":true,"LabelColor":"#505f6b","gt_translate_keys":["label","tooltip"],"price_dependency":false,"cl_dependency":false,"value":""}]]}},"config":{"price_override":"","enable_recaptcha":false,"bind_quantity":false,"quantity_bind_formula":false,"disp_summ_show_option_price":true,"disp_summ_show_product_price":true,"disp_summ_show_total_price":true,"disp_summ_show_fee":false,"disp_summ_show_discount":false,"summary_title":"","options_total_label":"Price of option","total_label":"Total amount","options_product_label":"Product price","fee_label":"Fee","discount_label":"Discount","has_price":true,"has_quantity_formula":false},"mc_unit":1,"tax_rate":1,"tax_rate_real":0.19,"discount":{"percentage":0,"fixed":0},"design":{"conf":{"LabelPosition":"above","DescPosition":"above","UploadField":"custom_1","QuantityFieldStyle":"default"},"css":{"LeftLabelWidth":"120px"}},"formulas":[],"lookuptables":[],"clones":false,"cartKey":false}},"_links":{"self":[{"href":"https:\/\/www.hzc-power.com\/en\/wp-json\/wp\/v2\/product\/288804","targetHints":{"allow":["GET"]}}],"collection":[{"href":"https:\/\/www.hzc-power.com\/en\/wp-json\/wp\/v2\/product"}],"about":[{"href":"https:\/\/www.hzc-power.com\/en\/wp-json\/wp\/v2\/types\/product"}],"replies":[{"embeddable":true,"href":"https:\/\/www.hzc-power.com\/en\/wp-json\/wp\/v2\/comments?post=288804"}],"wp:featuredmedia":[{"embeddable":true,"href":"https:\/\/www.hzc-power.com\/en\/wp-json\/wp\/v2\/media\/288764"}],"wp:attachment":[{"href":"https:\/\/www.hzc-power.com\/en\/wp-json\/wp\/v2\/media?parent=288804"}],"wp:term":[{"taxonomy":"product_brand","embeddable":true,"href":"https:\/\/www.hzc-power.com\/en\/wp-json\/wp\/v2\/product_brand?post=288804"},{"taxonomy":"product_cat","embeddable":true,"href":"https:\/\/www.hzc-power.com\/en\/wp-json\/wp\/v2\/product_cat?post=288804"}],"curies":[{"name":"wp","href":"https:\/\/api.w.org\/{rel}","templated":true}]}}