{"id":291888,"date":"2024-09-20T17:13:19","date_gmt":"2024-09-20T15:13:19","guid":{"rendered":"https:\/\/www.hzc-power.com\/?post_type=product&#038;p=291888"},"modified":"2025-07-10T16:30:00","modified_gmt":"2025-07-10T14:30:00","slug":"log-splitters-30t-log-splitter-hs30999","status":"publish","type":"product","link":"https:\/\/www.hzc-power.com\/en\/log-splitters\/30t-log-splitter-hs30999\/","title":{"rendered":"HZC Power log splitter HS30999, 30 t, 57 cm, horizontal, petrol, manual splitting head"},"content":{"rendered":"<div class=\"wpb-content-wrapper\"><p>[vc_row css=&#8221;.vc_custom_1696411153660{padding-top: 3rem !important;padding-bottom: 3rem !important;}&#8221;][vc_column width=&#8221;2\/3&#8243;][vc_column_text]<\/p>\n<h2>HZC Power Holzspalter HS30999, 30 t, 57cm, liegend, Benzin, manueller Spaltkopf<\/h2>\n<p>[\/vc_column_text][vc_empty_space][vc_column_text]Brennholz f\u00fcr den Winter \u2013 jeder mit einem Kamin, Ofenheizung oder einer Feuerstelle kennt das Problem: Fertiges Feuerholz ist teuer und die Arbeit mit Axt, Hammer und Spaltkeil ist unglaublich anstrengend und schwei\u00dftreibend. Daf\u00fcr haben wir die L\u00f6sung, denn unsere liegender Holzspalter mit 30 t Spaltkraft erleichtert die Arbeit ungemein.<\/p>\n<p>Der Holzspalter HS30999 von HZC Power weist eine Spaltkraft von bis zu 30 t auf und spaltet Gut bis zu einer L\u00e4nge von 570 mm. Weiterhin verf\u00fcgt der Spalter \u00fcber einen Stammheber, der die Arbeit noch weiter erleichtert. Weiterhin sorgt ein integrierter Rahmen daf\u00fcr, dass Holzscheite nicht vom liegenden Holzspalter herunterfallen. Abschlie\u00dfend sorgt die Zweihand-Bedienung f\u00fcr Sicherheit Ihrer H\u00e4nde.<\/p>\n<p>Mit Spaltkeil oder Spaltkreuz spalten Sie auch dickere St\u00e4mme mit gr\u00f6\u00dferen Durchmessern von bis zu 50 cm in einem Arbeitsgang.\u00a0<strong>Das Besondere an diesem Ger\u00e4t ist, dass Spaltkeil\/Spaltkreuz festmontiert sind und Sie mit dem Zylinder das Holz dagegen dr\u00fccken<\/strong>. Klemmt einmal ein St\u00fcck am Kreuz, so reicht es in der Regel einfach das n\u00e4chste St\u00fcck nachzuschieben. Somit kann man schnell und effektiv arbeiten.<\/p>\n<p>Die Hydraulik ist so beschaffen, dass der Spaltkeil in jeder Position angehalten und wahlweise vor- oder zur\u00fcckbewegt werden kann. Die Kraft liegt immer an und der Spaltkeil muss nicht immer wieder nach oben in die Ausgangsposition zur\u00fcckgefahren werden.<\/p>\n<p>Trotzdem ist die Bedienung praktisch und einfach. Die Schutzabdeckung f\u00fcr den Spaltbereich ist eine praktische Erg\u00e4nzung und sorgt zus\u00e4tzlich daf\u00fcr, dass die Maschine lange in einem sehr guten Zustand bleibt.[\/vc_column_text][\/vc_column][\/vc_row][vc_row][vc_column][accordion_father][accordion_son title_padding=&#8221;17&#8243; bgclr=&#8221;#f7f7f7&#8243; title=&#8221;Technische Daten&#8221;]<strong>Allgemeine Daten<\/strong><\/p>\n<div class=\"wpb_text_column wpb_content_element\">\n<div class=\"wpb_wrapper\">\n<ul>\n<li><strong>Modell:<\/strong> HS30999<\/li>\n<li><strong>Hersteller:<\/strong> HZC Power<\/li>\n<li><strong>Motor:<\/strong> 6.5 PS<\/li>\n<li><strong>Maximale Holzspaltkapazit\u00e4t:<\/strong> 30T<\/li>\n<li><strong>Maximaler Holzspaltdurchmesser:<\/strong> 500mm<\/li>\n<li><strong>Maximale Spaltl\u00e4nge:<\/strong> 570 mm<\/li>\n<li><strong>Zahnradpumpe:<\/strong> 10.9\/2.1<\/li>\n<li><strong>Spaltzyklus:<\/strong> 15s<\/li>\n<li><strong>Bohrung des Zylinders:<\/strong> 115mm<\/li>\n<li><strong>Gewicht:<\/strong> 365kg<\/li>\n<li><strong>R\u00fccklauf mit hydraulischem Stellventil<\/strong><\/li>\n<li><strong>Mit 2-Zoll-Traktor-Zugvorrichtung<\/strong><\/li>\n<li>Tragbares Design mit <strong>8\u201c Universalr\u00e4dern<\/strong><\/li>\n<li>Mit <strong>Werkzeugschaufel<\/strong><br \/>\nMit <strong>hydraulischer Ladevorrichtung<\/strong><\/li>\n<li><strong>Besonderheiten:<\/strong> Anh\u00e4ngerkupplung, Arbeitspositionen: Horizontal, Stammheber<\/li>\n<li><strong>Spaltkeil\/Spaltkreuz sind festmontiert<\/strong> und das Holz wird \u00fcber den Zylinder dagegen gedr\u00fcckt<\/li>\n<li><strong>Produktma\u00dfe (L\u00e4nge x Breite x H\u00f6he):<\/strong> 288 cm \u00d7 101 cm \u00d7 173,5 cm<\/li>\n<\/ul>\n<p>&nbsp;<\/p>\n<\/div>\n<p><strong>Motor<\/strong><\/p>\n<ul>\n<li><strong>Motor:<\/strong> JIAO 6,5 PS Benzin Motor<\/li>\n<li><strong>Modellnummer:<\/strong> 130G<\/li>\n<li><strong>Motortechnik:<\/strong> Einzylinder, 4-Takt, luftgek\u00fchlt, OHV (oben liegende Ventile)<\/li>\n<li><strong>Hubraum:<\/strong> 208 cc<\/li>\n<li><strong>Zylinder:<\/strong> Zylinder mit Gusseisenmanschette<\/li>\n<li><strong>Bohrung:<\/strong> 68,3 mm<\/li>\n<li><strong>Hub:<\/strong> 55,9 mm<\/li>\n<li><strong>Kraftstofftankvolumen:<\/strong> 3,1 l<\/li>\n<li><strong>\u00d6lfassungsverm\u00f6gen:<\/strong> 0,6 l<\/li>\n<li><strong>Gewicht:<\/strong> 16 kg<\/li>\n<li><strong>Abmessungen (BxLxH):<\/strong> 321x376x346 mm<\/li>\n<\/ul>\n<\/div>\n<p>[\/accordion_son][\/accordion_father][accordion_father][accordion_son title_padding=&#8221;17&#8243; bgclr=&#8221;#f7f7f7&#8243; title=&#8221;Serienausstattung&#8221;]<\/p>\n<p data-start=\"64\" data-end=\"208\">Der\u00a0<strong data-start=\"68\" data-end=\"80\">HS30999 <\/strong>von HZC Power ist mit einer umfangreichen Serienausstattung ausgestattet, die eine sichere und effiziente Nutzung erm\u00f6glicht:<\/p>\n<ul data-start=\"210\" data-end=\"1256\">\n<li data-start=\"210\" data-end=\"328\"><strong data-start=\"212\" data-end=\"253\">Leistungsstarker 6,5 PS Benzin Motor<\/strong><\/li>\n<li data-start=\"329\" data-end=\"441\"><strong data-start=\"331\" data-end=\"356\">30 Tonnen Spaltkraft:<\/strong>\u00a0Spaltet m\u00fchelos Holzst\u00e4mme mit bis zu\u00a0<strong>570 mm L\u00e4nge und 500 mm Durchmesser<\/strong>.<\/li>\n<li data-start=\"442\" data-end=\"556\"><strong data-start=\"444\" data-end=\"469\">Stabile Konstruktion:<\/strong>\u00a0Robustes Stahlgestell f\u00fcr eine hohe Lebensdauer und Stabilit\u00e4t w\u00e4hrend des Betriebs.<\/li>\n<li data-start=\"802\" data-end=\"916\"><strong data-start=\"804\" data-end=\"824\">Hydrauliksystem:<\/strong> Ein integrierter\u00a0<strong>\u00d6lfilter f\u00fcr das Hydraulik\u00f6l<\/strong>\u00a0erh\u00f6ht die\u00a0<strong>Lebensdauer des Holzspalters<\/strong>\u00a0und sorgt f\u00fcr einen zuverl\u00e4ssigen Betrieb.<\/li>\n<li data-start=\"917\" data-end=\"1024\"><strong data-start=\"919\" data-end=\"942\">Einfache Bedienung:<\/strong>\u00a0Ergonomisch platzierte Bedienelemente f\u00fcr eine komfortable und sichere Nutzung.<\/li>\n<li data-start=\"1025\" data-end=\"1165\"><strong>Anh\u00e4ngerkupplung:<\/strong>\u00a0Dank der\u00a0<strong>Anh\u00e4ngerkupplung<\/strong>\u00a0l\u00e4sst sich die Maschine m\u00fchelos auf dem Hof oder innerhalb eines Privatgel\u00e4ndes umpositionieren.\u00a0<strong>Bitte beachten Sie<\/strong>, dass der <strong data-start=\"68\" data-end=\"80\">HS30999<\/strong><strong>\u00a0keine Stra\u00dfenzulassung<\/strong>\u00a0besitzt.<\/li>\n<li data-start=\"1166\" data-end=\"1256\"><strong data-start=\"1168\" data-end=\"1192\">Sicherheitsmerkmale:<\/strong>\u00a0Zweihand-Bedienung f\u00fcr maximale Sicherheit beim Spaltvorgang.<\/li>\n<li data-start=\"1166\" data-end=\"1256\"><strong>Hydraulischer Spalttisch:<\/strong> kann \u2013 je nach Bedarf \u2013 hoch- und runtergefahren werden<\/li>\n<\/ul>\n<p>[\/accordion_son][\/accordion_father][accordion_father][accordion_son title_padding=&#8221;17&#8243; bgclr=&#8221;#f7f7f7&#8243; title=&#8221;Lieferumfang&#8221;]<\/p>\n<p data-start=\"59\" data-end=\"149\">Der\u00a0<strong data-start=\"63\" data-end=\"75\">HS30999<\/strong>\u00a0wird mit allem geliefert, was Sie f\u00fcr den sofortigen Einsatz ben\u00f6tigen:<\/p>\n<ul data-start=\"151\" data-end=\"280\">\n<li data-start=\"151\" data-end=\"201\"><strong data-start=\"153\" data-end=\"185\">HS30999 Holzspalter<\/strong><\/li>\n<li data-start=\"202\" data-end=\"252\"><strong data-start=\"204\" data-end=\"250\">Hydraulik\u00f6l\u00a0<\/strong><\/li>\n<li data-start=\"253\" data-end=\"280\"><strong data-start=\"255\" data-end=\"278\">Bedienungsanleitung<\/strong><\/li>\n<\/ul>\n<p data-start=\"282\" data-end=\"404\" data-is-last-node=\"\">Das\u00a0<strong>Motor\u00f6l<\/strong>\u00a0ist\u00a0<strong>nicht<\/strong>\u00a0enthalten und muss\u00a0<strong>vorab selbst besorgt und eingef\u00fcllt<\/strong>\u00a0werden (<strong>Menge: ca. 0,6 \u2013 1,1 Liter<\/strong>). Hierf\u00fcr empfehlen wir\u00a0<strong>Briggs&amp;Stratton 4-Stoken Engine Oil SAE30<\/strong>.<\/p>\n<p>[\/accordion_son][\/accordion_father][accordion_father][accordion_son title_padding=&#8221;17&#8243; bgclr=&#8221;#f7f7f7&#8243; title=&#8221;Lieferhinweise&#8221;]<\/p>\n<p data-start=\"61\" data-end=\"237\">Der\u00a0<strong data-start=\"65\" data-end=\"97\">HS30999Holzspalter<\/strong>\u00a0wird sicher verpackt und vormontiert per Spedition geliefert. F\u00fcr eine reibungslose Inbetriebnahme beachten Sie bitte folgende Hinweise:<\/p>\n<ul data-start=\"239\" data-end=\"753\">\n<li data-start=\"239\" data-end=\"354\"><strong data-start=\"241\" data-end=\"256\">Hydraulik\u00f6l<\/strong>: Das ben\u00f6tigte Hydraulik\u00f6l ist wird mitgeliefert und muss nur noch eingef\u00fcllt werden.<\/li>\n<li data-start=\"470\" data-end=\"604\"><strong data-start=\"472\" data-end=\"497\">Lieferung auf Palette<\/strong>: Die Maschine wird sicher auf einer Palette transportiert, um Sch\u00e4den w\u00e4hrend des Versands zu vermeiden.<\/li>\n<li data-start=\"605\" data-end=\"753\"><strong data-start=\"607\" data-end=\"628\">Speditionsversand<\/strong>: Die Anlieferung erfolgt per Spedition. Sie werden vorab \u00fcber den Liefertermin informiert, um die Annahme zu koordinieren.<\/li>\n<\/ul>\n<p data-start=\"755\" data-end=\"875\" data-is-last-node=\"\">Falls Sie Fragen zur Lieferung oder Inbetriebnahme haben, steht unser Kundenservice Ihnen jederzeit gerne zur Verf\u00fcgung!<\/p>\n<p>[\/accordion_son][\/accordion_father][\/vc_column][\/vc_row][vc_section full_width=&#8221;stretch_row&#8221; css=&#8221;.vc_custom_1696411100938{margin-top: 2rem !important;margin-bottom: 2rem !important;padding-top: 3rem !important;padding-bottom: 3rem !important;background-color: #fafafa !important;}&#8221;][vc_row css=&#8221;.vc_custom_1696411111077{padding-right: 1rem !important;padding-left: 1rem !important;}&#8221;][vc_column width=&#8221;1\/2&#8243;][vc_column_text]<\/p>\n<h2>Videos zum Holzspalter<\/h2>\n<p>[\/vc_column_text][vc_empty_space][vc_column_text]<div class=\"lyte-wrapper\" title=\"30 t liegend Holzspalter mit Benzinmotor &amp;amp; Stammheber (HS30290) von HZC Power\" style=\"width:640px;max-width:100%;margin:5px auto;\"><div class=\"lyMe\" id=\"WYL_M-KG_B79bRI\"><div id=\"lyte_M-KG_B79bRI\" data-src=\"https:\/\/www.hzc-power.com\/wp-content\/plugins\/wp-youtube-lyte\/lyteCache.php?origThumbUrl=https%3A%2F%2Fi.ytimg.com%2Fvi%2FM-KG_B79bRI%2Fhqdefault.jpg\" class=\"pL\"><div class=\"tC\"><div class=\"tT\">30 t liegend Holzspalter mit Benzinmotor &amp; Stammheber (HS30290) von HZC Power<\/div><\/div><div class=\"play\"><\/div><div class=\"ctrl\"><div class=\"Lctrl\"><\/div><div class=\"Rctrl\"><\/div><\/div><\/div><noscript><a href=\"https:\/\/youtu.be\/M-KG_B79bRI\" rel=\"nofollow noopener\" target=\"_blank\"><img loading=\"lazy\" decoding=\"async\" src=\"https:\/\/www.hzc-power.com\/wp-content\/plugins\/wp-youtube-lyte\/lyteCache.php?origThumbUrl=https%3A%2F%2Fi.ytimg.com%2Fvi%2FM-KG_B79bRI%2F0.jpg\" alt=\"30 t liegend Holzspalter mit Benzinmotor &amp;amp; Stammheber (HS30290) von HZC Power\" width=\"640\" height=\"340\" \/><br \/>Watch this video on YouTube<\/a><\/noscript><\/div><\/div><div class=\"lL\" style=\"max-width:100%;width:640px;margin:5px auto;\"><\/div>[\/vc_column_text][\/vc_column][vc_column width=&#8221;1\/2&#8243;][vc_column_text]<\/p>\n<h2>Video zur Holzspalter Montage<\/h2>\n<p>[\/vc_column_text][vc_empty_space][vc_column_text]<div class=\"lyte-wrapper\" title=\"Montage von einem 40 t liegend Holzspalter mit Benzinmotor &amp;amp; Stammheber (HS40335) von HZC Power\" style=\"width:640px;max-width:100%;margin:5px auto;\"><div class=\"lyMe\" id=\"WYL_KtV8LPlO2jg\"><div id=\"lyte_KtV8LPlO2jg\" data-src=\"https:\/\/www.hzc-power.com\/wp-content\/plugins\/wp-youtube-lyte\/lyteCache.php?origThumbUrl=https%3A%2F%2Fi.ytimg.com%2Fvi%2FKtV8LPlO2jg%2Fhqdefault.jpg\" class=\"pL\"><div class=\"tC\"><div class=\"tT\">Montage von einem 40 t liegend Holzspalter mit Benzinmotor &amp; Stammheber (HS40335) von HZC Power<\/div><\/div><div class=\"play\"><\/div><div class=\"ctrl\"><div class=\"Lctrl\"><\/div><div class=\"Rctrl\"><\/div><\/div><\/div><noscript><a href=\"https:\/\/youtu.be\/KtV8LPlO2jg\" rel=\"nofollow noopener\" target=\"_blank\"><img loading=\"lazy\" decoding=\"async\" src=\"https:\/\/www.hzc-power.com\/wp-content\/plugins\/wp-youtube-lyte\/lyteCache.php?origThumbUrl=https%3A%2F%2Fi.ytimg.com%2Fvi%2FKtV8LPlO2jg%2F0.jpg\" alt=\"Montage von einem 40 t liegend Holzspalter mit Benzinmotor &amp;amp; Stammheber (HS40335) von HZC Power\" width=\"640\" height=\"340\" \/><br \/>Watch this video on YouTube<\/a><\/noscript><\/div><\/div><div class=\"lL\" style=\"max-width:100%;width:640px;margin:5px auto;\"><\/div>[\/vc_column_text][\/vc_column][\/vc_row][\/vc_section]<\/p>\n<\/div>","protected":false},"excerpt":{"rendered":"<p>&nbsp;<\/p>\n<ul>\n<li><strong>30 t<\/strong> Splitting force<\/li>\n<li>Petrol engine <strong>6.5 hp\/208 cc<\/strong><\/li>\n<li>Splitting cycle: <strong>15 seconds<\/strong><\/li>\n<li>Max. Splitting length: <strong>57 cm<\/strong><\/li>\n<li><strong>Horizontal working<\/strong><\/li>\n<li>Wood diameter: <strong>max. 50 cm<\/strong><\/li>\n<li><strong>Oil filter<\/strong> for a longer service life<\/li>\n<li>Log lifter up to <strong>80 kg load capacity<\/strong><\/li>\n<li><strong>Trailer coupling &amp; holding frame<\/strong><\/li>\n<\/ul>\n","protected":false},"featured_media":291849,"comment_status":"open","ping_status":"closed","template":"","meta":{"inline_featured_image":false},"product_brand":[],"product_cat":[331,334,333],"class_list":{"0":"post-291888","1":"product","2":"type-product","3":"status-publish","4":"has-post-thumbnail","6":"product_cat-garden-machinery","7":"product_cat-log-splitters","8":"product_cat-wood-processing","9":"product_shipping_class-spedition-3-anbauteile-bagger","10":"wcpa_has_options","12":"first","13":"instock","14":"sale","15":"taxable","16":"shipping-taxable","17":"purchasable","18":"product-type-simple"},"bundled_by":[],"bundle_stock_status":"instock","bundle_stock_quantity":8,"bundle_virtual":false,"bundle_layout":"","bundle_add_to_cart_form_location":"","bundle_editable_in_cart":false,"bundle_sold_individually_context":"","bundle_item_grouping":"","bundle_min_size":"","bundle_max_size":"","bundle_price":[],"bundled_items":[],"bundle_sell_ids":[],"jetpack_sharing_enabled":true,"wcpa_form_fields":{"wcpaData":{"product":{"product_price":1.999,"price_html":"<del aria-hidden=\"true\"><span class=\"woocommerce-Price-amount amount\"><bdi>3.890.00&nbsp;<span class=\"woocommerce-Price-currencySymbol\">&euro;<\/span><\/bdi><\/span><\/del> <span class=\"screen-reader-text\">Original price was: 3.890.00&nbsp;&euro;.<\/span><ins aria-hidden=\"true\"><span class=\"woocommerce-Price-amount amount\"><bdi>1.999.00&nbsp;<span class=\"woocommerce-Price-currencySymbol\">&euro;<\/span><\/bdi><\/span><\/ins><span class=\"screen-reader-text\">Current price is: 1.999.00&nbsp;&euro;.<\/span><div class=\"gm-wp_bakery_woocommerce_get_price_html\">\n\t\t<div class=\"wgm-info woocommerce-de_price_taxrate \"><\/div>\n\t\t<div class=\"wgm-info woocommerce_de_versandkosten\">plus <a class=\"versandkosten\" href=\"https:\/\/www.hzc-power.com\/en\/payment-and-shipping\/\" target=\"_blank\">shipping<\/a><\/div><\/div>","original_product_price":3.89,"price_including_tax":1999,"price_excluding_tax":1679.831933,"product_id":{"parent":291888,"variation":false},"is_variable":false,"stock_status":"instock","stock_quantity":8,"parent_sku":"HS30999","product_attributes":[],"custom_fields":[],"is_taxable":true,"product_name":"HZC Power log splitter HS30999, 30 t, 57 cm, horizontal, petrol, manual splitting head","hasImage":false},"fields":{"sec_36435698965031":{"extra":{"key":"sec_36435698965031","section_id":"sec_36435698965031","name":"Default","status":1,"cl_rule":"show","enableCl":false,"relations":[],"toggle":true,"title_tag":"h3","show_title":false,"showPrice":"default","repeater_section_field_label":"{field_label}","repeater_section_label":"{section_name}","repeater_bind":"","form_id":287151,"form_rules":{"exclude_from_discount":false,"fee_label":"Fee","disp_hide_options_price":false,"disp_show_section_price":false,"disp_show_field_price":true,"layout_option":"standard","pric_use_as_fee":false,"process_fee_as":"woo_fee"},"layout_option":"standard"},"fields":[[{"active":true,"col":6,"relations":false,"cl_rule":"show","enableCl":false,"price":"","enablePrice":true,"className":"","label_position":"default","desc_position":"default","type":"radio-group","required":false,"elementId":"radio_3437870303","label":"Additional service:","name":"radio_3437870303","values":[{"label":"Without assembly ","value":"Ohne Montage","selected":false,"tempId":"aco_1125","price":"","description":"Our log splitters are carefully packaged and delivered unassembled.","gt_translate_keys":["label","description"]},{"label":"Assembly & self-collection ","value":"Montage & Selbstabholen","selected":false,"tempId":"aco_562","price":"99","description":"We assemble the log splitter for you. You can then collect it directly from our warehouse in M\u00f6nchengladbach.\nWhen selecting the shipping method, please choose \u201c Collection by appointment in M\u00f6nchengladbach\u201d.","gt_translate_keys":["label","description"]}],"layOut":"","error":false,"checkUi":"","priceOptions":"different_for_all","pricingType":"fixed","use_as_fee":true,"other":false,"enableDesign":true,"scrollBar":false,"LabelColor":"#505f6b","LabelSize":"","mapToCheckout":false,"enableClearSelection":true,"show_selected_option":false,"options_description":true,"tooltip":"It is possible to order the log splitter pre-assembled or unassembled.","wpml_sync":false,"isWeightTemplate":false,"isTemplate":false,"min_quantity":"1","quantity_decimal":false,"quantity_step":"1","quantity_label":"Quantity","repeater_field_label":"{field_label}","repeater_bind":"","gt_translate_keys":["label","tooltip","repeater_field_label","quantity_label"],"price_dependency":false,"cl_dependency":false,"value":""}]]}},"config":{"price_override":"","enable_recaptcha":false,"bind_quantity":false,"quantity_bind_formula":false,"disp_summ_show_option_price":true,"disp_summ_show_product_price":true,"disp_summ_show_total_price":true,"disp_summ_show_fee":false,"disp_summ_show_discount":false,"summary_title":"","options_total_label":"Price of option","total_label":"Total amount","options_product_label":"Product price","fee_label":"Fee","discount_label":"Discount","has_price":true,"has_quantity_formula":false},"mc_unit":1,"tax_rate":1,"tax_rate_real":0.19,"discount":{"percentage":0,"fixed":0},"design":{"conf":{"LabelPosition":"above","DescPosition":"above","UploadField":"custom_1","QuantityFieldStyle":"default"},"css":{"LeftLabelWidth":"120px"}},"formulas":[],"lookuptables":[],"clones":false,"cartKey":false}},"_links":{"self":[{"href":"https:\/\/www.hzc-power.com\/en\/wp-json\/wp\/v2\/product\/291888","targetHints":{"allow":["GET"]}}],"collection":[{"href":"https:\/\/www.hzc-power.com\/en\/wp-json\/wp\/v2\/product"}],"about":[{"href":"https:\/\/www.hzc-power.com\/en\/wp-json\/wp\/v2\/types\/product"}],"replies":[{"embeddable":true,"href":"https:\/\/www.hzc-power.com\/en\/wp-json\/wp\/v2\/comments?post=291888"}],"wp:featuredmedia":[{"embeddable":true,"href":"https:\/\/www.hzc-power.com\/en\/wp-json\/wp\/v2\/media\/291849"}],"wp:attachment":[{"href":"https:\/\/www.hzc-power.com\/en\/wp-json\/wp\/v2\/media?parent=291888"}],"wp:term":[{"taxonomy":"product_brand","embeddable":true,"href":"https:\/\/www.hzc-power.com\/en\/wp-json\/wp\/v2\/product_brand?post=291888"},{"taxonomy":"product_cat","embeddable":true,"href":"https:\/\/www.hzc-power.com\/en\/wp-json\/wp\/v2\/product_cat?post=291888"}],"curies":[{"name":"wp","href":"https:\/\/api.w.org\/{rel}","templated":true}]}}