{"id":293486,"date":"2025-01-23T16:21:45","date_gmt":"2025-01-23T15:21:45","guid":{"rendered":"https:\/\/www.hzc-power.com\/?post_type=product&#038;p=293486"},"modified":"2025-04-08T10:53:59","modified_gmt":"2025-04-08T08:53:59","slug":"wheel-loader-with-euro5-diesel-engine-and-800-kg-rated-load-wl800-kopie-kopie-kopie","status":"publish","type":"product","link":"https:\/\/www.hzc-power.com\/en\/wheel-loader-with-euro5-diesel-engine-and-800-kg-rated-load-wl800-kopie-kopie-kopie\/","title":{"rendered":"Wheel Loader with 50 HP Diesel Engine, Euro5 and 2000 kg Rated Load, New Design (WLL2000ND)"},"content":{"rendered":"<div class=\"wpb-content-wrapper\"><p>[vc_row css=&#8221;.vc_custom_1696246989248{padding-top: 3rem !important;padding-bottom: 3rem !important;}&#8221;][vc_column width=&#8221;1\/2&#8243;][vc_column_text]<\/p>\n<h2>Wheel Loader with 50 HP Diesel Engine, Euro5 and 2000 kg Rated Load, New Design (WLL2000ND)<\/h2>\n<p>[\/vc_column_text][vc_empty_space][vc_column_text]The WLL2000ND wheel loader from HZC Power, equipped with a 50 HP Euro5 diesel engine, is a compact and agile all-rounder, perfect for a variety of applications. Thanks to its flexibility and maneuverability, it is ideally suited for construction sites of all sizes, agricultural operations, and landscaping projects. Its high-quality construction and user-friendly operation make the WLL2000ND an optimal choice for professional use.<\/p>\n<p>This wheel loader features a new design compared to our WLL2000 model.<\/p>\n<p>With its powerful lifting capacity and agility, the WLL2000ND is a reliable assistant, particularly for construction and demolition work, such as moving building materials or clearing debris.<\/p>\n<p>Transporting wood, soil, fertilizer, and other materials is significantly simplified thanks to its robust construction and flexible Euro hitch. Various attachments, such as pallet forks, buckets, or hay rakes, make this wheel loader versatile. In winter, it excels at snow removal or spreading material, making it a true all-season all-rounder.<\/p>\n<p>Its compact design and impressive performance make the WLL2000ND the ideal partner, even on demanding or confined job sites. With its well-thought-out features and Euro hitch, it offers maximum flexibility for various applications, contributing to efficient workflows.[\/vc_column_text][\/vc_column][\/vc_row][vc_row css=&#8221;.vc_custom_1696246997027{padding-top: 3rem !important;padding-bottom: 3rem !important;}&#8221;][vc_column width=&#8221;1\/2&#8243;][vc_column_text]<\/p>\n<h2>Drive<\/h2>\n<p>[\/vc_column_text][vc_empty_space][vc_column_text]The WLL2000ND combines high performance with exceptional flexibility. With its compact dimensions of 5000 x 1800 x 2750 mm, it is a versatile helper on any construction site. With a maximum incline capability of 36\u00b0, the WLL2000ND delivers excellent performance even in challenging conditions.[\/vc_column_text][vc_empty_space][\/vc_column][vc_column width=&#8221;1\/2&#8243;][vc_column_text]<\/p>\n<h2>Features<\/h2>\n<p>[\/vc_column_text][vc_empty_space][vc_column_text]The wheel loader comes standard with a bucket with a rated capacity of 0.8 m\u00b3. It features two forward and reverse gears and reaches a maximum speed of 35 km\/h.[\/vc_column_text][\/vc_column][\/vc_row][vc_row css=&#8221;.vc_custom_1696247004795{margin-top: 2rem !important;margin-bottom: 2rem !important;}&#8221;][vc_column]            <div class=\"nasa-static-block\" >\r\n                                <div class=\"nasa-static-block-container\">\r\n                    <style type=\"text\/css\" data-type=\"vc_shortcodes-custom-css\">.vc_custom_1696253521432{margin-top: 2rem !important;margin-bottom: 2rem !important;padding-top: 3rem !important;padding-bottom: 3rem !important;background-color: #505f6b !important;}.vc_custom_1696253530748{padding-right: 1rem !important;padding-left: 1rem !important;}<\/style>[vc_section full_width=\"stretch_row\" css=\".vc_custom_1696253521432{margin-top: 2rem !important;margin-bottom: 2rem !important;padding-top: 3rem !important;padding-bottom: 3rem !important;background-color: #505f6b !important;}\"][vc_row css=\".vc_custom_1696253530748{padding-right: 1rem !important;padding-left: 1rem !important;}\"][vc_column width=\"1\/2\"][vc_column_text]\r\n<h2><span style=\"color: #ffffff;\">Angebot f\u00fcr Ihr HZC Power Produkt<\/span><\/h2>\r\n[\/vc_column_text][vc_empty_space][\/vc_column][vc_column width=\"1\/2\"][vc_column_text]<span style=\"color: #ffffff;\">Bei HZC Power achten wir stets auf h\u00f6chste Qualit\u00e4t, technisch einwandfreie Verarbeitung und eine robuste Konstruktion. Unsere Produkte erhalten Sie teilmontiert per Spedition. Dabei bieten wir Ihnen einen Festpreis f\u00fcr den Versand der automatisch im Warenkorb generiert wird (zus\u00e4tzliche Versandinformationen finden sie <a style=\"color: #ffffff;\" href=\"http:\/\/www.hzc-power.com\/de\/versand\"><strong>hier<\/strong><\/a>).<\/span>\r\n\r\n<span style=\"color: #ffffff;\">Gerne k\u00f6nnen Sie unsere Produkte nach Absprache auch in unserer Zentrale besichtigen oder kostenlos abholen.<\/span>\r\n\r\n<span style=\"color: #ffffff;\">Sollten Sie weitere Fragen zu den einzelnen Modellen haben dann melden Sie sich gerne bei <strong><a style=\"color: #ffffff;\" href=\"http:\/\/www.hzc-power.com\/de\/kontakt\">unserem Kundenservice<\/a><\/strong>. Dieser ber\u00e4t Sie gerne weiter. \u00dcberzeugen Sie sich selbst von unserem Angebot und sichern Sie sich Ihr Produkt in bester Qualit\u00e4t zum besten Preis bei HZC Power.<\/span>[\/vc_column_text][\/vc_column][\/vc_row][\/vc_section]                <\/div>\r\n            <\/div>\r\n            [\/vc_column][\/vc_row][vc_row css=&#8221;.vc_custom_1696247013032{padding-top: 3rem !important;padding-bottom: 3rem !important;}&#8221;][vc_column width=&#8221;1\/3&#8243;][vc_single_image image=&#8221;293456&#8243; img_size=&#8221;300&#215;300&#8243; alignment=&#8221;center&#8221; onclick=&#8221;img_link_large&#8221;][\/vc_column][vc_column width=&#8221;1\/3&#8243;][vc_column_text]<\/p>\n<h2>Technical Data and Performance<\/h2>\n<p>[\/vc_column_text][vc_empty_space][vc_column_text]<\/p>\n<ul>\n<li>Rated Load: 2000 Kg<\/li>\n<li>Engine: Laidong Diesel, Euro5, 50 HP<\/li>\n<li>Bucket Width: 1900 mm<\/li>\n<li>Rated Bucket Capacity: 0.8 m\u00b3<\/li>\n<li>Dump Height: 3200 mm<\/li>\n<li>Lifting Height: 3800 mm<\/li>\n<li>Lifting Capacity: max. 2000 Kg<\/li>\n<li>Incline Capability: max. 36\u00b0<\/li>\n<li>Total Length: approx. 5000 mm<\/li>\n<li>Total Width: approx. 1800 mm<\/li>\n<li>Total Height: approx. 2750 mm<\/li>\n<li>Wheelbase: approx. 2400 mm<\/li>\n<li>Minimum Ground Clearance: 330 mm<\/li>\n<li>Minimum Turning Radius: 3200 mm<\/li>\n<li>Total Weight: approx. 3300 Kg<\/li>\n<li>Speed: 35 Km\/h<\/li>\n<li>Hydraulic Oil Tank: 32 liters<\/li>\n<li>Service Brakes: Caliper with four-wheel disc brakes<\/li>\n<li>Tires: 20.5-16<\/li>\n<\/ul>\n<p>[\/vc_column_text][vc_empty_space][vc_column_text]<\/p>\n<h2>Engine<\/h2>\n<p>[\/vc_column_text][vc_empty_space][vc_column_text]Laidong Diesel Engine Euro5, 50 HP[\/vc_column_text][vc_empty_space][\/vc_column][vc_column width=&#8221;1\/3&#8243;][vc_column_text]<\/p>\n<h2>Extras<\/h2>\n<p>[\/vc_column_text][vc_empty_space][vc_column_text]<\/p>\n<ul>\n<li>Standard bucket (included)<\/li>\n<li>With cabin<\/li>\n<li>Quick-change system for the bucket<\/li>\n<li>Electric joystick<\/li>\n<li>Rearview camera<\/li>\n<li>Adjustable steering wheel<\/li>\n<li>High-quality and robust construction<\/li>\n<li>Easy handling<\/li>\n<li>Very agile<\/li>\n<li>Compact and versatile<\/li>\n<li>Lighting system<\/li>\n<li>4 hydraulic connections (2 forward and 2 return flows)<\/li>\n<li>Hydraulic quick-change system<\/li>\n<li>Third hydraulic circuit for attachments<\/li>\n<li>CE-certified according to the latest standards and guidelines<\/li>\n<\/ul>\n<p>[\/vc_column_text][\/vc_column][\/vc_row]<\/p>\n<\/div>","protected":false},"excerpt":{"rendered":"<p><span style=\"color: #ff0000;\"><strong>The wheel loader is produced specially for you upon order and after receiving a 30% deposit. The delivery time is approximately 45 days. The remaining amount must be paid before delivery of the loader. Order the wheel loader in time for your project.<\/strong><\/span><\/p>\n<ul>\n<li><strong>Engine<\/strong>: Diesel engine, 50 HP, Euro5<br \/>\n<strong>Optional accessories<\/strong>: Available upon request, such as pallet forks, sweeper, 4-in-1 bucket, etc.<br \/>\n<strong>Applications<\/strong>: The ideal professional partner for construction, agriculture, and logistics tasks<br \/>\n<strong>Features<\/strong>: Equipped with a cabin and new design<\/p>\n<ul>\n<li><strong>Total weight<\/strong>: 3300 Kg<\/li>\n<li><strong>Rated load\/lifting capacity<\/strong>: 2000 Kg<\/li>\n<li><strong>Dimensions<\/strong>: 5000x1800x2750 mm<\/li>\n<li><strong>Dumping height<\/strong>: 3200 mm<\/li>\n<li><strong>Standard bucket<\/strong>: Included<\/li>\n<li><strong>Quick-change bucket system<\/strong>: Included<\/li>\n<li><strong>Electric joystick<\/strong>: Included<\/li>\n<li><strong>Robust construction<\/strong>: High quality and durable<\/li>\n<li><strong>Ease of use<\/strong>: Simple and user-friendly operation<\/li>\n<li><strong>Highly maneuverable<\/strong>: Compact and versatile<\/li>\n<li><strong>Lighting system<\/strong>: Built-in<\/li>\n<li><strong>Hydraulic connections<\/strong>: 4 (2 inlets and 2 outlets)<\/li>\n<li><strong>Hydraulic quick-change system<\/strong>: Included<\/li>\n<li><strong>Third hydraulic circuit for attachments<\/strong>: Included<\/li>\n<li><strong>Certified<\/strong>: CE compliant according to the latest standards and guidelines<\/li>\n<\/ul>\n<\/li>\n<\/ul>\n","protected":false},"featured_media":299264,"comment_status":"open","ping_status":"closed","template":"","meta":{"inline_featured_image":false},"product_brand":[],"product_cat":[328,324],"class_list":{"0":"post-293486","1":"product","2":"type-product","3":"status-publish","4":"has-post-thumbnail","6":"product_cat-wheel-loader","7":"product_cat-forestry-landscaping","8":"product_shipping_class-en_versand-xxl","10":"first","11":"onbackorder","12":"taxable","13":"shipping-taxable","14":"purchasable","15":"product-type-simple"},"bundled_by":[],"bundle_stock_status":"onbackorder","bundle_stock_quantity":0,"bundle_virtual":false,"bundle_layout":"","bundle_add_to_cart_form_location":"","bundle_editable_in_cart":false,"bundle_sold_individually_context":"","bundle_item_grouping":"","bundle_min_size":"","bundle_max_size":"","bundle_price":[],"bundled_items":[],"bundle_sell_ids":[],"jetpack_sharing_enabled":true,"wcpa_form_fields":null,"_links":{"self":[{"href":"https:\/\/www.hzc-power.com\/en\/wp-json\/wp\/v2\/product\/293486","targetHints":{"allow":["GET"]}}],"collection":[{"href":"https:\/\/www.hzc-power.com\/en\/wp-json\/wp\/v2\/product"}],"about":[{"href":"https:\/\/www.hzc-power.com\/en\/wp-json\/wp\/v2\/types\/product"}],"replies":[{"embeddable":true,"href":"https:\/\/www.hzc-power.com\/en\/wp-json\/wp\/v2\/comments?post=293486"}],"wp:featuredmedia":[{"embeddable":true,"href":"https:\/\/www.hzc-power.com\/en\/wp-json\/wp\/v2\/media\/299264"}],"wp:attachment":[{"href":"https:\/\/www.hzc-power.com\/en\/wp-json\/wp\/v2\/media?parent=293486"}],"wp:term":[{"taxonomy":"product_brand","embeddable":true,"href":"https:\/\/www.hzc-power.com\/en\/wp-json\/wp\/v2\/product_brand?post=293486"},{"taxonomy":"product_cat","embeddable":true,"href":"https:\/\/www.hzc-power.com\/en\/wp-json\/wp\/v2\/product_cat?post=293486"}],"curies":[{"name":"wp","href":"https:\/\/api.w.org\/{rel}","templated":true}]}}