{"id":293623,"date":"2025-02-05T14:55:45","date_gmt":"2025-02-05T13:55:45","guid":{"rendered":"https:\/\/www.hzc-power.com\/?post_type=product&#038;p=293623"},"modified":"2026-03-09T11:23:17","modified_gmt":"2026-03-09T10:23:17","slug":"electric-wheel-loader-with-500-kg-rated-load-ewl500-kopie","status":"publish","type":"product","link":"https:\/\/www.hzc-power.com\/en\/electric-wheel-loader-with-500-kg-rated-load-ewl500-kopie\/","title":{"rendered":"Compact Loader KLB200, 15 HP Gasoline Engine, Stand-On Skid Steer, Multi-Loader, Tracks (KLB200)"},"content":{"rendered":"<div class=\"wpb-content-wrapper\"><p>[vc_row css=&#8221;.vc_custom_1696246989248{padding-top: 3rem !important;padding-bottom: 3rem !important;}&#8221;][vc_column width=&#8221;1\/2&#8243;][vc_column_text]<\/p>\n<h2>Compact Loader KLB200, 15 HP Gasoline Engine, Stand-On Skid Steer, Multi-Loader, Tracks (KLB200)<\/h2>\n<p>[\/vc_column_text][vc_empty_space][vc_column_text]<\/p>\n<p>The <strong>KLB200 mini compact loader<\/strong> from HZC Power is a powerful <strong>stand-on skid steer<\/strong>, designed for <strong>versatile applications and demanding tasks<\/strong>. Thanks to its robust <strong>track drive<\/strong>, it offers <strong>excellent maneuverability and stability<\/strong> on various terrains.<\/p>\n<p>With its <strong>compact design and well-thought-out construction<\/strong>, the <strong>KLB200<\/strong> is a <strong>flexible and versatile<\/strong> assistant, combining <strong>maximum efficiency and user-friendliness<\/strong>. Whether on <strong>construction sites, in agriculture, or landscaping<\/strong>, this compact loader impresses with its <strong>powerful performance and ease of operation<\/strong>.<\/p>\n<p>[\/vc_column_text][\/vc_column][\/vc_row][vc_row][vc_column][accordion_father][accordion_son title_padding=&#8221;17&#8243; title=&#8221;Technische Daten&#8221; bgclr=&#8221;#f7f7f7&#8243;]Benzin<br \/>\nMarke: JIAO<br \/>\nModell: JA 190 FD \/P<br \/>\nHubraum: 420cc<br \/>\nLeistung: 9,3 kW \/ 12,6 PS<br \/>\nStartsystem: Elektrostarter<\/p>\n<p>Leistung \/ Spezifikationen:<br \/>\nTraglast:<br \/>\nMit Schaufel gemessen (ohne Fahrer): max. 300 kg<br \/>\nMit Schaufel gemessen (mit Fahrer ca. 100 kg): max. 400 kg<br \/>\nMax. H\u00f6he mit waagerechter Schaufel: 2100 mm<br \/>\nEntladeh\u00f6he: 1480 mm<br \/>\nMax. Arbeitsh\u00f6he: 2420 mm<br \/>\nRaupenbreite: 150 mm<br \/>\nFahrgeschwindigkeit: 0\u20134 km\/h<br \/>\nBodenfreiheit (Mitte): 160 mm<br \/>\nBodenfreiheit (seitlich): 110 mm<br \/>\nSchaufel-Kippwinkel (unten): 27\u00b0<br \/>\nPumpenleistung: 2x 18 l\/min<br \/>\nHydrauliktank: ca. 25 l<br \/>\nSchaufell\u00e4nge: 1050 mm<br \/>\nSchaufelvolumen: 0,13 m\u00b3<br \/>\nSteigf\u00e4higkeit: 30\u00b0<br \/>\nGewicht: ca. 500 kg<br \/>\nMontagegr\u00f6\u00dfe (mit Schaufel): 1930 mm x 1050 mm x 1340 mm (L x B x H)<br \/>\nTransportgr\u00f6\u00dfe (mit Schaufel): 1930 mm x 1050 mm x 1445 mm (L x B x H)<br \/>\nVersandgewicht: ca. 530 kg[\/accordion_son][\/accordion_father][accordion_father][accordion_son title_padding=&#8221;17&#8243; title=&#8221;Serienausstattung&#8221; bgclr=&#8221;#f7f7f7&#8243;]Der Radlader wird serienm\u00e4\u00dfig mit einer Schaufel geliefert, die eine Nennkapazit\u00e4t von 0,12 m\u00b3 bietet. Er verf\u00fcgt \u00fcber zwei Vorw\u00e4rts- und zwei R\u00fcckw\u00e4rtsg\u00e4nge und erreicht eine H\u00f6chstgeschwindigkeit von 6 km\/h.[\/accordion_son][\/accordion_father][accordion_father][accordion_son title_padding=&#8221;17&#8243; title=&#8221;Lieferhinweise&#8221; bgclr=&#8221;#f7f7f7&#8243;]Bei HZC Power achten wir stets auf h\u00f6chste Qualit\u00e4t, technisch einwandfreie Verarbeitung und eine robuste Konstruktion. Unsere Produkte erhalten Sie teilmontiert per Spedition. Dabei bieten wir Ihnen einen Festpreis f\u00fcr den Versand der automatisch im Warenkorb generiert wird (zus\u00e4tzliche Versandinformationen finden sie\u00a0<a href=\"http:\/\/www.hzc-power.com\/de\/versand\"><strong>hier<\/strong><\/a>).[\/accordion_son][\/accordion_father][\/vc_column][\/vc_row]<\/p>\n<\/div>","protected":false},"excerpt":{"rendered":"<p><span style=\"color: #ff0000;\"><strong>Available from the end of October 2025.<\/strong><\/span><\/p>\n<ul>\n<li><strong>Engine<\/strong>: 15 HP gasoline engine<\/li>\n<li><strong>Optional accessories<\/strong>: Pallet forks, sweepers, dozer blades, etc.<\/li>\n<li><strong>Applications<\/strong>: The professional partner for <strong>construction, agriculture, and logistics<\/strong><\/li>\n<li><strong>Operating weight<\/strong>: 900 kg<\/li>\n<li><strong>Rated load\/lifting capacity<\/strong>: 200 kg<\/li>\n<li><strong>Total dimensions<\/strong>: 1450x850x1350 mm<\/li>\n<li><strong>Standard bucket (included)<\/strong><\/li>\n<li><strong>High-quality and durable construction<\/strong><\/li>\n<li><strong>Easy handling<\/strong><\/li>\n<li><strong>Highly maneuverable<\/strong><\/li>\n<li><strong>Compact and versatile<\/strong><\/li>\n<li><strong>4 hydraulic connections (2 inlets, 2 outlets)<\/strong><\/li>\n<li><strong>Third hydraulic oil circuit for attachments<\/strong><\/li>\n<li><strong>CE certified according to the latest standards<\/strong><\/li>\n<\/ul>\n            <div class=\"nasa-static-block\" >\r\n                                <div class=\"nasa-static-block-container\">\r\n                    <style type=\"text\/css\" data-type=\"vc_shortcodes-custom-css\">.vc_custom_1701967224244{padding-top: 1rem !important;padding-right: 1rem !important;padding-bottom: 1rem !important;padding-left: 1rem !important;background-color: #9f131e !important;}<\/style>[vc_row css=\".vc_custom_1701967224244{padding-top: 1rem !important;padding-right: 1rem !important;padding-bottom: 1rem !important;padding-left: 1rem !important;background-color: #9f131e !important;}\"][vc_column][vc_column_text]<span style=\"color: #ffffff;\"><strong>Wartung &amp; Reparatur f\u00fcr eine lange Lebensdauer:<\/strong><\/span>\r\n<span style=\"color: #ffffff;\">Unser Rundum-Service steht f\u00fcr dieses Produkt zur Verf\u00fcgung.<\/span>\r\n<span style=\"color: #ffffff;\">Alle Ersatzteile sind stets auf Lager und werden kurzfristig verbaut.<\/span>[\/vc_column_text][\/vc_column][\/vc_row]                <\/div>\r\n            <\/div>\r\n            \n","protected":false},"featured_media":300788,"comment_status":"open","ping_status":"closed","template":"","meta":{"inline_featured_image":false},"product_brand":[],"product_cat":[328,1324,324],"class_list":{"0":"post-293623","1":"product","2":"type-product","3":"status-publish","4":"has-post-thumbnail","6":"product_cat-wheel-loader","7":"product_cat-compact-loader","8":"product_cat-forestry-landscaping","9":"product_shipping_class-spedition-mittel","11":"first","12":"onbackorder","13":"sale","14":"taxable","15":"shipping-taxable","16":"purchasable","17":"product-type-bundle"},"bundled_by":[],"bundle_stock_status":"instock","bundle_stock_quantity":"","bundle_virtual":false,"bundle_layout":"default","bundle_add_to_cart_form_location":"default","bundle_editable_in_cart":false,"bundle_sold_individually_context":"product","bundle_item_grouping":"parent","bundle_min_size":"","bundle_max_size":"","bundle_price":{"price":{"min":{"incl_tax":"4799.00","excl_tax":"4032.77"},"max":{"incl_tax":"12865","excl_tax":"10810.93"}},"regular_price":{"min":{"incl_tax":"5299.00","excl_tax":"4452.94"},"max":{"incl_tax":"14965","excl_tax":"12575.63"}}},"bundled_items":[{"bundled_item_id":3550,"product_id":295171,"menu_order":0,"quantity_min":1,"quantity_max":4,"quantity_default":1,"priced_individually":true,"shipped_individually":false,"override_title":false,"title":"Transport wheels (set) for HZC Power walking excavator (TRBZR360) (Kopie)","override_description":false,"description":null,"optional":true,"hide_thumbnail":false,"discount":"","override_variations":false,"allowed_variations":[""],"override_default_variation_attributes":false,"default_variation_attributes":[],"single_product_visibility":"visible","cart_visibility":"visible","order_visibility":"visible","single_product_price_visibility":"visible","cart_price_visibility":"visible","order_price_visibility":"visible","stock_status":"in_stock"},{"bundled_item_id":3566,"product_id":295204,"menu_order":2,"quantity_min":1,"quantity_max":4,"quantity_default":1,"priced_individually":true,"shipped_individually":false,"override_title":false,"title":"Transport wheels (set) for HZC Power walking excavator (TRBZR360) (Kopie) (Kopie) (Kopie)","override_description":false,"description":null,"optional":true,"hide_thumbnail":false,"discount":"","override_variations":false,"allowed_variations":[""],"override_default_variation_attributes":false,"default_variation_attributes":[],"single_product_visibility":"visible","cart_visibility":"visible","order_visibility":"visible","single_product_price_visibility":"visible","cart_price_visibility":"visible","order_price_visibility":"visible","stock_status":"in_stock"},{"bundled_item_id":3625,"product_id":295229,"menu_order":3,"quantity_min":1,"quantity_max":4,"quantity_default":1,"priced_individually":true,"shipped_individually":false,"override_title":true,"title":"","override_description":true,"description":"","optional":true,"hide_thumbnail":false,"discount":"","override_variations":false,"allowed_variations":[""],"override_default_variation_attributes":false,"default_variation_attributes":[],"single_product_visibility":"visible","cart_visibility":"visible","order_visibility":"visible","single_product_price_visibility":"visible","cart_price_visibility":"visible","order_price_visibility":"visible","stock_status":"in_stock"},{"bundled_item_id":3603,"product_id":295250,"menu_order":4,"quantity_min":1,"quantity_max":1,"quantity_default":1,"priced_individually":true,"shipped_individually":false,"override_title":false,"title":"Transport wheels (set) for HZC Power walking excavator (TRBZR360) (Kopie) (Kopie) (Kopie) (Kopie) (Kopie)","override_description":false,"description":null,"optional":true,"hide_thumbnail":false,"discount":"","override_variations":false,"allowed_variations":[""],"override_default_variation_attributes":false,"default_variation_attributes":[],"single_product_visibility":"visible","cart_visibility":"visible","order_visibility":"visible","single_product_price_visibility":"visible","cart_price_visibility":"visible","order_price_visibility":"visible","stock_status":"on_backorder"},{"bundled_item_id":3586,"product_id":295250,"menu_order":5,"quantity_min":1,"quantity_max":1,"quantity_default":1,"priced_individually":true,"shipped_individually":false,"override_title":false,"title":"Transport wheels (set) for HZC Power walking excavator (TRBZR360) (Kopie) (Kopie) (Kopie) (Kopie) (Kopie)","override_description":false,"description":null,"optional":true,"hide_thumbnail":false,"discount":"","override_variations":false,"allowed_variations":[""],"override_default_variation_attributes":false,"default_variation_attributes":[],"single_product_visibility":"visible","cart_visibility":"visible","order_visibility":"visible","single_product_price_visibility":"visible","cart_price_visibility":"visible","order_price_visibility":"visible","stock_status":"on_backorder"},{"bundled_item_id":3626,"product_id":295250,"menu_order":6,"quantity_min":1,"quantity_max":1,"quantity_default":1,"priced_individually":true,"shipped_individually":false,"override_title":false,"title":"Transport wheels (set) for HZC Power walking excavator (TRBZR360) (Kopie) (Kopie) (Kopie) (Kopie) (Kopie)","override_description":false,"description":null,"optional":true,"hide_thumbnail":false,"discount":"","override_variations":false,"allowed_variations":[""],"override_default_variation_attributes":false,"default_variation_attributes":[],"single_product_visibility":"visible","cart_visibility":"visible","order_visibility":"visible","single_product_price_visibility":"visible","cart_price_visibility":"visible","order_price_visibility":"visible","stock_status":"in_stock"},{"bundled_item_id":3627,"product_id":295266,"menu_order":7,"quantity_min":1,"quantity_max":4,"quantity_default":1,"priced_individually":true,"shipped_individually":false,"override_title":true,"title":"","override_description":true,"description":"","optional":true,"hide_thumbnail":false,"discount":"","override_variations":false,"allowed_variations":[""],"override_default_variation_attributes":false,"default_variation_attributes":[],"single_product_visibility":"visible","cart_visibility":"visible","order_visibility":"visible","single_product_price_visibility":"visible","cart_price_visibility":"visible","order_price_visibility":"visible","stock_status":"in_stock"},{"bundled_item_id":3628,"product_id":295282,"menu_order":8,"quantity_min":1,"quantity_max":4,"quantity_default":1,"priced_individually":true,"shipped_individually":false,"override_title":true,"title":"","override_description":true,"description":"","optional":true,"hide_thumbnail":false,"discount":"","override_variations":false,"allowed_variations":[""],"override_default_variation_attributes":false,"default_variation_attributes":[],"single_product_visibility":"visible","cart_visibility":"visible","order_visibility":"visible","single_product_price_visibility":"visible","cart_price_visibility":"visible","order_price_visibility":"visible","stock_status":"in_stock"},{"bundled_item_id":3638,"product_id":295188,"menu_order":9,"quantity_min":1,"quantity_max":2,"quantity_default":1,"priced_individually":true,"shipped_individually":false,"override_title":true,"title":"Transport wheels (set) for HZC Power walking excavator (TRBZR360) (Kopie) (Kopie)","override_description":true,"description":"","optional":true,"hide_thumbnail":false,"discount":"","override_variations":false,"allowed_variations":[""],"override_default_variation_attributes":false,"default_variation_attributes":[],"single_product_visibility":"visible","cart_visibility":"visible","order_visibility":"visible","single_product_price_visibility":"visible","cart_price_visibility":"visible","order_price_visibility":"visible","stock_status":"in_stock"}],"bundle_sell_ids":[],"jetpack_sharing_enabled":true,"wcpa_form_fields":null,"_links":{"self":[{"href":"https:\/\/www.hzc-power.com\/en\/wp-json\/wp\/v2\/product\/293623","targetHints":{"allow":["GET"]}}],"collection":[{"href":"https:\/\/www.hzc-power.com\/en\/wp-json\/wp\/v2\/product"}],"about":[{"href":"https:\/\/www.hzc-power.com\/en\/wp-json\/wp\/v2\/types\/product"}],"replies":[{"embeddable":true,"href":"https:\/\/www.hzc-power.com\/en\/wp-json\/wp\/v2\/comments?post=293623"}],"wp:featuredmedia":[{"embeddable":true,"href":"https:\/\/www.hzc-power.com\/en\/wp-json\/wp\/v2\/media\/300788"}],"wp:attachment":[{"href":"https:\/\/www.hzc-power.com\/en\/wp-json\/wp\/v2\/media?parent=293623"}],"wp:term":[{"taxonomy":"product_brand","embeddable":true,"href":"https:\/\/www.hzc-power.com\/en\/wp-json\/wp\/v2\/product_brand?post=293623"},{"taxonomy":"product_cat","embeddable":true,"href":"https:\/\/www.hzc-power.com\/en\/wp-json\/wp\/v2\/product_cat?post=293623"}],"curies":[{"name":"wp","href":"https:\/\/api.w.org\/{rel}","templated":true}]}}