{"id":4698,"date":"2021-06-07T13:33:45","date_gmt":"2021-06-07T11:33:45","guid":{"rendered":"https:\/\/hzc-power.de\/shop-2\/uncategorized\/25-t-standing-lying-qood-splitter-with-petrol-engine-and-table-hs25205\/"},"modified":"2026-04-07T11:35:51","modified_gmt":"2026-04-07T09:35:51","slug":"log-splitter-standing-lying-logsplitter-25t-600mm-table","status":"publish","type":"product","link":"https:\/\/www.hzc-power.com\/en\/log-splitter\/standing-lying-logsplitter-25t-600mm-table\/","title":{"rendered":"HZC Power log splitter HS25205, 25 t, 60 cm, horizontal, petrol engine"},"content":{"rendered":"<div class=\"wpb-content-wrapper\"><p>[vc_row css=&#8221;.vc_custom_1696407611886{padding-top: 3rem !important;padding-bottom: 3rem !important;}&#8221;][vc_column width=&#8221;2\/3&#8243;][vc_column_text]<\/p>\n<h2>25 t standing &amp; lying log splitter with petrol engine and table (HS25205)<\/h2>\n<p>[\/vc_column_text][vc_empty_space][vc_column_text]With the HS25205 from HZC Power you can split logs up to 600 mm long with a splitting force of up to 25 tonnes. One of the advantages of the HS25205 is that the splitter can be operated both vertically and horizontally.<\/p>\n<p>The two-hand operation ensures safety. Nevertheless, the operation is practical and simple. The protective cover for the splitting area is a practical addition and also ensures that the machine remains in a very good condition for a long time.[\/vc_column_text][\/vc_column][\/vc_row][vc_row css=&#8221;.vc_custom_1696407620006{padding-top: 3rem !important;padding-bottom: 3rem !important;}&#8221;][vc_column width=&#8221;1\/2&#8243;][vc_column_text]<\/p>\n<h2>WOOD SPLITTER WITH 25 T SPLITTING FORCE<\/h2>\n<p>[\/vc_column_text][vc_empty_space][vc_column_text]The log splitter is equipped with a reliable Briggs&amp;Stratton gasoline engine (6.5 hp, XR950). The engine is equipped with 12.88 Nm gross torque and 208cc.<\/p>\n<p>The maintenance\/repair service set up by Briggs&amp;Stratton in selected partner workshops provides uncomplicated help should problems arise with the powerful engine.<\/p>\n<p>With this engine, the HS25205 brings enough power to split material confidently with the 200 mm high splitting wedge.[\/vc_column_text][vc_empty_space][\/vc_column][vc_column width=&#8221;1\/2&#8243;][vc_column_text]<\/p>\n<h2>Low wood splitter petrol<\/h2>\n<p>[\/vc_column_text][vc_empty_space][vc_column_text]The HS25205 can be operated both vertically and horizontally and is therefore very flexible. The conversion is quickly carried out by means of a simple release and a subsequent tilting mechanism.<\/p>\n<p>An integrated frame ensures that the fissile material is held firmly in place during the splitting process in horizontal operation. Pieces of wood can also be stored on the integrated table. An oil filter for the hydraulic oil ensures an even longer life of the log splitter.<\/p>\n<p>The splitter has a trailer coupling, so that it can be easily moved on private ground. However, the HS25205 is not road legal. Due to the handy dimensions of 228,5x101x120 cm (LxWxH) the log splitter can also be easily transported on a trailer.[\/vc_column_text][\/vc_column][\/vc_row][vc_row][vc_column]            <div class=\"nasa-static-block\" >\r\n                                <div class=\"nasa-static-block-container\">\r\n                    <style type=\"text\/css\" data-type=\"vc_shortcodes-custom-css\">.vc_custom_1696253457918{margin-top: 2rem !important;margin-bottom: 2rem !important;padding-top: 3rem !important;padding-bottom: 3rem !important;background-color: #505f6b !important;}.vc_custom_1696253423652{padding-right: 1rem !important;padding-left: 1rem !important;}<\/style>[vc_section full_width=\"stretch_row\" css=\".vc_custom_1696253457918{margin-top: 2rem !important;margin-bottom: 2rem !important;padding-top: 3rem !important;padding-bottom: 3rem !important;background-color: #505f6b !important;}\"][vc_row css=\".vc_custom_1696253423652{padding-right: 1rem !important;padding-left: 1rem !important;}\"][vc_column width=\"1\/2\"][vc_column_text]\r\n<h2><span style=\"color: #ffffff;\">Angebot f\u00fcr Ihren Holzspalter<\/span><\/h2>\r\n[\/vc_column_text][vc_empty_space][\/vc_column][vc_column width=\"1\/2\"][vc_column_text]<span style=\"color: #ffffff;\">Bei HZC Power achten wir stets auf h\u00f6chste Qualit\u00e4t, technisch einwandfreie Verarbeitung und eine robuste Konstruktion. <strong><a style=\"color: #ffffff;\" href=\"http:\/\/www.hzc-power.com\/de\/holzspalter\">Unsere Holzspalter<\/a><\/strong> erhalten Sie teilmontiert per Spedition. Eventuell muss das Hydraulik\u00f6l aufgef\u00fcllt werden - dieses liefern wir mit! Dabei bieten wir Ihnen einen Festpreis f\u00fcr den Versand der automatisch im Warenkorb generiert wird (zus\u00e4tzliche Versandinformationen finden sie <strong><a style=\"color: #ffffff;\" href=\"http:\/\/www.hzc-power.com\/de\/versand\">hier<\/a><\/strong>).<\/span>\r\n\r\n<span style=\"color: #ffffff;\">Gerne k\u00f6nnen Sie unsere Produkte nach Absprache auch in unserer Zentrale besichtigen oder kostenlos abholen.<\/span>\r\n\r\n<span style=\"color: #ffffff;\">Sollten Sie weitere Fragen zu den einzelnen Modellen haben dann melden Sie sich gerne bei <strong><a style=\"color: #ffffff;\" href=\"http:\/\/www.hzc-power.com\/de\/kontakt\">unserem Kundenservice<\/a><\/strong>. Dieser ber\u00e4t Sie gerne weiter. \u00dcberzeugen Sie sich selbst von unserem Angebot und sichern Sie sich Ihren Holzspalter in bester Qualit\u00e4t zum besten Preis bei HZC Power.<\/span>[\/vc_column_text][\/vc_column][\/vc_row][\/vc_section]                <\/div>\r\n            <\/div>\r\n            [\/vc_column][\/vc_row][vc_row css=&#8221;.vc_custom_1696407634126{padding-top: 3rem !important;padding-bottom: 3rem !important;}&#8221;][vc_column width=&#8221;1\/2&#8243;][vc_column_text]<\/p>\n<h2>Technical data<\/h2>\n<p>[\/vc_column_text][vc_empty_space][vc_column_text]<br \/>\nManufacturer: HZC Power GmbH<br \/>\nModel: HS25205<br \/>\nSplitting force: 25 t<br \/>\nGap length: max. 600 mm<br \/>\nCycle: 15 s<br \/>\nHydraulic oil capacity: 14 l (HLP46)<br \/>\nProduct weight: 205 kg<br \/>\nShipping Weight: 240 kg<br \/>\nDimensions: 228,5x101x120 cm (LxWxH)<br \/>\nSpecial features: trailer coupling, storage table<br \/>\nWorking positions: Horizontal or vertical<br \/>\nOperation: 2-handed<br \/>\n[\/vc_column_text][vc_empty_space][\/vc_column][vc_column width=&#8221;1\/2&#8243;][vc_column_text]<\/p>\n<h2>Engine<\/h2>\n<p>[\/vc_column_text][vc_empty_space][vc_column_text]<br \/>\nEngine: Briggs &amp; Stratton 6.5 hp petrol engine, XR950<br \/>\nModel number: 130G<br \/>\nEngine technology: Single cylinder, 4-stroke, air-cooled, OHV (overhead valves)<br \/>\nDisplacement: 208 cc<br \/>\nCylinder: cylinder with cast iron sleeve<br \/>\nDrill hole: 68,3 mm<br \/>\nBar: 55,9 mm<br \/>\nFuel tank capacity: 3.1 l<br \/>\nOil capacity: 0.6 l<br \/>\nWeight: 16 kg<br \/>\nDimensions (WxLxH): 321x376x346 mm<br \/>\n[\/vc_column_text][\/vc_column][\/vc_row][vc_section full_width=&#8221;stretch_row&#8221; css=&#8221;.vc_custom_1696407712979{margin-top: 2rem !important;margin-bottom: 2rem !important;padding-top: 3rem !important;padding-bottom: 3rem !important;background-color: #fafafa !important;}&#8221;][vc_row css=&#8221;.vc_custom_1696407720952{padding-right: 1rem !important;padding-left: 1rem !important;}&#8221;][vc_column width=&#8221;1\/2&#8243;][vc_column_text]<\/p>\n<h2>Videos of log splitter 25 t (HS25205)<\/h2>\n<p>[\/vc_column_text][vc_empty_space][vc_column_text]<div class=\"lyte-wrapper\" style=\"width:640px;max-width:100%;margin:5px auto;\"><div class=\"lyMe\" id=\"WYL_bGUM2Ncxpho\"><div id=\"lyte_bGUM2Ncxpho\" data-src=\"https:\/\/www.hzc-power.com\/wp-content\/plugins\/wp-youtube-lyte\/lyteCache.php?origThumbUrl=%2F%2Fi.ytimg.com%2Fvi%2FbGUM2Ncxpho%2Fhqdefault.jpg\" class=\"pL\"><div class=\"tC\"><div class=\"tT\"><\/div><\/div><div class=\"play\"><\/div><div class=\"ctrl\"><div class=\"Lctrl\"><\/div><div class=\"Rctrl\"><\/div><\/div><\/div><noscript><a href=\"https:\/\/youtu.be\/bGUM2Ncxpho\" rel=\"nofollow noopener\" target=\"_blank\"><img loading=\"lazy\" decoding=\"async\" src=\"https:\/\/www.hzc-power.com\/wp-content\/plugins\/wp-youtube-lyte\/lyteCache.php?origThumbUrl=https%3A%2F%2Fi.ytimg.com%2Fvi%2FbGUM2Ncxpho%2F0.jpg\" alt=\"YouTube video thumbnail\" width=\"640\" height=\"340\" \/><br \/>Watch this video on YouTube<\/a><\/noscript><\/div><\/div><div class=\"lL\" style=\"max-width:100%;width:640px;margin:5px auto;\"><\/div>[\/vc_column_text][\/vc_column][vc_column width=&#8221;1\/2&#8243;][vc_column_text]<\/p>\n<h2>Video on wood splitter assembly<\/h2>\n<p>[\/vc_column_text][vc_empty_space][vc_column_text]<div class=\"lyte-wrapper\" title=\"Montage von einem 25 t liegend Holzspalter mit Benzinmotor und Tisch (HS25205) von HZC Power\" style=\"width:640px;max-width:100%;margin:5px auto;\"><div class=\"lyMe\" id=\"WYL_UXB_jYE-uYw\"><div id=\"lyte_UXB_jYE-uYw\" data-src=\"https:\/\/www.hzc-power.com\/wp-content\/plugins\/wp-youtube-lyte\/lyteCache.php?origThumbUrl=https%3A%2F%2Fi.ytimg.com%2Fvi%2FUXB_jYE-uYw%2Fhqdefault.jpg\" class=\"pL\"><div class=\"tC\"><div class=\"tT\">Montage von einem 25 t liegend Holzspalter mit Benzinmotor und Tisch (HS25205) von HZC Power<\/div><\/div><div class=\"play\"><\/div><div class=\"ctrl\"><div class=\"Lctrl\"><\/div><div class=\"Rctrl\"><\/div><\/div><\/div><noscript><a href=\"https:\/\/youtu.be\/UXB_jYE-uYw\" rel=\"nofollow noopener\" target=\"_blank\"><img loading=\"lazy\" decoding=\"async\" src=\"https:\/\/www.hzc-power.com\/wp-content\/plugins\/wp-youtube-lyte\/lyteCache.php?origThumbUrl=https%3A%2F%2Fi.ytimg.com%2Fvi%2FUXB_jYE-uYw%2F0.jpg\" alt=\"Montage von einem 25 t liegend Holzspalter mit Benzinmotor und Tisch (HS25205) von HZC Power\" width=\"640\" height=\"340\" \/><br \/>Watch this video on YouTube<\/a><\/noscript><\/div><\/div><div class=\"lL\" style=\"max-width:100%;width:640px;margin:5px auto;\"><\/div>[\/vc_column_text][\/vc_column][\/vc_row][\/vc_section][vc_row css=&#8221;.vc_custom_1696407728992{padding-top: 3rem !important;padding-bottom: 3rem !important;}&#8221;][vc_column]            <div class=\"nasa-static-block\" >\r\n                                <div class=\"nasa-static-block-container\">\r\n                    [vc_row][vc_column][vc_column_text]\r\n<h2 style=\"text-align: center;\">Rund um das Thema Holzspalter<\/h2>\r\n[\/vc_column_text][vc_empty_space][\/vc_column][\/vc_row][vc_row][vc_column width=\"1\/3\"][vc_single_image image=\"2803\" img_size=\"medium\" alignment=\"center\" onclick=\"custom_link\" img_link_target=\"_blank\" link=\"http:\/\/www.hzc-power.com\/de\/spaltkraft-beim-holzspalter\/\"][vc_empty_space][vc_column_text]\r\n<h3>Spaltkreuze f\u00fcr Holzspalter<\/h3>\r\n[\/vc_column_text][vc_empty_space][vc_column_text]Durch\u00a0<strong><a href=\"http:\/\/www.hzc-power.com\/de\/zubehoer-fuer-holzspalter\">ein Spaltkreuz<\/a> <\/strong>wird das Holz nicht nur halbiert, sondern direkt geviertelt. So erreicht man schneller die notwendige Gr\u00f6\u00dfe der geschnittenen Holzst\u00fccke f\u00fcr den ein oder anderen Kamin (<strong><a href=\"http:\/\/www.hzc-power.com\/de\/spaltkreuze-fuer-holzspalter\/\">mehr lesen<\/a><\/strong>).[\/vc_column_text][\/vc_column][vc_column width=\"1\/3\"][vc_single_image image=\"12735\" img_size=\"medium\" alignment=\"center\" onclick=\"custom_link\" img_link_target=\"_blank\" link=\"http:\/\/www.hzc-power.com\/de\/spaltkreuze-fuer-holzspalter\/\"][vc_empty_space][vc_column_text]\r\n<h3>Spaltkraft beim Holzspalter<\/h3>\r\n[\/vc_column_text][vc_empty_space][vc_column_text]Was sagt eigentlich die Spaltkraft eines Holzspalters aus und wieviel Spaltkraft ben\u00f6tige ich f\u00fcr meinen Holzspalter? Welche Faktoren beeinflussen \u00fcberhaupt die Spaltkraft? (<strong><a href=\"http:\/\/www.hzc-power.com\/de\/spaltkraft-beim-holzspalter\">mehr lesen<\/a><\/strong>)[\/vc_column_text][\/vc_column][vc_column width=\"1\/3\"][vc_single_image image=\"3169\" img_size=\"medium\" alignment=\"center\" onclick=\"custom_link\" link=\"http:\/\/www.hzc-power.com\/de\/wieso-einen-holzspalter-kaufen\/\"][vc_empty_space][vc_column_text]\r\n<h3>Wieso einen Holzspalter kaufen?<\/h3>\r\n[\/vc_column_text][vc_empty_space][vc_column_text]Schauen Sie auch gerne in unserem <strong><a href=\"http:\/\/www.hzc-power.com\/de\/magazin\/\">HZC Power Magazin<\/a><\/strong> vorbei, dort erfahren Sie noch mehr zum Thema Holzspalter und erfahren noch mehr Tipps &amp; Tricks. Informieren Sie sich z. B. <strong><a href=\"http:\/\/www.hzc-power.com\/de\/wieso-einen-holzspalter-kaufen\">hier<\/a><\/strong> \u00fcber die Vorteile eines Kaufs von einem unserer Holzspalter.[\/vc_column_text][\/vc_column][\/vc_row]                <\/div>\r\n            <\/div>\r\n            [\/vc_column][\/vc_row][vc_row][vc_column]            <div class=\"nasa-static-block\" >\r\n                                <div class=\"nasa-static-block-container\">\r\n                    <style type=\"text\/css\" data-type=\"vc_shortcodes-custom-css\">.vc_custom_1696253631854{margin-top: 2rem !important;margin-bottom: 2rem !important;padding-top: 3rem !important;padding-bottom: 3rem !important;background-color: #505f6b !important;}.vc_custom_1696253622481{padding-right: 1rem !important;padding-left: 1rem !important;}<\/style>[vc_section full_width=\"stretch_row\" css=\".vc_custom_1696253631854{margin-top: 2rem !important;margin-bottom: 2rem !important;padding-top: 3rem !important;padding-bottom: 3rem !important;background-color: #505f6b !important;}\"][vc_row css=\".vc_custom_1696253622481{padding-right: 1rem !important;padding-left: 1rem !important;}\"][vc_column width=\"1\/2\"][vc_column_text]\r\n<h2><span style=\"color: #ffffff;\">Versanddetails\/Lieferhinweis<\/span><\/h2>\r\n[\/vc_column_text][vc_empty_space][\/vc_column][vc_column width=\"1\/2\"][vc_column_text]\r\n<p style=\"font-weight: 400;\"><span style=\"color: #ffffff;\">Unsere Holzspalter werden gut verpackt und zerlegt zu Ihnen geliefert. F\u00fcr die Endmontage sollten Sie sich ca. 1-2 Stunden mit einberechnen. <\/span><\/p>\r\n<p style=\"font-weight: 400;\"><span style=\"color: #ffffff;\"> Das Hydraulik\u00f6l bekommen Sie mitgeliefert. Dieses m\u00fcssten Sie nach der Endmontage selbstst\u00e4ndig einf\u00fcllen. Das Motor\u00f6l m\u00fcssten Sie allerdings vorab selber besorgen und ebenfalls nach der Endmontage auff\u00fcllen (ca. 0,6-1,1 Liter). Hierf\u00fcr empfehlen wir Briggs&amp;Stratton 4-Stoken Engine Oil SAE30.<\/span><\/p>\r\n<p style=\"font-weight: 400;\"><span style=\"color: #ffffff;\">Die Montage ist f\u00fcr Jedermann durchf\u00fchrbar. Hierbei ben\u00f6tigen Sie kein Vorwissen oder technische Kenntnisse. Holen Sie sich am besten Hilfe mit dazu. Unter diesem <a href=\"https:\/\/www.youtube.com\/watch?v=KtV8LPlO2jg\" target=\"_blank\" rel=\"noopener\">Link<\/a> sehen Sie ein Video, wie man den Holzspalter Schritt f\u00fcr Schritt am besten montiert. <\/span><\/p>\r\n<p style=\"font-weight: 400;\"><span style=\"color: #ffffff;\">Es ist auch m\u00f6glich den Holzspalter komplett vormontiert zu erhalten. Hierbei w\u00fcrden zus\u00e4tzliche Kosten entstehen. Sie k\u00f6nnen beim Shop direkt unser Zusatzservice bestellen oder sprechen Sie dies einfach bei unserem Kundenservice an.<\/span><\/p>\r\n<p style=\"font-weight: 400;\"><span style=\"color: #ffffff;\">Im Lieferumfang des Holzspalters ist ein Spaltkreuz zus\u00e4tzlich enthalten. Das Spaltkreuz darf innerhalb der europ\u00e4ischen Union bei Verwendung des Holzspalters nicht benutzt werden. Die neue EU Norm EN 609:2017 verbietet f\u00fcr Holzspalter die Verwendung von Mehrfachspaltkeilen und Spaltkreuzen.\r\nDie eventuelle Verwendung des Spaltkreuzes erfolgt auf eigenes Risiko und auf lhre Verantwortung.<\/span><\/p>\r\n[\/vc_column_text][\/vc_column][\/vc_row][\/vc_section]                <\/div>\r\n            <\/div>\r\n            [\/vc_column][\/vc_row]<\/p>\n<\/div>","protected":false},"excerpt":{"rendered":"<p><span style=\"color: #ff0000;\"><strong>Information about delivery times will be provided after receipt of your order by our <span style=\"color: #9e0000;\"><a style=\"color: #9e0000;\" href=\"\/?product_cat=contact\">customer service<\/a><\/span>.<\/strong><\/span><\/p>\n<ul>\n<li><strong>25 t<\/strong> splitting force<\/li>\n<li>Petrol engine <strong>6.5 HP \/ 208 cc<\/strong><\/li>\n<li>Splitting cycle: <strong>15 seconds<\/strong><\/li>\n<li>Max. splitting length: <strong>60 cm<\/strong><\/li>\n<li><strong>Horizontal operation<\/strong><\/li>\n<li>Log diameter: <strong>max. 50 cm<\/strong><\/li>\n<li><strong>Oil filter<\/strong> for extended service life<\/li>\n<li><strong>Trailer hitch, protective cover &amp; log lifter with a load capacity of up to 80 kg<\/strong><\/li>\n<li><strong>Dimensions:<\/strong> 228.5 \u00d7 101 \u00d7 127 cm (L \u00d7 W \u00d7 H)<\/li>\n<\/ul>\n","protected":false},"featured_media":26337,"comment_status":"open","ping_status":"closed","template":"","meta":{"inline_featured_image":false},"product_brand":[],"product_cat":[334,770,333],"class_list":{"0":"post-4698","1":"product","2":"type-product","3":"status-publish","4":"has-post-thumbnail","6":"product_cat-log-splitters","7":"product_cat-promotional-products","8":"product_cat-wood-processing","9":"product_shipping_class-spedition-3-anbauteile-bagger","10":"wcpa_has_options","12":"first","13":"instock","14":"sale","15":"taxable","16":"shipping-taxable","17":"purchasable","18":"product-type-simple"},"bundled_by":[],"bundle_stock_status":"instock","bundle_stock_quantity":1,"bundle_virtual":false,"bundle_layout":"","bundle_add_to_cart_form_location":"","bundle_editable_in_cart":false,"bundle_sold_individually_context":"","bundle_item_grouping":"","bundle_min_size":"","bundle_max_size":"","bundle_price":[],"bundled_items":[],"bundle_sell_ids":[],"jetpack_sharing_enabled":true,"wcpa_form_fields":{"wcpaData":{"product":{"product_price":1.749,"price_html":"<del aria-hidden=\"true\"><span class=\"woocommerce-Price-amount amount\"><bdi>2.229.00&nbsp;<span class=\"woocommerce-Price-currencySymbol\">&euro;<\/span><\/bdi><\/span><\/del> <span class=\"screen-reader-text\">Original price was: 2.229.00&nbsp;&euro;.<\/span><ins aria-hidden=\"true\"><span class=\"woocommerce-Price-amount amount\"><bdi>1.749.00&nbsp;<span class=\"woocommerce-Price-currencySymbol\">&euro;<\/span><\/bdi><\/span><\/ins><span class=\"screen-reader-text\">Current price is: 1.749.00&nbsp;&euro;.<\/span><div class=\"gm-wp_bakery_woocommerce_get_price_html\">\n\t\t<div class=\"wgm-info woocommerce-de_price_taxrate \"><\/div>\n\t\t<div class=\"wgm-info woocommerce_de_versandkosten\">plus <a class=\"versandkosten\" href=\"https:\/\/www.hzc-power.com\/en\/payment-and-shipping\/\" target=\"_blank\">shipping<\/a><\/div><\/div>","original_product_price":2.229,"price_including_tax":1749,"price_excluding_tax":1469.747899,"product_id":{"parent":4698,"variation":false},"is_variable":false,"stock_status":"instock","stock_quantity":1,"parent_sku":"HS25205","product_attributes":[],"custom_fields":[],"is_taxable":true,"product_name":"HZC Power log splitter HS25205, 25 t, 60 cm, horizontal, petrol engine","hasImage":false},"fields":{"sec_36435698965031":{"extra":{"key":"sec_36435698965031","section_id":"sec_36435698965031","name":"Default","status":1,"cl_rule":"show","enableCl":false,"relations":[],"toggle":true,"title_tag":"h3","show_title":false,"showPrice":"default","repeater_section_field_label":"{field_label}","repeater_section_label":"{section_name}","repeater_bind":"","form_id":287151,"form_rules":{"exclude_from_discount":false,"fee_label":"Fee","disp_hide_options_price":false,"disp_show_section_price":false,"disp_show_field_price":true,"layout_option":"standard","pric_use_as_fee":false,"process_fee_as":"woo_fee"},"layout_option":"standard"},"fields":[[{"active":true,"col":6,"relations":false,"cl_rule":"show","enableCl":false,"price":"","enablePrice":true,"className":"","label_position":"default","desc_position":"default","type":"radio-group","required":false,"elementId":"radio_3437870303","label":"Additional service:","name":"radio_3437870303","values":[{"label":"Without assembly ","value":"Ohne Montage","selected":false,"tempId":"aco_1125","price":"","description":"Our log splitters are carefully packaged and delivered unassembled.","gt_translate_keys":["label","description"]},{"label":"Assembly & self-collection ","value":"Montage & Selbstabholen","selected":false,"tempId":"aco_562","price":"99","description":"We assemble the log splitter for you. You can then collect it directly from our warehouse in M\u00f6nchengladbach.\nWhen selecting the shipping method, please choose \u201c Collection by appointment in M\u00f6nchengladbach\u201d.","gt_translate_keys":["label","description"]}],"layOut":"","error":false,"checkUi":"","priceOptions":"different_for_all","pricingType":"fixed","use_as_fee":true,"other":false,"enableDesign":true,"scrollBar":false,"LabelColor":"#505f6b","LabelSize":"","mapToCheckout":false,"enableClearSelection":true,"show_selected_option":false,"options_description":true,"tooltip":"It is possible to order the log splitter pre-assembled or unassembled.","wpml_sync":false,"isWeightTemplate":false,"isTemplate":false,"min_quantity":"1","quantity_decimal":false,"quantity_step":"1","quantity_label":"Quantity","repeater_field_label":"{field_label}","repeater_bind":"","gt_translate_keys":["label","tooltip","repeater_field_label","quantity_label"],"price_dependency":false,"cl_dependency":false,"value":""}]]}},"config":{"price_override":"","enable_recaptcha":false,"bind_quantity":false,"quantity_bind_formula":false,"disp_summ_show_option_price":true,"disp_summ_show_product_price":true,"disp_summ_show_total_price":true,"disp_summ_show_fee":false,"disp_summ_show_discount":false,"summary_title":"","options_total_label":"Price of option","total_label":"Total amount","options_product_label":"Product price","fee_label":"Fee","discount_label":"Discount","has_price":true,"has_quantity_formula":false},"mc_unit":1,"tax_rate":1,"tax_rate_real":0.19,"discount":{"percentage":0,"fixed":0},"design":{"conf":{"LabelPosition":"above","DescPosition":"above","UploadField":"custom_1","QuantityFieldStyle":"default"},"css":{"LeftLabelWidth":"120px"}},"formulas":[],"lookuptables":[],"clones":false,"cartKey":false}},"_links":{"self":[{"href":"https:\/\/www.hzc-power.com\/en\/wp-json\/wp\/v2\/product\/4698","targetHints":{"allow":["GET"]}}],"collection":[{"href":"https:\/\/www.hzc-power.com\/en\/wp-json\/wp\/v2\/product"}],"about":[{"href":"https:\/\/www.hzc-power.com\/en\/wp-json\/wp\/v2\/types\/product"}],"replies":[{"embeddable":true,"href":"https:\/\/www.hzc-power.com\/en\/wp-json\/wp\/v2\/comments?post=4698"}],"wp:featuredmedia":[{"embeddable":true,"href":"https:\/\/www.hzc-power.com\/en\/wp-json\/wp\/v2\/media\/26337"}],"wp:attachment":[{"href":"https:\/\/www.hzc-power.com\/en\/wp-json\/wp\/v2\/media?parent=4698"}],"wp:term":[{"taxonomy":"product_brand","embeddable":true,"href":"https:\/\/www.hzc-power.com\/en\/wp-json\/wp\/v2\/product_brand?post=4698"},{"taxonomy":"product_cat","embeddable":true,"href":"https:\/\/www.hzc-power.com\/en\/wp-json\/wp\/v2\/product_cat?post=4698"}],"curies":[{"name":"wp","href":"https:\/\/api.w.org\/{rel}","templated":true}]}}