{"id":5375,"date":"2021-06-14T16:33:41","date_gmt":"2021-06-14T14:33:41","guid":{"rendered":"https:\/\/hzc-power.de\/shop-2\/uncategorized\/hydraulic-pump-cbna-8-8-2-1-for-18-t-25-t-wood-splitters\/"},"modified":"2022-06-25T19:09:08","modified_gmt":"2022-06-25T17:09:08","slug":"hydraulic-pump-cbna-8-8-2-1-for-18-t-25-t-wood-splitters","status":"publish","type":"product","link":"https:\/\/www.hzc-power.com\/en\/accessories-for-log-splitters\/hydraulicpump-18t-25t-logsplitter\/","title":{"rendered":"Hydraulic pump (CBNA-8.8\/2.1) for 18 T &#8211; 25 T wood splitters"},"content":{"rendered":"<div class=\"wpb-content-wrapper\"><p>[vc_section][vc_row][vc_column][vc_column_text]<\/p>\n<h2>Hydraulic pump (CBNA-8.8\/2.1) for 18 t &#8211; 25 t log splitter<\/h2>\n<p>[\/vc_column_text][vc_column_text]Your log splitter from HZC Power is now lacking the necessary cutting edge? Then the hydraulic pump CBNA-8.8\/2.1 from Bucher is the right spare part for you.<br \/>\nThe hydraulic pump is compatible with our 18 ton log splitters (<a href=\"https:\/\/www.hzc-power.com\/en\/log-splitters\/horizontal-logsplitter-18T-570mm\" target=\"_blank\" rel=\"noreferrer noopener\">HS18165<\/a>), our 20 ton log splitters (<a href=\"https:\/\/www.hzc-power.com\/en\/log-splitters\/horizontal-logsplitter-20t-570mm\/\" target=\"_blank\" rel=\"noreferrer noopener\">HS20203<\/a>), our 22 ton log splitters (<a href=\"https:\/\/www.hzc-power.com\/en\/log-splitters\/standing-lying-logsplitter-22t-1000mm\/\" target=\"_blank\" rel=\"noreferrer noopener\">HS22325<\/a>,\u00a0<a href=\"https:\/\/www.hzc-power.com\/en\/log-splitters\/vertical-lying-logsplitter-22t-1000mm-turntable\/\" target=\"_blank\" rel=\"noreferrer noopener\">HS22330<\/a>) and our 25 ton log splitters (<a href=\"https:\/\/www.hzc-power.com\/en\/log-splitter\/standing-lying-logsplitter-25t-600mm-table\/\" target=\"_blank\" rel=\"noreferrer noopener\">HS25205<\/a>, HS25255,\u00a0<a href=\"https:\/\/www.hzc-power.com\/en\/log-splitters\/standing-lying-logsplitter-25t-supportarm\/\" target=\"_blank\" rel=\"noreferrer noopener\">HS25266<\/a>).[\/vc_column_text][\/vc_column][\/vc_row][\/vc_section][vc_section][vc_row][vc_column][vc_empty_space]            <div class=\"nasa-static-block\" >\r\n                                <div class=\"nasa-static-block-container\">\r\n                    <style type=\"text\/css\" data-type=\"vc_shortcodes-custom-css\">.vc_custom_1696253521432{margin-top: 2rem !important;margin-bottom: 2rem !important;padding-top: 3rem !important;padding-bottom: 3rem !important;background-color: #505f6b !important;}.vc_custom_1696253530748{padding-right: 1rem !important;padding-left: 1rem !important;}<\/style>[vc_section full_width=\"stretch_row\" css=\".vc_custom_1696253521432{margin-top: 2rem !important;margin-bottom: 2rem !important;padding-top: 3rem !important;padding-bottom: 3rem !important;background-color: #505f6b !important;}\"][vc_row css=\".vc_custom_1696253530748{padding-right: 1rem !important;padding-left: 1rem !important;}\"][vc_column width=\"1\/2\"][vc_column_text]\r\n<h2><span style=\"color: #ffffff;\">Angebot f\u00fcr Ihr HZC Power Produkt<\/span><\/h2>\r\n[\/vc_column_text][vc_empty_space][\/vc_column][vc_column width=\"1\/2\"][vc_column_text]<span style=\"color: #ffffff;\">Bei HZC Power achten wir stets auf h\u00f6chste Qualit\u00e4t, technisch einwandfreie Verarbeitung und eine robuste Konstruktion. Unsere Produkte erhalten Sie teilmontiert per Spedition. Dabei bieten wir Ihnen einen Festpreis f\u00fcr den Versand der automatisch im Warenkorb generiert wird (zus\u00e4tzliche Versandinformationen finden sie <a style=\"color: #ffffff;\" href=\"http:\/\/www.hzc-power.com\/de\/versand\"><strong>hier<\/strong><\/a>).<\/span>\r\n\r\n<span style=\"color: #ffffff;\">Gerne k\u00f6nnen Sie unsere Produkte nach Absprache auch in unserer Zentrale besichtigen oder kostenlos abholen.<\/span>\r\n\r\n<span style=\"color: #ffffff;\">Sollten Sie weitere Fragen zu den einzelnen Modellen haben dann melden Sie sich gerne bei <strong><a style=\"color: #ffffff;\" href=\"http:\/\/www.hzc-power.com\/de\/kontakt\">unserem Kundenservice<\/a><\/strong>. Dieser ber\u00e4t Sie gerne weiter. \u00dcberzeugen Sie sich selbst von unserem Angebot und sichern Sie sich Ihr Produkt in bester Qualit\u00e4t zum besten Preis bei HZC Power.<\/span>[\/vc_column_text][\/vc_column][\/vc_row][\/vc_section]                <\/div>\r\n            <\/div>\r\n            [\/vc_column][\/vc_row][\/vc_section]<\/p>\n<\/div>","protected":false},"excerpt":{"rendered":"<ul>\n<li>suitable for 18 t &#8211; 25 t log splitters from HZC Power<\/li>\n<li>compatible with\u00a0<a href=\"https:\/\/www.hzc-power.com\/en\/log-splitters\/horizontal-logsplitter-18T-570mm\" target=\"_blank\" rel=\"noreferrer noopener\">HS18165<\/a>,\u00a0<a href=\"https:\/\/www.hzc-power.com\/en\/log-splitters\/horizontal-logsplitter-20t-570mm\" target=\"_blank\" rel=\"noreferrer noopener\">HS20203<\/a>,\u00a0<a href=\"https:\/\/www.hzc-power.com\/en\/log-splitters\/standing-lying-logsplitter-22t-1000mm\" target=\"_blank\" rel=\"noreferrer noopener\">HS22325<\/a>,\u00a0<a href=\"https:\/\/www.hzc-power.com\/en\/log-splitters\/vertical-lying-logsplitter-22t-1000mm-turntable\" target=\"_blank\" rel=\"noreferrer noopener\">HS22330<\/a>,\u00a0<a href=\"https:\/\/www.hzc-power.com\/en\/log-splitter\/standing-lying-logsplitter-25t-600mm-table\" target=\"_blank\" rel=\"noreferrer noopener\">HS25205<\/a>, HS25255,\u00a0<a href=\"https:\/\/www.hzc-power.com\/en\/log-splitters\/standing-lying-logsplitter-25t-supportarm\" target=\"_blank\" rel=\"noreferrer noopener\">HS25266<\/a><\/li>\n<\/ul>\n","protected":false},"featured_media":5923,"comment_status":"open","ping_status":"closed","template":"","meta":{"inline_featured_image":false},"product_brand":[],"product_cat":[333,774],"class_list":{"0":"post-5375","1":"product","2":"type-product","3":"status-publish","4":"has-post-thumbnail","6":"product_cat-wood-processing","7":"product_cat-spare-parts-wood-processing","8":"product_shipping_class-paket","10":"first","11":"instock","12":"taxable","13":"shipping-taxable","14":"purchasable","15":"product-type-simple"},"bundled_by":[],"bundle_stock_status":"instock","bundle_stock_quantity":50,"bundle_virtual":false,"bundle_layout":"","bundle_add_to_cart_form_location":"","bundle_editable_in_cart":false,"bundle_sold_individually_context":"","bundle_item_grouping":"","bundle_min_size":"","bundle_max_size":"","bundle_price":[],"bundled_items":[],"bundle_sell_ids":[],"jetpack_sharing_enabled":true,"wcpa_form_fields":null,"_links":{"self":[{"href":"https:\/\/www.hzc-power.com\/en\/wp-json\/wp\/v2\/product\/5375","targetHints":{"allow":["GET"]}}],"collection":[{"href":"https:\/\/www.hzc-power.com\/en\/wp-json\/wp\/v2\/product"}],"about":[{"href":"https:\/\/www.hzc-power.com\/en\/wp-json\/wp\/v2\/types\/product"}],"replies":[{"embeddable":true,"href":"https:\/\/www.hzc-power.com\/en\/wp-json\/wp\/v2\/comments?post=5375"}],"wp:featuredmedia":[{"embeddable":true,"href":"https:\/\/www.hzc-power.com\/en\/wp-json\/wp\/v2\/media\/5923"}],"wp:attachment":[{"href":"https:\/\/www.hzc-power.com\/en\/wp-json\/wp\/v2\/media?parent=5375"}],"wp:term":[{"taxonomy":"product_brand","embeddable":true,"href":"https:\/\/www.hzc-power.com\/en\/wp-json\/wp\/v2\/product_brand?post=5375"},{"taxonomy":"product_cat","embeddable":true,"href":"https:\/\/www.hzc-power.com\/en\/wp-json\/wp\/v2\/product_cat?post=5375"}],"curies":[{"name":"wp","href":"https:\/\/api.w.org\/{rel}","templated":true}]}}