{"id":28508,"date":"2021-06-15T13:02:41","date_gmt":"2021-06-15T11:02:41","guid":{"rendered":"https:\/\/www.hzc-power.com\/remarque-sur-les-piles\/"},"modified":"2024-09-12T12:35:22","modified_gmt":"2024-09-12T10:35:22","slug":"remarque-sur-les-piles","status":"publish","type":"page","link":"https:\/\/www.hzc-power.com\/fr\/remarque-sur-les-piles\/","title":{"rendered":"Remarque sur les piles"},"content":{"rendered":"<div class=\"wpb-content-wrapper\"><p>[vc_row][vc_column][vc_empty_space]<div class=\"nasa-title clearfix hr-type-full\"><div class=\"nasa-wrap\"><h2 class=\"nasa-heading-title\"><span class=\"nasa-title-wrap\"><span style=\"background: #ffffff;\">Remarques sur l'\u00e9limination des piles<\/span><span class=\"nasa-title-hr\"><\/span><\/span><\/h2><\/div><\/div>[vc_empty_space][vc_column_text]Dans le cadre de la distribution de piles ou de la livraison d&#8217;appareils contenant des piles, nous sommes tenus d&#8217;attirer votre attention sur les points suivants :<br \/>\nEn tant qu&#8217;utilisateur final, vous \u00eates l\u00e9galement tenu de retourner les piles usag\u00e9es. Vous pouvez retourner gratuitement les piles usag\u00e9es que nous avons ou avons eu dans notre assortiment en tant que piles neuves \u00e0 notre entrep\u00f4t d&#8217;exp\u00e9dition (adresse d&#8217;exp\u00e9dition). Les symboles repr\u00e9sent\u00e9s sur les piles ont la signification suivante :<br \/>\nLe symbole de la poubelle barr\u00e9e signifie que la pile ne doit pas \u00eatre jet\u00e9e avec les ordures m\u00e9nag\u00e8res.<br \/>\nPb = la batterie contient plus de 0,004 % de plomb en masse.<br \/>\nCd = la pile contient plus de 0,002 % en masse de cadmium<br \/>\nHg = la pile contient plus de 0,0005 % de mercure en masse.[\/vc_column_text][vc_empty_space][\/vc_column][\/vc_row][vc_row][vc_column]<div class=\"nasa-title clearfix hr-type-full\"><div class=\"nasa-wrap\"><h2 class=\"nasa-heading-title\"><span class=\"nasa-title-wrap\"><span style=\"background: #ffffff;\">Particularit\u00e9s lors de la vente de batteries de d\u00e9marrage<\/span><span class=\"nasa-title-hr\"><\/span><\/span><\/h2><\/div><\/div>[vc_empty_space][vc_column_text]Dans le cadre de la vente de batteries de v\u00e9hicules, nous sommes tenus, dans la mesure o\u00f9 vous \u00eates un consommateur final conform\u00e9ment \u00e0 l&#8217;article 10 de la loi allemande sur les batteries (BattG), de pr\u00e9lever une consigne de 7,50 euros par batterie de v\u00e9hicule, TVA comprise, si vous ne retournez pas une batterie de v\u00e9hicule usag\u00e9e au moment de l&#8217;achat d&#8217;une nouvelle batterie de v\u00e9hicule. La consigne n&#8217;est pas comprise dans le prix d&#8217;achat et est indiqu\u00e9e \u00e0 c\u00f4t\u00e9 du prix final de l&#8217;article.<\/p>\n<p>Si vous nous retournez une batterie usag\u00e9e de v\u00e9hicule que nous proposons ou avons propos\u00e9e dans notre gamme en tant que batterie neuve conform\u00e9ment au \u00a7 9 de la BattG, nous sommes tenus, dans le cadre des dispositions l\u00e9gales, de la reprendre gratuitement et de vous rembourser le montant de la consigne.<br \/>\nDans la mesure o\u00f9 nous avons d\u00e9livr\u00e9 une \u00e9tiquette de consigne conform\u00e9ment au \u00a7 10, alin\u00e9a 1, phrase 3 de la BattG, le remboursement de la consigne lors de la restitution de la batterie usag\u00e9e du v\u00e9hicule d\u00e9pend de la restitution de l&#8217;\u00e9tiquette de consigne.<\/p>\n<p>Le lieu de restitution est l&#8217;adresse indiqu\u00e9e dans les mentions l\u00e9gales.<\/p>\n<p>Le renvoi de la batterie usag\u00e9e par la poste n&#8217;est pas autoris\u00e9 en raison de la r\u00e9glementation sur les marchandises dangereuses.<\/p>\n<p>Les batteries usag\u00e9es peuvent \u00e9galement \u00eatre d\u00e9pos\u00e9es gratuitement dans les centres de recyclage et de valorisation. La consigne que nous avons pr\u00e9lev\u00e9e n&#8217;est pas rembours\u00e9e par les centres de recyclage et de recyclage de droit public. Vous avez toutefois la possibilit\u00e9 d&#8217;obtenir un re\u00e7u pour la restitution de la batterie usag\u00e9e du v\u00e9hicule sur la marque de consigne. Nous vous rembourserons la consigne de la batterie sur pr\u00e9sentation de la vignette de consigne acquitt\u00e9e.<\/p>\n<p>Veuillez tenir compte des indications ci-dessus.<\/p>\n<p>Derni\u00e8re mise \u00e0 jour : 09.02.2022[\/vc_column_text][\/vc_column][\/vc_row]<\/p>\n<\/div>","protected":false},"excerpt":{"rendered":"<p>[vc_row][vc_column][vc_empty_space][vc_empty_space][vc_column_text]Dans le cadre de la distribution de piles ou de la livraison d&#8217;appareils contenant des piles, nous sommes tenus d&#8217;attirer votre attention sur les points suivants : En tant qu&#8217;utilisateur final, vous \u00eates l\u00e9galement tenu de retourner les piles usag\u00e9es. Vous pouvez retourner gratuitement les piles usag\u00e9es que nous avons ou avons eu dans notre [&hellip;]<\/p>\n","protected":false},"author":4,"featured_media":0,"parent":0,"menu_order":0,"comment_status":"closed","ping_status":"closed","template":"","meta":{"inline_featured_image":false,"footnotes":""},"class_list":["post-28508","page","type-page","status-publish","hentry","page_cat-rechtliches"],"jetpack_sharing_enabled":true,"_links":{"self":[{"href":"https:\/\/www.hzc-power.com\/fr\/wp-json\/wp\/v2\/pages\/28508","targetHints":{"allow":["GET"]}}],"collection":[{"href":"https:\/\/www.hzc-power.com\/fr\/wp-json\/wp\/v2\/pages"}],"about":[{"href":"https:\/\/www.hzc-power.com\/fr\/wp-json\/wp\/v2\/types\/page"}],"author":[{"embeddable":true,"href":"https:\/\/www.hzc-power.com\/fr\/wp-json\/wp\/v2\/users\/4"}],"replies":[{"embeddable":true,"href":"https:\/\/www.hzc-power.com\/fr\/wp-json\/wp\/v2\/comments?post=28508"}],"version-history":[{"count":1,"href":"https:\/\/www.hzc-power.com\/fr\/wp-json\/wp\/v2\/pages\/28508\/revisions"}],"predecessor-version":[{"id":291714,"href":"https:\/\/www.hzc-power.com\/fr\/wp-json\/wp\/v2\/pages\/28508\/revisions\/291714"}],"wp:attachment":[{"href":"https:\/\/www.hzc-power.com\/fr\/wp-json\/wp\/v2\/media?parent=28508"}],"curies":[{"name":"wp","href":"https:\/\/api.w.org\/{rel}","templated":true}]}}