{"id":28546,"date":"2023-01-05T15:15:02","date_gmt":"2023-01-05T14:15:02","guid":{"rendered":"https:\/\/www.hzc-power.com\/piece-de-rechange\/"},"modified":"2023-12-08T10:58:47","modified_gmt":"2023-12-08T09:58:47","slug":"piece-de-rechange","status":"publish","type":"page","link":"https:\/\/www.hzc-power.com\/fr\/piece-de-rechange\/","title":{"rendered":"Pi\u00e8ce de rechange"},"content":{"rendered":"<div class=\"wpb-content-wrapper\"><p>[vc_section][vc_row][vc_column][vc_empty_space][vc_zigzag color=&#8221;sky&#8221;][vc_empty_space][vc_text_separator title=&#8221;Vous pouvez d\u00e9terminer ici les besoins en pi\u00e8ces de rechange pour votre machine&#8221; color=&#8221;custom&#8221; accent_color=&#8221;#ad212a&#8221;][vc_empty_space][\/vc_column][\/vc_row][\/vc_section][vc_section][vc_row][vc_column][vc_column_text]Pour cela, les informations suivantes sont n\u00e9cessaires : veuillez remplir le formulaire aussi compl\u00e8tement que possible. Nous vous contacterons ensuite le plus rapidement possible.<\/p>\n<p>Notre objectif est d&#8217;avoir des pi\u00e8ces de rechange disponibles et de les livrer \u00e0 un prix raisonnable. De plus, nous voulons \u00eatre \u00e0 l&#8217;\u00e9coute de nos clients et leur offrir un service de pi\u00e8ces d\u00e9tach\u00e9es rapide et efficace.[\/vc_column_text][vc_column_text]<strong>N&#8217;oubliez pas que nous ne pouvons fournir des pi\u00e8ces de rechange que pour nos clients et nos machines!<\/strong>.[\/vc_column_text][\/vc_column][\/vc_row][\/vc_section][vc_section][vc_row][vc_column][vc_separator color=&#8221;custom&#8221; accent_color=&#8221;#ad212a&#8221;][vc_column_text css=&#8221;.vc_custom_1689133541268{padding-top: 20px !important;padding-bottom: 20px !important;}&#8221;]<\/p>\n<table class=\"wp-list-table widefat fixed striped table-view-list forms\">\n<tbody id=\"the-list\" data-wp-lists=\"list:form\">\n<tr>\n<td class=\"shortcode column-shortcode\" data-colname=\"Shortcode\"><style id=\"wpforms-css-vars-28540\">\n\t\t\t\t#wpforms-28540 {\n\t\t\t\t\n\t\t\t}\n\t\t\t<\/style><div class=\"wpforms-container wpforms-container-full wpforms-render-modern\" id=\"wpforms-28540\"><form id=\"wpforms-form-28540\" class=\"wpforms-validate wpforms-form wpforms-ajax-form\" data-formid=\"28540\" method=\"post\" enctype=\"multipart\/form-data\" action=\"\/fr\/wp-json\/wp\/v2\/pages\/28546\" data-token=\"c1d4abce27c3ccd17e24cbf8d7c12f4e\" data-token-time=\"1776770342\"><noscript class=\"wpforms-error-noscript\">Veuillez activer JavaScript dans votre navigateur pour remplir ce formulaire.<\/noscript><div id=\"wpforms-error-noscript\" style=\"display: none;\">Veuillez activer JavaScript dans votre navigateur pour remplir ce formulaire.<\/div><div class=\"wpforms-field-container\"><div id=\"wpforms-28540-field_4-container\" class=\"wpforms-field wpforms-field-text wpforms-one-half wpforms-first\" data-field-id=\"4\"><label class=\"wpforms-field-label\" for=\"wpforms-28540-field_4\">Citation<\/label><input type=\"text\" id=\"wpforms-28540-field_4\" class=\"wpforms-field-large\" name=\"wpforms[fields][4]\" aria-errormessage=\"wpforms-28540-field_4-error\" ><\/div><div id=\"wpforms-28540-field_0-container\" class=\"wpforms-field wpforms-field-name\" data-field-id=\"0\"><fieldset><legend class=\"wpforms-field-label\">Nom <span class=\"wpforms-required-label\" aria-hidden=\"true\">*<\/span><\/legend><div class=\"wpforms-field-row wpforms-field-large\"><div class=\"wpforms-field-row-block wpforms-first wpforms-one-half\"><input type=\"text\" id=\"wpforms-28540-field_0\" class=\"wpforms-field-name-first wpforms-field-required\" name=\"wpforms[fields][0][first]\" aria-errormessage=\"wpforms-28540-field_0-error\" required><label for=\"wpforms-28540-field_0\" class=\"wpforms-field-sublabel after\">First<\/label><\/div><div class=\"wpforms-field-row-block wpforms-one-half\"><input type=\"text\" id=\"wpforms-28540-field_0-last\" class=\"wpforms-field-name-last wpforms-field-required\" name=\"wpforms[fields][0][last]\" aria-errormessage=\"wpforms-28540-field_0-last-error\" required><label for=\"wpforms-28540-field_0-last\" class=\"wpforms-field-sublabel after\">Last<\/label><\/div><\/div><\/fieldset><\/div><div id=\"wpforms-28540-field_1-container\" class=\"wpforms-field wpforms-field-email\" data-field-id=\"1\"><label class=\"wpforms-field-label\" for=\"wpforms-28540-field_1\">E-Mail <span class=\"wpforms-required-label\" aria-hidden=\"true\">*<\/span><\/label><input type=\"email\" id=\"wpforms-28540-field_1\" class=\"wpforms-field-large wpforms-field-required\" name=\"wpforms[fields][1]\" spellcheck=\"false\" aria-errormessage=\"wpforms-28540-field_1-error\" required><\/div><div id=\"wpforms-28540-field_5-container\" class=\"wpforms-field wpforms-field-text\" data-field-id=\"5\"><label class=\"wpforms-field-label\" for=\"wpforms-28540-field_5\">Num\u00e9ro de facture ou de client<\/label><input type=\"text\" id=\"wpforms-28540-field_5\" class=\"wpforms-field-large\" name=\"wpforms[fields][5]\" aria-errormessage=\"wpforms-28540-field_5-error\" ><\/div><div id=\"wpforms-28540-field_2-container\" class=\"wpforms-field wpforms-field-textarea\" data-field-id=\"2\"><label class=\"wpforms-field-label\" for=\"wpforms-28540-field_2\">Commentaire<\/label><textarea id=\"wpforms-28540-field_2\" class=\"wpforms-field-medium\" name=\"wpforms[fields][2]\" aria-errormessage=\"wpforms-28540-field_2-error\" ><\/textarea><\/div><\/div><!-- .wpforms-field-container --><div class=\"wpforms-submit-container\" ><input type=\"hidden\" name=\"wpforms[id]\" value=\"28540\"><input type=\"hidden\" name=\"page_title\" value=\"\"><input type=\"hidden\" name=\"page_url\" value=\"https:\/\/www.hzc-power.com\/fr\/wp-json\/wp\/v2\/pages\/28546\"><input type=\"hidden\" name=\"url_referer\" value=\"\"><button type=\"submit\" name=\"wpforms[submit]\" id=\"wpforms-submit-28540\" class=\"wpforms-submit\" data-alt-text=\"Envoyer\u2026\" data-submit-text=\"Envoyer\" aria-live=\"assertive\" value=\"wpforms-submit\">Envoyer<\/button><img loading=\"lazy\" decoding=\"async\" src=\"https:\/\/www.hzc-power.com\/wp-content\/plugins\/wpforms-lite\/assets\/images\/submit-spin.svg\" class=\"wpforms-submit-spinner\" style=\"display: none;\" width=\"26\" height=\"26\" alt=\"Chargement en cours\"><\/div><\/form><\/div>  <!-- .wpforms-container --><\/td>\n<\/tr>\n<\/tbody>\n<\/table>\n<p>[\/vc_column_text][vc_zigzag color=&#8221;sky&#8221;][\/vc_column][\/vc_row][\/vc_section]<\/p>\n<\/div>","protected":false},"excerpt":{"rendered":"<p>[vc_section][vc_row][vc_column][vc_empty_space][vc_zigzag color=&#8221;sky&#8221;][vc_empty_space][vc_text_separator title=&#8221;Vous pouvez d\u00e9terminer ici les besoins en pi\u00e8ces de rechange pour votre machine&#8221; color=&#8221;custom&#8221; accent_color=&#8221;#ad212a&#8221;][vc_empty_space][\/vc_column][\/vc_row][\/vc_section][vc_section][vc_row][vc_column][vc_column_text]Pour cela, les informations suivantes sont n\u00e9cessaires : veuillez remplir le formulaire aussi compl\u00e8tement que possible. Nous vous contacterons ensuite le plus rapidement possible. Notre objectif est d&#8217;avoir des pi\u00e8ces de rechange disponibles et de les livrer \u00e0 un [&hellip;]<\/p>\n","protected":false},"author":117,"featured_media":0,"parent":0,"menu_order":0,"comment_status":"closed","ping_status":"closed","template":"","meta":{"inline_featured_image":false,"footnotes":""},"class_list":["post-28546","page","type-page","status-publish","hentry","page_cat-statische-seite"],"jetpack_sharing_enabled":true,"_links":{"self":[{"href":"https:\/\/www.hzc-power.com\/fr\/wp-json\/wp\/v2\/pages\/28546","targetHints":{"allow":["GET"]}}],"collection":[{"href":"https:\/\/www.hzc-power.com\/fr\/wp-json\/wp\/v2\/pages"}],"about":[{"href":"https:\/\/www.hzc-power.com\/fr\/wp-json\/wp\/v2\/types\/page"}],"author":[{"embeddable":true,"href":"https:\/\/www.hzc-power.com\/fr\/wp-json\/wp\/v2\/users\/117"}],"replies":[{"embeddable":true,"href":"https:\/\/www.hzc-power.com\/fr\/wp-json\/wp\/v2\/comments?post=28546"}],"version-history":[{"count":0,"href":"https:\/\/www.hzc-power.com\/fr\/wp-json\/wp\/v2\/pages\/28546\/revisions"}],"wp:attachment":[{"href":"https:\/\/www.hzc-power.com\/fr\/wp-json\/wp\/v2\/media?parent=28546"}],"curies":[{"name":"wp","href":"https:\/\/api.w.org\/{rel}","templated":true}]}}