{"id":28577,"date":"2021-05-27T14:51:56","date_gmt":"2021-05-27T12:51:56","guid":{"rendered":"https:\/\/www.hzc-power.com\/revendeurs\/"},"modified":"2024-02-08T17:14:16","modified_gmt":"2024-02-08T16:14:16","slug":"revendeurs","status":"publish","type":"page","link":"https:\/\/www.hzc-power.com\/fr\/revendeurs\/","title":{"rendered":"Revendeurs"},"content":{"rendered":"<div class=\"wpb-content-wrapper\"><p>[vc_section css=&#8221;.vc_custom_1696577426971{padding-top: 3rem !important;padding-bottom: 3rem !important;}&#8221;][vc_row][vc_column width=&#8221;2\/3&#8243;][vc_empty_space][vc_column_text]<\/p>\n<div class=\"wpb_text_column wpb_content_element \">\n<div class=\"wpb_wrapper\">\n<p>Bienvenue chez HZC Power pour les exposants et les revendeurs, votre entreprise de mat\u00e9riel industriel et de jardinage de haute qualit\u00e9. Dans notre assortiment en constante \u00e9volution, vous trouverez aussi bien des outils professionnels pour l&#8217;exploitation foresti\u00e8re &#038;amp ; l&#8217;am\u00e9nagement paysager que des outils de jardin motoris\u00e9s pour l&#8217;usage priv\u00e9. Nous sommes toujours \u00e0 la recherche de partenaires B2B pour les outils de jardin et nous nous r\u00e9jouissons de votre int\u00e9r\u00eat pour une collaboration avec nous.<\/p>\n<\/div>\n<\/div>\n<p>[\/vc_column_text][vc_empty_space][\/vc_column][\/vc_row][vc_row][vc_column width=&#8221;1\/2&#8243;]<div class=\"nasa-title clearfix hr-type-full\"><div class=\"nasa-wrap\"><h2 class=\"nasa-heading-title\"><span class=\"nasa-title-wrap\"><span style=\"background: #ffffff;\">Unsere Produktion<\/span><span class=\"nasa-title-hr\"><\/span><\/span><\/h2><\/div><\/div>[vc_empty_space][vc_column_text]Tous nos produits sont d\u00e9velopp\u00e9s par nos collaborateurs avec un savoir-faire technique de haut niveau. La production des machines est ensuite r\u00e9alis\u00e9e par des ing\u00e9nieurs bien form\u00e9s dans nos propres usines ou en coop\u00e9ration avec des partenaires de longue date.[\/vc_column_text][vc_empty_space][\/vc_column][vc_column width=&#8221;1\/2&#8243;]<div class=\"nasa-title clearfix hr-type-full\"><div class=\"nasa-wrap\"><h2 class=\"nasa-heading-title\"><span class=\"nasa-title-wrap\"><span style=\"background: #ffffff;\">Unser Sortiment<\/span><span class=\"nasa-title-hr\"><\/span><\/span><\/h2><\/div><\/div>[vc_empty_space][vc_column_text]Chez nous, une gamme de produits d&#8217;un genre particulier vous attend : avec nos mini-excavateurs, vous disposez de l&#8217;outil polyvalent parfait pour vos clients. Nous mettons \u00e9galement l&#8217;accent sur nos fendeuses de b\u00fbches verticales et horizontales &#8211; que nous proposons avec diff\u00e9rentes fonctions suppl\u00e9mentaires. D\u00e9couvrez \u00e9galement d&#8217;autres produits dans les cat\u00e9gories sylviculture &#038;amp ; am\u00e9nagement paysager, travail du bois, cour &#038;amp ; jardin et fournitures d&#8217;atelier.[\/vc_column_text][\/vc_column][\/vc_row][vc_row][vc_column][vc_empty_space]<div class=\"nasa-title clearfix hr-type-full\"><div class=\"nasa-wrap\"><h2 class=\"nasa-heading-title\"><span class=\"nasa-title-wrap\"><span style=\"background: #ffffff;\">Unser Service<\/span><span class=\"nasa-title-hr\"><\/span><\/span><\/h2><\/div><\/div>[vc_empty_space][vc_row_inner][vc_column_inner width=&#8221;1\/2&#8243;][vc_column_text]Chez HZC Power, le service client est tr\u00e8s important et nous voulons vous soutenir de mani\u00e8re optimale en tant que distributeur. C&#8217;est pourquoi nous pouvons, si vous le souhaitez, initier pour vous des modifications de produits existants dans notre assortiment, mais aussi produire pour vous les produits\/machines souhait\u00e9s \u00e0 la demande de vos clients.[\/vc_column_text][\/vc_column_inner][vc_column_inner width=&#8221;1\/2&#8243;][vc_column_text]Nous pouvons \u00e9galement produire de grandes quantit\u00e9s d&#8217;outils de jardinage pour nos partenaires B2B et les faire exp\u00e9dier directement de l&#8217;usine \u00e0 vous ou \u00e0 vos clients. Cela permet d&#8217;\u00e9viter un d\u00e9tour inutile par notre centrale \u00e0 M\u00f6nchengladbach. Cela permet non seulement de r\u00e9duire les d\u00e9lais de livraison, mais aussi d&#8217;\u00e9viter des frais suppl\u00e9mentaires lors de la livraison. Demandez simplement notre offre Drop Shipping.[\/vc_column_text][\/vc_column_inner][\/vc_row_inner][\/vc_column][\/vc_row][\/vc_section][vc_section full_width=&#8221;stretch_row&#8221; css=&#8221;.vc_custom_1696577262270{padding-top: 3rem !important;padding-bottom: 3rem !important;background-color: #505f6b !important;}&#8221;][vc_row css=&#8221;.vc_custom_1696577289092{padding-right: 1rem !important;padding-left: 1rem !important;}&#8221;][vc_column width=&#8221;1\/2&#8243;]<div class=\"nasa-title clearfix hr-type-full nasa-custom-color\"><div class=\"nasa-wrap\"><h2 class=\"nasa-heading-title\"><span class=\"nasa-title-wrap\"><span style=\"background: #505f6b; color: #ffffff;\">Unser Ansprechpartner<\/span><span class=\"nasa-title-hr\" style=\"border-color: #ffffff;\"><\/span><\/span><\/h2><\/div><\/div>[vc_empty_space][vc_column_text]<span style=\"color: #ffffff;\">De plus, vous disposez chez nous d&#8217;un interlocuteur direct qui est personnellement disponible pour r\u00e9pondre \u00e0 vos pr\u00e9occupations \u00e0 tout moment\u00a0:<\/span><\/p>\n<p><span style=\"color: #ffffff;\">Sven Dickopf<\/span><br \/>\n<span style=\"color: #ffffff;\">Responsable des ventes<\/span><br \/>\n<span style=\"color: #ffffff;\">T\u00e9l\u00e9phone\u00a0: +49 (0) 2161 4633953<\/span><br \/>\n<span style=\"color: #ffffff;\">Num\u00e9ro de t\u00e9l\u00e9phone portable\u00a0: +49 (0) 176 16813705<\/span><br \/>\n<span style=\"color: #ffffff;\">E-mail\u00a0: s.dickopf@hzc-power.com<\/span><br \/>\n<span style=\"color: #ffffff;\">Ou utilisez notre formulaire de contact.<\/span><\/p>\n<p><span style=\"color: #ffffff;\">Vous pr\u00e9f\u00e9rez nous conna\u00eetre en personne\u00a0? Vous \u00eates cordialement invit\u00e9s \u00e0 nous rendre visite \u00e0 notre si\u00e8ge social \u00e0 M\u00f6nchengladbach ou \u00e0 nous rencontrer lors de l&#8217;une de nos participations au salon.<\/span>[\/vc_column_text][\/vc_column][vc_column width=&#8221;1\/2&#8243;][vc_empty_space][vc_single_image image=&#8221;287757&#8243; img_size=&#8221;medium&#8221; alignment=&#8221;center&#8221;][\/vc_column][\/vc_row][\/vc_section][vc_row css=&#8221;.vc_custom_1696577272348{padding-top: 3rem !important;padding-bottom: 3rem !important;}&#8221;][vc_column width=&#8221;1\/2&#8243;]<div class=\"nasa-title clearfix hr-type-full\"><div class=\"nasa-wrap\"><h2 class=\"nasa-heading-title\"><span class=\"nasa-title-wrap\"><span style=\"background: #ffffff;\">Unsere Messeauftritte<\/span><span class=\"nasa-title-hr\"><\/span><\/span><\/h2><\/div><\/div>[vc_empty_space][vc_column_text]Nous avons eu beaucoup de succ\u00e8s au <strong><a href=\"https:\/\/www.iaw-messe.de\/\" target=\"_blank\" rel=\"noopener\">IAW (Salon international des articles promotionnels et des importations)<\/a><\/strong> \u00e0 Cologne en 2019, le <strong><a href=\"https:\/\/www.gartenbaunrw.de\/index.php\/start\/aktuelles\/637-ankuendigung-friedhofstechnik-am-19-09-2019-in-essen\" target=\"_blank\" rel=\"noopener\">Salon de la technologie des cimeti\u00e8res<\/ a><\/strong> \u00e0 Essen et au <strong><a href=\"https:\/\/www.dlg-waldtage.de\/de\/\" target=\"_blank\" rel=\"noopener\">DLG-Waldtage<\/a><\/strong> \u00e0 Lichtenau\/Westphalie .<\/p>\n<p>Vous nous retrouverez \u00e9galement \u00e0 l\u2019avenir sur d\u2019autres salons dans toute l\u2019Allemagne.[\/vc_column_text][\/vc_column][\/vc_row]<\/p>\n<\/div>","protected":false},"excerpt":{"rendered":"<p>[vc_section css=&#8221;.vc_custom_1696577426971{padding-top: 3rem !important;padding-bottom: 3rem !important;}&#8221;][vc_row][vc_column width=&#8221;2\/3&#8243;][vc_empty_space][vc_column_text] Bienvenue chez HZC Power pour les exposants et les revendeurs, votre entreprise de mat\u00e9riel industriel et de jardinage de haute qualit\u00e9. Dans notre assortiment en constante \u00e9volution, vous trouverez aussi bien des outils professionnels pour l&#8217;exploitation foresti\u00e8re &#038;amp ; l&#8217;am\u00e9nagement paysager que des outils de jardin motoris\u00e9s pour [&hellip;]<\/p>\n","protected":false},"author":4,"featured_media":0,"parent":0,"menu_order":0,"comment_status":"closed","ping_status":"closed","template":"","meta":{"inline_featured_image":false,"footnotes":""},"class_list":["post-28577","page","type-page","status-publish","hentry","page_cat-statische-seite"],"jetpack_sharing_enabled":true,"_links":{"self":[{"href":"https:\/\/www.hzc-power.com\/fr\/wp-json\/wp\/v2\/pages\/28577","targetHints":{"allow":["GET"]}}],"collection":[{"href":"https:\/\/www.hzc-power.com\/fr\/wp-json\/wp\/v2\/pages"}],"about":[{"href":"https:\/\/www.hzc-power.com\/fr\/wp-json\/wp\/v2\/types\/page"}],"author":[{"embeddable":true,"href":"https:\/\/www.hzc-power.com\/fr\/wp-json\/wp\/v2\/users\/4"}],"replies":[{"embeddable":true,"href":"https:\/\/www.hzc-power.com\/fr\/wp-json\/wp\/v2\/comments?post=28577"}],"version-history":[{"count":8,"href":"https:\/\/www.hzc-power.com\/fr\/wp-json\/wp\/v2\/pages\/28577\/revisions"}],"predecessor-version":[{"id":287774,"href":"https:\/\/www.hzc-power.com\/fr\/wp-json\/wp\/v2\/pages\/28577\/revisions\/287774"}],"wp:attachment":[{"href":"https:\/\/www.hzc-power.com\/fr\/wp-json\/wp\/v2\/media?parent=28577"}],"curies":[{"name":"wp","href":"https:\/\/api.w.org\/{rel}","templated":true}]}}