{"id":28615,"date":"2021-05-02T11:01:11","date_gmt":"2021-05-02T09:01:11","guid":{"rendered":"https:\/\/www.hzc-power.com\/imprimer\/"},"modified":"2024-08-19T08:59:16","modified_gmt":"2024-08-19T06:59:16","slug":"imprimer","status":"publish","type":"page","link":"https:\/\/www.hzc-power.com\/fr\/imprimer\/","title":{"rendered":"imprimer"},"content":{"rendered":"<div class=\"wpb-content-wrapper\"><p>[vc_row][vc_column][vc_empty_space][\/vc_column][\/vc_row][vc_row][vc_column width=&#8221;1\/3&#8243;][vc_column_text]<\/p>\n<p style=\"text-align: left;\"><strong>HZC Power GmbH<\/strong><br \/>\n<strong>ce repr\u00e9sentant d. d. Directeur g\u00e9n\u00e9ral Jianma Chen<br \/>\n<\/strong><strong>Tomphecke 65<\/strong><br \/>\n<strong>41169 M\u00f6nchengladbach<\/strong><br \/>\n<strong>Allemagne<\/strong><br \/>\n<strong>T\u00e9l\u00e9phone\u00a0: 021614633953<\/strong><br \/>\n<strong>E-mail\u00a0: info@hzc-power.com.de<\/strong><br \/>\n<strong>Num\u00e9ro d&#8217;identification TVA\u00a0: DE320265743<\/strong><br \/>\n<strong>Num\u00e9ro d&#8217;enregistrement DEEE\u00a0: DE 28772946<br \/>\nInscrit au registre du commerce du tribunal de district de Krefeld<br \/>\n<\/strong><strong>Num\u00e9ro d&#8217;enregistrement commercial<\/strong><strong>HRB 17142<\/strong><\/p>\n<p>[\/vc_column_text][\/vc_column][vc_column width=&#8221;2\/3&#8243;][vc_column_text]<\/p>\n<article class=\"impressum_article_Haftung_content\">\n<h2 class=\"impressum_Ueberschrift_Haftung_content\">Responsabilit\u00e9 relative au contenu<\/h2>\n<p>Die Inhalte unserer Seiten wurden mit gr\u00f6\u00dfter Sorgfalt erstellt. F\u00fcr die Richtigkeit, Vollst\u00e4ndigkeit und Aktualit\u00e4t der Inhalte k\u00f6nnen wir jedoch keine Gew\u00e4hr \u00fcbernehmen. Als Diensteanbieter sind wir f\u00fcr eigene Inhalte auf diesen Seiten verantwortlich. Wir sind als Diensteanbieter jedoch nicht verpflichtet, \u00fcbermittelte oder gespeicherte fremde Informationen zu \u00fcberwachen oder nach Umst\u00e4nden zu forschen, die auf eine rechtswidrige T\u00e4tigkeit hinweisen. Verpflichtungen zur Entfernung oder Sperrung der Nutzung von Informationen nach den allgemeinen Gesetzen bleiben hiervon unber\u00fchrt. Eine diesbez\u00fcgliche Haftung ist jedoch erst ab dem Zeitpunkt der Kenntnis einer konkreten Rechtsverletzung m\u00f6glich. Bei Bekanntwerden von entsprechenden Rechtsverletzungen werden wir diese Inhalte umgehend entfernen.<\/p>\n<\/article>\n<article class=\"impressum_article_Haftung_Links\">\n<h2 class=\"impressum_Ueberschrift_Haftung_Links\">Responsabilit\u00e9 relative aux liens<\/h2>\n<p>Our website contains links to external third-party websites over whose content we have no influence. Therefore, we cannot accept any liability for this third-party content. The respective provider or operator of the pages is always responsible for the content of the linked pages. The linked pages were checked for possible legal violations at the time of linking. Illegal content was not recognizable at the time of linking. However, permanent monitoring of the content of the linked pages is not reasonable without concrete evidence of an infringement. If we become aware of any legal infringements, we will remove such links immediately.<\/p>\n<\/article>\n<article class=\"imprint_article_copyright\">\n<h2 class=\"impressum_Ueberschrift_Urheberrecht\">Droits d&#8217;auteur<\/h2>\n<p>The content and works created by the site operators on these pages are subject to German copyright law. Duplication, processing, distribution and any form of commercialization of such material beyond the scope of the copyright law shall require the prior written consent of its respective author or creator. Downloads and copies of this site are only permitted for private, non-commercial use. Should you become aware of any copyright infringement, please inform us accordingly. If we become aware of any infringements, we will remove such content immediately.<\/p>\n<\/article>\n<p>[\/vc_column_text][\/vc_column][\/vc_row]<\/p>\n<\/div>","protected":false},"excerpt":{"rendered":"<p>[vc_row][vc_column][vc_empty_space][\/vc_column][\/vc_row][vc_row][vc_column width=&#8221;1\/3&#8243;][vc_column_text] HZC Power GmbH ce repr\u00e9sentant d. d. Directeur g\u00e9n\u00e9ral Jianma Chen Tomphecke 65 41169 M\u00f6nchengladbach Allemagne T\u00e9l\u00e9phone\u00a0: 021614633953 E-mail\u00a0: info@hzc-power.com.de Num\u00e9ro d&#8217;identification TVA\u00a0: DE320265743 Num\u00e9ro d&#8217;enregistrement DEEE\u00a0: DE 28772946 Inscrit au registre du commerce du tribunal de district de Krefeld Num\u00e9ro d&#8217;enregistrement commercialHRB 17142 [\/vc_column_text][\/vc_column][vc_column width=&#8221;2\/3&#8243;][vc_column_text] Responsabilit\u00e9 relative au contenu Die Inhalte unserer [&hellip;]<\/p>\n","protected":false},"author":8,"featured_media":0,"parent":0,"menu_order":0,"comment_status":"closed","ping_status":"closed","template":"","meta":{"inline_featured_image":false,"footnotes":""},"class_list":["post-28615","page","type-page","status-publish","hentry","page_cat-rechtliches"],"jetpack_sharing_enabled":true,"_links":{"self":[{"href":"https:\/\/www.hzc-power.com\/fr\/wp-json\/wp\/v2\/pages\/28615","targetHints":{"allow":["GET"]}}],"collection":[{"href":"https:\/\/www.hzc-power.com\/fr\/wp-json\/wp\/v2\/pages"}],"about":[{"href":"https:\/\/www.hzc-power.com\/fr\/wp-json\/wp\/v2\/types\/page"}],"author":[{"embeddable":true,"href":"https:\/\/www.hzc-power.com\/fr\/wp-json\/wp\/v2\/users\/8"}],"replies":[{"embeddable":true,"href":"https:\/\/www.hzc-power.com\/fr\/wp-json\/wp\/v2\/comments?post=28615"}],"version-history":[{"count":1,"href":"https:\/\/www.hzc-power.com\/fr\/wp-json\/wp\/v2\/pages\/28615\/revisions"}],"predecessor-version":[{"id":291038,"href":"https:\/\/www.hzc-power.com\/fr\/wp-json\/wp\/v2\/pages\/28615\/revisions\/291038"}],"wp:attachment":[{"href":"https:\/\/www.hzc-power.com\/fr\/wp-json\/wp\/v2\/media?parent=28615"}],"curies":[{"name":"wp","href":"https:\/\/api.w.org\/{rel}","templated":true}]}}