{"id":286520,"date":"2022-10-04T17:33:33","date_gmt":"2022-10-04T15:33:33","guid":{"rendered":"https:\/\/www.hzc-power.com\/foires-et-salons\/"},"modified":"2023-12-12T10:48:54","modified_gmt":"2023-12-12T09:48:54","slug":"foires-et-salons","status":"publish","type":"page","link":"https:\/\/www.hzc-power.com\/fr\/foires-et-salons\/","title":{"rendered":"Foires et salons"},"content":{"rendered":"<div class=\"wpb-content-wrapper\"><p>[vc_row][vc_column][vc_empty_space][vc_column_text]<\/p>\n<p style=\"text-align: center;\"><strong>D\u00e9couvrez dans cette frise chronologique le parcours de HZC Power en tant qu&#8217;exposant sur des salons locaux et internationaux en Allemagne.<\/strong><\/p>\n<p style=\"text-align: center;\">Nous sommes un exposant engag\u00e9 sur les plus grands salons professionnels d&#8217;Allemagne, comme la foire de Cologne, pour pr\u00e9senter nos derni\u00e8res machines de construction et de jardinage.<\/p>\n<p>[\/vc_column_text][vc_empty_space][\/vc_column][\/vc_row][vc_section][vc_row][vc_column]<div class=\"nasa-title clearfix hr-type-full\"><div class=\"nasa-wrap\"><h2 class=\"nasa-heading-title\"><span class=\"nasa-title-wrap\"><span style=\"background: #ffffff;\">Prochains salons<\/span><span class=\"nasa-title-hr\"><\/span><\/span><\/h2><\/div><\/div>[vc_column_text]<em>Pour l&#8217;instant, il n&#8217;y a pas d&#8217;informations \u00e0 venir sur les salons.<\/em>[\/vc_column_text][\/vc_column][\/vc_row][vc_row css=&#8221;.vc_custom_1696602005493{padding-top: 3rem !important;}&#8221;][vc_column]<div class=\"nasa-title clearfix hr-type-full\"><div class=\"nasa-wrap\"><h2 class=\"nasa-heading-title\"><span class=\"nasa-title-wrap\"><span style=\"background: #ffffff;\">Salons pass\u00e9s<\/span><span class=\"nasa-title-hr\"><\/span><\/span><\/h2><\/div><\/div>[vc_column_text]<div class=\"sttf-container sttf-l sttf-l2\" id=\"sttf-l2-286839\">\n\t<div class=\"sttf-timeline\">\n\t\t\t<div class=\"sttf-event\" id=\"sttf-event-286840\">\n\t\t\t<div class=\"sttf-event-content\">\n\t\t\t\t\t\t\t\t<a href=\"https:\/\/eventfrog.ch\/de\/p\/messen\/messe\/baumesse-krefeld-6893842504891233899.html\" class=\"sttf-event-link\" target=\"_blank\" rel=\"noopener\">\n\t\t\t\t\t\t\t\t\t<div class=\"sttf-event-date\">M\u00e4rz 2023<\/div>\n\t\t\t\t\t\t\t\t\t\t<div class=\"sttf-event-icon\"><i class=\"fas fa-calendar\"><\/i><\/div>\n\t\t\t\t\t\t\t\t\t\t<h3 class=\"sttf-event-title\">Salon du b\u00e2timent &#8211; Krefeld<\/h3>\n\t\t\t\t\t<p class=\"sttf-event-desc\">Les exposants r\u00e9gionaux pr\u00e9sentent au salon du b\u00e2timent de Krefeld tout ce qui concerne la construction, l&#039;habitat, la r\u00e9novation et la modernisation de la maison. Pendant ces trois jours, les visiteurs pourront d\u00e9couvrir un grand choix de produits nouveaux et \u00e9prouv\u00e9s ainsi que les conseils comp\u00e9tents d&#039;artisans et de prestataires de services.<\/p>\n\t\t\t\t\t\t\t\t<\/a>\n\t\t\t\t\t\t\t<\/div>\n\t\t<\/div>\n\t\t\t\t\t<div class=\"sttf-event\" id=\"sttf-event-286841\">\n\t\t\t<div class=\"sttf-event-content\">\n\t\t\t\t\t\t\t\t<a href=\"https:\/\/www.asia-pacificsourcing.de\/#:~:text=Asia-PacificSourcingistEuropas,02.03.2023inK\u00f6lnstattfindet.\" class=\"sttf-event-link\" target=\"_blank\" rel=\"noopener\">\n\t\t\t\t\t\t\t\t\t<div class=\"sttf-event-date\">Feb 2023<\/div>\n\t\t\t\t\t\t\t\t\t\t<div class=\"sttf-event-icon\"><i class=\"fas fa-calendar\"><\/i><\/div>\n\t\t\t\t\t\t\t\t\t\t<h3 class=\"sttf-event-title\">Asia-Pacific Sourcing \u2013 K\u00f6ln<\/h3>\n\t\t\t\t\t<p class=\"sttf-event-desc\">Appareils et produits pour la maison et le jardin en provenance d&#039;Extr\u00eame-Orient. Le salon Asia-Pacific Sourcing pr\u00e9sente les derniers produits dans les domaines de la maison, du jardin et des loisirs.<\/p>\n\t\t\t\t\t\t\t\t<\/a>\n\t\t\t\t\t\t\t<\/div>\n\t\t<\/div>\n\t\t\t\t\t<div class=\"sttf-event\" id=\"sttf-event-286842\">\n\t\t\t<div class=\"sttf-event-content\">\n\t\t\t\t\t\t\t\t<a href=\"https:\/\/www.ipm-essen.de\/weltleitmesse\/\" class=\"sttf-event-link\" target=\"_blank\" rel=\"noopener\">\n\t\t\t\t\t\t\t\t\t<div class=\"sttf-event-date\">Jan 2023<\/div>\n\t\t\t\t\t\t\t\t\t\t<div class=\"sttf-event-icon\"><i class=\"fas fa-calendar\"><\/i><\/div>\n\t\t\t\t\t\t\t\t\t\t<h3 class=\"sttf-event-title\">IPM \u2013 ESSEN<\/h3>\n\t\t\t\t\t<p class=\"sttf-event-desc\">HZC Power participera en tant qu&#039;exposant au Salon international des plantes (IPM ESSEN), qui est l&#039;un des principaux salons professionnels mondiaux pour l&#039;horticulture.<\/p>\n\t\t\t\t\t\t\t\t<\/a>\n\t\t\t\t\t\t\t<\/div>\n\t\t<\/div>\n\t\t\t\t\t<div class=\"sttf-event\" id=\"sttf-event-286843\">\n\t\t\t<div class=\"sttf-event-content\">\n\t\t\t\t\t\t\t\t<a href=\"https:\/\/www.baumesse.com\/messestandorte\/meerbusch\" class=\"sttf-event-link\" target=\"_blank\" rel=\"noopener\">\n\t\t\t\t\t\t\t\t\t<div class=\"sttf-event-date\">21.09.2022-23.10.2022<\/div>\n\t\t\t\t\t\t\t\t\t\t<div class=\"sttf-event-icon\"><i class=\"fas fa-calendar\"><\/i><\/div>\n\t\t\t\t\t\t\t\t\t\t<h3 class=\"sttf-event-title\">Salon du b\u00e2timent de Meerbusch<\/h3>\n\t\t\t\t\t<p class=\"sttf-event-desc\">Le salon professionnel Bauen und Wohnen a lieu \u00e0 Meerbusch \/ D\u00fcsseldorf. Les derniers produits d&#039;entreprises allemandes et internationales y sont pr\u00e9sent\u00e9s dans les domaines suivants : Am\u00e9nagement int\u00e9rieur, machines de construction, mat\u00e9riaux de construction, r\u00e9novation et mat\u00e9riaux de construction.<\/p>\n\t\t\t\t\t\t\t\t<\/a>\n\t\t\t\t\t\t\t<\/div>\n\t\t<\/div>\n\t\t\t\t\t<div class=\"sttf-event\" id=\"sttf-event-286844\">\n\t\t\t<div class=\"sttf-event-content\">\n\t\t\t\t\t\t\t\t<a href=\"https:\/\/www.eisenwarenmesse.de\/\" class=\"sttf-event-link\" target=\"_blank\" rel=\"noopener\">\n\t\t\t\t\t\t\t\t\t<div class=\"sttf-event-date\">25.09.2022-28.09.2022<\/div>\n\t\t\t\t\t\t\t\t\t\t<div class=\"sttf-event-icon\"><i class=\"fas fa-calendar\"><\/i><\/div>\n\t\t\t\t\t\t\t\t\t\t<h3 class=\"sttf-event-title\">Salon de la quincaillerie de Cologne<\/h3>\n\t\t\t\t\t<p class=\"sttf-event-desc\">Le Eisenwarenmesse, \u00e9galement connu sous le nom de Internationale Eisenwarenmesse K\u00f6ln, est le plus grand salon professionnel dans son segment. Cr\u00e9\u00e9 en 1971, il r\u00e9unit le secteur de la quincaillerie pendant quatre jours \u00e0 la Messe K\u00f6ln, tout en proposant une offre exceptionnelle et de nombreux nouveaux contacts.<\/p>\n\t\t\t\t\t\t\t\t<\/a>\n\t\t\t\t\t\t\t<\/div>\n\t\t<\/div>\n\t\t\t\t\t<div class=\"sttf-event\" id=\"sttf-event-286845\">\n\t\t\t<div class=\"sttf-event-content\">\n\t\t\t\t\t\t\t\t<a href=\"https:\/\/www.baumesse.com\/\" class=\"sttf-event-link\" target=\"_blank\" rel=\"noopener\">\n\t\t\t\t\t\t\t\t\t<div class=\"sttf-event-date\">09.09.2022-11.09.2022<\/div>\n\t\t\t\t\t\t\t\t\t\t<div class=\"sttf-event-icon\"><i class=\"fas fa-calendar\"><\/i><\/div>\n\t\t\t\t\t\t\t\t\t\t<h3 class=\"sttf-event-title\">Salon du b\u00e2timent de Rheinberg<\/h3>\n\t\t\t\t\t<p class=\"sttf-event-desc\">Le salon de la construction de Rheinberg est consacr\u00e9 aux th\u00e8mes de la construction, de l&#039;habitat, de la r\u00e9novation et de la modernisation - salon r\u00e9gional.<\/p>\n\t\t\t\t\t\t\t\t<\/a>\n\t\t\t\t\t\t\t<\/div>\n\t\t<\/div>\n\t\t\t\t<\/div>\n<\/div>\n[\/vc_column_text][\/vc_column][\/vc_row][\/vc_section]<\/p>\n<\/div>","protected":false},"excerpt":{"rendered":"<p>[vc_row][vc_column][vc_empty_space][vc_column_text] D\u00e9couvrez dans cette frise chronologique le parcours de HZC Power en tant qu&#8217;exposant sur des salons locaux et internationaux en Allemagne. Nous sommes un exposant engag\u00e9 sur les plus grands salons professionnels d&#8217;Allemagne, comme la foire de Cologne, pour pr\u00e9senter nos derni\u00e8res machines de construction et de jardinage. [\/vc_column_text][vc_empty_space][\/vc_column][\/vc_row][vc_section][vc_row][vc_column][vc_column_text]Pour l&#8217;instant, il n&#8217;y a pas [&hellip;]<\/p>\n","protected":false},"author":117,"featured_media":0,"parent":0,"menu_order":0,"comment_status":"closed","ping_status":"closed","template":"","meta":{"inline_featured_image":false,"footnotes":""},"class_list":["post-286520","page","type-page","status-publish","hentry","page_cat-statische-seite"],"jetpack_sharing_enabled":true,"_links":{"self":[{"href":"https:\/\/www.hzc-power.com\/fr\/wp-json\/wp\/v2\/pages\/286520","targetHints":{"allow":["GET"]}}],"collection":[{"href":"https:\/\/www.hzc-power.com\/fr\/wp-json\/wp\/v2\/pages"}],"about":[{"href":"https:\/\/www.hzc-power.com\/fr\/wp-json\/wp\/v2\/types\/page"}],"author":[{"embeddable":true,"href":"https:\/\/www.hzc-power.com\/fr\/wp-json\/wp\/v2\/users\/117"}],"replies":[{"embeddable":true,"href":"https:\/\/www.hzc-power.com\/fr\/wp-json\/wp\/v2\/comments?post=286520"}],"version-history":[{"count":0,"href":"https:\/\/www.hzc-power.com\/fr\/wp-json\/wp\/v2\/pages\/286520\/revisions"}],"wp:attachment":[{"href":"https:\/\/www.hzc-power.com\/fr\/wp-json\/wp\/v2\/media?parent=286520"}],"curies":[{"name":"wp","href":"https:\/\/api.w.org\/{rel}","templated":true}]}}