{"id":286532,"date":"2023-07-17T15:07:09","date_gmt":"2023-07-17T13:07:09","guid":{"rendered":"https:\/\/www.hzc-power.com\/produits-sur-mesure\/"},"modified":"2023-12-12T13:06:43","modified_gmt":"2023-12-12T12:06:43","slug":"produits-sur-mesure","status":"publish","type":"page","link":"https:\/\/www.hzc-power.com\/fr\/produits-sur-mesure\/","title":{"rendered":"Produits sur mesure"},"content":{"rendered":"<div class=\"wpb-content-wrapper\"><p>[vc_row css=&#8221;.vc_custom_1697180852655{padding-top: 3rem !important;}&#8221;][vc_column][vc_column_text]<\/p>\n<h1>Machines fabriqu\u00e9es selon vos souhaits individuels<\/h1>\n<p>[\/vc_column_text][vc_empty_space][vc_row_inner][vc_column_inner width=&#8221;1\/2&#8243;][vc_column_text]Gr\u00e2ce \u00e0 nos propres usines, nous sommes en mesure de r\u00e9pondre \u00e0 vos <strong>exigences individuelles en mati\u00e8re de produits<\/strong>. Nos usines disposent d\u2019un grand nombre d\u2019ing\u00e9nieurs, de techniciens et du savoir-faire n\u00e9cessaire pour produire une large gamme de machines. Chez HZC Power, nous attachons une grande importance au service client et souhaitons vous offrir le meilleur support possible. Nous proposons donc des <strong>adaptations de produits existants<\/strong> ainsi que le <strong>d\u00e9veloppement de machines enti\u00e8rement nouvelles<\/strong> sur demande. Qu&#8217;il s&#8217;agisse d&#8217;un changement de couleur ou de l&#8217;int\u00e9gration d&#8217;un accessoire sp\u00e9cial comme une pelle sur mesure, nous serons heureux de vous aider.[\/vc_column_text][\/vc_column_inner][vc_column_inner width=&#8221;1\/2&#8243;][vc_column_text]Nous pouvons \u00e9galement facilement produire pour vous de plus grandes quantit\u00e9s de produits existants &#8211; ainsi que des produits fabriqu\u00e9s individuellement &#8211; et les livrer au port de destination souhait\u00e9 via des conteneurs dans le monde entier.<\/p>\n<p>N&#8217;h\u00e9sitez pas \u00e0 nous contacter! Envoyez-nous simplement vos besoins et nous cr\u00e9erons une <strong>offre sur mesure<\/strong> pour chaque demande.[\/vc_column_text][\/vc_column_inner][\/vc_row_inner][\/vc_column][\/vc_row][vc_row][vc_column]<style id=\"wpforms-css-vars-28543\">\n\t\t\t\t#wpforms-28543 {\n\t\t\t\t\n\t\t\t}\n\t\t\t<\/style><div class=\"wpforms-container wpforms-container-full wpforms-render-modern\" id=\"wpforms-28543\"><form id=\"wpforms-form-28543\" class=\"wpforms-validate wpforms-form wpforms-ajax-form\" data-formid=\"28543\" method=\"post\" enctype=\"multipart\/form-data\" action=\"\/fr\/wp-json\/wp\/v2\/pages\/286532\" data-token=\"93051e4c73fa0438f71f51aa9564ba32\" data-token-time=\"1776679178\"><div class=\"wpforms-head-container\"><\/div><noscript class=\"wpforms-error-noscript\">Veuillez activer JavaScript dans votre navigateur pour remplir ce formulaire.<\/noscript><div id=\"wpforms-error-noscript\" style=\"display: none;\">Veuillez activer JavaScript dans votre navigateur pour remplir ce formulaire.<\/div><div class=\"wpforms-field-container\"><div id=\"wpforms-28543-field_0-container\" class=\"wpforms-field wpforms-field-name\" data-field-id=\"0\"><fieldset><legend class=\"wpforms-field-label\">Nom <span class=\"wpforms-required-label\" aria-hidden=\"true\">*<\/span><\/legend><div class=\"wpforms-field-row wpforms-field-medium\"><div class=\"wpforms-field-row-block wpforms-first wpforms-one-half\"><input type=\"text\" id=\"wpforms-28543-field_0\" class=\"wpforms-field-name-first wpforms-field-required\" name=\"wpforms[fields][0][first]\" aria-errormessage=\"wpforms-28543-field_0-error\" required><label for=\"wpforms-28543-field_0\" class=\"wpforms-field-sublabel after\">First<\/label><\/div><div class=\"wpforms-field-row-block wpforms-one-half\"><input type=\"text\" id=\"wpforms-28543-field_0-last\" class=\"wpforms-field-name-last wpforms-field-required\" name=\"wpforms[fields][0][last]\" aria-errormessage=\"wpforms-28543-field_0-last-error\" required><label for=\"wpforms-28543-field_0-last\" class=\"wpforms-field-sublabel after\">Last<\/label><\/div><\/div><\/fieldset><\/div><div id=\"wpforms-28543-field_1-container\" class=\"wpforms-field wpforms-field-email\" data-field-id=\"1\"><label class=\"wpforms-field-label\" for=\"wpforms-28543-field_1\">E-Mail <span class=\"wpforms-required-label\" aria-hidden=\"true\">*<\/span><\/label><input type=\"email\" id=\"wpforms-28543-field_1\" class=\"wpforms-field-medium wpforms-field-required\" name=\"wpforms[fields][1]\" spellcheck=\"false\" aria-errormessage=\"wpforms-28543-field_1-error\" required><\/div><div id=\"wpforms-28543-field_2-container\" class=\"wpforms-field wpforms-field-textarea\" data-field-id=\"2\"><label class=\"wpforms-field-label\" for=\"wpforms-28543-field_2\"> Message <span class=\"wpforms-required-label\" aria-hidden=\"true\">*<\/span><\/label><textarea id=\"wpforms-28543-field_2\" class=\"wpforms-field-medium wpforms-field-required\" name=\"wpforms[fields][2]\" aria-errormessage=\"wpforms-28543-field_2-error\" required><\/textarea><\/div><\/div><!-- .wpforms-field-container --><div class=\"wpforms-submit-container\" ><input type=\"hidden\" name=\"wpforms[id]\" value=\"28543\"><input type=\"hidden\" name=\"page_title\" value=\"\"><input type=\"hidden\" name=\"page_url\" value=\"https:\/\/www.hzc-power.com\/fr\/wp-json\/wp\/v2\/pages\/286532\"><input type=\"hidden\" name=\"url_referer\" value=\"\"><button type=\"submit\" name=\"wpforms[submit]\" id=\"wpforms-submit-28543\" class=\"wpforms-submit\" data-alt-text=\"Envoyer\u2026\" data-submit-text=\"Envoyer\" aria-live=\"assertive\" value=\"wpforms-submit\">Envoyer<\/button><img loading=\"lazy\" decoding=\"async\" src=\"https:\/\/www.hzc-power.com\/wp-content\/plugins\/wpforms-lite\/assets\/images\/submit-spin.svg\" class=\"wpforms-submit-spinner\" style=\"display: none;\" width=\"26\" height=\"26\" alt=\"Chargement en cours\"><\/div><\/form><\/div>  <!-- .wpforms-container -->[\/vc_column][\/vc_row]<\/p>\n<\/div>","protected":false},"excerpt":{"rendered":"<p>[vc_row css=&#8221;.vc_custom_1697180852655{padding-top: 3rem !important;}&#8221;][vc_column][vc_column_text] Machines fabriqu\u00e9es selon vos souhaits individuels [\/vc_column_text][vc_empty_space][vc_row_inner][vc_column_inner width=&#8221;1\/2&#8243;][vc_column_text]Gr\u00e2ce \u00e0 nos propres usines, nous sommes en mesure de r\u00e9pondre \u00e0 vos exigences individuelles en mati\u00e8re de produits. Nos usines disposent d\u2019un grand nombre d\u2019ing\u00e9nieurs, de techniciens et du savoir-faire n\u00e9cessaire pour produire une large gamme de machines. Chez HZC Power, nous attachons [&hellip;]<\/p>\n","protected":false},"author":371,"featured_media":0,"parent":0,"menu_order":0,"comment_status":"closed","ping_status":"closed","template":"page-visual-composer.php","meta":{"inline_featured_image":false,"footnotes":""},"class_list":["post-286532","page","type-page","status-publish","hentry"],"jetpack_sharing_enabled":true,"_links":{"self":[{"href":"https:\/\/www.hzc-power.com\/fr\/wp-json\/wp\/v2\/pages\/286532","targetHints":{"allow":["GET"]}}],"collection":[{"href":"https:\/\/www.hzc-power.com\/fr\/wp-json\/wp\/v2\/pages"}],"about":[{"href":"https:\/\/www.hzc-power.com\/fr\/wp-json\/wp\/v2\/types\/page"}],"author":[{"embeddable":true,"href":"https:\/\/www.hzc-power.com\/fr\/wp-json\/wp\/v2\/users\/371"}],"replies":[{"embeddable":true,"href":"https:\/\/www.hzc-power.com\/fr\/wp-json\/wp\/v2\/comments?post=286532"}],"version-history":[{"count":0,"href":"https:\/\/www.hzc-power.com\/fr\/wp-json\/wp\/v2\/pages\/286532\/revisions"}],"wp:attachment":[{"href":"https:\/\/www.hzc-power.com\/fr\/wp-json\/wp\/v2\/media?parent=286532"}],"curies":[{"name":"wp","href":"https:\/\/api.w.org\/{rel}","templated":true}]}}