{"id":286542,"date":"2021-05-27T14:51:59","date_gmt":"2021-05-27T12:51:59","guid":{"rendered":"https:\/\/www.hzc-power.com\/service-de-reparation\/"},"modified":"2024-05-29T12:37:47","modified_gmt":"2024-05-29T10:37:47","slug":"service-de-reparation","status":"publish","type":"page","link":"https:\/\/www.hzc-power.com\/fr\/service-de-reparation\/","title":{"rendered":"Service de r\u00e9paration"},"content":{"rendered":"<div class=\"wpb-content-wrapper\"><p>[vc_section][vc_row][vc_column width=&#8221;1\/2&#8243;][vc_single_image image=&#8221;289842&#8243; img_size=&#8221;full&#8221; alignment=&#8221;center&#8221; css=&#8221;.vc_custom_1716979059173{margin-bottom: 1rem !important;}&#8221;][\/vc_column][vc_column width=&#8221;1\/2&#8243;][vc_column_text]Notre service de r\u00e9paration vous assiste en cas de probl\u00e8mes \u00e9ventuels avec nos machines. Nos collaborateurs techniques sont \u00e0 vos c\u00f4t\u00e9s pour r\u00e9pondre \u00e0 vos questions sur les caract\u00e9ristiques des produits ou sur leur montage. En cas d&#8217;\u00e9ventuels probl\u00e8mes techniques, nous essayons de trouver ensemble la meilleure solution pour vous. Ainsi, notre personnel qualifi\u00e9 effectue lui-m\u00eame les r\u00e9parations et la maintenance de nos machines dans notre atelier de Krefeld. De m\u00eame, des partenaires qualifi\u00e9s dans toute l&#8217;Allemagne nous assistent pour les \u00e9ventuelles maintenances et r\u00e9parations. Nous avons \u00e9galement toujours des pi\u00e8ces de rechange en stock et pouvons ainsi intervenir rapidement en cas de probl\u00e8me.<\/p>\n<p>Vous avez un probl\u00e8me ou une demande de modification ? Contactez notre service client\u00e8le. Notre \u00e9quipe r\u00e9pondra personnellement \u00e0 votre appel, transmettra votre demande au service de r\u00e9paration et\/ou vous aidera volontiers pour toute autre demande.[\/vc_column_text][\/vc_column][\/vc_row][\/vc_section]<\/p>\n<\/div>","protected":false},"excerpt":{"rendered":"<p>[vc_section][vc_row][vc_column width=&#8221;1\/2&#8243;][vc_single_image image=&#8221;289842&#8243; img_size=&#8221;full&#8221; alignment=&#8221;center&#8221; css=&#8221;.vc_custom_1716979059173{margin-bottom: 1rem !important;}&#8221;][\/vc_column][vc_column width=&#8221;1\/2&#8243;][vc_column_text]Notre service de r\u00e9paration vous assiste en cas de probl\u00e8mes \u00e9ventuels avec nos machines. Nos collaborateurs techniques sont \u00e0 vos c\u00f4t\u00e9s pour r\u00e9pondre \u00e0 vos questions sur les caract\u00e9ristiques des produits ou sur leur montage. En cas d&#8217;\u00e9ventuels probl\u00e8mes techniques, nous essayons de trouver ensemble la meilleure [&hellip;]<\/p>\n","protected":false},"author":4,"featured_media":0,"parent":0,"menu_order":0,"comment_status":"closed","ping_status":"closed","template":"","meta":{"inline_featured_image":false,"footnotes":""},"class_list":["post-286542","page","type-page","status-publish","hentry"],"jetpack_sharing_enabled":true,"_links":{"self":[{"href":"https:\/\/www.hzc-power.com\/fr\/wp-json\/wp\/v2\/pages\/286542","targetHints":{"allow":["GET"]}}],"collection":[{"href":"https:\/\/www.hzc-power.com\/fr\/wp-json\/wp\/v2\/pages"}],"about":[{"href":"https:\/\/www.hzc-power.com\/fr\/wp-json\/wp\/v2\/types\/page"}],"author":[{"embeddable":true,"href":"https:\/\/www.hzc-power.com\/fr\/wp-json\/wp\/v2\/users\/4"}],"replies":[{"embeddable":true,"href":"https:\/\/www.hzc-power.com\/fr\/wp-json\/wp\/v2\/comments?post=286542"}],"version-history":[{"count":1,"href":"https:\/\/www.hzc-power.com\/fr\/wp-json\/wp\/v2\/pages\/286542\/revisions"}],"predecessor-version":[{"id":289847,"href":"https:\/\/www.hzc-power.com\/fr\/wp-json\/wp\/v2\/pages\/286542\/revisions\/289847"}],"wp:attachment":[{"href":"https:\/\/www.hzc-power.com\/fr\/wp-json\/wp\/v2\/media?parent=286542"}],"curies":[{"name":"wp","href":"https:\/\/api.w.org\/{rel}","templated":true}]}}