{"id":286784,"date":"2021-05-27T14:52:03","date_gmt":"2021-05-27T12:52:03","guid":{"rendered":"https:\/\/www.hzc-power.com\/expedition-et-livraison\/"},"modified":"2023-12-12T10:32:26","modified_gmt":"2023-12-12T09:32:26","slug":"expedition-et-livraison","status":"publish","type":"page","link":"https:\/\/www.hzc-power.com\/fr\/expedition-et-livraison\/","title":{"rendered":"Exp\u00e9dition et livraison"},"content":{"rendered":"<div class=\"wpb-content-wrapper\"><p>[vc_section full_width=&#8221;stretch_row&#8221; css=&#8221;.vc_custom_1696593877800{background-color: #fafafa !important;}&#8221;][vc_row][vc_column][vc_column_text]Exp\u00e9dition et livraison : nos articles sont presque exclusivement exp\u00e9di\u00e9s par transporteur. Les livraisons sont effectu\u00e9es aussi bien \u00e0 l&#8217;int\u00e9rieur du pays (Allemagne) que dans tous les pays europ\u00e9ens (p. ex. Belgique, Finlande, France, Luxembourg, Pays-Bas, Autriche, Roumanie, Slovaquie, Espagne, R\u00e9publique tch\u00e8que, Hongrie).[\/vc_column_text][\/vc_column][\/vc_row][\/vc_section][vc_section][vc_row][vc_column]<div class=\"nasa-title clearfix hr-type-full\"><div class=\"nasa-wrap\"><h2 class=\"nasa-heading-title\"><span class=\"nasa-title-wrap\"><span style=\"background: #ffffff;\">Exp\u00e9dition en Allemagne<\/span><span class=\"nasa-title-hr\"><\/span><\/span><\/h2><\/div><\/div>[vc_empty_space]<div class=\"nasa-title clearfix hr-type-full\"><div class=\"nasa-wrap\"><h3 class=\"nasa-heading-title\"><span class=\"nasa-title-wrap\"><span style=\"background: #ffffff;\">Frais d'exp\u00e9dition<\/span><span class=\"nasa-title-hr\"><\/span><\/span><\/h3><\/div><\/div>[vc_empty_space][vc_column_text]Les frais de livraison des diff\u00e9rents produits peuvent \u00eatre d\u00e9termin\u00e9s en s\u00e9lectionnant &#8220;Choisir le lieu de livraison&#8221; et sont bas\u00e9s sur le poids des produits. Les frais de livraison pour l&#8217;ensemble de votre commande sont indiqu\u00e9s lors de la s\u00e9lection du mode de livraison dans le panier (enl\u00e8vement ou exp\u00e9dition).<br \/>\nEn r\u00e8gle g\u00e9n\u00e9rale, si plusieurs produits sont exp\u00e9di\u00e9s par diff\u00e9rents modes de livraison, seul le mode de livraison le plus important est factur\u00e9.[\/vc_column_text][vc_column_text]<\/p>\n<table>\n<tbody>\n<tr>\n<th>Mode de livraison<\/th>\n<th>Prix<\/th>\n<th>Exemple de produit<\/th>\n<\/tr>\n<tr>\n<td>Exp\u00e9dition petite<\/td>\n<td>5,99 \u20ac<\/td>\n<td>Pompe hydraulique<\/td>\n<\/tr>\n<tr>\n<td>Exp\u00e9dition grande<\/td>\n<td>16,99 \u20ac<\/td>\n<td>Godets de pelleteuse<\/td>\n<\/tr>\n<tr>\n<td>Service d&#8217;exp\u00e9dition petit<\/td>\n<td>89,00 \u20ac<\/td>\n<td>Brouette \u00e9lectrique<\/td>\n<\/tr>\n<tr>\n<td>Service d&#8217;exp\u00e9dition moyen<\/td>\n<td>99,00 \u20ac<\/td>\n<td>Fendeuses de b\u00fbches, broyeurs<\/td>\n<\/tr>\n<tr>\n<td>Service d&#8217;exp\u00e9dition grand<\/td>\n<td>389,00 \u20ac<\/td>\n<td>Mini-pelle<\/td>\n<\/tr>\n<tr>\n<td>Service d&#8217;exp\u00e9dition XXL<\/td>\n<td>599,00 \u20ac<\/td>\n<td>Chargeuse sur pneus<\/td>\n<\/tr>\n<\/tbody>\n<\/table>\n<p>[\/vc_column_text][vc_empty_space]<div class=\"nasa-title clearfix hr-type-full\"><div class=\"nasa-wrap\"><h3 class=\"nasa-heading-title\"><span class=\"nasa-title-wrap\"><span style=\"background: #ffffff;\">D\u00e9lais de livraison<\/span><span class=\"nasa-title-hr\"><\/span><\/span><\/h3><\/div><\/div>[vc_empty_space][vc_column_text]Si aucun autre d\u00e9lai n&#8217;est indiqu\u00e9 dans l&#8217;offre correspondante, la livraison de la marchandise a lieu dans un d\u00e9lai de 6 \u00e0 12 jours \u00e0 compter de la conclusion du contrat (en cas de paiement anticip\u00e9 convenu, \u00e0 compter de la date de votre ordre de paiement). Veuillez noter qu&#8217;aucune livraison n&#8217;est effectu\u00e9e le dimanche et les jours f\u00e9ri\u00e9s.<\/p>\n<p>Si vous avez command\u00e9 des articles avec des d\u00e9lais de livraison diff\u00e9rents, nous envoyons la marchandise en un seul envoi. Dans ce cas, le d\u00e9lai de livraison est d\u00e9termin\u00e9 par l&#8217;article dont le d\u00e9lai de livraison est le plus long. Si vous souhaitez recevoir un article plus t\u00f4t, n&#8217;h\u00e9sitez pas \u00e0 prendre contact avec notre service client\u00e8le.<\/p>\n<p>En cas d&#8217;enl\u00e8vement de la machine \u00e0 notre si\u00e8ge de M\u00f6nchengladbach, nous vous informons par e-mail de la mise \u00e0 disposition de la marchandise et des possibilit\u00e9s exactes d&#8217;enl\u00e8vement. Dans ce cas, les frais de livraison ne vous seront pas factur\u00e9s.[\/vc_column_text][vc_empty_space][vc_separator][vc_empty_space][\/vc_column][\/vc_row][vc_row][vc_column]<div class=\"nasa-title clearfix hr-type-full\"><div class=\"nasa-wrap\"><h2 class=\"nasa-heading-title\"><span class=\"nasa-title-wrap\"><span style=\"background: #ffffff;\">Envoi vers les pays europ\u00e9ens<\/span><span class=\"nasa-title-hr\"><\/span><\/span><\/h2><\/div><\/div>[vc_empty_space]<div class=\"nasa-title clearfix hr-type-full\"><div class=\"nasa-wrap\"><h3 class=\"nasa-heading-title\"><span class=\"nasa-title-wrap\"><span style=\"background: #ffffff;\">Frais d'exp\u00e9dition<\/span><span class=\"nasa-title-hr\"><\/span><\/span><\/h3><\/div><\/div>[vc_empty_space][vc_column_text]Les frais de livraison des diff\u00e9rents produits peuvent \u00eatre d\u00e9termin\u00e9s en s\u00e9lectionnant &#8220;Choisir le lieu de livraison&#8221; et sont bas\u00e9s sur le poids des produits. Les frais de livraison pour l&#8217;ensemble de votre commande sont indiqu\u00e9s lors de la s\u00e9lection du mode de livraison dans le panier (enl\u00e8vement ou exp\u00e9dition).<br \/>\nEn r\u00e8gle g\u00e9n\u00e9rale, si plusieurs produits sont exp\u00e9di\u00e9s par diff\u00e9rents modes de livraison, seul le mode de livraison le plus important est factur\u00e9.[\/vc_column_text][vc_column_text]<\/p>\n<h4>Zone 1<\/h4>\n<p>La zone 1 comprend la Belgique, les Pays-Bas, l&#8217;Autriche et le Luxembourg.<\/p>\n<table>\n<tbody>\n<tr>\n<th>Mode de livraison<\/th>\n<th>Prix<\/th>\n<th>Exemple de produit<\/th>\n<\/tr>\n<tr>\n<td>Exp\u00e9dition petite<\/td>\n<td>15,99 \u20ac<\/td>\n<td>Pompe hydraulique<\/td>\n<\/tr>\n<tr>\n<td>Exp\u00e9dition grande<\/td>\n<td>39,00 \u20ac<\/td>\n<td>Godets de pelleteuse<\/td>\n<\/tr>\n<tr>\n<td>Service d&#8217;exp\u00e9dition petit<\/td>\n<td>129,00 \u20ac<\/td>\n<td>Brouette \u00e9lectrique<\/td>\n<\/tr>\n<tr>\n<td>Service d&#8217;exp\u00e9dition moyen<\/td>\n<td>169,00 \u20ac<\/td>\n<td>Fendeuses de b\u00fbches, broyeurs<\/td>\n<\/tr>\n<tr>\n<td>Service d&#8217;exp\u00e9dition grand<\/td>\n<td>479,00 \u20ac<\/td>\n<td>Mini-pelle<\/td>\n<\/tr>\n<tr>\n<td>Service d&#8217;exp\u00e9dition XXL<\/td>\n<td>799,00 \u20ac<\/td>\n<td>Chargeuse sur pneus<\/td>\n<\/tr>\n<\/tbody>\n<\/table>\n<p>[\/vc_column_text][vc_empty_space][vc_column_text]<\/p>\n<h4>Zone 2<\/h4>\n<p>La zone 2 comprend la France, la Pologne, la R\u00e9publique tch\u00e8que et le Danemark.<\/p>\n<table>\n<tbody>\n<tr>\n<th>Mode de livraison<\/th>\n<th>Prix<\/th>\n<th>Exemple de produit<\/th>\n<\/tr>\n<tr>\n<td>Exp\u00e9dition petite<\/td>\n<td>15,99 \u20ac<\/td>\n<td>Pompe hydraulique<\/td>\n<\/tr>\n<tr>\n<td>Exp\u00e9dition grande<\/td>\n<td>49,00 \u20ac<\/td>\n<td>Godets de pelleteuse<\/td>\n<\/tr>\n<tr>\n<td>Service d&#8217;exp\u00e9dition petit<\/td>\n<td>149,00 \u20ac<\/td>\n<td>Brouette \u00e9lectrique<\/td>\n<\/tr>\n<tr>\n<td>Service d&#8217;exp\u00e9dition moyen<\/td>\n<td>299,00 \u20ac<\/td>\n<td>Fendeuses de b\u00fbches, broyeurs<\/td>\n<\/tr>\n<tr>\n<td>Service d&#8217;exp\u00e9dition grand<\/td>\n<td>649,00 \u20ac<\/td>\n<td>Mini-pelle<\/td>\n<\/tr>\n<tr>\n<td>Service d&#8217;exp\u00e9dition XXL<\/td>\n<td>999,00 \u20ac<\/td>\n<td>Chargeuse sur pneus<\/td>\n<\/tr>\n<\/tbody>\n<\/table>\n<p>[\/vc_column_text][vc_empty_space][vc_column_text]<\/p>\n<h4>Zone 3<\/h4>\n<p>La zone 3 comprend la Bulgarie, l&#8217;Irlande, l&#8217;Italie, la Croatie, la Lettonie, la Lituanie, la Roumanie, la Su\u00e8de, la Suisse, la Slovaquie, la Slov\u00e9nie, l&#8217;Espagne et la Hongrie.<\/p>\n<table>\n<tbody>\n<tr>\n<th>Mode de livraison<\/th>\n<th>Prix<\/th>\n<th>Exemple de produit<\/th>\n<\/tr>\n<tr>\n<td>Exp\u00e9dition petite<\/td>\n<td>15,99 \u20ac<\/td>\n<td>Pompe hydraulique<\/td>\n<\/tr>\n<tr>\n<td>Exp\u00e9dition grande<\/td>\n<td>49,00 \u20ac<\/td>\n<td>Godets de pelleteuse<\/td>\n<\/tr>\n<tr>\n<td>Service d&#8217;exp\u00e9dition petit<\/td>\n<td>149,00 \u20ac<\/td>\n<td>Brouette \u00e9lectrique<\/td>\n<\/tr>\n<tr>\n<td>Service d&#8217;exp\u00e9dition moyen<\/td>\n<td>299,00 \u20ac<\/td>\n<td>Fendeuses de b\u00fbches, broyeurs<\/td>\n<\/tr>\n<tr>\n<td>Service d&#8217;exp\u00e9dition grand<\/td>\n<td>1249,00 \u20ac<\/td>\n<td>Mini-pelle<\/td>\n<\/tr>\n<tr>\n<td>Service d&#8217;exp\u00e9dition XXL<\/td>\n<td>1599,00 \u20ac<\/td>\n<td>Chargeuse sur pneus<\/td>\n<\/tr>\n<\/tbody>\n<\/table>\n<p>[\/vc_column_text][vc_empty_space][vc_column_text]<\/p>\n<h4>Zone 4<\/h4>\n<p>La zone 4 comprend l&#8217;Estonie, la Finlande, la Gr\u00e8ce, Malte et le Portugal.<\/p>\n<table>\n<tbody>\n<tr>\n<th>Mode de livraison<\/th>\n<th>Prix<\/th>\n<th>Exemple de produit<\/th>\n<\/tr>\n<tr>\n<td>Exp\u00e9dition petite<\/td>\n<td>15,99 \u20ac<\/td>\n<td>Pompe hydraulique<\/td>\n<\/tr>\n<tr>\n<td>Exp\u00e9dition grande<\/td>\n<td>49,00 \u20ac<\/td>\n<td>Godets de pelleteuse<\/td>\n<\/tr>\n<tr>\n<td>Service d&#8217;exp\u00e9dition petit<\/td>\n<td>149,00 \u20ac<\/td>\n<td>Brouette \u00e9lectrique<\/td>\n<\/tr>\n<tr>\n<td>Service d&#8217;exp\u00e9dition moyen<\/td>\n<td>299,00 \u20ac<\/td>\n<td>Fendeuses de b\u00fbches, broyeurs<\/td>\n<\/tr>\n<tr>\n<td>Service d&#8217;exp\u00e9dition grand<\/td>\n<td>1649,00 \u20ac<\/td>\n<td>Mini-pelle<\/td>\n<\/tr>\n<tr>\n<td>Service d&#8217;exp\u00e9dition XXL<\/td>\n<td>1999,00 \u20ac<\/td>\n<td>Chargeuse sur pneus<\/td>\n<\/tr>\n<\/tbody>\n<\/table>\n<p>[\/vc_column_text][vc_empty_space]<div class=\"nasa-title clearfix hr-type-full\"><div class=\"nasa-wrap\"><h3 class=\"nasa-heading-title\"><span class=\"nasa-title-wrap\"><span style=\"background: #ffffff;\">D\u00e9lais de livraison<\/span><span class=\"nasa-title-hr\"><\/span><\/span><\/h3><\/div><\/div>[vc_empty_space][vc_column_text]Si aucun autre d\u00e9lai n&#8217;est indiqu\u00e9 dans l&#8217;offre correspondante, la livraison de la marchandise a lieu dans les 6 \u00e0 12 jours suivant la conclusion du contrat (en cas de paiement anticip\u00e9 convenu, \u00e0 compter de la date de votre ordre de paiement). Veuillez noter qu&#8217;il n&#8217;y a pas de livraison le dimanche et les jours f\u00e9ri\u00e9s.<\/p>\n<p>Si vous avez command\u00e9 des articles avec des d\u00e9lais de livraison diff\u00e9rents, nous envoyons la marchandise en un seul envoi. Dans ce cas, le d\u00e9lai de livraison est d\u00e9termin\u00e9 par l&#8217;article dont le d\u00e9lai de livraison est le plus long. Si vous souhaitez recevoir un article plus t\u00f4t, n&#8217;h\u00e9sitez pas \u00e0 prendre contact avec notre service client\u00e8le.<\/p>\n<p>En cas d&#8217;enl\u00e8vement de la machine \u00e0 notre si\u00e8ge de Krefeld, nous vous informons par e-mail de la mise \u00e0 disposition de la marchandise et des possibilit\u00e9s exactes d&#8217;enl\u00e8vement. Dans ce cas, aucun frais de livraison ne vous sera factur\u00e9.<\/p>\n<p>Si vous avez d&#8217;autres questions concernant l&#8217;exp\u00e9dition et la livraison, n&#8217;h\u00e9sitez pas \u00e0 vous adresser directement \u00e0 notre service client\u00e8le ou \u00e0 utiliser notre formulaire de contact.[\/vc_column_text][\/vc_column][\/vc_row][\/vc_section]<\/p>\n<\/div>","protected":false},"excerpt":{"rendered":"<p>[vc_section full_width=&#8221;stretch_row&#8221; css=&#8221;.vc_custom_1696593877800{background-color: #fafafa !important;}&#8221;][vc_row][vc_column][vc_column_text]Exp\u00e9dition et livraison : nos articles sont presque exclusivement exp\u00e9di\u00e9s par transporteur. Les livraisons sont effectu\u00e9es aussi bien \u00e0 l&#8217;int\u00e9rieur du pays (Allemagne) que dans tous les pays europ\u00e9ens (p. ex. Belgique, Finlande, France, Luxembourg, Pays-Bas, Autriche, Roumanie, Slovaquie, Espagne, R\u00e9publique tch\u00e8que, Hongrie).[\/vc_column_text][\/vc_column][\/vc_row][\/vc_section][vc_section][vc_row][vc_column][vc_empty_space][vc_empty_space][vc_column_text]Les frais de livraison des diff\u00e9rents produits peuvent \u00eatre [&hellip;]<\/p>\n","protected":false},"author":4,"featured_media":0,"parent":0,"menu_order":0,"comment_status":"closed","ping_status":"closed","template":"","meta":{"inline_featured_image":false,"footnotes":""},"class_list":["post-286784","page","type-page","status-publish","hentry","page_cat-rechtliches"],"jetpack_sharing_enabled":true,"_links":{"self":[{"href":"https:\/\/www.hzc-power.com\/fr\/wp-json\/wp\/v2\/pages\/286784","targetHints":{"allow":["GET"]}}],"collection":[{"href":"https:\/\/www.hzc-power.com\/fr\/wp-json\/wp\/v2\/pages"}],"about":[{"href":"https:\/\/www.hzc-power.com\/fr\/wp-json\/wp\/v2\/types\/page"}],"author":[{"embeddable":true,"href":"https:\/\/www.hzc-power.com\/fr\/wp-json\/wp\/v2\/users\/4"}],"replies":[{"embeddable":true,"href":"https:\/\/www.hzc-power.com\/fr\/wp-json\/wp\/v2\/comments?post=286784"}],"version-history":[{"count":0,"href":"https:\/\/www.hzc-power.com\/fr\/wp-json\/wp\/v2\/pages\/286784\/revisions"}],"wp:attachment":[{"href":"https:\/\/www.hzc-power.com\/fr\/wp-json\/wp\/v2\/media?parent=286784"}],"curies":[{"name":"wp","href":"https:\/\/api.w.org\/{rel}","templated":true}]}}