{"id":286804,"date":"2021-05-27T14:52:06","date_gmt":"2021-05-27T12:52:06","guid":{"rendered":"https:\/\/www.hzc-power.com\/precommande\/"},"modified":"2023-12-12T11:55:21","modified_gmt":"2023-12-12T10:55:21","slug":"precommande","status":"publish","type":"page","link":"https:\/\/www.hzc-power.com\/fr\/precommander\/","title":{"rendered":"Pr\u00e9commande"},"content":{"rendered":"<div class=\"wpb-content-wrapper\"><p>[vc_section][vc_row][vc_column width=&#8221;2\/3&#8243;][vc_column_text]Vous souhaitez acheter un de nos produits qui n&#8217;est pas en stock actuellement ? Alors profitez de notre possibilit\u00e9 de pr\u00e9commande.<\/p>\n<p>Une pr\u00e9commande chez HZC Power pr\u00e9sente deux avantages pour vous : premi\u00e8rement, vous vous assurez d&#8217;obtenir votre produit avant qu&#8217;il ne soit \u00e0 nouveau \u00e9puis\u00e9. Deuxi\u00e8mement, vous b\u00e9n\u00e9ficiez d&#8217;une r\u00e9duction de prix de 5% en guise de compensation pour le temps d&#8217;attente. Cette offre est valable pour tous les produits que vous trouverez dans la cat\u00e9gorie pr\u00e9commande.<\/p>\n<p>Comment fonctionne une pr\u00e9commande ? Ajoutez l&#8217;article souhait\u00e9 \u00e0 votre panier, passez \u00e0 la caisse et choisissez votre mode de paiement pr\u00e9f\u00e9r\u00e9. Dans le panier, 5% sont automatiquement d\u00e9duits du prix du produit. Envoyez ensuite votre commande. Nous vous demandons ensuite de verser un acompte de 20% du prix de vente.[\/vc_column_text][vc_separator][vc_column_text]Nous vous informons d\u00e8s que le produit arrive chez nous et organisons l&#8217;exp\u00e9dition ou discutons de l&#8217;enl\u00e8vement avec vous.<\/p>\n<p>La livraison des produits pr\u00e9command\u00e9s prend en moyenne 45 \u00e0 60 jours. Nous vous informons volontiers \u00e0 l&#8217;avance des commandes pr\u00e9vues et des d\u00e9lais d&#8217;attente. Pour cela, il vous suffit d&#8217;utiliser notre formulaire de contact.<\/p>\n<p>Pour toute autre question concernant une pr\u00e9commande, n&#8217;h\u00e9sitez pas \u00e0 contacter notre service client\u00e8le.[\/vc_column_text][\/vc_column][vc_column width=&#8221;1\/3&#8243;][vc_single_image image=&#8221;19834&#8243; img_size=&#8221;full&#8221;][\/vc_column][\/vc_row][\/vc_section]<\/p>\n<\/div>","protected":false},"excerpt":{"rendered":"<p>[vc_section][vc_row][vc_column width=&#8221;2\/3&#8243;][vc_column_text]Vous souhaitez acheter un de nos produits qui n&#8217;est pas en stock actuellement ? Alors profitez de notre possibilit\u00e9 de pr\u00e9commande. Une pr\u00e9commande chez HZC Power pr\u00e9sente deux avantages pour vous : premi\u00e8rement, vous vous assurez d&#8217;obtenir votre produit avant qu&#8217;il ne soit \u00e0 nouveau \u00e9puis\u00e9. Deuxi\u00e8mement, vous b\u00e9n\u00e9ficiez d&#8217;une r\u00e9duction de prix de [&hellip;]<\/p>\n","protected":false},"author":4,"featured_media":0,"parent":0,"menu_order":0,"comment_status":"closed","ping_status":"closed","template":"","meta":{"inline_featured_image":false,"footnotes":""},"class_list":["post-286804","page","type-page","status-publish","hentry","page_cat-statische-seite"],"jetpack_sharing_enabled":true,"_links":{"self":[{"href":"https:\/\/www.hzc-power.com\/fr\/wp-json\/wp\/v2\/pages\/286804","targetHints":{"allow":["GET"]}}],"collection":[{"href":"https:\/\/www.hzc-power.com\/fr\/wp-json\/wp\/v2\/pages"}],"about":[{"href":"https:\/\/www.hzc-power.com\/fr\/wp-json\/wp\/v2\/types\/page"}],"author":[{"embeddable":true,"href":"https:\/\/www.hzc-power.com\/fr\/wp-json\/wp\/v2\/users\/4"}],"replies":[{"embeddable":true,"href":"https:\/\/www.hzc-power.com\/fr\/wp-json\/wp\/v2\/comments?post=286804"}],"version-history":[{"count":0,"href":"https:\/\/www.hzc-power.com\/fr\/wp-json\/wp\/v2\/pages\/286804\/revisions"}],"wp:attachment":[{"href":"https:\/\/www.hzc-power.com\/fr\/wp-json\/wp\/v2\/media?parent=286804"}],"curies":[{"name":"wp","href":"https:\/\/api.w.org\/{rel}","templated":true}]}}