{"id":291781,"date":"2024-09-10T16:56:12","date_gmt":"2024-09-10T14:56:12","guid":{"rendered":"https:\/\/www.hzc-power.com\/?page_id=291781"},"modified":"2025-04-30T16:03:10","modified_gmt":"2025-04-30T14:03:10","slug":"a-propos-de-nous","status":"publish","type":"page","link":"https:\/\/www.hzc-power.com\/fr\/a-propos-de-nous\/","title":{"rendered":"\u00c0 propos de nous"},"content":{"rendered":"<div class=\"wpb-content-wrapper\"><p>[vc_row equal_height=&#8221;yes&#8221; content_placement=&#8221;middle&#8221; css=&#8221;.vc_custom_1726048759256{padding-top: 5% !important;background-image: url(https:\/\/www.hzc-power.com\/wp-content\/uploads\/2024\/09\/panorama-firmenzentrale&#8211;scaled.jpg?id=291565) !important;background-position: center !important;background-repeat: no-repeat !important;background-size: cover !important;}&#8221; el_id=&#8221;headerimg&#8221;][vc_column width=&#8221;1\/3&#8243;][vc_column_text css=&#8221;.vc_custom_1726573423987{padding-top: 2rem !important;padding-right: 2rem !important;padding-bottom: 2rem !important;padding-left: 2rem !important;background-color: rgba(255,255,255,0.5) !important;*background-color: rgb(255,255,255) !important;}&#8221;]<\/p>\n<h1 style=\"font-size: 4rem; line-height: 125%; margin-bottom: 0; colour: #3a3a3a;\">\u00c0 PROPOS DE NOUS<\/h1>\n<h3 style=\"colour: #3a3a3a; font-size: 2em;\">Qui est HZC Power?<\/h3>\n<p>[\/vc_column_text][\/vc_column][vc_column width=&#8221;1\/3&#8243;][\/vc_column][vc_column width=&#8221;1\/3&#8243;][\/vc_column][\/vc_row][vc_row equal_height=&#8221;yes&#8221; css=&#8221;.vc_custom_1726047897690{margin-top: 7rem !important;}&#8221;][vc_column]<div class=\"nasa-title clearfix hr-type-none\"><div class=\"nasa-wrap\"><h2 class=\"nasa-heading-title\"><span class=\"nasa-title-wrap\"><span style=\"background: #ffffff;\">HZC Power : Notre histoire<\/span><span class=\"nasa-title-hr\"><\/span><\/span><\/h2><\/div><\/div>[vc_row_inner][vc_column_inner width=&#8221;1\/2&#8243;][vc_column_text]HZC Power GmbH a \u00e9t\u00e9 fond\u00e9e le 26 juin <strong>2018<\/strong> \u00e0 D\u00fcsseldorf et a son <strong>si\u00e8ge social \u00e0 M\u00f6nchengladbach<\/strong> depuis 2023, apr\u00e8s avoir \u00e9t\u00e9 bas\u00e9e \u00e0 Krefeld. L&#8217;entreprise poss\u00e8de des filiales en Allemagne et emploie <strong>186 personnes<\/strong> sur diff\u00e9rents sites, dont une usine en Chine. Nous offrons un support commercial d\u00e9di\u00e9 ainsi qu\u2019une \u00e9quipe apr\u00e8s-vente solide, avec des bureaux et de vastes entrep\u00f4ts pour garantir une livraison rapide et efficace.[\/vc_column_text][\/vc_column_inner][vc_column_inner width=&#8221;1\/2&#8243;][vc_column_text]Notre mission est de proposer des produits innovants et fiables pour le <strong>jardinage et l&#8217;am\u00e9nagement paysager<\/strong>, le b\u00e2timent ainsi que la sylviculture. Nous accordons une grande importance au service personnalis\u00e9, \u00e0 l&#8217;entretien et \u00e0 la r\u00e9paration en Allemagne ainsi qu&#8217;\u00e0 l&#8217;approvisionnement en pi\u00e8ces de rechange orient\u00e9 vers le client, afin de toujours r\u00e9pondre aux exigences de nos clients.[\/vc_column_text][\/vc_column_inner][\/vc_row_inner][\/vc_column][\/vc_row][vc_row css=&#8221;.vc_custom_1726052340825{margin-top: 7rem !important;padding-top: 3rem !important;padding-bottom: 3rem !important;background-color: #e6e6e6 !important;background-position: center !important;background-repeat: no-repeat !important;background-size: cover !important;}&#8221;][vc_column]<div class=\"nasa-title clearfix hr-type-none text-center\"><div class=\"nasa-wrap\"><h3 class=\"nasa-heading-title\"><span class=\"nasa-title-wrap\"><span style=\"background: #e6e6e6;\">Notre mission : Des machines robustes et s\u00fbres pour un travail efficace<\/span><span class=\"nasa-title-hr\"><\/span><\/span><\/h3><\/div><\/div>[vc_empty_space][vc_row_inner][vc_column_inner width=&#8221;1\/4&#8243;][vc_icon type=&#8221;material&#8221; icon_material=&#8221;vc-material vc-material-verified_user&#8221; color=&#8221;custom&#8221; size=&#8221;xl&#8221; align=&#8221;center&#8221; custom_color=&#8221;#8e8e8e&#8221;][vc_column_text]<\/p>\n<p style=\"text-align: center;\">Normes de s\u00e9curit\u00e9<\/p>\n<p>[\/vc_column_text][\/vc_column_inner][vc_column_inner width=&#8221;1\/4&#8243;][vc_icon type=&#8221;material&#8221; icon_material=&#8221;vc-material vc-material-thumb_up&#8221; color=&#8221;custom&#8221; size=&#8221;xl&#8221; align=&#8221;center&#8221; custom_color=&#8221;#8e8e8e&#8221;][vc_column_text]<\/p>\n<p style=\"text-align: center;\">Utilisation intuitive<\/p>\n<p>[\/vc_column_text][\/vc_column_inner][vc_column_inner width=&#8221;1\/4&#8243;][vc_icon type=&#8221;material&#8221; icon_material=&#8221;vc-material vc-material-shopping_cart&#8221; color=&#8221;custom&#8221; size=&#8221;xl&#8221; align=&#8221;center&#8221; custom_color=&#8221;#8e8e8e&#8221;][vc_column_text]<\/p>\n<p style=\"text-align: center;\">Un assortiment vari\u00e9<\/p>\n<p>[\/vc_column_text][\/vc_column_inner][vc_column_inner width=&#8221;1\/4&#8243;][vc_icon type=&#8221;material&#8221; icon_material=&#8221;vc-material vc-material-record_voice_over&#8221; color=&#8221;custom&#8221; size=&#8221;xl&#8221; align=&#8221;center&#8221; custom_color=&#8221;#8e8e8e&#8221;][vc_column_text]<\/p>\n<p style=\"text-align: center;\">Un support client complet<\/p>\n<p>[\/vc_column_text][\/vc_column_inner][\/vc_row_inner][\/vc_column][\/vc_row][vc_row el_class=&#8221;row-spaced-items&#8221; css=&#8221;.vc_custom_1726500994550{padding-top: 3rem !important;}&#8221;][vc_column width=&#8221;7\/12&#8243;]<div class=\"nasa-title clearfix hr-type-none\"><div class=\"nasa-wrap\"><h2 class=\"nasa-heading-title\"><span class=\"nasa-title-wrap\"><span style=\"background: #ffffff;\">HZC Power : Des produits de haute qualit\u00e9 fabriqu\u00e9s en interne<\/span><span class=\"nasa-title-hr\"><\/span><\/span><\/h2><\/div><\/div>[vc_column_text]Nos produits sont fabriqu\u00e9s en collaboration avec <strong>Hebei Huizhong Hydraulic Technology Co., Ltd<\/strong>, l&#8217;un des principaux fabricants d&#8217;outils de jardinage et de pi\u00e8ces hydrauliques en Chine. L&#8217;entreprise s&#8217;\u00e9tend sur une surface de 8 800 m\u00e8tres carr\u00e9s et dispose d&#8217;ateliers modernes, d&#8217;\u00e9quipements num\u00e9riques de traitement des machines et d&#8217;une \u00e9quipe d&#8217;ing\u00e9nieurs techniques exp\u00e9riment\u00e9s. Cette combinaison nous permet de produire principalement des fendeuses de b\u00fbches, des broyeurs et des excavatrices de la plus haute qualit\u00e9.<\/p>\n<p>[\/vc_column_text][vc_empty_space][vc_column_text]HZC Power GmbH enrichit le segment des outils de jardin \u00e0 moteur avec des produits <strong>innovants, de haute qualit\u00e9<\/strong> et <strong>\u00e9conomiques<\/strong>. Nos clients ont la possibilit\u00e9 de tester nos appareils sur place, de les acheter et, si n\u00e9cessaire, de les faire entretenir ou r\u00e9parer.[\/vc_column_text][vc_empty_space height=&#8221;20px&#8221;][\/vc_column][vc_column width=&#8221;1\/3&#8243; css=&#8221;.vc_custom_1726500131011{padding-top: 14px !important;padding-right: 20px !important;padding-bottom: 20px !important;padding-left: 20px !important;background-color: #f5f5f5 !important;}&#8221;][vc_column_text css=&#8221;.vc_custom_1726573929271{padding-bottom: 12px !important;}&#8221;]<\/p>\n<h3>Les avantages des produits HZC Power :<\/h3>\n<p>[\/vc_column_text][evc_icon_list custom_class=&#8221;iconlist-checklist&#8221;][evc_icon_list_item icon_library=&#8221;fontawesome&#8221; icon_fontawesome=&#8221;fas fa-check&#8221; icon_size=&#8221;23&#8243; icon_color=&#8221;#ae222b&#8221; icon_right_padding=&#8221;10&#8243; text=&#8221;Faible poids&#8221;][evc_icon_list_item icon_library=&#8221;fontawesome&#8221; icon_fontawesome=&#8221;fas fa-check&#8221; icon_size=&#8221;23&#8243; icon_color=&#8221;#ae222b&#8221; icon_right_padding=&#8221;10&#8243; text=&#8221;Construction compacte et mobile&#8221;][evc_icon_list_item icon_library=&#8221;fontawesome&#8221; icon_fontawesome=&#8221;fas fa-check&#8221; icon_size=&#8221;23&#8243; icon_color=&#8221;#ae222b&#8221; icon_right_padding=&#8221;10&#8243; text=&#8221;Possibilit\u00e9s d&#8217;utilisation flexibles&#8221;][evc_icon_list_item icon_library=&#8221;fontawesome&#8221; icon_fontawesome=&#8221;fas fa-check&#8221; icon_size=&#8221;23&#8243; icon_color=&#8221;#ae222b&#8221; icon_right_padding=&#8221;10&#8243; text=&#8221;\u00c9conomique&#8221;][evc_icon_list_item icon_library=&#8221;fontawesome&#8221; icon_fontawesome=&#8221;fas fa-check&#8221; icon_size=&#8221;23&#8243; icon_color=&#8221;#ae222b&#8221; icon_right_padding=&#8221;10&#8243; text=&#8221;Technologie de pointe&#8221;][\/evc_icon_list][\/vc_column][\/vc_row][vc_row equal_height=&#8221;yes&#8221; css=&#8221;.vc_custom_1726064450411{margin-top: 7rem !important;}&#8221; el_class=&#8221;das_team&#8221;][vc_column]<div class=\"nasa-title clearfix hr-type-none text-center\"><div class=\"nasa-wrap\"><h2 class=\"nasa-heading-title\"><span class=\"nasa-title-wrap\"><span style=\"background: #ffffff;\">Trouvez le produit de votre choix en quelques \u00e9tapes<\/span><span class=\"nasa-title-hr\"><\/span><\/span><\/h2><\/div><\/div>[\/vc_column][\/vc_row][vc_row el_class=&#8221;row-spaced-items&#8221; css=&#8221;.vc_custom_1726500994550{padding-top: 3rem !important;}&#8221;][vc_column offset=&#8221;vc_hidden-sm vc_hidden-xs&#8221;][vc_single_image image=&#8221;292099&#8243; img_size=&#8221;full&#8221;][\/vc_column][vc_column offset=&#8221;vc_hidden-lg vc_hidden-md&#8221; el_class=&#8221;hide&#8221;][vc_single_image image=&#8221;292119&#8243; img_size=&#8221;full&#8221;][\/vc_column][\/vc_row][vc_row equal_height=&#8221;yes&#8221; css=&#8221;.vc_custom_1726047897690{margin-top: 7rem !important;}&#8221;][vc_column]<div class=\"nasa-title clearfix hr-type-none\"><div class=\"nasa-wrap\"><h2 class=\"nasa-heading-title\"><span class=\"nasa-title-wrap\"><span style=\"background: #ffffff;\">\u00c0 propos du directeur : Jianma Chen<\/span><span class=\"nasa-title-hr\"><\/span><\/span><\/h2><\/div><\/div>[vc_empty_space][vc_row_inner][vc_column_inner width=&#8221;2\/5&#8243;][vc_single_image image=&#8221;291689&#8243; img_size=&#8221;full&#8221;][\/vc_column_inner][vc_column_inner width=&#8221;3\/5&#8243;][info_list_father connector_h=&#8221;25&#8243; listwidth=&#8221;0&#8243; css=&#8221;.vc_custom_1726132142202{margin-top: 1rem !important;margin-bottom: 1rem !important;}&#8221;][info_list_son style=&#8221;icon&#8221; size=&#8221;14&#8243; width=&#8221;25&#8243; height=&#8221;25&#8243; titleclr=&#8221;#000000&#8243; icon=&#8221;fas fa-circle&#8221; title=&#8221;1995&#8243; iconclr=&#8221;#ae222b&#8221;]Dipl\u00f4m\u00e9 en g\u00e9nie m\u00e9canique du Xingtai Senior Technological College[\/info_list_son][info_list_son style=&#8221;icon&#8221; size=&#8221;14&#8243; width=&#8221;25&#8243; height=&#8221;25&#8243; titleclr=&#8221;#000000&#8243; icon=&#8221;fas fa-circle&#8221; title=&#8221;1995 \u2013 2004&#8243; iconclr=&#8221;#ae222b&#8221;]Exp\u00e9rience professionnelle en technologie de production et en gestion en tant que stagiaire et employ\u00e9 dans diff\u00e9rentes usines de production[\/info_list_son][info_list_son style=&#8221;icon&#8221; size=&#8221;14&#8243; width=&#8221;25&#8243; height=&#8221;25&#8243; titleclr=&#8221;#000000&#8243; icon=&#8221;fas fa-circle&#8221; title=&#8221;2004&#8243; iconclr=&#8221;#ae222b&#8221;]Cr\u00e9ation de l&#8217;usine Hebei Huizhong Hydraulic Technology Co., Ltd. \u00e0 Dalu Cun Zhen[\/info_list_son][info_list_son style=&#8221;icon&#8221; size=&#8221;14&#8243; width=&#8221;25&#8243; height=&#8221;25&#8243; titleclr=&#8221;#000000&#8243; icon=&#8221;fas fa-circle&#8221; title=&#8221;2017&#8243; iconclr=&#8221;#ae222b&#8221;]Cr\u00e9ation et direction de Ningjin Huizhong Car Testing Co., Ltd, une entreprise de contr\u00f4le principal et de contr\u00f4le des gaz d&#8217;\u00e9chappement en Chine[\/info_list_son][info_list_son style=&#8221;icon&#8221; size=&#8221;14&#8243; width=&#8221;25&#8243; height=&#8221;25&#8243; titleclr=&#8221;#000000&#8243; icon=&#8221;fas fa-circle&#8221; title=&#8221;\u00c9tat civil&#8221; iconclr=&#8221;#ae222b&#8221;]Mari\u00e9, deux enfants, habite \u00e0 M\u00f6nchengladbach avec sa femme et sa fille[\/info_list_son][\/info_list_father][\/vc_column_inner][\/vc_row_inner][\/vc_column][\/vc_row][vc_row equal_height=&#8221;yes&#8221; css=&#8221;.vc_custom_1726064450411{margin-top: 7rem !important;}&#8221; el_class=&#8221;das_team&#8221;][vc_column]<div class=\"nasa-title clearfix hr-type-none text-center\"><div class=\"nasa-wrap\"><h2 class=\"nasa-heading-title\"><span class=\"nasa-title-wrap\"><span style=\"background: #ffffff;\">Historique<\/span><span class=\"nasa-title-hr\"><\/span><\/span><\/h2><\/div><\/div>[vc_column_text][post-timeline layout=&#8221;vertical&#8221; skin-type=&#8221;light&#8221; tagline-color=&#8221;#d2d2d2&#8243; anim-type=&#8221;fadeIn_left-right&#8221; line-style=&#8221;solid&#8221; bg-color=&#8221;#ffffff&#8221; nav-color=&#8221;#4285f4&#8243; nav-max=&#8221;5&#8243; nav-offset=&#8221;100&#8243; category=&#8221;1308&#8243; sort=&#8221;DESC&#8221; type=&#8221;date&#8221; sort-by=&#8221;publish_date&#8221; post-desc=&#8221;full&#8221; pagination=&#8221;off&#8221; targe-blank=&#8221;on&#8221; date-format=&#8221;m\/d\/Y&#8221; nav-status=&#8221;off&#8221;][\/vc_column_text][\/vc_column][\/vc_row]<\/p>\n<\/div>","protected":false},"excerpt":{"rendered":"<p>[vc_row equal_height=&#8221;yes&#8221; content_placement=&#8221;middle&#8221; css=&#8221;.vc_custom_1726048759256{padding-top: 5% !important;background-image: url(https:\/\/www.hzc-power.com\/wp-content\/uploads\/2024\/09\/panorama-firmenzentrale&#8211;scaled.jpg?id=291565) !important;background-position: center !important;background-repeat: no-repeat !important;background-size: cover !important;}&#8221; el_id=&#8221;headerimg&#8221;][vc_column width=&#8221;1\/3&#8243;][vc_column_text css=&#8221;.vc_custom_1726573423987{padding-top: 2rem !important;padding-right: 2rem !important;padding-bottom: 2rem !important;padding-left: 2rem !important;background-color: rgba(255,255,255,0.5) !important;*background-color: rgb(255,255,255) !important;}&#8221;] \u00c0 PROPOS DE NOUS Qui est HZC Power? [\/vc_column_text][\/vc_column][vc_column width=&#8221;1\/3&#8243;][\/vc_column][vc_column width=&#8221;1\/3&#8243;][\/vc_column][\/vc_row][vc_row equal_height=&#8221;yes&#8221; css=&#8221;.vc_custom_1726047897690{margin-top: 7rem !important;}&#8221;][vc_column][vc_row_inner][vc_column_inner width=&#8221;1\/2&#8243;][vc_column_text]HZC Power GmbH a \u00e9t\u00e9 fond\u00e9e le 26 juin 2018 \u00e0 [&hellip;]<\/p>\n","protected":false},"author":389,"featured_media":0,"parent":0,"menu_order":0,"comment_status":"closed","ping_status":"closed","template":"page-visual-composer.php","meta":{"inline_featured_image":false,"footnotes":""},"class_list":["post-291781","page","type-page","status-publish","hentry","page_cat-statische-seite"],"jetpack_sharing_enabled":true,"_links":{"self":[{"href":"https:\/\/www.hzc-power.com\/fr\/wp-json\/wp\/v2\/pages\/291781","targetHints":{"allow":["GET"]}}],"collection":[{"href":"https:\/\/www.hzc-power.com\/fr\/wp-json\/wp\/v2\/pages"}],"about":[{"href":"https:\/\/www.hzc-power.com\/fr\/wp-json\/wp\/v2\/types\/page"}],"author":[{"embeddable":true,"href":"https:\/\/www.hzc-power.com\/fr\/wp-json\/wp\/v2\/users\/389"}],"replies":[{"embeddable":true,"href":"https:\/\/www.hzc-power.com\/fr\/wp-json\/wp\/v2\/comments?post=291781"}],"version-history":[{"count":13,"href":"https:\/\/www.hzc-power.com\/fr\/wp-json\/wp\/v2\/pages\/291781\/revisions"}],"predecessor-version":[{"id":295137,"href":"https:\/\/www.hzc-power.com\/fr\/wp-json\/wp\/v2\/pages\/291781\/revisions\/295137"}],"wp:attachment":[{"href":"https:\/\/www.hzc-power.com\/fr\/wp-json\/wp\/v2\/media?parent=291781"}],"curies":[{"name":"wp","href":"https:\/\/api.w.org\/{rel}","templated":true}]}}