{"id":291934,"date":"2024-09-26T11:51:05","date_gmt":"2024-09-26T09:51:05","guid":{"rendered":"https:\/\/www.hzc-power.com\/?page_id=291934"},"modified":"2024-09-30T11:24:59","modified_gmt":"2024-09-30T09:24:59","slug":"notre-usine","status":"publish","type":"page","link":"https:\/\/www.hzc-power.com\/fr\/notre-usine\/","title":{"rendered":"Notre usine"},"content":{"rendered":"<div class=\"wpb-content-wrapper\"><p>[vc_row equal_height=&#8221;yes&#8221; content_placement=&#8221;middle&#8221; css=&#8221;.vc_custom_1727336857812{padding-top: 5% !important;background-image: url(https:\/\/www.hzc-power.com\/wp-content\/uploads\/2024\/09\/image-20240925152519-1-scaled.jpg?id=291948) !important;background-position: center !important;background-repeat: no-repeat !important;background-size: cover !important;}&#8221; el_id=&#8221;headerimg&#8221;][vc_column width=&#8221;2\/3&#8243;][vc_column_text css=&#8221;.vc_custom_1727687049382{padding-top: 2rem !important;padding-right: 2rem !important;padding-bottom: 2rem !important;padding-left: 2rem !important;background-color: rgba(255,255,255,0.5) !important;*background-color: rgb(255,255,255) !important;}&#8221;]<\/p>\n<h1 style=\"font-size: 4rem; line-height: 125%; margin-bottom: 0; color: #3a3a3a;\">Notre usine<\/h1>\n<p>[\/vc_column_text][\/vc_column][vc_column width=&#8221;1\/3&#8243;][\/vc_column][\/vc_row][vc_row equal_height=&#8221;yes&#8221; content_placement=&#8221;middle&#8221; css=&#8221;.vc_custom_1727441530676{margin-top: 7rem !important;}&#8221; el_class=&#8221;row-spaced-items row-align-center&#8221;][vc_column width=&#8221;6\/12&#8243;]<div class=\"nasa-title clearfix hr-type-none\"><div class=\"nasa-wrap\"><h2 class=\"nasa-heading-title\"><span class=\"nasa-title-wrap\"><span style=\"background: #ffffff;\">Hebei Huizhong Hydraulic Technology Co., Ltd.<\/span><span class=\"nasa-title-hr\"><\/span><\/span><\/h2><\/div><\/div>[vc_column_text]Hebei Huizhong Hydraulic Technology Co., Ltd. est un <strong>leader de la fabrication de machines hydrauliques et de solutions technologiques<\/strong>. Avec plus de 130 employ\u00e9s et une superficie de 36.600 m\u00e8tres carr\u00e9s, l&#8217;usine est situ\u00e9e dans la zone de d\u00e9veloppement \u00e9conomique du comt\u00e9 de Ningjin, dans la province du Hebei, en Chine. Cette r\u00e9gion offre d&#8217;excellentes liaisons de transport et des infrastructures modernes.[\/vc_column_text][\/vc_column][vc_column width=&#8221;5\/12&#8243;][vc_single_image image=&#8221;291947&#8243; img_size=&#8221;large&#8221;][\/vc_column][\/vc_row][vc_row equal_height=&#8221;yes&#8221; content_placement=&#8221;middle&#8221; css=&#8221;.vc_custom_1727441578410{margin-top: 7rem !important;}&#8221; el_class=&#8221;row-spaced-items row-align-center&#8221;][vc_column width=&#8221;5\/12&#8243;][vc_single_image image=&#8221;291943&#8243; img_size=&#8221;large&#8221;][\/vc_column][vc_column width=&#8221;6\/12&#8243;]<div class=\"nasa-title clearfix hr-type-none\"><div class=\"nasa-wrap\"><h2 class=\"nasa-heading-title\"><span class=\"nasa-title-wrap\"><span style=\"background: #ffffff;\">Un site de production moderne<\/span><span class=\"nasa-title-hr\"><\/span><\/span><\/h2><\/div><\/div>[vc_column_text]Notre usine dispose de <strong>plus de 100 machines de traitement de pointe<\/strong>, dont des centres d&#8217;usinage, des tours CNC, des lignes de soudage et une machine de moulage par injection. Cet \u00e9quipement avanc\u00e9 nous permet de produire enti\u00e8rement en interne et garantit la haute qualit\u00e9 de nos produits. Nous sommes certifi\u00e9s ISO 9001\u00a0:\u00a02015, ce qui souligne notre engagement envers les normes les plus \u00e9lev\u00e9es. Gr\u00e2ce \u00e0 une gestion de qualit\u00e9 stricte et \u00e0 des processus num\u00e9ris\u00e9s, nous garantissons la fiabilit\u00e9 de nos produits.[\/vc_column_text][\/vc_column][\/vc_row][vc_row el_class=&#8221;row-center-items&#8221; css=&#8221;.vc_custom_1727441782618{margin-top: 5rem !important;margin-bottom: 5rem !important;padding-top: 5rem !important;padding-bottom: 5rem !important;background-color: #e2e2e2 !important;}&#8221;][vc_column]<div class=\"nasa-title clearfix hr-type-none text-center\"><div class=\"nasa-wrap\"><h2 class=\"nasa-heading-title\"><span class=\"nasa-title-wrap\"><span>Gamme de produits<\/span><span class=\"nasa-title-hr\"><\/span><\/span><\/h2><\/div><\/div>[vc_empty_space][\/vc_column][vc_column width=&#8221;1\/2&#8243;][vc_column_text]<\/p>\n<p style=\"text-align: left;\">Nos produits sont reconnus pour leur <strong>manipulation facile<\/strong> et leur <strong>conception fonctionnelle<\/strong>. Ils r\u00e9pondent aux exigences des clients d&#8217;Europe, d&#8217;Am\u00e9rique du Nord et d&#8217;Australie. De nombreux produits disposent de brevets nationaux et de certifications internationales.<\/p>\n<p>[\/vc_column_text][\/vc_column][vc_column width=&#8221;1\/2&#8243;][vc_column_text css=&#8221;.vc_custom_1727687297000{padding-bottom: 12px !important;}&#8221;]<\/p>\n<p style=\"text-align: left;\">Nous proposons une large gamme de machines performantes pour diff\u00e9rentes applications, qui s\u00e9duisent aussi bien par leur polyvalence que par leur fiabilit\u00e9.<\/p>\n<p>[\/vc_column_text][\/vc_column][\/vc_row][vc_row el_class=&#8221;row-center-items&#8221; css=&#8221;.vc_custom_1727441770212{margin-bottom: 5rem !important;padding-top: 3rem !important;}&#8221;][vc_column width=&#8221;1\/6&#8243; css=&#8221;.vc_custom_1727344253665{padding-top: 14px !important;padding-right: 20px !important;padding-bottom: 20px !important;padding-left: 20px !important;}&#8221;][vc_single_image image=&#8221;291973&#8243; img_size=&#8221;medium&#8221;][\/vc_column][vc_column width=&#8221;3\/6&#8243;]<div class=\"nasa-title clearfix hr-type-none\"><div class=\"nasa-wrap\"><h2 class=\"nasa-heading-title\"><span class=\"nasa-title-wrap\"><span style=\"background: #ffffff;\">Pr\u00e9sence internationale<\/span><span class=\"nasa-title-hr\"><\/span><\/span><\/h2><\/div><\/div>[vc_column_text]Nous exportons nos produits dans <strong>plus de 10 pays dans le monde<\/strong> et participons r\u00e9guli\u00e8rement \u00e0 des salons internationaux pour pr\u00e9senter nos solutions.[\/vc_column_text][vc_empty_space height=&#8221;50px&#8221;][vc_column_text]<\/p>\n<p style=\"text-align: left;\"><strong>Vous avez des questions ou souhaitez obtenir des conseils sur nos produits ?<\/strong><\/p>\n<p>[\/vc_column_text][vc_empty_space][vc_btn title=&#8221;Demandez conseil maintenant&#8221; style=&#8221;flat&#8221; color=&#8221;inverse&#8221; align=&#8221;center&#8221; i_icon_fontawesome=&#8221;fas fa-angle-double-right&#8221; add_icon=&#8221;true&#8221; link=&#8221;url:https%3A%2F%2Fwww.hzc-power.com%2Ffr%2Fcontact%2F|title:Vers%20le%20contact&#8221;][\/vc_column][\/vc_row]<\/p>\n<\/div>","protected":false},"excerpt":{"rendered":"<p>[vc_row equal_height=&#8221;yes&#8221; content_placement=&#8221;middle&#8221; css=&#8221;.vc_custom_1727336857812{padding-top: 5% !important;background-image: url(https:\/\/www.hzc-power.com\/wp-content\/uploads\/2024\/09\/image-20240925152519-1-scaled.jpg?id=291948) !important;background-position: center !important;background-repeat: no-repeat !important;background-size: cover !important;}&#8221; el_id=&#8221;headerimg&#8221;][vc_column width=&#8221;2\/3&#8243;][vc_column_text css=&#8221;.vc_custom_1727687049382{padding-top: 2rem !important;padding-right: 2rem !important;padding-bottom: 2rem !important;padding-left: 2rem !important;background-color: rgba(255,255,255,0.5) !important;*background-color: rgb(255,255,255) !important;}&#8221;] Notre usine [\/vc_column_text][\/vc_column][vc_column width=&#8221;1\/3&#8243;][\/vc_column][\/vc_row][vc_row equal_height=&#8221;yes&#8221; content_placement=&#8221;middle&#8221; css=&#8221;.vc_custom_1727441530676{margin-top: 7rem !important;}&#8221; el_class=&#8221;row-spaced-items row-align-center&#8221;][vc_column width=&#8221;6\/12&#8243;][vc_column_text]Hebei Huizhong Hydraulic Technology Co., Ltd. est un leader de la fabrication de machines hydrauliques [&hellip;]<\/p>\n","protected":false},"author":389,"featured_media":0,"parent":0,"menu_order":0,"comment_status":"closed","ping_status":"closed","template":"page-visual-composer.php","meta":{"inline_featured_image":false,"footnotes":""},"class_list":["post-291934","page","type-page","status-publish","hentry","page_cat-statische-seite"],"jetpack_sharing_enabled":true,"_links":{"self":[{"href":"https:\/\/www.hzc-power.com\/fr\/wp-json\/wp\/v2\/pages\/291934","targetHints":{"allow":["GET"]}}],"collection":[{"href":"https:\/\/www.hzc-power.com\/fr\/wp-json\/wp\/v2\/pages"}],"about":[{"href":"https:\/\/www.hzc-power.com\/fr\/wp-json\/wp\/v2\/types\/page"}],"author":[{"embeddable":true,"href":"https:\/\/www.hzc-power.com\/fr\/wp-json\/wp\/v2\/users\/389"}],"replies":[{"embeddable":true,"href":"https:\/\/www.hzc-power.com\/fr\/wp-json\/wp\/v2\/comments?post=291934"}],"version-history":[{"count":6,"href":"https:\/\/www.hzc-power.com\/fr\/wp-json\/wp\/v2\/pages\/291934\/revisions"}],"predecessor-version":[{"id":292059,"href":"https:\/\/www.hzc-power.com\/fr\/wp-json\/wp\/v2\/pages\/291934\/revisions\/292059"}],"wp:attachment":[{"href":"https:\/\/www.hzc-power.com\/fr\/wp-json\/wp\/v2\/media?parent=291934"}],"curies":[{"name":"wp","href":"https:\/\/api.w.org\/{rel}","templated":true}]}}