{"id":292190,"date":"2024-10-10T16:37:32","date_gmt":"2024-10-10T14:37:32","guid":{"rendered":"https:\/\/www.hzc-power.com\/?page_id=292190"},"modified":"2024-10-23T08:59:16","modified_gmt":"2024-10-23T06:59:16","slug":"devenir-distributeur","status":"publish","type":"page","link":"https:\/\/www.hzc-power.com\/fr\/devenir-distributeur\/","title":{"rendered":"Devenir distributeur"},"content":{"rendered":"<div class=\"wpb-content-wrapper\"><p>[vc_row equal_height=&#8221;yes&#8221; content_placement=&#8221;middle&#8221; css=&#8221;.vc_custom_1728909874207{padding-top: 10% !important;padding-bottom: 10% !important;background-image: url(https:\/\/www.hzc-power.com\/wp-content\/uploads\/2024\/10\/dji-0880-scaled.jpg?id=292197) !important;background-position: center !important;background-repeat: no-repeat !important;background-size: cover !important;}&#8221; el_id=&#8221;headerimg&#8221;][vc_column width=&#8221;2\/3&#8243;][vc_custom_heading text=&#8221;Participez au succ\u00e8s de HZC Power &#8211; votre partenaire pour les machines agricoles et foresti\u00e8res&#8221; font_container=&#8221;tag:h1|font_size:1.5rem|text_align:left|color:%23b5232e&#8221; use_theme_fonts=&#8221;yes&#8221; css=&#8221;.vc_custom_1729666176608{padding-top: 2rem !important;padding-right: 2rem !important;padding-bottom: 2rem !important;padding-left: 2rem !important;background-color: rgba(255,255,255,0.67) !important;*background-color: rgb(255,255,255) !important;}&#8221; el_id=&#8221;roterbackground_ueberschrift&#8221;][\/vc_column][vc_column width=&#8221;1\/3&#8243;][\/vc_column][\/vc_row][vc_row equal_height=&#8221;yes&#8221; content_placement=&#8221;middle&#8221; css=&#8221;.vc_custom_1727441530676{margin-top: 7rem !important;}&#8221; el_class=&#8221;row-spaced-items row-align-center&#8221;][vc_column width=&#8221;6\/12&#8243;][vc_custom_heading text=&#8221;Devenir distributeur &#8211; avec HZC Power&#8221; font_container=&#8221;tag:h1|text_align:left|color:%23b5232e&#8221; use_theme_fonts=&#8221;yes&#8221; css=&#8221;.vc_custom_1729666188646{margin-bottom: 25px !important;}&#8221;][vc_column_text]HZC Power est synonyme d&#8217;innovation, de qualit\u00e9 et de fiabilit\u00e9 dans le domaine de l&#8217;agriculture et de la sylviculture. Notre longue exp\u00e9rience et notre production dans notre propre usine en Chine nous permettent de proposer des machines robustes et efficaces pour l&#8217;horticulture, le b\u00e2timent et la sylviculture. Des mini-pelles aux puissantes fendeuses de b\u00fbches, nos produits se distinguent par une technologie de pointe, une utilisation intuitive et des normes de s\u00e9curit\u00e9 \u00e9lev\u00e9es.[\/vc_column_text][vc_empty_space][vc_btn title=&#8221;S&#8217;informer maintenant&#8221; style=&#8221;flat&#8221; color=&#8221;inverse&#8221; align=&#8221;center&#8221; i_icon_fontawesome=&#8221;fas fa-angle-double-right&#8221; add_icon=&#8221;true&#8221; link=&#8221;url:https%3A%2F%2Fwww.hzc-power.com%2Ffr%2Fcontact%2F|title:S&#8217;informer%20maintenant&#8221;][\/vc_column][vc_column width=&#8221;5\/12&#8243;][vc_single_image image=&#8221;292230&#8243; img_size=&#8221;large&#8221;][\/vc_column][\/vc_row][vc_row equal_height=&#8221;yes&#8221; content_placement=&#8221;middle&#8221; css=&#8221;.vc_custom_1727441578410{margin-top: 7rem !important;}&#8221; el_class=&#8221;row-spaced-items row-align-center&#8221;][vc_column width=&#8221;5\/12&#8243;][vc_single_image image=&#8221;292234&#8243; img_size=&#8221;large&#8221;][\/vc_column][vc_column width=&#8221;6\/12&#8243;][vc_custom_heading text=&#8221;Pourquoi HZC Power ?&#8221; font_container=&#8221;tag:h2|text_align:left|color:%23b5232e&#8221; use_theme_fonts=&#8221;yes&#8221; css=&#8221;.vc_custom_1729666376246{margin-bottom: 25px !important;}&#8221;][vc_column_text]En tant que fournisseur leader de machines et d&#8217;appareils \u00e0 usage professionnel, nous vous proposons non seulement des produits de haute qualit\u00e9, mais aussi un service complet. Notre usine en Chine s&#8217;\u00e9tend sur une surface de 36 600 m\u00e8tres carr\u00e9s et est \u00e9quip\u00e9e d&#8217;une technologie de pointe et d&#8217;une \u00e9quipe exp\u00e9riment\u00e9e. Nous avons ainsi la possibilit\u00e9 d&#8217;adapter les machines aux exigences individuelles, des couleurs sp\u00e9ciales aux accessoires sur mesure.[\/vc_column_text][\/vc_column][\/vc_row][vc_row equal_height=&#8221;yes&#8221; el_class=&#8221;row-center-items&#8221; css=&#8221;.vc_custom_1728630773067{margin-top: 5rem !important;padding-top: 5rem !important;padding-bottom: 3rem !important;background-color: #e2e2e2 !important;}&#8221;][vc_column width=&#8221;1\/3&#8243;][vc_custom_heading text=&#8221;Un soutien complet&#8221; font_container=&#8221;tag:h3|text_align:left|color:%23b5232e&#8221; use_theme_fonts=&#8221;yes&#8221; css=&#8221;.vc_custom_1729666397367{margin-bottom: 25px !important;}&#8221;][vc_column_text]Profitez de notre savoir-faire. Nous sommes \u00e0 vos c\u00f4t\u00e9s \u00e0 tout moment pour r\u00e9pondre \u00e0 vos questions techniques, \u00e0 vos pannes et \u00e0 vos autres pr\u00e9occupations.[\/vc_column_text][\/vc_column][vc_column width=&#8221;1\/3&#8243;][vc_custom_heading text=&#8221;Personnalisation&#8221; font_container=&#8221;tag:h3|text_align:left|color:%23b5232e&#8221; use_theme_fonts=&#8221;yes&#8221; css=&#8221;.vc_custom_1729666417599{margin-bottom: 25px !important;}&#8221;][vc_column_text]Gr\u00e2ce \u00e0 notre propre usine, nous pouvons adapter les machines sp\u00e9cialement aux exigences de vos clients et cr\u00e9er ainsi des opportunit\u00e9s de vente suppl\u00e9mentaires.[\/vc_column_text][\/vc_column][vc_column width=&#8221;1\/3&#8243;][vc_custom_heading text=&#8221;Visite de l&#8217;usine&#8221; font_container=&#8221;tag:h3|text_align:left|color:%23b5232e&#8221; use_theme_fonts=&#8221;yes&#8221; css=&#8221;.vc_custom_1729666442012{margin-bottom: 25px !important;}&#8221;][vc_column_text]En cas d&#8217;int\u00e9r\u00eat concret, nous vous offrons la possibilit\u00e9 de visiter notre site de production en Chine. D\u00e9couvrez de pr\u00e8s comment nos machines sont fabriqu\u00e9es et obtenez un aper\u00e7u approfondi de nos processus de production.[\/vc_column_text][\/vc_column][\/vc_row][vc_row equal_height=&#8221;yes&#8221; el_class=&#8221;row-center-items&#8221; css=&#8221;.vc_custom_1728630784486{margin-top: 0px !important;margin-bottom: 5rem !important;padding-top: 0px !important;padding-bottom: 5rem !important;background-color: #e2e2e2 !important;}&#8221;][vc_column width=&#8221;1\/3&#8243;][vc_custom_heading text=&#8221;Un avenir commun&#8221; font_container=&#8221;tag:h3|text_align:left|color:%23b5232e&#8221; use_theme_fonts=&#8221;yes&#8221; css=&#8221;.vc_custom_1729666466380{margin-bottom: 25px !important;}&#8221;][vc_column_text]En tant que concessionnaire HZC-Power, vous construisez avec nous l&#8217;avenir de l&#8217;agriculture et de la sylviculture. Ensemble, nous pouvons continuer \u00e0 d\u00e9velopper mutuellement notre pr\u00e9sence sur le march\u00e9 et \u00e0 r\u00e9pondre aux besoins de nos clients.[\/vc_column_text][\/vc_column][vc_column width=&#8221;1\/3&#8243;][vc_custom_heading text=&#8221;Coop\u00e9ration europ\u00e9enne&#8221; font_container=&#8221;tag:h3|text_align:left|color:%23b5232e&#8221; use_theme_fonts=&#8221;yes&#8221; css=&#8221;.vc_custom_1729666486557{margin-bottom: 25px !important;}&#8221;][vc_column_text]Que ce soit en Allemagne ou dans un autre pays europ\u00e9en, nous recherchons des partenaires solides dans toute l&#8217;Europe pour continuer \u00e0 \u00e9tablir notre marque.[\/vc_column_text][\/vc_column][vc_column width=&#8221;1\/3&#8243;][vc_custom_heading text=&#8221;Prix exclusifs pour les revendeurs&#8221; font_container=&#8221;tag:h3|text_align:left|color:%23b5232e&#8221; use_theme_fonts=&#8221;yes&#8221; css=&#8221;.vc_custom_1729666508977{margin-bottom: 25px !important;}&#8221;][vc_column_text]En tant que partenaire, vous b\u00e9n\u00e9ficiez de conditions attrayantes et de prix exclusifs pour nos machines et appareils.[\/vc_column_text][\/vc_column][\/vc_row][vc_row equal_height=&#8221;yes&#8221; content_placement=&#8221;middle&#8221; css=&#8221;.vc_custom_1728632416084{margin-top: 7rem !important;margin-bottom: 5rem !important;}&#8221; el_class=&#8221;row-center-items&#8221;][vc_column width=&#8221;8\/12&#8243; el_class=&#8221;text_center&#8221;][vc_custom_heading text=&#8221;Partenariat d&#8217;\u00e9gal \u00e0 \u00e9gal&#8221; font_container=&#8221;tag:h2|text_align:center|color:%23b5232e&#8221; use_theme_fonts=&#8221;yes&#8221; css=&#8221;.vc_custom_1729666536961{margin-bottom: 25px !important;}&#8221;][vc_column_text]<\/p>\n<p style=\"text-align: center;\">Chez HZC Power, nous consid\u00e9rons nos distributeurs comme des partenaires avec lesquels nous voulons grandir ensemble. Les relations \u00e0 long terme, mutuellement avantageuses, sont au c\u0153ur de nos pr\u00e9occupations. Avec les bons outils et un savoir-faire \u00e9tendu, nous vous aidons \u00e0 agir avec succ\u00e8s sur le march\u00e9. Ensemble, nous ne visons pas seulement la vente de machines, mais aussi le d\u00e9veloppement de normes dans l&#8217;agriculture et la sylviculture. Rejoignez notre r\u00e9seau international et participez activement \u00e0 la construction de l&#8217;avenir du secteur.<\/p>\n<p>[\/vc_column_text][vc_empty_space][vc_btn title=&#8221;Devenir partenaire maintenant&#8221; style=&#8221;flat&#8221; color=&#8221;inverse&#8221; align=&#8221;center&#8221; i_icon_fontawesome=&#8221;fas fa-angle-double-right&#8221; add_icon=&#8221;true&#8221; link=&#8221;url:https%3A%2F%2Fwww.hzc-power.com%2Ffr%2Fcontact%2F|title:Devenir%20partenaire%20maintenant&#8221;][\/vc_column][\/vc_row]<\/p>\n<\/div>","protected":false},"excerpt":{"rendered":"<p>[vc_row equal_height=&#8221;yes&#8221; content_placement=&#8221;middle&#8221; css=&#8221;.vc_custom_1728909874207{padding-top: 10% !important;padding-bottom: 10% !important;background-image: url(https:\/\/www.hzc-power.com\/wp-content\/uploads\/2024\/10\/dji-0880-scaled.jpg?id=292197) !important;background-position: center !important;background-repeat: no-repeat !important;background-size: cover !important;}&#8221; el_id=&#8221;headerimg&#8221;][vc_column width=&#8221;2\/3&#8243;][vc_custom_heading text=&#8221;Participez au succ\u00e8s de HZC Power &#8211; votre partenaire pour les machines agricoles et foresti\u00e8res&#8221; font_container=&#8221;tag:h1|font_size:1.5rem|text_align:left|color:%23b5232e&#8221; use_theme_fonts=&#8221;yes&#8221; css=&#8221;.vc_custom_1729666176608{padding-top: 2rem !important;padding-right: 2rem !important;padding-bottom: 2rem !important;padding-left: 2rem !important;background-color: rgba(255,255,255,0.67) !important;*background-color: rgb(255,255,255) !important;}&#8221; el_id=&#8221;roterbackground_ueberschrift&#8221;][\/vc_column][vc_column width=&#8221;1\/3&#8243;][\/vc_column][\/vc_row][vc_row equal_height=&#8221;yes&#8221; content_placement=&#8221;middle&#8221; css=&#8221;.vc_custom_1727441530676{margin-top: 7rem !important;}&#8221; [&hellip;]<\/p>\n","protected":false},"author":389,"featured_media":0,"parent":0,"menu_order":0,"comment_status":"closed","ping_status":"closed","template":"page-visual-composer.php","meta":{"inline_featured_image":false,"footnotes":""},"class_list":["post-292190","page","type-page","status-publish","hentry","page_cat-statische-seite"],"jetpack_sharing_enabled":true,"_links":{"self":[{"href":"https:\/\/www.hzc-power.com\/fr\/wp-json\/wp\/v2\/pages\/292190","targetHints":{"allow":["GET"]}}],"collection":[{"href":"https:\/\/www.hzc-power.com\/fr\/wp-json\/wp\/v2\/pages"}],"about":[{"href":"https:\/\/www.hzc-power.com\/fr\/wp-json\/wp\/v2\/types\/page"}],"author":[{"embeddable":true,"href":"https:\/\/www.hzc-power.com\/fr\/wp-json\/wp\/v2\/users\/389"}],"replies":[{"embeddable":true,"href":"https:\/\/www.hzc-power.com\/fr\/wp-json\/wp\/v2\/comments?post=292190"}],"version-history":[{"count":7,"href":"https:\/\/www.hzc-power.com\/fr\/wp-json\/wp\/v2\/pages\/292190\/revisions"}],"predecessor-version":[{"id":292319,"href":"https:\/\/www.hzc-power.com\/fr\/wp-json\/wp\/v2\/pages\/292190\/revisions\/292319"}],"wp:attachment":[{"href":"https:\/\/www.hzc-power.com\/fr\/wp-json\/wp\/v2\/media?parent=292190"}],"curies":[{"name":"wp","href":"https:\/\/api.w.org\/{rel}","templated":true}]}}