{"id":26989,"date":"2021-06-15T16:51:49","date_gmt":"2021-06-15T14:51:49","guid":{"rendered":"https:\/\/www.hzc-power.com\/non%20class\u00e9\/lithium-ion-battery-for-landworks-e-wheelbarrow-aes230\/lithium-ion-battery-for-landworks-e-wheelbarrow-aes230\/"},"modified":"2025-08-27T20:32:28","modified_gmt":"2025-08-27T18:32:28","slug":"lithium-ion-battery-for-landworks-e-wheelbarrow-aes230","status":"publish","type":"product","link":"https:\/\/www.hzc-power.com\/fr\/lithium-ion-battery-for-landworks-e-wheelbarrow-aes230\/","title":{"rendered":"Batterie lithium-ion pour brouette \u00e9lectrique Landworks (AES230)"},"content":{"rendered":"<div class=\"wpb-content-wrapper\"><p>[vc_row css=&#8221;.vc_custom_1696257162674{padding-top: 3rem !important;padding-bottom: 3rem !important;}&#8221;][vc_column width=&#8221;1\/2&#8243;][vc_column_text]<\/p>\n<h2>Batterie lithium-ion pour brouette \u00e9lectrique Landworks (AES230)<\/h2>\n<p>[\/vc_column_text][vc_empty_space][vc_column_text]Nos brouettes \u00e9lectriques de marque Landworks (ES230,ES231) disposent d&#8217;un ch\u00e2ssis robuste et d&#8217;un moteur \u00e9lectrique puissant (550W). Nous proposons la batterie lithium-ion Landworks 48 DC 2 Ah correspondante pour ces brouettes. Le bo\u00eetier isolant stable garantit \u00e0 la fois une longue dur\u00e9e de vie et une protection dans diff\u00e9rentes conditions climatiques.<\/p>\n<p>Si vous avez d&#8217;autres questions sur les accessoires pour mini-pelles, veuillez contacter notre service client. Il se fera un plaisir de vous conseiller davantage.[\/vc_column_text][vc_empty_space][\/vc_column][vc_column width=&#8221;1\/2&#8243;][vc_column_text]<\/p>\n<h2>Donn\u00e9es techniques<\/h2>\n<p>[\/vc_column_text][vc_empty_space][vc_column_text]<\/p>\n<ul>\n<li>Couleur\u00a0: Noir<\/li>\n<li>Taille\u00a0: 6,4 x 5,8 x 3,3 cm<\/li>\n<li>Poids\u00a0: 885\u00a0g<\/li>\n<li>Volt\u00a0: 48\u00a0volts<\/li>\n<li>Wattheure\u00a0: 88,8\u00a0Wh<\/li>\n<li>Entr\u00e9e de\u00a0: 100\u00a0V-240\u00a0V\u00a0CA 50\/60 Hz 2,5\u00a0A max.<\/li>\n<li>Sortie\u00a0:\u00a0CC 50,4\u00a0V, 2,0\u00a0A.<\/li>\n<\/ul>\n<p>[\/vc_column_text][\/vc_column][\/vc_row][vc_row][vc_column]            <div class=\"nasa-static-block\" >\r\n                                <div class=\"nasa-static-block-container\">\r\n                    <style type=\"text\/css\" data-type=\"vc_shortcodes-custom-css\">.vc_custom_1696253521432{margin-top: 2rem !important;margin-bottom: 2rem !important;padding-top: 3rem !important;padding-bottom: 3rem !important;background-color: #505f6b !important;}.vc_custom_1696253530748{padding-right: 1rem !important;padding-left: 1rem !important;}<\/style>[vc_section full_width=\"stretch_row\" css=\".vc_custom_1696253521432{margin-top: 2rem !important;margin-bottom: 2rem !important;padding-top: 3rem !important;padding-bottom: 3rem !important;background-color: #505f6b !important;}\"][vc_row css=\".vc_custom_1696253530748{padding-right: 1rem !important;padding-left: 1rem !important;}\"][vc_column width=\"1\/2\"][vc_column_text]\r\n<h2><span style=\"color: #ffffff;\">Offre pour votre produit HZC Power<\/span><\/h2>\r\n[\/vc_column_text][vc_empty_space][\/vc_column][vc_column width=\"1\/2\"][vc_column_text]<span style=\"color: #ffffff;\">Chez HZC Power, nous pr\u00eatons toujours attention \u00e0 la plus haute qualit\u00e9, \u00e0 une finition techniquement irr\u00e9prochable et \u00e0 une construction robuste. Vous recevez nos produits partiellement assembl\u00e9s par une compagnie maritime. Nous vous proposons un prix d'exp\u00e9dition fixe qui est automatiquement g\u00e9n\u00e9r\u00e9 dans le panier (des informations d'exp\u00e9dition suppl\u00e9mentaires peuvent \u00eatre trouv\u00e9es <strong>ici<\/strong>).<\/span>\r\n\r\n<span style=\"color: #ffffff;\">Vous \u00eates invit\u00e9s \u00e0 voir nos produits \u00e0 notre si\u00e8ge social apr\u00e8s arrangement ou \u00e0 les r\u00e9cup\u00e9rer gratuitement.<\/span>\r\n\r\n<span style=\"color: #ffffff;\">Si vous avez d'autres questions sur les diff\u00e9rents mod\u00e8les, n'h\u00e9sitez pas \u00e0 contacter <strong>notre service client<\/strong>. Il se fera un plaisir de vous conseiller davantage. Laissez-vous convaincre par notre offre et assurez votre produit de la meilleure qualit\u00e9 au meilleur prix chez HZC Power.<\/span>[\/vc_column_text][\/vc_column][\/vc_row][\/vc_section]                <\/div>\r\n            <\/div>\r\n            [\/vc_column][\/vc_row]<\/p>\n<\/div>","protected":false},"excerpt":{"rendered":"<ul>\n<li>Batterie pour brouettes \u00e9lectriques Landworks<\/li>\n<li>longue dur\u00e9e de vie<\/li>\n<li>processus de chargement facile<\/li>\n<\/ul>\n","protected":false},"featured_media":21862,"comment_status":"open","ping_status":"closed","template":"","meta":{"inline_featured_image":false},"product_brand":[],"product_cat":[785,788,776],"class_list":{"0":"post-26989","1":"product","2":"type-product","3":"status-publish","4":"has-post-thumbnail","6":"product_cat-brouette-a-moteur","7":"product_cat-cour-et-jardin","8":"product_cat-sylviculture-et-amenagement-paysager","9":"product_shipping_class-versand-1","11":"first","12":"onbackorder","13":"taxable","14":"shipping-taxable","15":"purchasable","16":"product-type-simple"},"bundled_by":[],"bundle_stock_status":"onbackorder","bundle_stock_quantity":-3,"bundle_virtual":false,"bundle_layout":"","bundle_add_to_cart_form_location":"","bundle_editable_in_cart":false,"bundle_sold_individually_context":"","bundle_item_grouping":"","bundle_min_size":"","bundle_max_size":"","bundle_price":[],"bundled_items":[],"bundle_sell_ids":[],"jetpack_sharing_enabled":true,"wcpa_form_fields":null,"_links":{"self":[{"href":"https:\/\/www.hzc-power.com\/fr\/wp-json\/wp\/v2\/product\/26989","targetHints":{"allow":["GET"]}}],"collection":[{"href":"https:\/\/www.hzc-power.com\/fr\/wp-json\/wp\/v2\/product"}],"about":[{"href":"https:\/\/www.hzc-power.com\/fr\/wp-json\/wp\/v2\/types\/product"}],"replies":[{"embeddable":true,"href":"https:\/\/www.hzc-power.com\/fr\/wp-json\/wp\/v2\/comments?post=26989"}],"wp:featuredmedia":[{"embeddable":true,"href":"https:\/\/www.hzc-power.com\/fr\/wp-json\/wp\/v2\/media\/21862"}],"wp:attachment":[{"href":"https:\/\/www.hzc-power.com\/fr\/wp-json\/wp\/v2\/media?parent=26989"}],"wp:term":[{"taxonomy":"product_brand","embeddable":true,"href":"https:\/\/www.hzc-power.com\/fr\/wp-json\/wp\/v2\/product_brand?post=26989"},{"taxonomy":"product_cat","embeddable":true,"href":"https:\/\/www.hzc-power.com\/fr\/wp-json\/wp\/v2\/product_cat?post=26989"}],"curies":[{"name":"wp","href":"https:\/\/api.w.org\/{rel}","templated":true}]}}