{"id":26990,"date":"2021-06-10T15:51:30","date_gmt":"2021-06-10T13:51:30","guid":{"rendered":"https:\/\/www.hzc-power.com\/non%20class\u00e9\/tariere-hydraulique-avec-diametre-de-percage-de-300-mm-pour-mini-pelle-hzc-power-heb300\/tariere-hydraulique-avec-diametre-de-percage-de-300-mm-pour-mini-pelle-hzc-power-heb300\/"},"modified":"2026-04-08T10:34:20","modified_gmt":"2026-04-08T08:34:20","slug":"tariere-hydraulique-avec-diametre-de-percage-de-300-mm-pour-mini-pelle-hzc-power-heb300","status":"publish","type":"product","link":"https:\/\/www.hzc-power.com\/fr\/tariere-hydraulique-avec-diametre-de-percage-de-300-mm-pour-mini-pelle-hzc-power-heb300\/","title":{"rendered":"Tari\u00e8re hydraulique avec un diam\u00e8tre de per\u00e7age de 300 mm pour mini-pelles HZC Power (HEB300)"},"content":{"rendered":"<div class=\"wpb-content-wrapper\"><p>[vc_row css=&#8221;.vc_custom_1696428188742{padding-top: 3rem !important;padding-bottom: 3rem !important;}&#8221;][vc_column width=&#8221;1\/2&#8243;][vc_column_text]<\/p>\n<h2>Tari\u00e8re hydraulique avec un diam\u00e8tre de per\u00e7age de 300 mm pour mini-pelles HZC Power (HEB300)<\/h2>\n<p>[\/vc_column_text][vc_empty_space][vc_column_text]La tari\u00e8re HZC Power HEB300 convient \u00e0 toutes nos mini-pelles et est id\u00e9ale pour percer des trous dans le sol jusqu\u2019\u00e0 un diam\u00e8tre de 300 mm. La tari\u00e8re est utilis\u00e9e en sylviculture, en jardinage et en am\u00e9nagement paysager et est parfaite pour le per\u00e7age de trous de plantation, de trous pour poteaux de cl\u00f4ture, de fondations et de puits de drainage. Le HEB300 peut \u00eatre raccord\u00e9 \u00e0 nos pelles, qu\u2019elles soient \u00e9quip\u00e9es d\u2019un moteur essence ou diesel, via des flexibles hydrauliques suppl\u00e9mentaires sur le bras de la pelle, ce qui en fait un compl\u00e9ment pratique \u00e0 nos diff\u00e9rents godets.<\/p>\n<p><strong>La tari\u00e8re est fix\u00e9e via des raccords hydrauliques suppl\u00e9mentaires \u00e0 l\u2019aide de ses flexibles hydrauliques sur le bras de la pelle.<\/strong><\/p>\n<p>Elle convient \u00e0 tous nos mod\u00e8les de <a href=\"https:\/\/www.hzc-power.com\/fr\/?attachment_id=22466\">mini-pelles<\/a> HZC Power, avec moteur diesel ou essence.[\/vc_column_text][vc_empty_space][\/vc_column][\/vc_row][vc_row][vc_column][accordion_father][accordion_son title_padding=&#8221;17&#8243; title=&#8221;Donn\u00e9es techniques&#8221; bgclr=&#8221;#f7f7f7&#8243;]<\/p>\n<ul>\n<li>Fabricant : HZC Power GmbH<\/li>\n<li>Mod\u00e8le : HEB300<\/li>\n<li>Poids : 40 kg<\/li>\n<li>Diam\u00e8tre de forage : 300 mm<\/li>\n<li>Couple : 450 Nm<\/li>\n<li>D\u00e9bit : 30 l\/min<\/li>\n<li>Taille de raccord : \u03a625<\/li>\n<li>Vitesse de rotation : 55 rpm<\/li>\n<li>Longueur du flexible : 1,6 m<\/li>\n<li>Raccord : M14x1.5<\/li>\n<\/ul>\n<p>[\/accordion_son][\/accordion_father][accordion_father][accordion_son title_padding=&#8221;17&#8243; title=&#8221;\u00c9quipement standard&#8221; bgclr=&#8221;#f7f7f7&#8243;]<\/p>\n<ul>\n<li>Diam\u00e8tre de forage : <strong>300 mm<\/strong><\/li>\n<li>Adapt\u00e9e au per\u00e7age de <strong>trous de plantation, trous pour poteaux de cl\u00f4ture, fondations et puits de drainage<\/strong><\/li>\n<li><strong>Compatible<\/strong> avec toutes nos <a href=\"https:\/\/www.hzc-power.com\/fr\/?attachment_id=22466\">mini-pelles<\/a><\/li>\n<li>Raccordement via <strong>flexibles hydrauliques suppl\u00e9mentaires<\/strong><\/li>\n<li><strong>Flexibles hydrauliques inclus dans la livraison<\/strong><\/li>\n<li>Fabrication en <strong>acier de haute qualit\u00e9<\/strong><\/li>\n<\/ul>\n<p>[\/accordion_son][\/accordion_father][accordion_father][accordion_son title_padding=&#8221;17&#8243; title=&#8221;Informations de livraison&#8221; bgclr=&#8221;#f7f7f7&#8243;]Chez HZC Power, nous accordons une grande importance \u00e0 la qualit\u00e9 maximale, \u00e0 une fabrication techniquement irr\u00e9prochable et \u00e0 une construction robuste. Nos produits sont livr\u00e9s partiellement assembl\u00e9s par transporteur. Nous proposons un prix d\u2019exp\u00e9dition fixe, automatiquement calcul\u00e9 dans le panier (vous trouverez des informations suppl\u00e9mentaires sur la livraison <a href=\"\/?product_cat=versand\"><strong>ici<\/strong><\/a>). Vous pouvez \u00e9galement, sur rendez-vous, venir voir nos produits \u00e0 notre si\u00e8ge ou les retirer gratuitement.[\/accordion_son][\/accordion_father][\/vc_column][\/vc_row][vc_section full_width=&#8221;stretch_row&#8221; css=&#8221;.vc_custom_1696428110851{margin-top: 2rem !important;margin-bottom: 2rem !important;padding-top: 3rem !important;padding-bottom: 3rem !important;background-color: #fafafa !important;}&#8221;][vc_row css=&#8221;.vc_custom_1696428179231{padding-right: 1rem !important;padding-left: 1rem !important;}&#8221;][vc_column][vc_column_text]<\/p>\n<h2 style=\"text-align: center;\">Vid\u00e9os du HEB200<\/h2>\n<p>[\/vc_column_text][vc_empty_space][vc_column_text]<\/p>\n<p style=\"text-align: center;\"><div class=\"lyte-wrapper\" title=\"Montage eines Erdbohrers an einen HZC Power Minibagger\" style=\"width:640px;max-width:100%;margin:5px auto;\"><div class=\"lyMe\" id=\"WYL_i7MhYjeabHI\"><div id=\"lyte_i7MhYjeabHI\" data-src=\"https:\/\/www.hzc-power.com\/wp-content\/plugins\/wp-youtube-lyte\/lyteCache.php?origThumbUrl=https%3A%2F%2Fi.ytimg.com%2Fvi%2Fi7MhYjeabHI%2Fhqdefault.jpg\" class=\"pL\"><div class=\"tC\"><div class=\"tT\">Montage eines Erdbohrers an einen HZC Power Minibagger<\/div><\/div><div class=\"play\"><\/div><div class=\"ctrl\"><div class=\"Lctrl\"><\/div><div class=\"Rctrl\"><\/div><\/div><\/div><noscript><a href=\"https:\/\/youtu.be\/i7MhYjeabHI\" rel=\"nofollow noopener\" target=\"_blank\"><img loading=\"lazy\" decoding=\"async\" src=\"https:\/\/www.hzc-power.com\/wp-content\/plugins\/wp-youtube-lyte\/lyteCache.php?origThumbUrl=https%3A%2F%2Fi.ytimg.com%2Fvi%2Fi7MhYjeabHI%2F0.jpg\" alt=\"Montage eines Erdbohrers an einen HZC Power Minibagger\" width=\"640\" height=\"340\" \/><br \/>Lire cette vid\u00e9o sur YouTube<\/a><\/noscript><\/div><\/div><div class=\"lL\" style=\"max-width:100%;width:640px;margin:5px auto;\"><\/div>\n<p>[\/vc_column_text][\/vc_column][\/vc_row][\/vc_section]<\/p>\n<\/div>","protected":false},"excerpt":{"rendered":"<p><span style=\"color: #ff0000;\"><strong>Disponible. Commandez votre accessoire \u00e0 temps pour votre projet. Les informations sur le d\u00e9lai de livraison vous seront communiqu\u00e9es apr\u00e8s r\u00e9ception de la commande via notre <span style=\"color: #9e0000;\"><a style=\"color: #9e0000;\" href=\"\/?product_cat=kontakt\">service client<\/a><\/span>.<\/strong><\/span><\/p>\n<ul>\n<li><strong><span style=\"color: #000000;\">Compatible avec toutes nos <a style=\"color: #000000;\" href=\"https:\/\/www.hzc-power.com\/fr\/?attachment_id=22466\">mini-pelles<\/a><\/span><\/strong><\/li>\n<li><strong><span style=\"color: #000000;\">Compatible avec le syst\u00e8me d\u2019attache rapide <a href=\"\/?product_cat=schnellwechsler-3-fuer-hzc-power-bzr360-schreitbagger-sw3bzr360\">SW3BZR360<\/a> pour la pelle araign\u00e9e <a href=\"\/?product_cat=schreitbagger-hzc-power-bzr360\">BZR360<\/a><\/span><\/strong><\/li>\n<li>Diam\u00e8tre de forage : <strong>300 mm<\/strong><\/li>\n<li>Adapt\u00e9 au per\u00e7age de <strong>trous de plantation, trous pour poteaux de cl\u00f4ture, fondations et puits de drainage<\/strong><\/li>\n<li>Raccordement via <strong>flexibles hydrauliques suppl\u00e9mentaires<\/strong><\/li>\n<li><strong>Flexibles hydrauliques inclus dans la livraison<\/strong><\/li>\n<li>Fabrication en <strong>acier de haute qualit\u00e9<\/strong><\/li>\n<\/ul>\n<p><span style=\"color: #007bbb;\"><a style=\"color: #007bbb;\" href=\"https:\/\/www.hzc-power.com\/wp-content\/uploads\/2026\/01\/bedienungsanleitung-hre100.pdf\"><strong>\u2192<\/strong><\/a><a style=\"color: #007bbb;\" href=\"https:\/\/www.hzc-power.com\/wp-content\/uploads\/2026\/01\/bedienungsanleitung-heb300.pdf\"><strong> T\u00e9l\u00e9charger le manuel de montage HEB300<\/strong><\/a><\/span><\/p>\n","protected":false},"featured_media":291281,"comment_status":"open","ping_status":"closed","template":"","meta":{"inline_featured_image":false},"product_brand":[],"product_cat":[787,776],"class_list":{"0":"post-26990","1":"product","2":"type-product","3":"status-publish","4":"has-post-thumbnail","6":"product_cat-accessoires-pour-pelles","7":"product_cat-sylviculture-et-amenagement-paysager","8":"product_shipping_class-spedition-2-palettengabeln-anbauteile","10":"first","11":"instock","12":"sale","13":"taxable","14":"shipping-taxable","15":"purchasable","16":"product-type-simple"},"bundled_by":["286874","28618","286838","286423","286497","291162","291202","287614","287611","286531","286553","289572","286930","287007","286958","286882","291231","286933"],"bundle_stock_status":"instock","bundle_stock_quantity":34,"bundle_virtual":false,"bundle_layout":"","bundle_add_to_cart_form_location":"","bundle_editable_in_cart":false,"bundle_sold_individually_context":"","bundle_item_grouping":"","bundle_min_size":"","bundle_max_size":"","bundle_price":[],"bundled_items":[],"bundle_sell_ids":[],"jetpack_sharing_enabled":true,"wcpa_form_fields":null,"_links":{"self":[{"href":"https:\/\/www.hzc-power.com\/fr\/wp-json\/wp\/v2\/product\/26990","targetHints":{"allow":["GET"]}}],"collection":[{"href":"https:\/\/www.hzc-power.com\/fr\/wp-json\/wp\/v2\/product"}],"about":[{"href":"https:\/\/www.hzc-power.com\/fr\/wp-json\/wp\/v2\/types\/product"}],"replies":[{"embeddable":true,"href":"https:\/\/www.hzc-power.com\/fr\/wp-json\/wp\/v2\/comments?post=26990"}],"wp:featuredmedia":[{"embeddable":true,"href":"https:\/\/www.hzc-power.com\/fr\/wp-json\/wp\/v2\/media\/291281"}],"wp:attachment":[{"href":"https:\/\/www.hzc-power.com\/fr\/wp-json\/wp\/v2\/media?parent=26990"}],"wp:term":[{"taxonomy":"product_brand","embeddable":true,"href":"https:\/\/www.hzc-power.com\/fr\/wp-json\/wp\/v2\/product_brand?post=26990"},{"taxonomy":"product_cat","embeddable":true,"href":"https:\/\/www.hzc-power.com\/fr\/wp-json\/wp\/v2\/product_cat?post=26990"}],"curies":[{"name":"wp","href":"https:\/\/api.w.org\/{rel}","templated":true}]}}