{"id":27009,"date":"2021-06-08T13:58:38","date_gmt":"2021-06-08T11:58:38","guid":{"rendered":"https:\/\/www.hzc-power.com\/non%20class\u00e9\/brouette-electrique-dune-capacite-de-charge-allant-jusqua-230-kg-es231\/brouette-electrique-dune-capacite-de-charge-allant-jusqua-230-kg-es231\/"},"modified":"2026-01-29T14:51:28","modified_gmt":"2026-01-29T13:51:28","slug":"brouette-electrique-dune-capacite-de-charge-allant-jusqua-230-kg-es231","status":"publish","type":"product","link":"https:\/\/www.hzc-power.com\/fr\/brouette-electrique-dune-capacite-de-charge-allant-jusqua-230-kg-es231\/","title":{"rendered":"Brouette \u00e9lectrique d&#8217;une capacit\u00e9 de charge allant jusqu&#8217;\u00e0 230 kg (ES231)"},"content":{"rendered":"<div class=\"wpb-content-wrapper\"><p>[vc_row css=&#8221;.vc_custom_1696257403199{padding-top: 3rem !important;padding-bottom: 3rem !important;}&#8221;][vc_column width=&#8221;1\/2&#8243;][vc_column_text]<\/p>\n<h2>Brouette \u00e9lectrique d&#8217;une capacit\u00e9 de charge allant jusqu&#8217;\u00e0 230 kg de Landworks (ES231)<\/h2>\n<p>[\/vc_column_text][vc_empty_space][vc_column_text]<span style=\"color: #333333;\">Avec l&#8217;ES231, vous obtenez une brouette \u00e9lectrique avec un ch\u00e2ssis robuste et un moteur \u00e9lectrique puissant (500 W). Gr\u00e2ce aux trois pneus ballon, il n&#8217;est plus n\u00e9cessaire de soulever la brouette, ce qui permet de transporter rapidement et facilement une grande vari\u00e9t\u00e9 de mat\u00e9riaux.<\/span>[\/vc_column_text][vc_empty_space][vc_column_text]<\/p>\n<h2>Propulsion \u00e9lectrique<\/h2>\n<p>[\/vc_column_text][vc_empty_space][vc_column_text]Gr\u00e2ce au moteur \u00e9lectrique, la brouette \u00e9lectrique est silencieuse et n&#8217;\u00e9met aucun gaz d&#8217;\u00e9chappement. Cela le rend id\u00e9al pour les pi\u00e8ces ferm\u00e9es telles que les \u00e9curies. La brouette a une marche avant (max. 5 km\/h) et une marche arri\u00e8re (max. 3,5 km\/h). La brouette \u00e9lectrique peut supporter sans probl\u00e8me des pentes allant jusqu\u2019\u00e0 10 degr\u00e9s.[\/vc_column_text][vc_empty_space][vc_column_text]<\/p>\n<h2>Equipement de la brouette motoris\u00e9e<\/h2>\n<p>[\/vc_column_text][vc_empty_space][vc_column_text]Le compartiment grillag\u00e9 spacieux de la brouette \u00e9lectrique peut contenir jusqu&#8217;\u00e0 230 kg de foin, de d\u00e9chets de jardin, de gravats de construction ou d&#8217;autres mat\u00e9riaux. Gr\u00e2ce \u00e0 la motorisation, ce poids peut \u00eatre facilement transport\u00e9 pour vous \u2013 sans aucun effort de votre part. Les dimensions du cadre grillag\u00e9 se trouvent dans les donn\u00e9es techniques ou sur le croquis (il s&#8217;agit de la longueur du bord int\u00e9rieur). Un autre avantage de la brouette \u00e9lectrique avec caisse grillag\u00e9e est que les parties lat\u00e9rales sont amovibles. Cela permet un large \u00e9ventail d\u2019utilisations possibles pendant le transport. Avec un angle d&#8217;inclinaison de 90 degr\u00e9s, la vidange est \u00e9galement tr\u00e8s fiable.[\/vc_column_text][vc_empty_space][\/vc_column][vc_column width=&#8221;1\/2&#8243;][vc_single_image image=&#8221;22122&#8243; img_size=&#8221;400&#215;400&#8243; alignment=&#8221;center&#8221;][vc_empty_space][vc_single_image image=&#8221;22124&#8243; img_size=&#8221;400&#215;400&#8243; alignment=&#8221;center&#8221;][\/vc_column][\/vc_row][vc_row][vc_column]            <div class=\"nasa-static-block\" >\r\n                                <div class=\"nasa-static-block-container\">\r\n                    <style type=\"text\/css\" data-type=\"vc_shortcodes-custom-css\">.vc_custom_1696253521432{margin-top: 2rem !important;margin-bottom: 2rem !important;padding-top: 3rem !important;padding-bottom: 3rem !important;background-color: #505f6b !important;}.vc_custom_1696253530748{padding-right: 1rem !important;padding-left: 1rem !important;}<\/style>[vc_section full_width=\"stretch_row\" css=\".vc_custom_1696253521432{margin-top: 2rem !important;margin-bottom: 2rem !important;padding-top: 3rem !important;padding-bottom: 3rem !important;background-color: #505f6b !important;}\"][vc_row css=\".vc_custom_1696253530748{padding-right: 1rem !important;padding-left: 1rem !important;}\"][vc_column width=\"1\/2\"][vc_column_text]\r\n<h2><span style=\"color: #ffffff;\">Offre pour votre produit HZC Power<\/span><\/h2>\r\n[\/vc_column_text][vc_empty_space][\/vc_column][vc_column width=\"1\/2\"][vc_column_text]<span style=\"color: #ffffff;\">Chez HZC Power, nous pr\u00eatons toujours attention \u00e0 la plus haute qualit\u00e9, \u00e0 une finition techniquement irr\u00e9prochable et \u00e0 une construction robuste. Vous recevez nos produits partiellement assembl\u00e9s par une compagnie maritime. Nous vous proposons un prix d'exp\u00e9dition fixe qui est automatiquement g\u00e9n\u00e9r\u00e9 dans le panier (des informations d'exp\u00e9dition suppl\u00e9mentaires peuvent \u00eatre trouv\u00e9es <strong>ici<\/strong>).<\/span>\r\n\r\n<span style=\"color: #ffffff;\">Vous \u00eates invit\u00e9s \u00e0 voir nos produits \u00e0 notre si\u00e8ge social apr\u00e8s arrangement ou \u00e0 les r\u00e9cup\u00e9rer gratuitement.<\/span>\r\n\r\n<span style=\"color: #ffffff;\">Si vous avez d'autres questions sur les diff\u00e9rents mod\u00e8les, n'h\u00e9sitez pas \u00e0 contacter <strong>notre service client<\/strong>. Il se fera un plaisir de vous conseiller davantage. Laissez-vous convaincre par notre offre et assurez votre produit de la meilleure qualit\u00e9 au meilleur prix chez HZC Power.<\/span>[\/vc_column_text][\/vc_column][\/vc_row][\/vc_section]                <\/div>\r\n            <\/div>\r\n            [\/vc_column][\/vc_row][vc_row css=&#8221;.vc_custom_1696257393949{padding-top: 3rem !important;padding-bottom: 3rem !important;}&#8221;][vc_column width=&#8221;1\/2&#8243;]<div class=\"nasa-title clearfix hr-type-full text-center\"><div class=\"nasa-wrap\"><h2 class=\"nasa-heading-title\"><span class=\"nasa-title-wrap\"><span style=\"background: #ffffff;\">Donn\u00e9es techniques<\/span><span class=\"nasa-title-hr\"><\/span><\/span><\/h2><\/div><\/div>[vc_empty_space][vc_column_text]<\/p>\n<ul>\n<li>Fabricant\u00a0: HZC\u00a0Power<\/li>\n<li>Mod\u00e8le\u00a0: ES231<\/li>\n<li>Entra\u00eenement\u00a0: entra\u00eenement \u00e9lectrique, 48\u00a0V\u00a0CC\/500\u00a0W<\/li>\n<li>Batterie\u00a0: 48\u00a0V, 2\u00a0x 2\u00a0Ah, 336\u00a0Wh (environ 1,5 \u00e0 2\u00a0h de fonctionnement possible)<\/li>\n<li>Marche avant\u00a0: 1 marche avant (max. 5\u00a0km\/h)<\/li>\n<li>Marche arri\u00e8re\u00a0: 1 marche arri\u00e8re (max. 3,5\u00a0km\/h<\/li>\n<li>Capacit\u00e9 de charge\u00a0: 230\u00a0kg<\/li>\n<li>Dimensions de la bo\u00eete grillag\u00e9e &#8211; bord int\u00e9rieur (L x l x H)\u00a0: 83 x 55 x 28 cm<\/li>\n<li>Dimensions de la bo\u00eete grillag\u00e9e &#8211; bord ext\u00e9rieur (L x l x H)\u00a0: 87 x 64 x28 cm<\/li>\n<li>(=charge utile \u00e0 17\u00a0% ou 10\u00a0degr\u00e9s d&#8217;inclinaison)\u00a0: 230\u00a0kg<\/li>\n<li>Entra\u00eenement en auge\u00a0: manuel<\/li>\n<li>Angle d&#8217;inclinaison\u00a0: 90\u00a0\u00b0<\/li>\n<li>Syst\u00e8me de freinage\u00a0: m\u00e9canique<\/li>\n<li>Exp\u00e9dition\u00a0: par transitaire<\/li>\n<\/ul>\n<p>[\/vc_column_text][vc_empty_space height=&#8221;18px&#8221;][\/vc_column][vc_column width=&#8221;1\/2&#8243;]<div class=\"nasa-title clearfix hr-type-full text-center\"><div class=\"nasa-wrap\"><h2 class=\"nasa-heading-title\"><span class=\"nasa-title-wrap\"><span style=\"background: #ffffff;\">Vid\u00e9o de la brouette \u00e9lectrique (ES231)<\/span><span class=\"nasa-title-hr\"><\/span><\/span><\/h2><\/div><\/div>[vc_empty_space height=&#8221;15px&#8221;][vc_column_text]<div class=\"lyte-wrapper\" title=\"Elektrische Schubkarre bis 230 kg Zuladung (ES231) Vorf&uuml;hrung\" style=\"width:640px;max-width:100%;margin:5px auto;\"><div class=\"lyMe\" id=\"WYL_-kUo3mZpoW0\"><div id=\"lyte_-kUo3mZpoW0\" data-src=\"https:\/\/www.hzc-power.com\/wp-content\/plugins\/wp-youtube-lyte\/lyteCache.php?origThumbUrl=https%3A%2F%2Fi.ytimg.com%2Fvi%2F-kUo3mZpoW0%2Fhqdefault.jpg\" class=\"pL\"><div class=\"tC\"><div class=\"tT\">Elektrische Schubkarre bis 230 kg Zuladung (ES231) Vorf\u00fchrung<\/div><\/div><div class=\"play\"><\/div><div class=\"ctrl\"><div class=\"Lctrl\"><\/div><div class=\"Rctrl\"><\/div><\/div><\/div><noscript><a href=\"https:\/\/youtu.be\/-kUo3mZpoW0\" rel=\"nofollow noopener\" target=\"_blank\"><img loading=\"lazy\" decoding=\"async\" src=\"https:\/\/www.hzc-power.com\/wp-content\/plugins\/wp-youtube-lyte\/lyteCache.php?origThumbUrl=https%3A%2F%2Fi.ytimg.com%2Fvi%2F-kUo3mZpoW0%2F0.jpg\" alt=\"Elektrische Schubkarre bis 230 kg Zuladung (ES231) Vorf&uuml;hrung\" width=\"640\" height=\"340\" \/><br \/>Lire cette vid\u00e9o sur YouTube<\/a><\/noscript><\/div><\/div><div class=\"lL\" style=\"max-width:100%;width:640px;margin:5px auto;\"><\/div>[\/vc_column_text][\/vc_column][\/vc_row][vc_row][vc_column]            <div class=\"nasa-static-block\" >\r\n                                <div class=\"nasa-static-block-container\">\r\n                    <style type=\"text\/css\" data-type=\"vc_shortcodes-custom-css\">.vc_custom_1696253729959{margin-top: 2rem !important;margin-bottom: 2rem !important;padding-top: 3rem !important;padding-bottom: 3rem !important;background-color: #505f6b !important;}.vc_custom_1696253718334{padding-right: 1rem !important;padding-left: 1rem !important;}<\/style>[vc_section full_width=\"stretch_row\" css=\".vc_custom_1696253729959{margin-top: 2rem !important;margin-bottom: 2rem !important;padding-top: 3rem !important;padding-bottom: 3rem !important;background-color: #505f6b !important;}\"][vc_row css=\".vc_custom_1696253718334{padding-right: 1rem !important;padding-left: 1rem !important;}\"][vc_column width=\"1\/2\"][vc_column_text]\r\n<h2><span style=\"color: #ffffff;\">D\u00e9tails d'exp\u00e9dition\/bon de livraison<\/span><\/h2>\r\n[\/vc_column_text][vc_empty_space][\/vc_column][vc_column width=\"1\/2\"][vc_column_text]<span style=\"color: #ffffff;\">Nos brouettes sont livr\u00e9es dans des caisses en bois. Ils doivent encore \u00eatre assembl\u00e9s apr\u00e8s la livraison - <a style=\"color: #ffffff;\" href=\"https:\/\/youtu.be\/a70zJKBedHc\" target=\"_blank\" rel=\"noopener\">Instructions vid\u00e9o<\/a>. Un chargeur et deux batteries sont inclus dans la livraison. <\/span>[\/vc_column_text][\/vc_column][\/vc_row][\/vc_section]                <\/div>\r\n            <\/div>\r\n            [\/vc_column][\/vc_row]<\/p>\n<\/div>","protected":false},"excerpt":{"rendered":"<ul>\n<li>Capacit\u00e9 de charge de 230\u00a0kg<\/li>\n<li>1 marche avant (max. 5\u00a0km\/h) et\u00a0amp; 1 marche arri\u00e8re (max. 3,5 km\/h)<\/li>\n<li>Puissant moteur \u00e9lectrique (500\u00a0W)<\/li>\n<li>Construction robuste et amp; fabrication de haute qualit\u00e9<\/li>\n<li>2\u00a0piles (il vous en faut une pour fonctionner, l&#8217;autre que vous pouvez charger en attendant)<\/li>\n<li>Chargeur inclus<\/li>\n<\/ul>\n            <div class=\"nasa-static-block\" >\r\n                                <div class=\"nasa-static-block-container\">\r\n                    <style type=\"text\/css\" data-type=\"vc_shortcodes-custom-css\">.vc_custom_1701967224244{padding-top: 1rem !important;padding-right: 1rem !important;padding-bottom: 1rem !important;padding-left: 1rem !important;background-color: #9f131e !important;}<\/style>[vc_row css=\".vc_custom_1701967224244{padding-top: 1rem !important;padding-right: 1rem !important;padding-bottom: 1rem !important;padding-left: 1rem !important;background-color: #9f131e !important;}\"][vc_column][vc_column_text]<span style=\"color: #ffffff;\"><strong>Entretien &amp; r\u00e9paration pour une longue dur\u00e9e de vie:<\/strong>.<\/span>\r\n<span style=\"color: #ffffff;\">Notre service complet est disponible pour ce produit.<\/span>\r\n<span style=\"color: #ffffff;\">Toutes les pi\u00e8ces de rechange sont toujours disponibles en stock et sont install\u00e9es dans les plus brefs d\u00e9lais.<\/span>[\/vc_column_text][\/vc_column][\/vc_row]                <\/div>\r\n            <\/div>\r\n            \n","protected":false},"featured_media":26883,"comment_status":"open","ping_status":"closed","template":"","meta":{"inline_featured_image":false},"product_brand":[],"product_cat":[785,788,775,776],"class_list":{"0":"post-27009","1":"product","2":"type-product","3":"status-publish","4":"has-post-thumbnail","6":"product_cat-brouette-a-moteur","7":"product_cat-cour-et-jardin","8":"product_cat-promotion-produits","9":"product_cat-sylviculture-et-amenagement-paysager","10":"product_shipping_class-spedition-4-eschubkarrenzubehoer-kompaktlader","12":"first","13":"instock","14":"taxable","15":"shipping-taxable","16":"purchasable","17":"product-type-simple"},"bundled_by":[],"bundle_stock_status":"instock","bundle_stock_quantity":60,"bundle_virtual":false,"bundle_layout":"","bundle_add_to_cart_form_location":"","bundle_editable_in_cart":false,"bundle_sold_individually_context":"","bundle_item_grouping":"","bundle_min_size":"","bundle_max_size":"","bundle_price":[],"bundled_items":[],"bundle_sell_ids":[],"jetpack_sharing_enabled":true,"wcpa_form_fields":null,"_links":{"self":[{"href":"https:\/\/www.hzc-power.com\/fr\/wp-json\/wp\/v2\/product\/27009","targetHints":{"allow":["GET"]}}],"collection":[{"href":"https:\/\/www.hzc-power.com\/fr\/wp-json\/wp\/v2\/product"}],"about":[{"href":"https:\/\/www.hzc-power.com\/fr\/wp-json\/wp\/v2\/types\/product"}],"replies":[{"embeddable":true,"href":"https:\/\/www.hzc-power.com\/fr\/wp-json\/wp\/v2\/comments?post=27009"}],"wp:featuredmedia":[{"embeddable":true,"href":"https:\/\/www.hzc-power.com\/fr\/wp-json\/wp\/v2\/media\/26883"}],"wp:attachment":[{"href":"https:\/\/www.hzc-power.com\/fr\/wp-json\/wp\/v2\/media?parent=27009"}],"wp:term":[{"taxonomy":"product_brand","embeddable":true,"href":"https:\/\/www.hzc-power.com\/fr\/wp-json\/wp\/v2\/product_brand?post=27009"},{"taxonomy":"product_cat","embeddable":true,"href":"https:\/\/www.hzc-power.com\/fr\/wp-json\/wp\/v2\/product_cat?post=27009"}],"curies":[{"name":"wp","href":"https:\/\/api.w.org\/{rel}","templated":true}]}}