{"id":27031,"date":"2023-11-27T16:04:53","date_gmt":"2023-11-27T15:04:53","guid":{"rendered":"https:\/\/www.hzc-power.com\/non%20class\u00e9\/pelle-de-tranchee-hydraulique-de-610-mm-de-largeur-pour-mini-excavatrice-hzc-power-bbs610h\/pelle-de-tranchee-hydraulique-de-610-mm-de-largeur-pour-mini-excavatrice-hzc-power-bbs610h\/"},"modified":"2026-04-15T12:51:59","modified_gmt":"2026-04-15T10:51:59","slug":"pelle-de-tranchee-hydraulique-de-610-mm-de-largeur-pour-mini-excavatrice-hzc-power-bbs610h","status":"publish","type":"product","link":"https:\/\/www.hzc-power.com\/fr\/pelle-de-tranchee-hydraulique-de-610-mm-de-largeur-pour-mini-excavatrice-hzc-power-bbs610h\/","title":{"rendered":"Godet de tranch\u00e9e hydraulique de 610 mm de largeur pour mini-pelles HZC Power (BBS610H)"},"content":{"rendered":"<div class=\"wpb-content-wrapper\"><p>[vc_row css=&#8221;.vc_custom_1696421734791{padding-top: 3rem !important;padding-bottom: 3rem !important;}&#8221;][vc_column width=&#8221;1\/2&#8243;][vc_column_text]<\/p>\n<h2>Godet de tranch\u00e9e hydraulique de 610 mm de largeur pour mini-pelles HZC Power (BBS610H)<\/h2>\n<p>[\/vc_column_text][vc_empty_space][vc_column_text]Le godet hydraulique BBS610H est con\u00e7u comme un godet suppl\u00e9mentaire pour nos mini-pelles. Il est id\u00e9al pour les travaux de terrassement, le creusement de tranch\u00e9es et l\u2019am\u00e9nagement paysager. Sa conception permet une inclinaison hydraulique du godet dans une plage de \u00b145\u00b0, facilitant un travail pr\u00e9cis. La largeur du godet est de 610 mm. Le godet peut \u00eatre facilement raccord\u00e9 aux connexions hydrauliques.<\/p>\n<p><strong>Gr\u00e2ce \u00e0 notre syst\u00e8me d\u2019attache rapide HZC Power, le changement d\u2019accessoires est simple et rapide. De plus, le godet est mont\u00e9 sur le bras de la pelle via des raccords hydrauliques suppl\u00e9mentaires \u00e0 l\u2019aide de ses flexibles hydrauliques.<\/strong><\/p>\n<p>Il est compatible avec tous les mod\u00e8les de <a href=\"https:\/\/www.hzc-power.com\/fr\/?attachment_id=22466\">mini-pelles<\/a> HZC Power, aussi bien avec moteur diesel que moteur essence.[\/vc_column_text][\/vc_column][\/vc_row][vc_row][vc_column][accordion_father][accordion_son title_padding=&#8221;17&#8243; title=&#8221;Dimensions&#8221; bgclr=&#8221;#f7f7f7&#8243;]<\/p>\n<ul>\n<li>Largeur de travail : 610 mm<\/li>\n<li>Dimensions : 600 mm \u00d7 280 mm<\/li>\n<li>Profondeur : 240 mm<\/li>\n<li>Volume : 0,04 m\u00b3<\/li>\n<li>Angle : \u00b145\u00b0<\/li>\n<li>Poids : 26 kg<\/li>\n<li>Dimensions d\u2019emballage : 700 mm \u00d7 510 mm \u00d7 400 mm<\/li>\n<\/ul>\n<p>[\/accordion_son][\/accordion_father][accordion_father][accordion_son title_padding=&#8221;17&#8243; title=&#8221;\u00c9quipement standard&#8221; bgclr=&#8221;#f7f7f7&#8243;]<\/p>\n<ul>\n<li>Largeur de travail : <strong>61 cm<\/strong><\/li>\n<li>Godet de tranch\u00e9e inclinable hydrauliquement : <strong>\u00b145\u00b0<\/strong><\/li>\n<li><strong>Env. 30 litres<\/strong> <strong>de volume<\/strong><\/li>\n<li><strong>Compatible<\/strong> avec toutes nos <a href=\"https:\/\/www.hzc-power.com\/fr\/?attachment_id=22466\">mini-pelles<\/a><\/li>\n<li>Raccordement <strong>via des flexibles hydrauliques suppl\u00e9mentaires<\/strong><\/li>\n<li><strong>Flexibles hydrauliques inclus dans la livraison<\/strong><\/li>\n<li>Fabrication en <strong>acier de haute qualit\u00e9<\/strong><\/li>\n<li>Gr\u00e2ce \u00e0 notre syst\u00e8me d\u2019attache rapide HZC Power, le changement d\u2019accessoires est simple<\/li>\n<\/ul>\n<p>[\/accordion_son][\/accordion_father][accordion_father][accordion_son title_padding=&#8221;17&#8243; title=&#8221;Informations de livraison&#8221; bgclr=&#8221;#f7f7f7&#8243;]Chez HZC Power, nous accordons une grande importance \u00e0 une qualit\u00e9 maximale, \u00e0 une fabrication irr\u00e9prochable et \u00e0 une construction robuste. Nos produits sont livr\u00e9s partiellement mont\u00e9s par transporteur. Un tarif d\u2019exp\u00e9dition fixe est automatiquement calcul\u00e9 dans le panier (vous trouverez des informations suppl\u00e9mentaires sur la livraison <a href=\"\/?product_cat=versand\"><strong>ici<\/strong><\/a>). Vous pouvez \u00e9galement, sur rendez-vous, visiter nos produits dans notre si\u00e8ge ou les retirer gratuitement sur place.[\/accordion_son][\/accordion_father][\/vc_column][\/vc_row][vc_row][vc_column][vc_empty_space][\/vc_column][\/vc_row][vc_section full_width=&#8221;stretch_row&#8221; css=&#8221;.vc_custom_1696421646869{margin-top: 2rem !important;margin-bottom: 2rem !important;padding-top: 3rem !important;padding-bottom: 3rem !important;background-color: #fafafa !important;}&#8221;][vc_row css=&#8221;.vc_custom_1696421669972{padding-right: 1rem !important;padding-left: 1rem !important;}&#8221;][vc_column][vc_video link=&#8221;https:\/\/youtu.be\/v49q8aqj7_c&#8221;][\/vc_column][\/vc_row][\/vc_section]<\/p>\n<\/div>","protected":false},"excerpt":{"rendered":"<p><span style=\"color: #ff0000;\"><strong>Disponible. Les informations concernant le d\u00e9lai de livraison vous seront communiqu\u00e9es apr\u00e8s r\u00e9ception de la commande via notre <span style=\"color: #9e0000;\"><a style=\"color: #9e0000;\" href=\"\/?product_cat=kontakt\">service client<\/a><\/span>.<\/strong><\/span><\/p>\n<ul>\n<li>Largeur de travail : <strong>61 cm<\/strong><\/li>\n<li>Godet de tranch\u00e9e inclinable hydrauliquement : <strong>\u00b145\u00b0<\/strong><\/li>\n<li><strong>Env. 30 litres<\/strong> <strong>de volume<\/strong><\/li>\n<li><strong>Compatible<\/strong> avec toutes nos <a href=\"https:\/\/www.hzc-power.com\/fr\/?attachment_id=22466\">mini-pelles<\/a><\/li>\n<li>Raccordement <strong>via des flexibles hydrauliques suppl\u00e9mentaires<\/strong><\/li>\n<li><strong>Flexibles hydrauliques inclus dans la livraison<\/strong><\/li>\n<li>Fabrication en <strong>acier de haute qualit\u00e9<\/strong><\/li>\n<li>Gr\u00e2ce \u00e0 notre syst\u00e8me d\u2019attache rapide HZC Power, le changement d\u2019accessoires est simple<\/li>\n<\/ul>\n<p><span style=\"color: #007bbb;\"><a style=\"color: #007bbb;\" href=\"https:\/\/www.hzc-power.com\/wp-content\/uploads\/2026\/01\/bedienungsanleitung-bbs610h.pdf\"><em><strong>\u2192 T\u00e9l\u00e9charger le manuel de montage BBS610H<\/strong><\/em><\/a><\/span><\/p>\n","protected":false},"featured_media":26679,"comment_status":"closed","ping_status":"closed","template":"","meta":{"inline_featured_image":false},"product_brand":[],"product_cat":[787,776],"class_list":{"0":"post-27031","1":"product","2":"type-product","3":"status-publish","4":"has-post-thumbnail","6":"product_cat-accessoires-pour-pelles","7":"product_cat-sylviculture-et-amenagement-paysager","8":"product_shipping_class-spedition-2-palettengabeln-anbauteile","10":"first","11":"instock","12":"sale","13":"taxable","14":"shipping-taxable","15":"purchasable","16":"product-type-simple"},"bundled_by":["286874","28618","286838","286423","286497","291162","291202","287614","287611","286531","286553","289572","286930","287007","286958","286882","291231","286933"],"bundle_stock_status":"instock","bundle_stock_quantity":47,"bundle_virtual":false,"bundle_layout":"","bundle_add_to_cart_form_location":"","bundle_editable_in_cart":false,"bundle_sold_individually_context":"","bundle_item_grouping":"","bundle_min_size":"","bundle_max_size":"","bundle_price":[],"bundled_items":[],"bundle_sell_ids":[],"jetpack_sharing_enabled":true,"wcpa_form_fields":null,"_links":{"self":[{"href":"https:\/\/www.hzc-power.com\/fr\/wp-json\/wp\/v2\/product\/27031","targetHints":{"allow":["GET"]}}],"collection":[{"href":"https:\/\/www.hzc-power.com\/fr\/wp-json\/wp\/v2\/product"}],"about":[{"href":"https:\/\/www.hzc-power.com\/fr\/wp-json\/wp\/v2\/types\/product"}],"replies":[{"embeddable":true,"href":"https:\/\/www.hzc-power.com\/fr\/wp-json\/wp\/v2\/comments?post=27031"}],"wp:featuredmedia":[{"embeddable":true,"href":"https:\/\/www.hzc-power.com\/fr\/wp-json\/wp\/v2\/media\/26679"}],"wp:attachment":[{"href":"https:\/\/www.hzc-power.com\/fr\/wp-json\/wp\/v2\/media?parent=27031"}],"wp:term":[{"taxonomy":"product_brand","embeddable":true,"href":"https:\/\/www.hzc-power.com\/fr\/wp-json\/wp\/v2\/product_brand?post=27031"},{"taxonomy":"product_cat","embeddable":true,"href":"https:\/\/www.hzc-power.com\/fr\/wp-json\/wp\/v2\/product_cat?post=27031"}],"curies":[{"name":"wp","href":"https:\/\/api.w.org\/{rel}","templated":true}]}}