{"id":27035,"date":"2023-11-27T16:30:09","date_gmt":"2023-11-27T15:30:09","guid":{"rendered":"https:\/\/www.hzc-power.com\/non%20class\u00e9\/grappin-hydraulique-pour-mini-pelle-hzc-power-sh361\/grappin-hydraulique-pour-mini-pelle-hzc-power-sh361\/"},"modified":"2026-04-21T16:02:42","modified_gmt":"2026-04-21T14:02:42","slug":"grappin-hydraulique-pour-mini-pelle-hzc-power-sh361","status":"publish","type":"product","link":"https:\/\/www.hzc-power.com\/fr\/grappin-hydraulique-pour-mini-pelle-hzc-power-sh361\/","title":{"rendered":"Grappin \u00e0 bois hydraulique pour mini-pelle HZC Power (SH361)"},"content":{"rendered":"<div class=\"wpb-content-wrapper\"><p>[vc_row css=&#8221;.vc_custom_1696422354233{padding-top: 3rem !important;padding-bottom: 3rem !important;}&#8221;][vc_column width=&#8221;1\/2&#8243;][vc_column_text]<\/p>\n<h2>Grappin \u00e0 bois hydraulique pour mini-pelles HZC Power (SH361)<\/h2>\n<p>[\/vc_column_text][vc_empty_space][vc_column_text]Le grappin SH361 est adapt\u00e9 comme accessoire suppl\u00e9mentaire pour nos mini-pelles. Ce grappin est compatible avec la connexion hydraulique de nos machines et convient parfaitement aux travaux avec du bois, des troncs et des broussailles. Le diam\u00e8tre maximal du grappin est de 500 mm lorsqu\u2019il est compl\u00e8tement ouvert. Lorsqu\u2019il est compl\u00e8tement ferm\u00e9, le diam\u00e8tre minimal est de 150 mm.<\/p>\n<p><strong>Le grappin \u00e0 bois est fix\u00e9 au bras de la pelle via ses flexibles hydrauliques en utilisant les connexions hydrauliques suppl\u00e9mentaires.<\/strong><\/p>\n<p>Il est compatible avec tous nos mod\u00e8les de <a href=\"https:\/\/www.hzc-power.com\/forst-landschaftsbau\/bagger\/\">mini-pelles<\/a> HZC Power, avec moteur diesel ou essence.[\/vc_column_text][vc_empty_space][\/vc_column][vc_column width=&#8221;1\/2&#8243;][vc_column_text]<\/p>\n<h2>Dimensions :<\/h2>\n<p>[\/vc_column_text][vc_empty_space][vc_column_text css=&#8221;&#8221;]<\/p>\n<ul>\n<li>Diam\u00e8tre max. : 500 mm<\/li>\n<li>Diam\u00e8tre min. : 150 mm<\/li>\n<li>Charge max. : 120 kg<\/li>\n<li>Poids : 25 kg<\/li>\n<li>Dimensions de l\u2019emballage : <span data-sheets-root=\"1\">600 x 400 x 450 mm<\/span><\/li>\n<li>Diam\u00e8tre max. de l\u2019axe : 25 mm<\/li>\n<li>Largeur du bras de montage : 90 mm<\/li>\n<li>Pression de service max. : 16 MPa<\/li>\n<\/ul>\n<p>[\/vc_column_text][\/vc_column][\/vc_row][vc_row][vc_column][vc_single_image image=&#8221;298099&#8243; img_size=&#8221;large&#8221; alignment=&#8221;center&#8221; css=&#8221;&#8221;][\/vc_column][\/vc_row][vc_row][vc_column]            <div class=\"nasa-static-block\" >\r\n                                <div class=\"nasa-static-block-container\">\r\n                    <style type=\"text\/css\" data-type=\"vc_shortcodes-custom-css\">.vc_custom_1696253521432{margin-top: 2rem !important;margin-bottom: 2rem !important;padding-top: 3rem !important;padding-bottom: 3rem !important;background-color: #505f6b !important;}.vc_custom_1696253530748{padding-right: 1rem !important;padding-left: 1rem !important;}<\/style>[vc_section full_width=\"stretch_row\" css=\".vc_custom_1696253521432{margin-top: 2rem !important;margin-bottom: 2rem !important;padding-top: 3rem !important;padding-bottom: 3rem !important;background-color: #505f6b !important;}\"][vc_row css=\".vc_custom_1696253530748{padding-right: 1rem !important;padding-left: 1rem !important;}\"][vc_column width=\"1\/2\"][vc_column_text]\r\n<h2><span style=\"color: #ffffff;\">Angebot f\u00fcr Ihr HZC Power Produkt<\/span><\/h2>\r\n[\/vc_column_text][vc_empty_space][\/vc_column][vc_column width=\"1\/2\"][vc_column_text]<span style=\"color: #ffffff;\">Bei HZC Power achten wir stets auf h\u00f6chste Qualit\u00e4t, technisch einwandfreie Verarbeitung und eine robuste Konstruktion. Unsere Produkte erhalten Sie teilmontiert per Spedition. Dabei bieten wir Ihnen einen Festpreis f\u00fcr den Versand der automatisch im Warenkorb generiert wird (zus\u00e4tzliche Versandinformationen finden sie <a style=\"color: #ffffff;\" href=\"http:\/\/www.hzc-power.com\/de\/versand\"><strong>hier<\/strong><\/a>).<\/span>\r\n\r\n<span style=\"color: #ffffff;\">Gerne k\u00f6nnen Sie unsere Produkte nach Absprache auch in unserer Zentrale besichtigen oder kostenlos abholen.<\/span>\r\n\r\n<span style=\"color: #ffffff;\">Sollten Sie weitere Fragen zu den einzelnen Modellen haben dann melden Sie sich gerne bei <strong><a style=\"color: #ffffff;\" href=\"http:\/\/www.hzc-power.com\/de\/kontakt\">unserem Kundenservice<\/a><\/strong>. Dieser ber\u00e4t Sie gerne weiter. \u00dcberzeugen Sie sich selbst von unserem Angebot und sichern Sie sich Ihr Produkt in bester Qualit\u00e4t zum besten Preis bei HZC Power.<\/span>[\/vc_column_text][\/vc_column][\/vc_row][\/vc_section]                <\/div>\r\n            <\/div>\r\n            [\/vc_column][\/vc_row][vc_section full_width=&#8221;stretch_row&#8221; css=&#8221;.vc_custom_1696422345098{margin-top: 2rem !important;margin-bottom: 2rem !important;padding-top: 3rem !important;padding-bottom: 3rem !important;background-color: #fafafa !important;}&#8221;][vc_row css=&#8221;.vc_custom_1696422328079{padding-right: 1rem !important;padding-left: 1rem !important;}&#8221;][vc_column][vc_video link=&#8221;https:\/\/youtu.be\/_UESpbHOsns&#8221;][\/vc_column][\/vc_row][\/vc_section]<\/p>\n<\/div>","protected":false},"excerpt":{"rendered":"<p><span style=\"color: #ff0000;\"><strong>Disponible. Les informations relatives au d\u00e9lai de livraison vous seront communiqu\u00e9es apr\u00e8s r\u00e9ception de votre commande par notre <span style=\"color: #9e0000;\"><a style=\"color: #9e0000;\" href=\"\/?product_cat=kontakt\">service client<\/a><\/span>.<\/strong><\/span><\/p>\n<ul>\n<li>Diam\u00e8tre max. : <strong>500 mm<\/strong><\/li>\n<li>Diam\u00e8tre minimum lorsque le grappin est compl\u00e8tement ferm\u00e9 : <strong>150 mm<\/strong><\/li>\n<li>Charge max. : <strong>120 kg<\/strong><\/li>\n<li><strong>Grappin \u00e0 bois hydraulique orientable<\/strong><\/li>\n<li>Parfaitement adapt\u00e9 <strong>aux travaux avec du bois, des troncs et des broussailles<\/strong><\/li>\n<li><strong>Compatible<\/strong> avec toutes nos <a href=\"https:\/\/www.hzc-power.com\/fr\/?attachment_id=22466\">mini-pelles<\/a><\/li>\n<li>Connexion <strong>via des flexibles hydrauliques suppl\u00e9mentaires<\/strong><\/li>\n<li><strong>Flexibles hydrauliques inclus<\/strong><\/li>\n<li>Fabriqu\u00e9 en <strong>acier de haute qualit\u00e9<\/strong><\/li>\n<\/ul>\n<p><a href=\"https:\/\/www.hzc-power.com\/wp-content\/uploads\/2026\/01\/bedienungsanleitung-sh361.pdf\"><span style=\"color: #007bbb;\"><strong>\u2192 T\u00e9l\u00e9charger le manuel de montage SH361<\/strong><\/span><\/a><\/p>\n","protected":false},"featured_media":26716,"comment_status":"closed","ping_status":"closed","template":"","meta":{"inline_featured_image":false},"product_brand":[],"product_cat":[776,787],"class_list":{"0":"post-27035","1":"product","2":"type-product","3":"status-publish","4":"has-post-thumbnail","6":"product_cat-sylviculture-et-amenagement-paysager","7":"product_cat-accessoires-pour-pelles","8":"product_shipping_class-versand-25","10":"first","11":"instock","12":"sale","13":"taxable","14":"shipping-taxable","15":"purchasable","16":"product-type-simple"},"bundled_by":["286874","28618","286838","286423","286497","291162","291202","287614","287611","286531","286553","289572","286930","287007","286958","286882","291231","286933"],"bundle_stock_status":"instock","bundle_stock_quantity":18,"bundle_virtual":false,"bundle_layout":"","bundle_add_to_cart_form_location":"","bundle_editable_in_cart":false,"bundle_sold_individually_context":"","bundle_item_grouping":"","bundle_min_size":"","bundle_max_size":"","bundle_price":[],"bundled_items":[],"bundle_sell_ids":[],"jetpack_sharing_enabled":true,"wcpa_form_fields":null,"_links":{"self":[{"href":"https:\/\/www.hzc-power.com\/fr\/wp-json\/wp\/v2\/product\/27035","targetHints":{"allow":["GET"]}}],"collection":[{"href":"https:\/\/www.hzc-power.com\/fr\/wp-json\/wp\/v2\/product"}],"about":[{"href":"https:\/\/www.hzc-power.com\/fr\/wp-json\/wp\/v2\/types\/product"}],"replies":[{"embeddable":true,"href":"https:\/\/www.hzc-power.com\/fr\/wp-json\/wp\/v2\/comments?post=27035"}],"wp:featuredmedia":[{"embeddable":true,"href":"https:\/\/www.hzc-power.com\/fr\/wp-json\/wp\/v2\/media\/26716"}],"wp:attachment":[{"href":"https:\/\/www.hzc-power.com\/fr\/wp-json\/wp\/v2\/media?parent=27035"}],"wp:term":[{"taxonomy":"product_brand","embeddable":true,"href":"https:\/\/www.hzc-power.com\/fr\/wp-json\/wp\/v2\/product_brand?post=27035"},{"taxonomy":"product_cat","embeddable":true,"href":"https:\/\/www.hzc-power.com\/fr\/wp-json\/wp\/v2\/product_cat?post=27035"}],"curies":[{"name":"wp","href":"https:\/\/api.w.org\/{rel}","templated":true}]}}