{"id":27049,"date":"2021-12-08T07:28:38","date_gmt":"2021-12-08T06:28:38","guid":{"rendered":"https:\/\/www.hzc-power.com\/non%20class\u00e9\/rampe-de-chargement-rail-de-chargement-rampe-avec-capacite-de-charge-de-4t-ra4000\/rampe-de-chargement-rail-de-chargement-rampe-avec-capacite-de-charge-de-4t-ra4000\/"},"modified":"2025-07-28T09:29:36","modified_gmt":"2025-07-28T07:29:36","slug":"rampe-de-chargement-rail-de-chargement-rampe-avec-capacite-de-charge-de-5t-ra4000","status":"publish","type":"product","link":"https:\/\/www.hzc-power.com\/fr\/rampe-de-chargement-rail-de-chargement-rampe-avec-capacite-de-charge-de-5t-ra4000\/","title":{"rendered":"Rail de chargement \/ rampe \/ rampe de chargement avec capacit\u00e9 de charge de 5t (RA4000)"},"content":{"rendered":"<div class=\"wpb-content-wrapper\"><p>[vc_row css=&#8221;.vc_custom_1696422117279{padding-top: 3rem !important;padding-bottom: 3rem !important;}&#8221;][vc_column width=&#8221;1\/2&#8243;][vc_column_text]<\/p>\n<h2>Rail de chargement \/ rampe \/ rampe de chargement avec capacit\u00e9 de charge de 4t (RA4000)<\/h2>\n<p>[\/vc_column_text][vc_empty_space][vc_column_text css_animation=&#8221;none&#8221;]<\/p>\n<p>Le rail de chargement \/ rampe \/ rampe de chargement d&#8217;une capacit\u00e9 de charge de 4 t (RA4000) en aluminium de haute qualit\u00e9 est id\u00e9al pour charger des remorques. Les rampes sont faciles \u00e0 d\u00e9placer et peuvent \u00eatre utilis\u00e9es de mani\u00e8re flexible. Le poids maximum par rampe est de 2 000 kg.<\/p>\n<p>[\/vc_column_text][vc_empty_space][\/vc_column][\/vc_row][vc_row][vc_column]<\/p>\n<ul>\n<li>Dimensions (LxlxH)&nbsp;: 214&#215;30,5&#215;11 cm<\/li>\n<li>Max. Chargement : 2000 kg par rampe<\/li>\n<li>Poids net&nbsp;: 15,5&nbsp;kg<\/li>\n<li>max. Hauteur de chargement&nbsp;: 65&nbsp;cm<\/li>\n<li>Mat\u00e9riau&nbsp;: Aluminium<\/li>\n<li>Sp\u00e9cificit\u00e9&nbsp;: surface de roulement avec profil antid\u00e9rapant, possibilit\u00e9 d&#8217;accrochage<\/li>\n<\/ul>\n<p>[\/vc_column][\/vc_row]<\/p>\n<\/div>","protected":false},"excerpt":{"rendered":"<p><\/p>\n<ul>\n<li>Max. Charge&nbsp;: <strong>2500 kg<\/strong> par rampe<\/li>\n<li><strong>Aluminium<\/strong><\/li>\n<li><strong>Surface de course avec profil antid\u00e9rapant, possibilit\u00e9 d&#8217;accrochage<\/strong><\/li>\n<li>La commande comprend <strong>deux rampes, chacune formant une unit\u00e9<\/strong><\/li>\n<\/ul>\n","protected":false},"featured_media":289204,"comment_status":"open","ping_status":"closed","template":"","meta":{"inline_featured_image":false},"product_brand":[],"product_cat":[776,787,1297],"class_list":{"0":"post-27049","1":"product","2":"type-product","3":"status-publish","4":"has-post-thumbnail","6":"product_cat-sylviculture-et-amenagement-paysager","7":"product_cat-accessoires-pour-pelles","8":"product_cat-rail-de-chargement","9":"product_shipping_class-spedition-15","11":"first","12":"instock","13":"sale","14":"taxable","15":"shipping-taxable","16":"purchasable","17":"product-type-simple"},"bundled_by":["286874","28618","286838","286423","286497","291162","291202","287614","287611","286531","286553","289572","286930","287007","286958","286882","291231","286933","297570"],"bundle_stock_status":"instock","bundle_stock_quantity":48,"bundle_virtual":false,"bundle_layout":"","bundle_add_to_cart_form_location":"","bundle_editable_in_cart":false,"bundle_sold_individually_context":"","bundle_item_grouping":"","bundle_min_size":"","bundle_max_size":"","bundle_price":[],"bundled_items":[],"bundle_sell_ids":[],"jetpack_sharing_enabled":true,"wcpa_form_fields":null,"_links":{"self":[{"href":"https:\/\/www.hzc-power.com\/fr\/wp-json\/wp\/v2\/product\/27049","targetHints":{"allow":["GET"]}}],"collection":[{"href":"https:\/\/www.hzc-power.com\/fr\/wp-json\/wp\/v2\/product"}],"about":[{"href":"https:\/\/www.hzc-power.com\/fr\/wp-json\/wp\/v2\/types\/product"}],"replies":[{"embeddable":true,"href":"https:\/\/www.hzc-power.com\/fr\/wp-json\/wp\/v2\/comments?post=27049"}],"wp:featuredmedia":[{"embeddable":true,"href":"https:\/\/www.hzc-power.com\/fr\/wp-json\/wp\/v2\/media\/289204"}],"wp:attachment":[{"href":"https:\/\/www.hzc-power.com\/fr\/wp-json\/wp\/v2\/media?parent=27049"}],"wp:term":[{"taxonomy":"product_brand","embeddable":true,"href":"https:\/\/www.hzc-power.com\/fr\/wp-json\/wp\/v2\/product_brand?post=27049"},{"taxonomy":"product_cat","embeddable":true,"href":"https:\/\/www.hzc-power.com\/fr\/wp-json\/wp\/v2\/product_cat?post=27049"}],"curies":[{"name":"wp","href":"https:\/\/api.w.org\/{rel}","templated":true}]}}