{"id":27070,"date":"2021-06-24T12:06:20","date_gmt":"2021-06-24T10:06:20","guid":{"rendered":"https:\/\/www.hzc-power.com\/non%20class\u00e9\/rateau-pour-mini-pelle-hzc-power-re5\/rateau-pour-mini-pelle-hzc-power-re5\/"},"modified":"2025-08-19T10:52:52","modified_gmt":"2025-08-19T08:52:52","slug":"rateau-pour-mini-pelle-hzc-power-re5","status":"publish","type":"product","link":"https:\/\/www.hzc-power.com\/fr\/rateau-pour-mini-pelle-hzc-power-re5\/","title":{"rendered":"R\u00e2teau pour mini-pelle HZC Power (RE5)"},"content":{"rendered":"<div class=\"wpb-content-wrapper\"><p>[vc_row css=&#8221;.vc_custom_1696420644022{padding-top: 3rem !important;padding-bottom: 3rem !important;}&#8221;][vc_column width=&#8221;2\/3&#8243;][vc_column_text]<\/p>\n<h2>R\u00e2teau pour mini-pelle HZC Power (RE5)<\/h2>\n<p>[\/vc_column_text][vc_column_text]Le r\u00e2teau pour mini-pelle (RE5) est un accessoire suppl\u00e9mentaire id\u00e9al pour les travaux l\u00e9gers, tels que l&#8217;arrachage de mottes de gazon, l&#8217;ameublissement et la pr\u00e9paration de sols.<br \/>\net niveler le sol et pour pr\u00e9parer les plantations ou les pelouses.<br \/>\nPour les travaux grossiers et exigeants, nous recommandons notre r\u00e2teau arracheur. L&#8217;arracheuse est compatible avec tous les mod\u00e8les HZC Power : pelles araign\u00e9es (BZR520K), pelles \u00e0 4 roues (BVR600K), nos mini-pelles \u00e0 moteur essence et diesel (DKB880, DKB881, DKB881S, BKB850K, BKB851K, DKB941, BKB941, DKB879, SDKB790, SBKB765K, EBKB810K).[\/vc_column_text][vc_empty_space][\/vc_column][\/vc_row][vc_row][vc_column][accordion_father][accordion_son title_padding=&#8221;17&#8243; title=&#8221;Details&#8221; bgclr=&#8221;#f7f7f7&#8243;]<\/p>\n<ul>\n<li>Arbeitsbreite:\u00a0<strong>47cm<\/strong><\/li>\n<li>Ma\u00dfe:\u00a0<strong>47cm<\/strong>\u00a0x\u00a0<strong>40cm<\/strong>\u00a0x\u00a0<strong>10cm<\/strong><\/li>\n<li>Herstellung aus\u00a0<strong>hochwertigem Stahl<\/strong><\/li>\n<\/ul>\n<p>[\/accordion_son][\/accordion_father][accordion_father][accordion_son title_padding=&#8221;17&#8243; title=&#8221;Lieferhinweise&#8221; bgclr=&#8221;#f7f7f7&#8243;]Bei HZC Power achten wir stets auf h\u00f6chste Qualit\u00e4t, technisch einwandfreie Verarbeitung und eine robuste Konstruktion. Unsere Produkte erhalten Sie teilmontiert per Spedition. Dabei bieten wir Ihnen einen Festpreis f\u00fcr den Versand der automatisch im Warenkorb generiert wird (zus\u00e4tzliche Versandinformationen finden sie\u00a0<a href=\"http:\/\/www.hzc-power.com\/de\/versand\"><strong>hier<\/strong><\/a>). Gerne k\u00f6nnen Sie unsere Produkte nach Absprache auch in unserer Zentrale besichtigen oder kostenlos abholen.[\/accordion_son][\/accordion_father][\/vc_column][\/vc_row]<\/p>\n<\/div>","protected":false},"excerpt":{"rendered":"<p>&nbsp;<\/p>\n<ul>\n<li>Largeur de travail :<strong> 47cm<\/strong><\/li>\n<li>dimensions : <strong>47cm x 40cm x 10cm<\/strong><\/li>\n<li><strong>compatible avec toutes nos mini-pelles (DKB880, DKB881, DKB881S, BKB850K, BKB851K, BVR600K, BZR520K, DKB941, BKB941, DKB879, SDKB790, SBKB765K, EBKB810K)<\/strong><\/li>\n<\/ul>\n","protected":false},"featured_media":291375,"comment_status":"open","ping_status":"closed","template":"","meta":{"inline_featured_image":false},"product_brand":[],"product_cat":[787,776],"class_list":{"0":"post-27070","1":"product","2":"type-product","3":"status-publish","4":"has-post-thumbnail","6":"product_cat-accessoires-pour-pelles","7":"product_cat-sylviculture-et-amenagement-paysager","8":"product_shipping_class-versand-1","10":"first","11":"instock","12":"sale","13":"taxable","14":"shipping-taxable","15":"purchasable","16":"product-type-simple"},"bundled_by":["291231","286933","297570"],"bundle_stock_status":"instock","bundle_stock_quantity":18,"bundle_virtual":false,"bundle_layout":"","bundle_add_to_cart_form_location":"","bundle_editable_in_cart":false,"bundle_sold_individually_context":"","bundle_item_grouping":"","bundle_min_size":"","bundle_max_size":"","bundle_price":[],"bundled_items":[],"bundle_sell_ids":[],"jetpack_sharing_enabled":true,"wcpa_form_fields":null,"_links":{"self":[{"href":"https:\/\/www.hzc-power.com\/fr\/wp-json\/wp\/v2\/product\/27070","targetHints":{"allow":["GET"]}}],"collection":[{"href":"https:\/\/www.hzc-power.com\/fr\/wp-json\/wp\/v2\/product"}],"about":[{"href":"https:\/\/www.hzc-power.com\/fr\/wp-json\/wp\/v2\/types\/product"}],"replies":[{"embeddable":true,"href":"https:\/\/www.hzc-power.com\/fr\/wp-json\/wp\/v2\/comments?post=27070"}],"wp:featuredmedia":[{"embeddable":true,"href":"https:\/\/www.hzc-power.com\/fr\/wp-json\/wp\/v2\/media\/291375"}],"wp:attachment":[{"href":"https:\/\/www.hzc-power.com\/fr\/wp-json\/wp\/v2\/media?parent=27070"}],"wp:term":[{"taxonomy":"product_brand","embeddable":true,"href":"https:\/\/www.hzc-power.com\/fr\/wp-json\/wp\/v2\/product_brand?post=27070"},{"taxonomy":"product_cat","embeddable":true,"href":"https:\/\/www.hzc-power.com\/fr\/wp-json\/wp\/v2\/product_cat?post=27070"}],"curies":[{"name":"wp","href":"https:\/\/api.w.org\/{rel}","templated":true}]}}