{"id":27080,"date":"2021-06-10T15:01:26","date_gmt":"2021-06-10T13:01:26","guid":{"rendered":"https:\/\/www.hzc-power.com\/non%20class\u00e9\/jeu-de-pelles-pour-mini-pelle-hzc-power-setb4\/jeu-de-pelles-pour-mini-pelle-hzc-power-setb4\/"},"modified":"2026-01-22T12:30:49","modified_gmt":"2026-01-22T11:30:49","slug":"jeu-de-pelles-pour-mini-pelle-hzc-power-setb4","status":"publish","type":"product","link":"https:\/\/www.hzc-power.com\/fr\/jeu-de-pelles-pour-mini-pelle\/","title":{"rendered":"Jeu de pelles pour mini-pelle HZC Power (SETB4)"},"content":{"rendered":"<div class=\"wpb-content-wrapper\"><p>[vc_row css=&#8221;.vc_custom_1696430083599{padding-top: 3rem !important;padding-bottom: 3rem !important;}&#8221;][vc_column width=&#8221;2\/3&#8243;][vc_column_text]<\/p>\n<h2>Jeu de pelles pour mini-pelle HZC Power (SETB4)<\/h2>\n<p>[\/vc_column_text][vc_empty_space][vc_column_text]Le jeu de pelles SETB4 convient comme accessoire pour nos mini-pelles \u00e0 moteur essence. Il convient aux mod\u00e8les HZC Power suivants : pelles araign\u00e9es (BZR520K, BZR520), pelles \u00e0 4 roues (BVR600K, BVR600) et nos mini-pelles \u00e0 moteur essence et sur chenilles (BKB850K, BKB851K, BKB850, BKB851). Gr\u00e2ce \u00e0 notre syst\u00e8me de changement rapide HZC Power, le changement d&#8217;accessoires est facile (la pince SH360 est exclue du syst\u00e8me de changement rapide). Attention : ce kit est d\u00e9j\u00e0 inclus dans la livraison des mod\u00e8les BKB850 et BKB851 et ne doit pas \u00eatre command\u00e9 s\u00e9par\u00e9ment !<\/p>\n<p>Le SETB4 comprend le ripper de 250 mm de long (BRZ25), le godet de 200 mm de large (BBS200), le godet de tranch\u00e9e de 610 mm de large (BBS610) et la benne (SH360).<br \/>\n[\/vc_column_text][\/vc_column][\/vc_row][vc_row][vc_column]            <div class=\"nasa-static-block\" >\r\n                                <div class=\"nasa-static-block-container\">\r\n                    <style type=\"text\/css\" data-type=\"vc_shortcodes-custom-css\">.vc_custom_1696253521432{margin-top: 2rem !important;margin-bottom: 2rem !important;padding-top: 3rem !important;padding-bottom: 3rem !important;background-color: #505f6b !important;}.vc_custom_1696253530748{padding-right: 1rem !important;padding-left: 1rem !important;}<\/style>[vc_section full_width=\"stretch_row\" css=\".vc_custom_1696253521432{margin-top: 2rem !important;margin-bottom: 2rem !important;padding-top: 3rem !important;padding-bottom: 3rem !important;background-color: #505f6b !important;}\"][vc_row css=\".vc_custom_1696253530748{padding-right: 1rem !important;padding-left: 1rem !important;}\"][vc_column width=\"1\/2\"][vc_column_text]\r\n<h2><span style=\"color: #ffffff;\">Offre pour votre produit HZC Power<\/span><\/h2>\r\n[\/vc_column_text][vc_empty_space][\/vc_column][vc_column width=\"1\/2\"][vc_column_text]<span style=\"color: #ffffff;\">Chez HZC Power, nous pr\u00eatons toujours attention \u00e0 la plus haute qualit\u00e9, \u00e0 une finition techniquement irr\u00e9prochable et \u00e0 une construction robuste. Vous recevez nos produits partiellement assembl\u00e9s par une compagnie maritime. Nous vous proposons un prix d'exp\u00e9dition fixe qui est automatiquement g\u00e9n\u00e9r\u00e9 dans le panier (des informations d'exp\u00e9dition suppl\u00e9mentaires peuvent \u00eatre trouv\u00e9es <strong>ici<\/strong>).<\/span>\r\n\r\n<span style=\"color: #ffffff;\">Vous \u00eates invit\u00e9s \u00e0 voir nos produits \u00e0 notre si\u00e8ge social apr\u00e8s arrangement ou \u00e0 les r\u00e9cup\u00e9rer gratuitement.<\/span>\r\n\r\n<span style=\"color: #ffffff;\">Si vous avez d'autres questions sur les diff\u00e9rents mod\u00e8les, n'h\u00e9sitez pas \u00e0 contacter <strong>notre service client<\/strong>. Il se fera un plaisir de vous conseiller davantage. Laissez-vous convaincre par notre offre et assurez votre produit de la meilleure qualit\u00e9 au meilleur prix chez HZC Power.<\/span>[\/vc_column_text][\/vc_column][\/vc_row][\/vc_section]                <\/div>\r\n            <\/div>\r\n            [\/vc_column][\/vc_row][vc_row css=&#8221;.vc_custom_1696430075026{padding-top: 3rem !important;padding-bottom: 3rem !important;}&#8221;][vc_column width=&#8221;1\/2&#8243;][vc_column_text]<\/p>\n<h2>Donn\u00e9es techniques<\/h2>\n<p>[\/vc_column_text][vc_empty_space][vc_column_text]<\/p>\n<ul>\n<li>Dimensions\u00a0: 160x110x250\u00a0mm<\/li>\n<li>Longueur du croc\u00a0: 250\u00a0mm<\/li>\n<li>Dimensions int\u00e9rieures (largeur) du support\u00a0: 93\u00a0mm<\/li>\n<li>Distance entre les deux points de montage\u00a0: 90\u00a0mm<\/li>\n<\/ul>\n<p>[\/vc_column_text][vc_empty_space][vc_column_text]<\/p>\n<h2>Dimensions de la pince (SH360)\u00a0:<\/h2>\n<p>[\/vc_column_text][vc_empty_space][vc_column_text]<\/p>\n<ul>\n<li>Dimensions\u00a0: 420x350x360-850\u00a0mm<\/li>\n<li>Largeur c\u00f4t\u00e9 deux dents\u00a0: 210\u00a0mm<\/li>\n<li>Largeur c\u00f4t\u00e9 trois dents\u00a0: 350\u00a0mm<\/li>\n<li>Longueur (enti\u00e8rement ouvert)\u00a0: 850\u00a0mm<\/li>\n<\/ul>\n<p>[\/vc_column_text][vc_empty_space][\/vc_column][vc_column width=&#8221;1\/2&#8243;][vc_column_text]<\/p>\n<h2>Dimensions du godet d&#8217;une largeur de 200\u00a0mm (BBS200)\u00a0:<\/h2>\n<p>[\/vc_column_text][vc_empty_space][vc_column_text]<\/p>\n<ul>\n<li>Dimensions\u00a0: 340x530x200\u00a0mm<\/li>\n<li>Largeur de pelle\u00a0: 200\u00a0mm<\/li>\n<li>Dimensions int\u00e9rieures (largeur) du support\u00a0: 93\u00a0mm<\/li>\n<li>Diam\u00e8tre d&#8217;enregistrement\u00a0: 20\u00a0mm<\/li>\n<li>Distance entre les deux points de montage\u00a0: 90\u00a0mm<\/li>\n<\/ul>\n<p>[\/vc_column_text][vc_empty_space][vc_column_text]<\/p>\n<h2>Dimensions de la pelle \u00e0 tranch\u00e9e d&#8217;une largeur de 610\u00a0mm (BBS610)\u00a0:<\/h2>\n<p>[\/vc_column_text][vc_empty_space][vc_column_text]<\/p>\n<ul>\n<li>Dimensions\u00a0: 340x450x610\u00a0mm<\/li>\n<li>Largeur du godet\u00a0: 610\u00a0mm<\/li>\n<li>Dimensions int\u00e9rieures (largeur) du support\u00a0: 93\u00a0mm<\/li>\n<li>Diam\u00e8tre d&#8217;enregistrement\u00a0: 20\u00a0mm<\/li>\n<li>Distance entre les deux points de montage\u00a0: 90\u00a0mm<\/li>\n<\/ul>\n<p>[\/vc_column_text][\/vc_column][\/vc_row][vc_section full_width=&#8221;stretch_row&#8221; css=&#8221;.vc_custom_1696430056072{margin-top: 2rem !important;margin-bottom: 2rem !important;padding-top: 3rem !important;padding-bottom: 3rem !important;background-color: #fafafa !important;}&#8221;][vc_row css=&#8221;.vc_custom_1696430065543{padding-right: 1rem !important;padding-left: 1rem !important;}&#8221;][vc_column][vc_column_text]<\/p>\n<h2 style=\"text-align: center;\">VID\u00c9OS POUR SETB4<\/h2>\n<p>[\/vc_column_text][vc_empty_space][vc_row_inner][vc_column_inner width=&#8221;1\/2&#8243;][vc_column_text]<div class=\"lyte-wrapper\" title=\"Montage des Greifers (SH360) an einen HZC Power Minibagger\" style=\"width:640px;max-width:100%;margin:5px auto;\"><div class=\"lyMe\" id=\"WYL_6AaYmPalbCg\"><div id=\"lyte_6AaYmPalbCg\" data-src=\"https:\/\/www.hzc-power.com\/wp-content\/plugins\/wp-youtube-lyte\/lyteCache.php?origThumbUrl=https%3A%2F%2Fi.ytimg.com%2Fvi%2F6AaYmPalbCg%2Fhqdefault.jpg\" class=\"pL\"><div class=\"tC\"><div class=\"tT\">Montage des Greifers (SH360) an einen HZC Power Minibagger<\/div><\/div><div class=\"play\"><\/div><div class=\"ctrl\"><div class=\"Lctrl\"><\/div><div class=\"Rctrl\"><\/div><\/div><\/div><noscript><a href=\"https:\/\/youtu.be\/6AaYmPalbCg\" rel=\"nofollow noopener\" target=\"_blank\"><img loading=\"lazy\" decoding=\"async\" src=\"https:\/\/www.hzc-power.com\/wp-content\/plugins\/wp-youtube-lyte\/lyteCache.php?origThumbUrl=https%3A%2F%2Fi.ytimg.com%2Fvi%2F6AaYmPalbCg%2F0.jpg\" alt=\"Montage des Greifers (SH360) an einen HZC Power Minibagger\" width=\"640\" height=\"340\" \/><br \/>Lire cette vid\u00e9o sur YouTube<\/a><\/noscript><\/div><\/div><div class=\"lL\" style=\"max-width:100%;width:640px;margin:5px auto;\"><\/div>[\/vc_column_text][\/vc_column_inner][vc_column_inner width=&#8221;1\/2&#8243;][vc_column_text]<div class=\"lyte-wrapper\" title=\"Schnellwechsler f&uuml;r HZC Power Minibagger\" style=\"width:640px;max-width:100%;margin:5px auto;\"><div class=\"lyMe\" id=\"WYL_qEtsVJF9Kt8\"><div id=\"lyte_qEtsVJF9Kt8\" data-src=\"https:\/\/www.hzc-power.com\/wp-content\/plugins\/wp-youtube-lyte\/lyteCache.php?origThumbUrl=https%3A%2F%2Fi.ytimg.com%2Fvi%2FqEtsVJF9Kt8%2Fhqdefault.jpg\" class=\"pL\"><div class=\"tC\"><div class=\"tT\">Schnellwechsler f\u00fcr HZC Power Minibagger<\/div><\/div><div class=\"play\"><\/div><div class=\"ctrl\"><div class=\"Lctrl\"><\/div><div class=\"Rctrl\"><\/div><\/div><\/div><noscript><a href=\"https:\/\/youtu.be\/qEtsVJF9Kt8\" rel=\"nofollow noopener\" target=\"_blank\"><img loading=\"lazy\" decoding=\"async\" src=\"https:\/\/www.hzc-power.com\/wp-content\/plugins\/wp-youtube-lyte\/lyteCache.php?origThumbUrl=https%3A%2F%2Fi.ytimg.com%2Fvi%2FqEtsVJF9Kt8%2F0.jpg\" alt=\"Schnellwechsler f&uuml;r HZC Power Minibagger\" width=\"640\" height=\"340\" \/><br \/>Lire cette vid\u00e9o sur YouTube<\/a><\/noscript><\/div><\/div><div class=\"lL\" style=\"max-width:100%;width:640px;margin:5px auto;\"><\/div>[\/vc_column_text][\/vc_column_inner][\/vc_row_inner][\/vc_column][\/vc_row][\/vc_section]<\/p>\n<\/div>","protected":false},"excerpt":{"rendered":"<ul>\n<li>Jeu de pelles compos\u00e9 de 4 accessoires diff\u00e9rents<\/li>\n<li>Compatible avec nos pelles araign\u00e9es (BZR520K &amp; BZR520)<\/li>\n<li>Compatible avec nos pelles 4 roues (BVR600K &amp; BVR600)<\/li>\n<li>Compatible avec nos mini pelles \u00e0 moteur essence (BKB850K, BKB851K, BKB850, BKB851)<\/li>\n<li>Compatible avec nos mini pelles \u00e0 moteur diesel (DKB880, DKB881<\/li>\n<\/ul>\n","protected":false},"featured_media":290447,"comment_status":"open","ping_status":"closed","template":"","meta":{"inline_featured_image":false},"product_brand":[],"product_cat":[787,776],"class_list":{"0":"post-27080","1":"product","2":"type-product","3":"status-publish","4":"has-post-thumbnail","6":"product_cat-accessoires-pour-pelles","7":"product_cat-sylviculture-et-amenagement-paysager","8":"product_shipping_class-versand-25","10":"first","11":"instock","12":"sale","13":"taxable","14":"shipping-taxable","15":"purchasable","16":"product-type-simple"},"bundled_by":[],"bundle_stock_status":"instock","bundle_stock_quantity":null,"bundle_virtual":false,"bundle_layout":"","bundle_add_to_cart_form_location":"","bundle_editable_in_cart":false,"bundle_sold_individually_context":"","bundle_item_grouping":"","bundle_min_size":"","bundle_max_size":"","bundle_price":[],"bundled_items":[],"bundle_sell_ids":[],"jetpack_sharing_enabled":true,"wcpa_form_fields":null,"_links":{"self":[{"href":"https:\/\/www.hzc-power.com\/fr\/wp-json\/wp\/v2\/product\/27080","targetHints":{"allow":["GET"]}}],"collection":[{"href":"https:\/\/www.hzc-power.com\/fr\/wp-json\/wp\/v2\/product"}],"about":[{"href":"https:\/\/www.hzc-power.com\/fr\/wp-json\/wp\/v2\/types\/product"}],"replies":[{"embeddable":true,"href":"https:\/\/www.hzc-power.com\/fr\/wp-json\/wp\/v2\/comments?post=27080"}],"wp:featuredmedia":[{"embeddable":true,"href":"https:\/\/www.hzc-power.com\/fr\/wp-json\/wp\/v2\/media\/290447"}],"wp:attachment":[{"href":"https:\/\/www.hzc-power.com\/fr\/wp-json\/wp\/v2\/media?parent=27080"}],"wp:term":[{"taxonomy":"product_brand","embeddable":true,"href":"https:\/\/www.hzc-power.com\/fr\/wp-json\/wp\/v2\/product_brand?post=27080"},{"taxonomy":"product_cat","embeddable":true,"href":"https:\/\/www.hzc-power.com\/fr\/wp-json\/wp\/v2\/product_cat?post=27080"}],"curies":[{"name":"wp","href":"https:\/\/api.w.org\/{rel}","templated":true}]}}