{"id":27083,"date":"2021-06-22T15:15:01","date_gmt":"2021-06-22T13:15:01","guid":{"rendered":"https:\/\/www.hzc-power.com\/non%20class\u00e9\/grabber-pour-mini-pelle-hzc-power-sh360\/grabber-pour-mini-pelle-hzc-power-sh360\/"},"modified":"2026-05-04T16:06:26","modified_gmt":"2026-05-04T14:06:26","slug":"grabber-pour-mini-pelle-hzc-power-sh360","status":"publish","type":"product","link":"https:\/\/www.hzc-power.com\/fr\/grabber-pour-mini-pelle-hzc-power-sh360\/","title":{"rendered":"Grappin pour mini-pelles HZC Power (SH360)"},"content":{"rendered":"<div class=\"wpb-content-wrapper\"><p>[vc_row css=&#8221;.vc_custom_1696422354233{padding-top: 3rem !important;padding-bottom: 3rem !important;}&#8221;][vc_column width=&#8221;1\/2&#8243;][vc_column_text]<\/p>\n<h2>Grappin pour mini-pelles HZC Power (SH360)<\/h2>\n<p>[\/vc_column_text][vc_empty_space][vc_column_text]Le grappin SH360 est un accessoire pour nos mini-pelles. Il est compatible avec toutes nos pelles et parfaitement adapt\u00e9 aux travaux avec du bois, des troncs et des broussailles. Le grappin a une ouverture de 850 mm lorsqu\u2019il est enti\u00e8rement ouvert. Pour l\u2019installation, il est n\u00e9cessaire de retirer l\u2019attache rapide.<\/p>\n<p>Compatible avec tous nos mod\u00e8les de <a href=\"https:\/\/www.hzc-power.com\/fr\/?attachment_id=22466\">mini-pelles<\/a> HZC Power, avec moteur diesel ou essence.[\/vc_column_text][vc_empty_space][\/vc_column][\/vc_row][vc_section full_width=&#8221;stretch_row&#8221; css=&#8221;.vc_custom_1696422345098{margin-top: 2rem !important;margin-bottom: 2rem !important;padding-top: 3rem !important;padding-bottom: 3rem !important;background-color: #fafafa !important;}&#8221;][vc_row][vc_column][accordion_father][accordion_son title_padding=&#8221;17&#8243; title=&#8221;Dimensions&#8221; bgclr=&#8221;#f7f7f7&#8243;]<\/p>\n<ul>\n<li>Dimensions : 420 x 350 x 360\u2013850 mm<\/li>\n<li>Largeur c\u00f4t\u00e9 avec deux dents : 210 mm<\/li>\n<li>Largeur c\u00f4t\u00e9 avec trois dents : 350 mm<\/li>\n<li>Longueur (enti\u00e8rement ouvert) : 850 mm<\/li>\n<\/ul>\n<p>[\/accordion_son][\/accordion_father][accordion_father][accordion_son title_padding=&#8221;17&#8243; title=&#8221;Informations de livraison&#8221; bgclr=&#8221;#f7f7f7&#8243;]Chez HZC Power, nous accordons une grande importance \u00e0 la qualit\u00e9 maximale, \u00e0 une fabrication techniquement irr\u00e9prochable et \u00e0 une construction robuste. Nos produits sont livr\u00e9s partiellement assembl\u00e9s par transporteur. Nous proposons un tarif d\u2019exp\u00e9dition fixe automatiquement calcul\u00e9 dans le panier (vous trouverez des informations suppl\u00e9mentaires sur la livraison <a href=\"\/?product_cat=versand\"><strong>ici<\/strong><\/a>). Vous pouvez \u00e9galement visiter nos produits sur rendez-vous \u00e0 notre si\u00e8ge ou les retirer gratuitement.[\/accordion_son][\/accordion_father][\/vc_column][\/vc_row][vc_row][vc_column][vc_empty_space][\/vc_column][\/vc_row][vc_row css=&#8221;.vc_custom_1696422328079{padding-right: 1rem !important;padding-left: 1rem !important;}&#8221;][vc_column][vc_column_text]<\/p>\n<h2 style=\"text-align: center;\">Vid\u00e9os du grappin<\/h2>\n<p>[\/vc_column_text][vc_empty_space][vc_column_text]<\/p>\n<p style=\"text-align: center;\"><div class=\"lyte-wrapper\" title=\"Montage des Greifers (SH360) an einen HZC Power Minibagger\" style=\"width:640px;max-width:100%;margin:5px auto;\"><div class=\"lyMe\" id=\"WYL_6AaYmPalbCg\"><div id=\"lyte_6AaYmPalbCg\" data-src=\"https:\/\/www.hzc-power.com\/wp-content\/plugins\/wp-youtube-lyte\/lyteCache.php?origThumbUrl=https%3A%2F%2Fi.ytimg.com%2Fvi%2F6AaYmPalbCg%2Fhqdefault.jpg\" class=\"pL\"><div class=\"tC\"><div class=\"tT\">Montage des Greifers (SH360) an einen HZC Power Minibagger<\/div><\/div><div class=\"play\"><\/div><div class=\"ctrl\"><div class=\"Lctrl\"><\/div><div class=\"Rctrl\"><\/div><\/div><\/div><noscript><a href=\"https:\/\/youtu.be\/6AaYmPalbCg\" rel=\"nofollow noopener\" target=\"_blank\"><img loading=\"lazy\" decoding=\"async\" src=\"https:\/\/www.hzc-power.com\/wp-content\/plugins\/wp-youtube-lyte\/lyteCache.php?origThumbUrl=https%3A%2F%2Fi.ytimg.com%2Fvi%2F6AaYmPalbCg%2F0.jpg\" alt=\"Montage des Greifers (SH360) an einen HZC Power Minibagger\" width=\"640\" height=\"340\" \/><br \/>Lire cette vid\u00e9o sur YouTube<\/a><\/noscript><\/div><\/div><div class=\"lL\" style=\"max-width:100%;width:640px;margin:5px auto;\"><\/div>\n<p>[\/vc_column_text][\/vc_column][\/vc_row][\/vc_section]<\/p>\n<\/div>","protected":false},"excerpt":{"rendered":"<p><span style=\"color: #ff0000;\"><strong>Disponible d\u00e8s maintenant. Commandez votre accessoire \u00e0 temps pour votre projet. Les informations sur les d\u00e9lais de livraison vous seront communiqu\u00e9es apr\u00e8s r\u00e9ception de votre commande via notre <span style=\"color: #9e0000;\"><a style=\"color: #9e0000;\" href=\"\/?product_cat=kontakt\">service client<\/a><\/span>.<\/strong><\/span><\/p>\n<ul>\n<li>Largeur (enti\u00e8rement ouvert) : <strong>850 mm<\/strong><\/li>\n<li><strong>Compatible<\/strong> avec toutes nos <a href=\"https:\/\/www.hzc-power.com\/fr\/?attachment_id=22466\">mini-pelles<\/a><\/li>\n<li>Fabriqu\u00e9 en <strong>acier de haute qualit\u00e9<\/strong><\/li>\n<\/ul>\n<p><span style=\"color: #007bbb;\"><a style=\"color: #007bbb;\" href=\"https:\/\/www.hzc-power.com\/wp-content\/uploads\/2026\/01\/bedienungsanleitung-sh360.pdf\"><strong>\u2192<\/strong><\/a><a style=\"color: #007bbb;\" href=\"https:\/\/www.hzc-power.com\/wp-content\/uploads\/2026\/01\/bedienungsanleitung-sh360.pdf\"><strong> T\u00e9l\u00e9charger le manuel de montage SH360<\/strong><\/a><\/span><\/p>\n","protected":false},"featured_media":21618,"comment_status":"closed","ping_status":"closed","template":"","meta":{"inline_featured_image":false},"product_brand":[],"product_cat":[787,776],"class_list":{"0":"post-27083","1":"product","2":"type-product","3":"status-publish","4":"has-post-thumbnail","6":"product_cat-accessoires-pour-pelles","7":"product_cat-sylviculture-et-amenagement-paysager","8":"product_shipping_class-spedition-2-palettengabeln-anbauteile","10":"first","11":"instock","12":"sale","13":"taxable","14":"shipping-taxable","15":"purchasable","16":"product-type-simple"},"bundled_by":["286874","28618","286838","286423","286497","291162","291202","287614","287611","289572","286930","287007","286958","286882","291231","286933","286553","286531"],"bundle_stock_status":"instock","bundle_stock_quantity":8,"bundle_virtual":false,"bundle_layout":"","bundle_add_to_cart_form_location":"","bundle_editable_in_cart":false,"bundle_sold_individually_context":"","bundle_item_grouping":"","bundle_min_size":"","bundle_max_size":"","bundle_price":[],"bundled_items":[],"bundle_sell_ids":[],"jetpack_sharing_enabled":true,"wcpa_form_fields":null,"_links":{"self":[{"href":"https:\/\/www.hzc-power.com\/fr\/wp-json\/wp\/v2\/product\/27083","targetHints":{"allow":["GET"]}}],"collection":[{"href":"https:\/\/www.hzc-power.com\/fr\/wp-json\/wp\/v2\/product"}],"about":[{"href":"https:\/\/www.hzc-power.com\/fr\/wp-json\/wp\/v2\/types\/product"}],"replies":[{"embeddable":true,"href":"https:\/\/www.hzc-power.com\/fr\/wp-json\/wp\/v2\/comments?post=27083"}],"wp:featuredmedia":[{"embeddable":true,"href":"https:\/\/www.hzc-power.com\/fr\/wp-json\/wp\/v2\/media\/21618"}],"wp:attachment":[{"href":"https:\/\/www.hzc-power.com\/fr\/wp-json\/wp\/v2\/media?parent=27083"}],"wp:term":[{"taxonomy":"product_brand","embeddable":true,"href":"https:\/\/www.hzc-power.com\/fr\/wp-json\/wp\/v2\/product_brand?post=27083"},{"taxonomy":"product_cat","embeddable":true,"href":"https:\/\/www.hzc-power.com\/fr\/wp-json\/wp\/v2\/product_cat?post=27083"}],"curies":[{"name":"wp","href":"https:\/\/api.w.org\/{rel}","templated":true}]}}