{"id":27097,"date":"2021-06-11T13:10:27","date_gmt":"2021-06-11T11:10:27","guid":{"rendered":"https:\/\/www.hzc-power.com\/non%20class\u00e9\/pelle-de-tranchee-dune-largeur-de-610-mm-pour-mini-pelle-hzc-power-bbs610\/pelle-de-tranchee-dune-largeur-de-610-mm-pour-mini-pelle-hzc-power-bbs610\/"},"modified":"2025-01-02T23:00:52","modified_gmt":"2025-01-02T22:00:52","slug":"pelle-de-tranchee-dune-largeur-de-610-mm-pour-mini-pelle-hzc-power-bbs610","status":"publish","type":"product","link":"https:\/\/www.hzc-power.com\/fr\/pelle-de-tranchee-dune-largeur-de-610-mm-pour-mini-pelle-hzc-power-bbs610\/","title":{"rendered":"Pelle de tranch\u00e9e d&#8217;une largeur de 610 mm pour mini-pelle HZC Power (BBS610)"},"content":{"rendered":"<div class=\"wpb-content-wrapper\"><p>[vc_row css=&#8221;.vc_custom_1696421734791{padding-top: 3rem !important;padding-bottom: 3rem !important;}&#8221;][vc_column width=&#8221;1\/2&#8243;][vc_column_text]<\/p>\n<h2>Godet de tranch\u00e9e \u00e0 attache rapide d&#8217;une largeur de 610 mm pour mini-pelle HZC Power (BBS610)<\/h2>\n<p>[\/vc_column_text][vc_empty_space][vc_column_text]Le godet de pelle BBS610 est un godet suppl\u00e9mentaire pour nos mini-pelles \u00e0 moteur \u00e0 essence. La largeur du godet est de 610 mm, ce qui en fait l&#8217;un des godets les plus larges de notre gamme. Elle convient \u00e0 tous nos mod\u00e8les HZC Power \u00e0 moteur diesel et \u00e0 moteur \u00e0 essence (DKB880, DKB881, DKB881S, BKB850K, BKB851K, BVR600K, BZR520K, DKB941, BKB941, DKB879, SDKB790, SBKB765K, EBKB810K). Gr\u00e2ce \u00e0 notre syst\u00e8me de changement rapide HZC Power, le changement d&#8217;accessoire est facile \u00e0 mettre en \u0153uvre.[\/vc_column_text][\/vc_column][vc_column width=&#8221;1\/2&#8243;][vc_column_text]<\/p>\n<h2>Dimensions\u00a0:<\/h2>\n<p>[\/vc_column_text][vc_empty_space][vc_column_text]<\/p>\n<ul>\n<li>Dimensions\u00a0: 340x450x610\u00a0mm<\/li>\n<li>Largeur du godet\u00a0: 610\u00a0mm<\/li>\n<li>Dimensions int\u00e9rieures (largeur) du support\u00a0: 93\u00a0mm<\/li>\n<li>Diam\u00e8tre d&#8217;enregistrement\u00a0: 20\u00a0mm<\/li>\n<li>Distance entre les deux points de montage\u00a0: 90\u00a0mm<\/li>\n<\/ul>\n<p>[\/vc_column_text][vc_gallery interval=&#8221;3&#8243; images=&#8221;287380&#8243;][\/vc_column][\/vc_row][vc_row][vc_column]            <div class=\"nasa-static-block\" >\r\n                                <div class=\"nasa-static-block-container\">\r\n                    <style type=\"text\/css\" data-type=\"vc_shortcodes-custom-css\">.vc_custom_1696253521432{margin-top: 2rem !important;margin-bottom: 2rem !important;padding-top: 3rem !important;padding-bottom: 3rem !important;background-color: #505f6b !important;}.vc_custom_1696253530748{padding-right: 1rem !important;padding-left: 1rem !important;}<\/style>[vc_section full_width=\"stretch_row\" css=\".vc_custom_1696253521432{margin-top: 2rem !important;margin-bottom: 2rem !important;padding-top: 3rem !important;padding-bottom: 3rem !important;background-color: #505f6b !important;}\"][vc_row css=\".vc_custom_1696253530748{padding-right: 1rem !important;padding-left: 1rem !important;}\"][vc_column width=\"1\/2\"][vc_column_text]\r\n<h2><span style=\"color: #ffffff;\">Offre pour votre produit HZC Power<\/span><\/h2>\r\n[\/vc_column_text][vc_empty_space][\/vc_column][vc_column width=\"1\/2\"][vc_column_text]<span style=\"color: #ffffff;\">Chez HZC Power, nous pr\u00eatons toujours attention \u00e0 la plus haute qualit\u00e9, \u00e0 une finition techniquement irr\u00e9prochable et \u00e0 une construction robuste. Vous recevez nos produits partiellement assembl\u00e9s par une compagnie maritime. Nous vous proposons un prix d'exp\u00e9dition fixe qui est automatiquement g\u00e9n\u00e9r\u00e9 dans le panier (des informations d'exp\u00e9dition suppl\u00e9mentaires peuvent \u00eatre trouv\u00e9es <strong>ici<\/strong>).<\/span>\r\n\r\n<span style=\"color: #ffffff;\">Vous \u00eates invit\u00e9s \u00e0 voir nos produits \u00e0 notre si\u00e8ge social apr\u00e8s arrangement ou \u00e0 les r\u00e9cup\u00e9rer gratuitement.<\/span>\r\n\r\n<span style=\"color: #ffffff;\">Si vous avez d'autres questions sur les diff\u00e9rents mod\u00e8les, n'h\u00e9sitez pas \u00e0 contacter <strong>notre service client<\/strong>. Il se fera un plaisir de vous conseiller davantage. Laissez-vous convaincre par notre offre et assurez votre produit de la meilleure qualit\u00e9 au meilleur prix chez HZC Power.<\/span>[\/vc_column_text][\/vc_column][\/vc_row][\/vc_section]                <\/div>\r\n            <\/div>\r\n            [\/vc_column][\/vc_row][vc_section full_width=&#8221;stretch_row&#8221; css=&#8221;.vc_custom_1696421646869{margin-top: 2rem !important;margin-bottom: 2rem !important;padding-top: 3rem !important;padding-bottom: 3rem !important;background-color: #fafafa !important;}&#8221;][vc_row css=&#8221;.vc_custom_1696421669972{padding-right: 1rem !important;padding-left: 1rem !important;}&#8221;][vc_column][vc_column_text]<\/p>\n<h2 style=\"text-align: center;\">Vid\u00e9o sur le BBS610<\/h2>\n<p>[\/vc_column_text][vc_empty_space][vc_column_text]<\/p>\n<p style=\"text-align: center;\"><div class=\"lyte-wrapper\" title=\"Schnellwechsler f&uuml;r HZC Power Minibagger\" style=\"width:640px;max-width:100%;margin:5px auto;\"><div class=\"lyMe\" id=\"WYL_qEtsVJF9Kt8\"><div id=\"lyte_qEtsVJF9Kt8\" data-src=\"https:\/\/www.hzc-power.com\/wp-content\/plugins\/wp-youtube-lyte\/lyteCache.php?origThumbUrl=https%3A%2F%2Fi.ytimg.com%2Fvi%2FqEtsVJF9Kt8%2Fhqdefault.jpg\" class=\"pL\"><div class=\"tC\"><div class=\"tT\">Schnellwechsler f\u00fcr HZC Power Minibagger<\/div><\/div><div class=\"play\"><\/div><div class=\"ctrl\"><div class=\"Lctrl\"><\/div><div class=\"Rctrl\"><\/div><\/div><\/div><noscript><a href=\"https:\/\/youtu.be\/qEtsVJF9Kt8\" rel=\"nofollow noopener\" target=\"_blank\"><img loading=\"lazy\" decoding=\"async\" src=\"https:\/\/www.hzc-power.com\/wp-content\/plugins\/wp-youtube-lyte\/lyteCache.php?origThumbUrl=https%3A%2F%2Fi.ytimg.com%2Fvi%2FqEtsVJF9Kt8%2F0.jpg\" alt=\"Schnellwechsler f&uuml;r HZC Power Minibagger\" width=\"640\" height=\"340\" \/><br \/>Lire cette vid\u00e9o sur YouTube<\/a><\/noscript><\/div><\/div><div class=\"lL\" style=\"max-width:100%;width:640px;margin:5px auto;\"><\/div>\n<p>[\/vc_column_text][\/vc_column][\/vc_row][\/vc_section]<\/p>\n<\/div>","protected":false},"excerpt":{"rendered":"<ul>\n<li>largeur du godet : <strong>610 mm<\/strong><\/li>\n<li><strong>compatible avec toutes nos mini-pelles (DKB880, DKB881, DKB881S, BKB850K, BKB851K, BVR600K, BZR520K, DKB941, BKB941, DKB879, SDKB790, SBKB765K, EBKB810K)<\/strong><\/li>\n<li>Fabrication en acier de <strong>haute qualit\u00e9<\/strong><\/li>\n<li>Changement d&#8217;accessoire facile gr\u00e2ce \u00e0 notre syst\u00e8me <strong>de changement<\/strong> rapide HZC Power<\/li>\n<\/ul>\n","protected":false},"featured_media":291370,"comment_status":"open","ping_status":"closed","template":"","meta":{"inline_featured_image":false},"product_brand":[],"product_cat":[787,776],"class_list":{"0":"post-27097","1":"product","2":"type-product","3":"status-publish","4":"has-post-thumbnail","6":"product_cat-accessoires-pour-pelles","7":"product_cat-sylviculture-et-amenagement-paysager","8":"product_shipping_class-versand-3","10":"first","11":"instock","12":"sale","13":"taxable","14":"shipping-taxable","15":"purchasable","16":"product-type-simple"},"bundled_by":["291231","286933","297570"],"bundle_stock_status":"instock","bundle_stock_quantity":90,"bundle_virtual":false,"bundle_layout":"","bundle_add_to_cart_form_location":"","bundle_editable_in_cart":false,"bundle_sold_individually_context":"","bundle_item_grouping":"","bundle_min_size":"","bundle_max_size":"","bundle_price":[],"bundled_items":[],"bundle_sell_ids":[],"jetpack_sharing_enabled":true,"wcpa_form_fields":null,"_links":{"self":[{"href":"https:\/\/www.hzc-power.com\/fr\/wp-json\/wp\/v2\/product\/27097","targetHints":{"allow":["GET"]}}],"collection":[{"href":"https:\/\/www.hzc-power.com\/fr\/wp-json\/wp\/v2\/product"}],"about":[{"href":"https:\/\/www.hzc-power.com\/fr\/wp-json\/wp\/v2\/types\/product"}],"replies":[{"embeddable":true,"href":"https:\/\/www.hzc-power.com\/fr\/wp-json\/wp\/v2\/comments?post=27097"}],"wp:featuredmedia":[{"embeddable":true,"href":"https:\/\/www.hzc-power.com\/fr\/wp-json\/wp\/v2\/media\/291370"}],"wp:attachment":[{"href":"https:\/\/www.hzc-power.com\/fr\/wp-json\/wp\/v2\/media?parent=27097"}],"wp:term":[{"taxonomy":"product_brand","embeddable":true,"href":"https:\/\/www.hzc-power.com\/fr\/wp-json\/wp\/v2\/product_brand?post=27097"},{"taxonomy":"product_cat","embeddable":true,"href":"https:\/\/www.hzc-power.com\/fr\/wp-json\/wp\/v2\/product_cat?post=27097"}],"curies":[{"name":"wp","href":"https:\/\/api.w.org\/{rel}","templated":true}]}}