{"id":27101,"date":"2021-06-10T16:08:35","date_gmt":"2021-06-10T14:08:35","guid":{"rendered":"https:\/\/www.hzc-power.com\/non%20class\u00e9\/chargeur-intelligent-pour-batterie-de-mini-pelle-hzc-power-slm10\/chargeur-intelligent-pour-batterie-de-mini-pelle-hzc-power-slm10\/"},"modified":"2025-01-02T23:00:55","modified_gmt":"2025-01-02T22:00:55","slug":"chargeur-intelligent-pour-batterie-de-mini-pelle-hzc-power-slm10","status":"publish","type":"product","link":"https:\/\/www.hzc-power.com\/fr\/chargeur-intelligent-pour-batterie-de-mini-pelle-hzc-power-slm10\/","title":{"rendered":"Chargeur intelligent pour batterie de mini-pelle HZC Power (SLM10)"},"content":{"rendered":"<div class=\"wpb-content-wrapper\"><p>[vc_section][vc_row css=&#8221;.vc_custom_1696419237745{padding-top: 3rem !important;padding-bottom: 3rem !important;}&#8221;][vc_column width=&#8221;1\/2&#8243;][vc_column_text]<\/p>\n<h2>Chargeur intelligent pour batterie de mini-pelle HZC Power (SLM10)<\/h2>\n<p>[\/vc_column_text][vc_empty_space][vc_column_text]Le chargeur de batterie intelligent Demuda SLM10 convient \u00e0 toutes nos mini-pelles. Comme pour une voiture, la batterie peut se vider, rendant impossible le d\u00e9marrage. Pour ce cas, nous avons inclus dans notre gamme un chargeur de batterie intelligent. Cela permet de recharger facilement la batterie de d\u00e9marrage afin que la pelle puisse \u00eatre remise en service rapidement. Le chargeur convient non seulement \u00e0 tous nos mod\u00e8les de pelles, mais peut \u00e9galement \u00eatre utilis\u00e9 pour les bateaux, voitures, v\u00e9hicules \u00e9lectriques, tondeuses \u00e0 gazon DC 12 V\/24 V et bien plus encore. M. peut \u00eatre utilis\u00e9.[\/vc_column_text][vc_empty_space][\/vc_column][vc_column width=&#8221;1\/2&#8243;][vc_column_text]<\/p>\n<h2>Donn\u00e9es techniques<\/h2>\n<p>[\/vc_column_text][vc_empty_space][vc_column_text]<\/p>\n<ul>\n<li>Mat\u00e9riau\u00a0: bo\u00eetier en aluminium anodis\u00e9<\/li>\n<li>Couleur\u00a0: rouge et noir<\/li>\n<li>Taille\u00a0: 195 x 185 x 115\u00a0mm<\/li>\n<li>Longueur du fil de serrage\u00a0: 75\u00a0cm<\/li>\n<li>Longueur du cordon d&#8217;alimentation\u00a0: 133\u00a0cm<\/li>\n<li>Plage de tension d&#8217;entr\u00e9e\u00a0: 110\u00a0V\u00a0&#8211;\u00a0220\u00a0V\u00a0CA<\/li>\n<li>Efficacit\u00e9 du travail\u00a0: 85\u00a0%<\/li>\n<li>Puissance nominale\u00a0: 300\u00a0W<\/li>\n<\/ul>\n<p>[\/vc_column_text][\/vc_column][\/vc_row][\/vc_section][vc_row][vc_column]            <div class=\"nasa-static-block\" >\r\n                                <div class=\"nasa-static-block-container\">\r\n                    <style type=\"text\/css\" data-type=\"vc_shortcodes-custom-css\">.vc_custom_1696253521432{margin-top: 2rem !important;margin-bottom: 2rem !important;padding-top: 3rem !important;padding-bottom: 3rem !important;background-color: #505f6b !important;}.vc_custom_1696253530748{padding-right: 1rem !important;padding-left: 1rem !important;}<\/style>[vc_section full_width=\"stretch_row\" css=\".vc_custom_1696253521432{margin-top: 2rem !important;margin-bottom: 2rem !important;padding-top: 3rem !important;padding-bottom: 3rem !important;background-color: #505f6b !important;}\"][vc_row css=\".vc_custom_1696253530748{padding-right: 1rem !important;padding-left: 1rem !important;}\"][vc_column width=\"1\/2\"][vc_column_text]\r\n<h2><span style=\"color: #ffffff;\">Offre pour votre produit HZC Power<\/span><\/h2>\r\n[\/vc_column_text][vc_empty_space][\/vc_column][vc_column width=\"1\/2\"][vc_column_text]<span style=\"color: #ffffff;\">Chez HZC Power, nous pr\u00eatons toujours attention \u00e0 la plus haute qualit\u00e9, \u00e0 une finition techniquement irr\u00e9prochable et \u00e0 une construction robuste. Vous recevez nos produits partiellement assembl\u00e9s par une compagnie maritime. Nous vous proposons un prix d'exp\u00e9dition fixe qui est automatiquement g\u00e9n\u00e9r\u00e9 dans le panier (des informations d'exp\u00e9dition suppl\u00e9mentaires peuvent \u00eatre trouv\u00e9es <strong>ici<\/strong>).<\/span>\r\n\r\n<span style=\"color: #ffffff;\">Vous \u00eates invit\u00e9s \u00e0 voir nos produits \u00e0 notre si\u00e8ge social apr\u00e8s arrangement ou \u00e0 les r\u00e9cup\u00e9rer gratuitement.<\/span>\r\n\r\n<span style=\"color: #ffffff;\">Si vous avez d'autres questions sur les diff\u00e9rents mod\u00e8les, n'h\u00e9sitez pas \u00e0 contacter <strong>notre service client<\/strong>. Il se fera un plaisir de vous conseiller davantage. Laissez-vous convaincre par notre offre et assurez votre produit de la meilleure qualit\u00e9 au meilleur prix chez HZC Power.<\/span>[\/vc_column_text][\/vc_column][\/vc_row][\/vc_section]                <\/div>\r\n            <\/div>\r\n            [\/vc_column][\/vc_row]<\/p>\n<\/div>","protected":false},"excerpt":{"rendered":"<p><strong>Disponible \u00e0 partir de juillet\u00a02023<\/strong><\/p>\n<ul>\n<li>Chargeur pour la batterie de la mini-pelle HZC Power<\/li>\n<li>reconnaissance automatique du type de batterie<\/li>\n<li>Processus de chargement simple et rapide<\/li>\n<\/ul>\n","protected":false},"featured_media":21878,"comment_status":"open","ping_status":"closed","template":"","meta":{"inline_featured_image":false},"product_brand":[],"product_cat":[787,776],"class_list":{"0":"post-27101","1":"product","2":"type-product","3":"status-publish","4":"has-post-thumbnail","6":"product_cat-accessoires-pour-pelles","7":"product_cat-sylviculture-et-amenagement-paysager","8":"product_shipping_class-paket-15-15e","10":"first","11":"instock","12":"sale","13":"taxable","14":"shipping-taxable","15":"purchasable","16":"product-type-simple"},"bundled_by":["286874","28618","286838","286423","286497","291162","291202","287614","287611","286531","286553","289572","286930","287007","286958","286882","291231","286933"],"bundle_stock_status":"instock","bundle_stock_quantity":17,"bundle_virtual":false,"bundle_layout":"","bundle_add_to_cart_form_location":"","bundle_editable_in_cart":false,"bundle_sold_individually_context":"","bundle_item_grouping":"","bundle_min_size":"","bundle_max_size":"","bundle_price":[],"bundled_items":[],"bundle_sell_ids":[],"jetpack_sharing_enabled":true,"wcpa_form_fields":null,"_links":{"self":[{"href":"https:\/\/www.hzc-power.com\/fr\/wp-json\/wp\/v2\/product\/27101","targetHints":{"allow":["GET"]}}],"collection":[{"href":"https:\/\/www.hzc-power.com\/fr\/wp-json\/wp\/v2\/product"}],"about":[{"href":"https:\/\/www.hzc-power.com\/fr\/wp-json\/wp\/v2\/types\/product"}],"replies":[{"embeddable":true,"href":"https:\/\/www.hzc-power.com\/fr\/wp-json\/wp\/v2\/comments?post=27101"}],"wp:featuredmedia":[{"embeddable":true,"href":"https:\/\/www.hzc-power.com\/fr\/wp-json\/wp\/v2\/media\/21878"}],"wp:attachment":[{"href":"https:\/\/www.hzc-power.com\/fr\/wp-json\/wp\/v2\/media?parent=27101"}],"wp:term":[{"taxonomy":"product_brand","embeddable":true,"href":"https:\/\/www.hzc-power.com\/fr\/wp-json\/wp\/v2\/product_brand?post=27101"},{"taxonomy":"product_cat","embeddable":true,"href":"https:\/\/www.hzc-power.com\/fr\/wp-json\/wp\/v2\/product_cat?post=27101"}],"curies":[{"name":"wp","href":"https:\/\/api.w.org\/{rel}","templated":true}]}}