{"id":27106,"date":"2021-06-10T14:05:43","date_gmt":"2021-06-10T12:05:43","guid":{"rendered":"https:\/\/www.hzc-power.com\/non%20class\u00e9\/fendeuse-de-buches-22-t-hs22299\/fendeuse-de-buches-22-t-hs22299\/"},"modified":"2026-01-27T10:58:08","modified_gmt":"2026-01-27T09:58:08","slug":"fendeuse-de-buches-22-t-hs22299","status":"publish","type":"product","link":"https:\/\/www.hzc-power.com\/fr\/fendeuse-de-buches-22-t-hs22299\/","title":{"rendered":"HZC Power Fendeur de b\u00fbches HS22299, 22 t, 1 m, vertical, moteur \u00e0 essence"},"content":{"rendered":"<div class=\"wpb-content-wrapper\"><p>[vc_row css=&#8221;.vc_custom_1696412545579{padding-top: 3rem !important;padding-bottom: 3rem !important;}&#8221;][vc_column width=&#8221;2\/3&#8243;][vc_column_text]<\/p>\n<h2>Fendeur de b\u00fbches \u00e0 essence vertical 22 t avec plateau tournant et r\u00e9glage hydraulique de la position (HS22299)<\/h2>\n<p>[\/vc_column_text][vc_empty_space][vc_column_text]<br \/>\nAvec le fendeur de b\u00fbches \u00e0 essence HS22299 de HZC Power, vous pouvez fendre des b\u00fbches jusqu\u2019\u00e0 1000 mm de longueur avec une force de fendage allant jusqu\u2019\u00e0 22 t. Il fait ainsi partie des fendeurs de b\u00fbches offrant la plus grande longueur de fendage de notre gamme.<\/p>\n<p>La commande \u00e0 deux mains garantit une s\u00e9curit\u00e9 maximale tout en restant pratique et simple d\u2019utilisation. D\u00e8s que les leviers sont rel\u00e2ch\u00e9s, le coin de fendage \u2013 comme sur tous les mod\u00e8les \u2013 revient automatiquement \u00e0 sa position de d\u00e9part.<br \/>\n[\/vc_column_text][\/vc_column][\/vc_row][vc_row][vc_column][vc_empty_space][\/vc_column][\/vc_row][vc_row][vc_column][accordion_father][accordion_son title_padding=&#8221;17&#8243; title=&#8221;Caract\u00e9ristiques techniques&#8221; bgclr=&#8221;#f7f7f7&#8243;]<br \/>\n<strong>Donn\u00e9es g\u00e9n\u00e9rales<\/strong><\/p>\n<ul>\n<li><strong>Mod\u00e8le :<\/strong> Fendeur de b\u00fbches HS22299<\/li>\n<li><strong>Fabricant :<\/strong> HZC Power<\/li>\n<li><strong>Force de fendage :<\/strong> 22 t<\/li>\n<li><strong>Longueur de fendage max. :<\/strong> 1000 mm<\/li>\n<li><strong>Cycle :<\/strong> 24 s<\/li>\n<li><strong>Capacit\u00e9 d\u2019huile hydraulique :<\/strong> 23,5 L (HLP46)<\/li>\n<li><strong>Poids du produit :<\/strong> 330 kg<\/li>\n<li><strong>Poids \u00e0 l\u2019exp\u00e9dition :<\/strong> 365 kg<\/li>\n<li><strong>Particularit\u00e9s :<\/strong> Attelage, cadre de support, r\u00e9glage hydraulique de la position, plateau tournant<\/li>\n<li><strong>Positions de travail :<\/strong> Verticale<\/li>\n<li><strong>Commande :<\/strong> \u00c0 deux mains<\/li>\n<li><strong>Dimensions du produit (L \u00d7 l \u00d7 H) :<\/strong> 255 cm \u00d7 101 cm \u00d7 236,5 cm<\/li>\n<\/ul>\n<p>&nbsp;<\/p>\n<p><strong>Moteur<\/strong><\/p>\n<ul>\n<li><strong>Moteur :<\/strong> Moteur essence Jiao 6,5 ch<\/li>\n<li><strong>Num\u00e9ro de mod\u00e8le :<\/strong> 130G<\/li>\n<li><strong>Technologie moteur :<\/strong> Monocylindre, 4 temps, refroidi par air, OHV (soupapes en t\u00eate)<\/li>\n<li><strong>Cylindr\u00e9e :<\/strong> 208 cc<\/li>\n<li><strong>Cylindre :<\/strong> Cylindre avec chemise en fonte<\/li>\n<li><strong>Al\u00e9sage :<\/strong> 68,3 mm<\/li>\n<li><strong>Course :<\/strong> 55,9 mm<\/li>\n<li><strong>Capacit\u00e9 du r\u00e9servoir :<\/strong> 3,1 L<\/li>\n<li><strong>Capacit\u00e9 d\u2019huile :<\/strong> 0,6 L<\/li>\n<li><strong>Poids :<\/strong> 16 kg<\/li>\n<li><strong>Dimensions (l \u00d7 L \u00d7 H) :<\/strong> 321 \u00d7 376 \u00d7 346 mm<\/li>\n<\/ul>\n<p>[\/accordion_son][\/accordion_father][accordion_father][accordion_son title_padding=&#8221;17&#8243; title=&#8221;\u00c9quipement de s\u00e9rie&#8221; bgclr=&#8221;#f7f7f7&#8243;]<\/p>\n<ul>\n<li><strong>Force de fendage :<\/strong> 22 t \u2013 Pour fendre sans effort des b\u00fbches jusqu\u2019\u00e0 1000 mm de longueur et un diam\u00e8tre maximal de 50 cm.<\/li>\n<li><strong>Coin de fendage :<\/strong> Retour automatique pour un fendage efficace sans r\u00e9glages constants.<\/li>\n<li><strong>Syst\u00e8me hydraulique :<\/strong> Syst\u00e8me puissant avec une pression d\u2019huile de 270 bar pour une efficacit\u00e9 et une durabilit\u00e9 \u00e9lev\u00e9es.<\/li>\n<li><strong>Position de travail :<\/strong> Verticale<\/li>\n<li><strong>Commande \u00e0 deux mains :<\/strong> Pour une s\u00e9curit\u00e9 maximale lors de l\u2019utilisation.<\/li>\n<li><strong>Filtre \u00e0 huile :<\/strong> Filtre \u00e0 huile int\u00e9gr\u00e9 pour une dur\u00e9e de vie prolong\u00e9e.<\/li>\n<li><strong>Attelage :<\/strong> Pour un transport facile sur terrain priv\u00e9, non homologu\u00e9 pour la circulation routi\u00e8re.<\/li>\n<li><strong>Ch\u00e2ssis robuste :<\/strong> Ch\u00e2ssis stable assurant un maintien s\u00fbr des b\u00fbches pendant le processus de fendage.<\/li>\n<li><strong>Moteur :<\/strong> Moteur essence 6,5 ch avec cylindr\u00e9e de 208 cc pour un fendage puissant.<\/li>\n<li><strong>Plateau tournant int\u00e9gr\u00e9 :<\/strong> Fendage encore plus simple et respectueux du dos.<\/li>\n<\/ul>\n<p>[\/accordion_son][\/accordion_father][accordion_father][accordion_son title_padding=&#8221;16&#8243; title=&#8221;Contenu de la livraison&#8221; bgclr=&#8221;#f7f7f7&#8243;]<\/p>\n<p>Le <strong>HS22299<\/strong> est livr\u00e9 avec tout le n\u00e9cessaire pour une mise en service imm\u00e9diate :<\/p>\n<ul>\n<li><strong>Fendeur de b\u00fbches HS22299<\/strong> (pr\u00e9assembl\u00e9)<\/li>\n<li><strong>Huile hydraulique<\/strong><\/li>\n<li><strong>Notice d\u2019utilisation<\/strong><\/li>\n<\/ul>\n<p>L\u2019<strong>huile moteur<\/strong> n\u2019est <strong>pas incluse<\/strong> et doit \u00eatre <strong>achet\u00e9e et ajout\u00e9e s\u00e9par\u00e9ment avant la mise en service<\/strong> (<strong>quantit\u00e9 : env. 0,6 \u2013 1,1 litre<\/strong>).<\/p>\n<p>[\/accordion_son][\/accordion_father][accordion_father][accordion_son title_padding=&#8221;17&#8243; title=&#8221;Informations de livraison&#8221; bgclr=&#8221;#f7f7f7&#8243;]<\/p>\n<p>Le <strong>fendeur de b\u00fbches HS22299<\/strong> est emball\u00e9 de mani\u00e8re s\u00e9curis\u00e9e et livr\u00e9 pr\u00e9assembl\u00e9 par transporteur. Pour une mise en service sans probl\u00e8me, veuillez respecter les indications suivantes :<\/p>\n<ul>\n<li><strong>Huile hydraulique :<\/strong> L\u2019huile hydraulique n\u00e9cessaire est incluse et doit uniquement \u00eatre remplie.<\/li>\n<li><strong>Montage :<\/strong> Le fendeur de b\u00fbches est livr\u00e9 pr\u00e9assembl\u00e9 ; seules quelques \u00e9tapes de montage mineures sont n\u00e9cessaires.<\/li>\n<li><strong>Livraison sur palette :<\/strong> La machine est transport\u00e9e en toute s\u00e9curit\u00e9 sur une palette afin d\u2019\u00e9viter les dommages pendant le transport.<\/li>\n<li><strong>Livraison par transporteur :<\/strong> La livraison est effectu\u00e9e par transporteur. Vous serez inform\u00e9 \u00e0 l\u2019avance de la date de livraison afin d\u2019organiser la r\u00e9ception.<\/li>\n<\/ul>\n<p>Si vous avez des questions concernant la livraison ou la mise en service, notre service client se tient \u00e0 votre disposition \u00e0 tout moment !<\/p>\n<p>[\/accordion_son][\/accordion_father][\/vc_column][\/vc_row]<\/p>\n<\/div>","protected":false},"excerpt":{"rendered":"<p><span style=\"color: #ff0000;\"><strong>Disponible d\u00e8s maintenant. <\/strong><\/span><span style=\"color: #ff0000;\"><strong>Les informations concernant le d\u00e9lai de livraison vous seront communiqu\u00e9es apr\u00e8s r\u00e9ception de la commande par notre <span style=\"color: #9e0000;\"><a style=\"color: #9e0000;\" href=\"\/?product_cat=contact\">service client<\/a><\/span>.<\/strong><\/span><\/p>\n<ul>\n<li><strong>22 t<\/strong> de force de fendage<\/li>\n<li>Moteur essence Jiao (6,5 ch)<\/li>\n<li>Cycle de fendage : <strong>24 secondes<\/strong><\/li>\n<li><strong>100 cm<\/strong> de longueur de fendage \u2013 <strong>1 m<\/strong><\/li>\n<li><strong>Travail en position verticale<\/strong><\/li>\n<li>Diam\u00e8tre du bois : <strong>max. 50 cm<\/strong><\/li>\n<li><strong>Filtre \u00e0 huile<\/strong> pour une dur\u00e9e de vie prolong\u00e9e<\/li>\n<li><strong>Attelage &amp; plateau tournant<\/strong><\/li>\n<li><strong>Dimensions du produit (longueur \u00d7 largeur \u00d7 hauteur) :<\/strong> 255 cm \u00d7 101 cm \u00d7 236,5 cm<\/li>\n<\/ul>\n<p><strong>Ce fendeur de b\u00fbches est disponible exclusivement en version pr\u00e9assembl\u00e9e.<\/strong><\/p>\n<p>L\u2019<strong>huile hydraulique HLP46<\/strong> est <strong>incluse<\/strong> et doit uniquement \u00eatre <strong>remplie par vos soins<\/strong>.<br \/>\nL\u2019<strong>huile moteur<\/strong>, en revanche, doit \u00eatre <strong>achet\u00e9e et ajout\u00e9e s\u00e9par\u00e9ment avant la mise en service<\/strong> (<strong>env. 0,6\u20131,1 litre<\/strong>).<\/p>\n","protected":false},"featured_media":26476,"comment_status":"open","ping_status":"closed","template":"","meta":{"inline_featured_image":false},"product_brand":[],"product_cat":[791,789],"class_list":{"0":"post-27106","1":"product","2":"type-product","3":"status-publish","4":"has-post-thumbnail","6":"product_cat-fendeuse-de-buches","7":"product_cat-travail-du-bois","8":"product_shipping_class-spedition-3-anbauteile-bagger","10":"first","11":"instock","12":"sale","13":"featured","14":"taxable","15":"shipping-taxable","16":"purchasable","17":"product-type-simple"},"bundled_by":[],"bundle_stock_status":"instock","bundle_stock_quantity":21,"bundle_virtual":false,"bundle_layout":"","bundle_add_to_cart_form_location":"","bundle_editable_in_cart":false,"bundle_sold_individually_context":"","bundle_item_grouping":"","bundle_min_size":"","bundle_max_size":"","bundle_price":[],"bundled_items":[],"bundle_sell_ids":[],"jetpack_sharing_enabled":true,"wcpa_form_fields":null,"_links":{"self":[{"href":"https:\/\/www.hzc-power.com\/fr\/wp-json\/wp\/v2\/product\/27106","targetHints":{"allow":["GET"]}}],"collection":[{"href":"https:\/\/www.hzc-power.com\/fr\/wp-json\/wp\/v2\/product"}],"about":[{"href":"https:\/\/www.hzc-power.com\/fr\/wp-json\/wp\/v2\/types\/product"}],"replies":[{"embeddable":true,"href":"https:\/\/www.hzc-power.com\/fr\/wp-json\/wp\/v2\/comments?post=27106"}],"wp:featuredmedia":[{"embeddable":true,"href":"https:\/\/www.hzc-power.com\/fr\/wp-json\/wp\/v2\/media\/26476"}],"wp:attachment":[{"href":"https:\/\/www.hzc-power.com\/fr\/wp-json\/wp\/v2\/media?parent=27106"}],"wp:term":[{"taxonomy":"product_brand","embeddable":true,"href":"https:\/\/www.hzc-power.com\/fr\/wp-json\/wp\/v2\/product_brand?post=27106"},{"taxonomy":"product_cat","embeddable":true,"href":"https:\/\/www.hzc-power.com\/fr\/wp-json\/wp\/v2\/product_cat?post=27106"}],"curies":[{"name":"wp","href":"https:\/\/api.w.org\/{rel}","templated":true}]}}