{"id":27122,"date":"2021-06-07T13:33:45","date_gmt":"2021-06-07T11:33:45","guid":{"rendered":"https:\/\/www.hzc-power.com\/non%20class\u00e9\/fendeuse-de-buches-25t\/fendeuse-de-buches-25t\/"},"modified":"2026-04-07T11:35:52","modified_gmt":"2026-04-07T09:35:52","slug":"fendeuse-de-buches-25t","status":"publish","type":"product","link":"https:\/\/www.hzc-power.com\/fr\/fendeuse-de-buches-25t\/","title":{"rendered":"Fendeur de b\u00fbches HZC Power HS25205, 25 t, 60 cm, horizontal, moteur \u00e0 essence"},"content":{"rendered":"<div class=\"wpb-content-wrapper\"><p>[vc_row css=&#8221;.vc_custom_1696407611886{padding-top: 3rem !important;padding-bottom: 3rem !important;}&#8221;][vc_column width=&#8221;2\/3&#8243;][vc_column_text]<\/p>\n<h2>Fendeur de b\u00fbches horizontal 25 t avec moteur \u00e0 essence, l\u00e8ve-b\u00fbches et capot de protection (HS25205)<\/h2>\n<p>[\/vc_column_text][vc_empty_space][vc_column_text]<br \/>\nLe fendeur de b\u00fbches \u00e0 essence HS25205 de HZC Power offre une force de fendage allant jusqu\u2019\u00e0 25 t et permet de fendre des b\u00fbches jusqu\u2019\u00e0 600 mm de longueur. Il est \u00e9galement \u00e9quip\u00e9 d\u2019un l\u00e8ve-b\u00fbches facilitant consid\u00e9rablement le travail. Un cadre int\u00e9gr\u00e9 emp\u00eache les b\u00fbches de tomber du fendeur de b\u00fbches horizontal pendant l\u2019utilisation. Enfin, la commande \u00e0 deux mains garantit une s\u00e9curit\u00e9 maximale pour vos mains.<\/p>\n<p>Malgr\u00e9 cela, l\u2019utilisation reste pratique et simple. Le capot de protection de la zone de fendage constitue un compl\u00e9ment utile et contribue \u00e9galement \u00e0 maintenir la machine en excellent \u00e9tat sur le long terme.<br \/>\n[\/vc_column_text][\/vc_column][\/vc_row][vc_row][vc_column][accordion_father][accordion_son title_padding=&#8221;17&#8243; title=&#8221;Caract\u00e9ristiques techniques&#8221; bgclr=&#8221;#f7f7f7&#8243;]<br \/>\n<strong>Donn\u00e9es g\u00e9n\u00e9rales<\/strong><\/p>\n<ul>\n<li><strong>Fabricant :<\/strong> HZC Power GmbH<\/li>\n<li><strong>Mod\u00e8le :<\/strong> HS25205<\/li>\n<li><strong>Force de fendage :<\/strong> 25 t<\/li>\n<li><strong>Longueur de fendage max. :<\/strong> 600 mm<\/li>\n<li><strong>Cycle :<\/strong> 15 s<\/li>\n<li><strong>Capacit\u00e9 d\u2019huile hydraulique :<\/strong> 14 L (HLP46)<\/li>\n<li><strong>Poids du produit :<\/strong> 205 kg<\/li>\n<li><strong>Poids \u00e0 l\u2019exp\u00e9dition :<\/strong> 240 kg<\/li>\n<li><strong>Dimensions :<\/strong> 228,5 \u00d7 101 \u00d7 127 cm (L \u00d7 l \u00d7 H)<\/li>\n<li><strong>Dimensions de la table (l \u00d7 L) :<\/strong> env. 420 \u00d7 600 mm<\/li>\n<li><strong>Longueur du cadre :<\/strong> env. 440 mm<\/li>\n<li><strong>Particularit\u00e9s :<\/strong> Attelage, capot de protection et l\u00e8ve-b\u00fbches<br \/>\nPositions de travail : Horizontal<\/li>\n<li><strong>Commande :<\/strong> \u00c0 deux mains<\/li>\n<\/ul>\n<p>&nbsp;<\/p>\n<p><strong>Moteur<\/strong><\/p>\n<ul>\n<li><strong>Moteur :<\/strong> Moteur \u00e0 essence Jiao 6,5 ch \/ 208 cc<\/li>\n<li><strong>Technologie moteur :<\/strong> Monocylindre, 4 temps, refroidi par air, OHV (soupapes en t\u00eate)<\/li>\n<li><strong>Cylindr\u00e9e :<\/strong> 208 cc<\/li>\n<li><strong>Cylindre :<\/strong> Cylindre avec chemise en fonte<\/li>\n<li><strong>Al\u00e9sage :<\/strong> 68,3 mm<\/li>\n<li><strong>Course :<\/strong> 55,9 mm<\/li>\n<li><strong>Capacit\u00e9 du r\u00e9servoir :<\/strong> 3,1 L<\/li>\n<li><strong>Capacit\u00e9 d\u2019huile :<\/strong> 0,6 L<\/li>\n<li><strong>Poids :<\/strong> 16 kg<\/li>\n<li><strong>Dimensions (l \u00d7 L \u00d7 H) :<\/strong> 321 \u00d7 376 \u00d7 346 mm<\/li>\n<\/ul>\n<p>[\/accordion_son][\/accordion_father][accordion_father][accordion_son title_padding=&#8221;17&#8243; title=&#8221;\u00c9quipement de s\u00e9rie&#8221; bgclr=&#8221;#f7f7f7&#8243;]<\/p>\n<ul>\n<li><strong>Force de fendage :<\/strong> 25 t \u2013 Pour fendre sans effort des b\u00fbches jusqu\u2019\u00e0 600 mm de longueur et un diam\u00e8tre maximal de 50 cm \u00e0 l\u2019aide du coin de fendage de 200 mm de hauteur.<\/li>\n<li><strong>Position de travail :<\/strong> Horizontale \u2013 permet une utilisation confortable en position couch\u00e9e.<\/li>\n<li><strong>Commande \u00e0 deux mains :<\/strong> Pour une s\u00e9curit\u00e9 maximale lors de l\u2019utilisation.<\/li>\n<li><strong>Filtre \u00e0 huile :<\/strong> Filtre \u00e0 huile int\u00e9gr\u00e9 pour une dur\u00e9e de vie prolong\u00e9e.<\/li>\n<li><strong>Attelage :<\/strong> Pour un transport facile sur terrain priv\u00e9, non homologu\u00e9 pour la circulation routi\u00e8re.<\/li>\n<li><strong>Ch\u00e2ssis robuste :<\/strong> Ch\u00e2ssis stable assurant un maintien s\u00fbr des b\u00fbches pendant le processus de fendage.<\/li>\n<li><strong>Dimensions compactes :<\/strong> Avec une largeur de 101 cm, le fendeur se transporte facilement sur une remorque.<\/li>\n<li><strong>Moteur :<\/strong> Moteur \u00e0 essence 6,5 ch avec cylindr\u00e9e de 208 cc pour un fendage puissant.<\/li>\n<li><strong>L\u00e8ve-b\u00fbches int\u00e9gr\u00e9 :<\/strong> Pour un confort de travail suppl\u00e9mentaire.<\/li>\n<li><strong>Table de support int\u00e9gr\u00e9e<\/strong> et <strong>ch\u00e2ssis :<\/strong> Pour un maintien optimal des b\u00fbches.<\/li>\n<\/ul>\n<p>[\/accordion_son][\/accordion_father][accordion_father][accordion_son title_padding=&#8221;17&#8243; title=&#8221;Contenu de la livraison&#8221; bgclr=&#8221;#f7f7f7&#8243;]<\/p>\n<p>Le <strong>HS25205<\/strong> est livr\u00e9 avec tout le n\u00e9cessaire pour une mise en service imm\u00e9diate :<\/p>\n<ul>\n<li><strong>Fendeur de b\u00fbches HS25205<\/strong><\/li>\n<li><strong>Huile hydraulique<\/strong><\/li>\n<li><strong>Notice d\u2019utilisation<\/strong><\/li>\n<\/ul>\n<p>L\u2019<strong>huile moteur<\/strong> n\u2019est <strong>pas incluse<\/strong> et doit \u00eatre <strong>achet\u00e9e et ajout\u00e9e s\u00e9par\u00e9ment avant la mise en service<\/strong> (<strong>quantit\u00e9 : env. 0,6 \u2013 1,1 litre<\/strong>).<\/p>\n<p>[\/accordion_son][\/accordion_father][accordion_father][accordion_son title_padding=&#8221;17&#8243; title=&#8221;Informations de livraison&#8221; bgclr=&#8221;#f7f7f7&#8243;]<\/p>\n<p>Le <strong>fendeur de b\u00fbches HS25205<\/strong> est emball\u00e9 de mani\u00e8re s\u00e9curis\u00e9e et livr\u00e9 pr\u00e9assembl\u00e9 par transporteur. Pour une mise en service sans probl\u00e8me, veuillez respecter les indications suivantes :<\/p>\n<ul>\n<li><strong>Huile hydraulique :<\/strong> L\u2019huile hydraulique n\u00e9cessaire est incluse et doit uniquement \u00eatre remplie.<\/li>\n<li><strong>Livraison sur palette :<\/strong> La machine est transport\u00e9e en toute s\u00e9curit\u00e9 sur une palette afin d\u2019\u00e9viter les dommages pendant le transport.<\/li>\n<li><strong>Livraison par transporteur :<\/strong> La livraison est effectu\u00e9e par transporteur. Vous serez inform\u00e9 \u00e0 l\u2019avance de la date de livraison afin d\u2019organiser la r\u00e9ception.<\/li>\n<\/ul>\n<p>Si vous avez des questions concernant la livraison ou la mise en service, notre service client se tient \u00e0 votre disposition \u00e0 tout moment !<\/p>\n<p>[\/accordion_son][\/accordion_father][\/vc_column][\/vc_row][vc_section full_width=&#8221;stretch_row&#8221; css=&#8221;.vc_custom_1696407712979{margin-top: 2rem !important;margin-bottom: 2rem !important;padding-top: 3rem !important;padding-bottom: 3rem !important;background-color: #fafafa !important;}&#8221;][vc_row css=&#8221;.vc_custom_1696407720952{padding-right: 1rem !important;padding-left: 1rem !important;}&#8221;][vc_column width=&#8221;1\/2&#8243;][vc_column_text]<\/p>\n<h2>Vid\u00e9o de montage du fendeur de b\u00fbches<\/h2>\n<p>[\/vc_column_text][vc_empty_space][vc_column_text]<div class=\"lyte-wrapper\" title=\"Montage von einem 25 t liegend Holzspalter mit Benzinmotor und Tisch (HS25205) von HZC Power\" style=\"width:640px;max-width:100%;margin:5px auto;\"><div class=\"lyMe\" id=\"WYL_UXB_jYE-uYw\"><div id=\"lyte_UXB_jYE-uYw\" data-src=\"https:\/\/www.hzc-power.com\/wp-content\/plugins\/wp-youtube-lyte\/lyteCache.php?origThumbUrl=https%3A%2F%2Fi.ytimg.com%2Fvi%2FUXB_jYE-uYw%2Fhqdefault.jpg\" class=\"pL\"><div class=\"tC\"><div class=\"tT\">Montage von einem 25 t liegend Holzspalter mit Benzinmotor und Tisch (HS25205) von HZC Power<\/div><\/div><div class=\"play\"><\/div><div class=\"ctrl\"><div class=\"Lctrl\"><\/div><div class=\"Rctrl\"><\/div><\/div><\/div><noscript><a href=\"https:\/\/youtu.be\/UXB_jYE-uYw\" rel=\"nofollow noopener\" target=\"_blank\"><img loading=\"lazy\" decoding=\"async\" src=\"https:\/\/www.hzc-power.com\/wp-content\/plugins\/wp-youtube-lyte\/lyteCache.php?origThumbUrl=https%3A%2F%2Fi.ytimg.com%2Fvi%2FUXB_jYE-uYw%2F0.jpg\" alt=\"Montage von einem 25 t liegend Holzspalter mit Benzinmotor und Tisch (HS25205) von HZC Power\" width=\"640\" height=\"340\" \/><br \/>Lire cette vid\u00e9o sur YouTube<\/a><\/noscript><\/div><\/div><div class=\"lL\" style=\"max-width:100%;width:640px;margin:5px auto;\"><\/div>[\/vc_column_text][\/vc_column][\/vc_row][\/vc_section]<\/p>\n<\/div>","protected":false},"excerpt":{"rendered":"<p><span style=\"color: #ff0000;\"><strong>Les informations concernant le d\u00e9lai de livraison vous seront communiqu\u00e9es apr\u00e8s r\u00e9ception de la commande par notre <span style=\"color: #9e0000;\"><a style=\"color: #9e0000;\" href=\"\/?product_cat=contact\">service client<\/a><\/span>.<\/strong><\/span><\/p>\n<ul>\n<li><strong>25 t<\/strong> de force de fendage<\/li>\n<li>Moteur \u00e0 essence <strong>6,5 ch \/ 208 cc<\/strong><\/li>\n<li>Cycle de fendage : <strong>15 secondes<\/strong><\/li>\n<li>Longueur de fendage max. : <strong>60 cm<\/strong><\/li>\n<li><strong>Travail en position horizontale<\/strong><\/li>\n<li>Diam\u00e8tre du bois : <strong>max. 50 cm<\/strong><\/li>\n<li><strong>Filtre \u00e0 huile<\/strong> pour une dur\u00e9e de vie prolong\u00e9e<\/li>\n<li><strong>Attelage, capot de protection et l\u00e8ve-b\u00fbches jusqu\u2019\u00e0 80 kg de capacit\u00e9 de charge<\/strong><\/li>\n<li><strong>Dimensions :<\/strong> 228,5 \u00d7 101 \u00d7 127 cm (L \u00d7 l \u00d7 H)<\/li>\n<\/ul>\n","protected":false},"featured_media":26338,"comment_status":"open","ping_status":"closed","template":"","meta":{"inline_featured_image":false},"product_brand":[],"product_cat":[791,775,789],"class_list":{"0":"post-27122","1":"product","2":"type-product","3":"status-publish","4":"has-post-thumbnail","6":"product_cat-fendeuse-de-buches","7":"product_cat-promotion-produits","8":"product_cat-travail-du-bois","9":"product_shipping_class-spedition-3-anbauteile-bagger","10":"wcpa_has_options","12":"first","13":"instock","14":"sale","15":"taxable","16":"shipping-taxable","17":"purchasable","18":"product-type-simple"},"bundled_by":[],"bundle_stock_status":"instock","bundle_stock_quantity":1,"bundle_virtual":false,"bundle_layout":"","bundle_add_to_cart_form_location":"","bundle_editable_in_cart":false,"bundle_sold_individually_context":"","bundle_item_grouping":"","bundle_min_size":"","bundle_max_size":"","bundle_price":[],"bundled_items":[],"bundle_sell_ids":[],"jetpack_sharing_enabled":true,"wcpa_form_fields":{"wcpaData":{"product":{"product_price":1749,"price_html":"<del aria-hidden=\"true\"><span class=\"woocommerce-Price-amount amount\"><bdi>2.229,00&nbsp;<span class=\"woocommerce-Price-currencySymbol\">&euro;<\/span><\/bdi><\/span><\/del> <span class=\"screen-reader-text\">Le prix initial \u00e9tait\u00a0: 2.229,00&nbsp;&euro;.<\/span><ins aria-hidden=\"true\"><span class=\"woocommerce-Price-amount amount\"><bdi>1.749,00&nbsp;<span class=\"woocommerce-Price-currencySymbol\">&euro;<\/span><\/bdi><\/span><\/ins><span class=\"screen-reader-text\">Le prix actuel est\u00a0: 1.749,00&nbsp;&euro;.<\/span><div class=\"gm-wp_bakery_woocommerce_get_price_html\">\n\t\t<div class=\"wgm-info woocommerce-de_price_taxrate \"><\/div>\n\t\t<div class=\"wgm-info woocommerce_de_versandkosten\">plus <a class=\"versandkosten\" href=\"https:\/\/www.hzc-power.com\/fr\/expedition-et-livraison\/\" target=\"_blank\">frais de port<\/a><\/div><\/div>","original_product_price":2229,"price_including_tax":1749,"price_excluding_tax":1469.747899,"product_id":{"parent":27122,"variation":false},"is_variable":false,"stock_status":"instock","stock_quantity":1,"parent_sku":"HS25205","product_attributes":[],"custom_fields":[],"is_taxable":true,"product_name":"Fendeur de b\u00fbches HZC Power HS25205, 25 t, 60 cm, horizontal, moteur \u00e0 essence","hasImage":false},"fields":{"sec_36435698965031":{"extra":{"key":"sec_36435698965031","section_id":"sec_36435698965031","name":"Default","status":1,"cl_rule":"show","enableCl":false,"relations":[],"toggle":true,"title_tag":"h3","show_title":false,"showPrice":"default","repeater_section_field_label":"{field_label}","repeater_section_label":"{section_name}","repeater_bind":"","form_id":287152,"form_rules":{"exclude_from_discount":false,"fee_label":"Fee","disp_hide_options_price":false,"disp_show_section_price":false,"disp_show_field_price":true,"layout_option":"standard","pric_use_as_fee":false,"process_fee_as":"woo_fee"},"layout_option":"standard"},"fields":[[{"active":true,"col":6,"relations":false,"cl_rule":"show","enableCl":false,"price":"","enablePrice":true,"className":"","label_position":"default","desc_position":"default","type":"radio-group","required":false,"elementId":"radio_3437870303","label":"Service suppl\u00e9mentaire :","name":"radio_3437870303","values":[{"label":"Sans montage","value":"Ohne Montage","selected":false,"tempId":"aco_1125","price":"","description":"Nos fendeuses de b\u00fbches sont soigneusement emball\u00e9es et livr\u00e9es non mont\u00e9es.","gt_translate_keys":["label","description"]},{"label":"Montage & enl\u00e8vement par le client","value":"Montage & Selbstabholen","selected":false,"tempId":"aco_562","price":"99","description":"Nous montons la fendeuse de b\u00fbches pour vous. Vous pouvez ensuite la retirer directement dans notre entrep\u00f4t \u00e0 M\u00f6nchengladbach.\nLors du choix du mode de livraison, veuillez s\u00e9lectionner \"Enl\u00e8vement sur rendez-vous \u00e0 M\u00f6nchengladbach\".","gt_translate_keys":["label","description"]}],"layOut":"","error":false,"checkUi":"","priceOptions":"different_for_all","pricingType":"fixed","use_as_fee":true,"other":false,"enableDesign":true,"scrollBar":false,"LabelColor":"#505f6b","LabelSize":"","mapToCheckout":false,"enableClearSelection":true,"show_selected_option":false,"options_description":true,"tooltip":"Il est possible de commander le fendeur de b\u00fbches pr\u00e9mont\u00e9 ou non.","wpml_sync":false,"isWeightTemplate":false,"isTemplate":false,"min_quantity":"1","quantity_decimal":false,"quantity_step":"1","quantity_label":"Quantity","repeater_field_label":"{field_label}","repeater_bind":"","gt_translate_keys":["label","tooltip","repeater_field_label","quantity_label"],"price_dependency":false,"cl_dependency":false,"value":""}]]}},"config":{"price_override":"","enable_recaptcha":false,"bind_quantity":false,"quantity_bind_formula":false,"disp_summ_show_option_price":true,"disp_summ_show_product_price":true,"disp_summ_show_total_price":true,"disp_summ_show_fee":false,"disp_summ_show_discount":false,"summary_title":"","options_total_label":"Prix de l'option","total_label":"Somme totale","options_product_label":"Prix du produit","fee_label":"Fee","discount_label":"Discount","has_price":true,"has_quantity_formula":false},"mc_unit":1,"tax_rate":1,"tax_rate_real":0.19,"discount":{"percentage":0,"fixed":0},"design":{"conf":{"LabelPosition":"above","DescPosition":"above","UploadField":"custom_1","QuantityFieldStyle":"default"},"css":{"LeftLabelWidth":"120px"}},"formulas":[],"lookuptables":[],"clones":false,"cartKey":false}},"_links":{"self":[{"href":"https:\/\/www.hzc-power.com\/fr\/wp-json\/wp\/v2\/product\/27122","targetHints":{"allow":["GET"]}}],"collection":[{"href":"https:\/\/www.hzc-power.com\/fr\/wp-json\/wp\/v2\/product"}],"about":[{"href":"https:\/\/www.hzc-power.com\/fr\/wp-json\/wp\/v2\/types\/product"}],"replies":[{"embeddable":true,"href":"https:\/\/www.hzc-power.com\/fr\/wp-json\/wp\/v2\/comments?post=27122"}],"wp:featuredmedia":[{"embeddable":true,"href":"https:\/\/www.hzc-power.com\/fr\/wp-json\/wp\/v2\/media\/26338"}],"wp:attachment":[{"href":"https:\/\/www.hzc-power.com\/fr\/wp-json\/wp\/v2\/media?parent=27122"}],"wp:term":[{"taxonomy":"product_brand","embeddable":true,"href":"https:\/\/www.hzc-power.com\/fr\/wp-json\/wp\/v2\/product_brand?post=27122"},{"taxonomy":"product_cat","embeddable":true,"href":"https:\/\/www.hzc-power.com\/fr\/wp-json\/wp\/v2\/product_cat?post=27122"}],"curies":[{"name":"wp","href":"https:\/\/api.w.org\/{rel}","templated":true}]}}