{"id":27190,"date":"2021-06-14T12:50:41","date_gmt":"2021-06-14T10:50:41","guid":{"rendered":"https:\/\/www.hzc-power.com\/non%20class\u00e9\/fendeuse-de-bois-plus-rapide\/fendeuse-de-bois-plus-rapide\/"},"modified":"2026-04-13T19:46:05","modified_gmt":"2026-04-13T17:46:05","slug":"fendeuse-de-bois-plus-rapide","status":"publish","type":"product","link":"https:\/\/www.hzc-power.com\/fr\/fendeuse-de-bois-plus-rapide\/","title":{"rendered":"Fendeur de b\u00fbches HZC Power HS30245, 30 t, vertical &#038; horizontal, moteur \u00e0 essence, cycle de 9 s"},"content":{"rendered":"<div class=\"wpb-content-wrapper\"><p>[vc_row css=&#8221;.vc_custom_1696408446262{padding-top: 3rem !important;padding-bottom: 3rem !important;}&#8221;][vc_column width=&#8221;2\/3&#8243;][vc_column_text]<\/p>\n<h2>Fendeur de b\u00fbches avec force de fendage de 30 t, moteur \u00e0 essence et cylindre puissant (HS30245)<\/h2>\n<p>[\/vc_column_text][vc_empty_space][vc_column_text]<br \/>\nLe fendeur de b\u00fbches HS30245 offre une force de fendage allant jusqu\u2019\u00e0 30 t et permet de fendre des b\u00fbches jusqu\u2019\u00e0 600 mm de longueur. Un autre avantage est que le fendeur peut \u00eatre utilis\u00e9 aussi bien en position verticale qu\u2019horizontale.<\/p>\n<p>La commande \u00e0 deux mains assure un niveau de s\u00e9curit\u00e9 \u00e9lev\u00e9 pendant le processus de fendage. Malgr\u00e9 cela, le HS30245 reste pratique et facile \u00e0 utiliser. Par exemple, le coin de fendage revient automatiquement d\u00e8s que les leviers sont rel\u00e2ch\u00e9s.<\/p>\n<p>Compar\u00e9 au HS30244 (15 s), le HS30245 dispose d\u2019un cycle de fendage de seulement 9 secondes, ce qui le rend nettement plus rapide.<br \/>\n[\/vc_column_text][\/vc_column][\/vc_row][vc_row][vc_column][accordion_father][accordion_son title_padding=&#8221;17&#8243; title=&#8221;Caract\u00e9ristiques techniques&#8221; bgclr=&#8221;#f7f7f7&#8243;]<br \/>\n<strong>Donn\u00e9es g\u00e9n\u00e9rales<\/strong><\/p>\n<p>&nbsp;<\/p>\n<ul>\n<li><strong>Mod\u00e8le :<\/strong> HS30245<\/li>\n<li><strong>Fabricant :<\/strong> HZC Power<\/li>\n<li><strong>Force de fendage :<\/strong> 30 t<\/li>\n<li><strong>Longueur de fendage max. :<\/strong> 600 mm<\/li>\n<li><strong>Cycle :<\/strong> 9 s<\/li>\n<li><strong>Capacit\u00e9 d\u2019huile hydraulique :<\/strong> 14 L (HLP46)<\/li>\n<li><strong>Positions de travail :<\/strong> Verticale et horizontale<\/li>\n<li><strong>Commande :<\/strong> \u00c0 deux mains<\/li>\n<li><strong>Poids du produit :<\/strong> 244 kg<\/li>\n<li><strong>Poids \u00e0 l\u2019exp\u00e9dition :<\/strong> 279 kg<\/li>\n<li><strong>Particularit\u00e9s :<\/strong> Compartiment \u00e0 outils suppl\u00e9mentaire, attelage, table de support<\/li>\n<li><strong>Dimensions du produit (longueur \u00d7 largeur \u00d7 hauteur) :<\/strong> 226,5 cm \u00d7 101 cm \u00d7 127 cm<\/li>\n<\/ul>\n<p>&nbsp;<\/p>\n<p><strong>Moteur<\/strong><\/p>\n<ul>\n<li><strong>Moteur :<\/strong> Moteur \u00e0 essence Jiao 6,5 ch<\/li>\n<li><strong>Num\u00e9ro de mod\u00e8le :<\/strong> 130G<\/li>\n<li><strong>Technologie moteur :<\/strong> Monocylindre, 4 temps, refroidi par air, OHV (soupapes en t\u00eate)<\/li>\n<li><strong>Cylindr\u00e9e :<\/strong> 208 cc<\/li>\n<li><strong>Cylindre :<\/strong> Cylindre avec chemise en fonte<\/li>\n<li><strong>Al\u00e9sage :<\/strong> 68,3 mm<\/li>\n<li><strong>Course :<\/strong> 55,9 mm<\/li>\n<li><strong>Capacit\u00e9 du r\u00e9servoir :<\/strong> 3,1 L<\/li>\n<li><strong>Capacit\u00e9 d\u2019huile :<\/strong> 0,6 L<\/li>\n<li><strong>Poids :<\/strong> 16 kg<\/li>\n<li><strong>Dimensions (l \u00d7 L \u00d7 H) :<\/strong> 321 \u00d7 376 \u00d7 346 mm<\/li>\n<\/ul>\n<p>[\/accordion_son][\/accordion_father][accordion_father][accordion_son title_padding=&#8221;17&#8243; title=&#8221;\u00c9quipement de s\u00e9rie&#8221; bgclr=&#8221;#f7f7f7&#8243;]<\/p>\n<p>Le <strong>HS30245<\/strong> de HZC Power est \u00e9quip\u00e9 d\u2019un ensemble complet d\u2019\u00e9quipements de s\u00e9rie garantissant une utilisation s\u00fbre et efficace :<\/p>\n<ul>\n<li><strong>Moteur \u00e0 essence puissant de 6,5 ch<\/strong><\/li>\n<li><strong>Force de fendage de 30 t :<\/strong> fend sans effort des b\u00fbches jusqu\u2019\u00e0 <strong>600 mm de longueur et 500 mm de diam\u00e8tre<\/strong>.<\/li>\n<li><strong>Construction robuste :<\/strong> Ch\u00e2ssis en acier solide pour une longue dur\u00e9e de vie et une grande stabilit\u00e9 en fonctionnement.<\/li>\n<li><strong>Syst\u00e8me hydraulique :<\/strong> \u00c9quip\u00e9 d\u2019un <strong>r\u00e9servoir d\u2019huile hydraulique de 14 litres<\/strong> pour des performances constantes. Un <strong>filtre \u00e0 huile hydraulique int\u00e9gr\u00e9<\/strong> prolonge la <strong>dur\u00e9e de vie du fendeur de b\u00fbches<\/strong> et garantit un fonctionnement fiable.<\/li>\n<li><strong>Utilisation simple :<\/strong> Commandes ergonomiquement plac\u00e9es pour une utilisation confortable et s\u00fbre.<\/li>\n<li><strong>Attelage :<\/strong> Gr\u00e2ce \u00e0 l\u2019<strong>attelage<\/strong>, la machine peut \u00eatre facilement d\u00e9plac\u00e9e dans la cour ou sur un terrain priv\u00e9. <strong>Veuillez noter<\/strong> que le <strong>HS30245 n\u2019est pas homologu\u00e9 pour la circulation routi\u00e8re<\/strong>.<\/li>\n<li><strong>Dispositifs de s\u00e9curit\u00e9 :<\/strong> Commande \u00e0 deux mains pour une s\u00e9curit\u00e9 maximale lors du fendage.<\/li>\n<\/ul>\n<p>[\/accordion_son][\/accordion_father][accordion_father][accordion_son title_padding=&#8221;17&#8243; title=&#8221;Contenu de la livraison&#8221; bgclr=&#8221;#f7f7f7&#8243;]<\/p>\n<p>Le <strong>HS30245<\/strong> est livr\u00e9 avec tout le n\u00e9cessaire pour une mise en service imm\u00e9diate :<\/p>\n<ul>\n<li><strong>Fendeur de b\u00fbches HS30245<\/strong><\/li>\n<li><strong>Huile hydraulique<\/strong><\/li>\n<li><strong>Notice d\u2019utilisation<\/strong><\/li>\n<\/ul>\n<p>L\u2019<strong>huile moteur<\/strong> n\u2019est <strong>pas incluse<\/strong> et doit \u00eatre <strong>achet\u00e9e et ajout\u00e9e s\u00e9par\u00e9ment avant la mise en service<\/strong> (<strong>quantit\u00e9 : env. 0,6 \u2013 1,1 litre<\/strong>).<\/p>\n<p>[\/accordion_son][\/accordion_father][accordion_father][accordion_son title_padding=&#8221;17&#8243; title=&#8221;Informations de livraison&#8221; bgclr=&#8221;#f7f7f7&#8243;]<\/p>\n<p>Le <strong>fendeur de b\u00fbches HS30245<\/strong> est emball\u00e9 de mani\u00e8re s\u00e9curis\u00e9e et livr\u00e9 pr\u00e9assembl\u00e9 par transporteur. Pour une mise en service sans probl\u00e8me, veuillez respecter les indications suivantes :<\/p>\n<ul>\n<li><strong>Huile hydraulique :<\/strong> L\u2019huile hydraulique n\u00e9cessaire est incluse et doit uniquement \u00eatre remplie.<\/li>\n<li><strong>Livraison sur palette :<\/strong> La machine est transport\u00e9e en toute s\u00e9curit\u00e9 sur une palette afin d\u2019\u00e9viter les dommages pendant le transport.<\/li>\n<li><strong>Livraison par transporteur :<\/strong> La livraison est effectu\u00e9e par transporteur. Vous serez inform\u00e9 \u00e0 l\u2019avance de la date de livraison afin d\u2019organiser la r\u00e9ception.<\/li>\n<\/ul>\n<p>Si vous avez des questions concernant la livraison ou la mise en service, notre service client se tient \u00e0 votre disposition \u00e0 tout moment !<\/p>\n<p>[\/accordion_son][\/accordion_father][\/vc_column][\/vc_row][vc_section full_width=&#8221;stretch_row&#8221; css=&#8221;.vc_custom_1696408555201{margin-top: 2rem !important;margin-bottom: 2rem !important;padding-top: 3rem !important;padding-bottom: 3rem !important;background-color: #fafafa !important;}&#8221;][vc_row css=&#8221;.vc_custom_1696408338857{padding-right: 1rem !important;padding-left: 1rem !important;}&#8221;][vc_column][vc_column_text]<\/p>\n<h2 style=\"text-align: center;\">Vid\u00e9o de montage du fendeur de b\u00fbches<\/h2>\n<p>[\/vc_column_text][vc_empty_space][vc_column_text]<\/p>\n<p style=\"text-align: center;\"><div class=\"lyte-wrapper\" title=\"Montage von einem 25 t liegend Holzspalter mit Benzinmotor und Tisch (HS25205) von HZC Power\" style=\"width:640px;max-width:100%;margin:5px auto;\"><div class=\"lyMe\" id=\"WYL_UXB_jYE-uYw\"><div id=\"lyte_UXB_jYE-uYw\" data-src=\"https:\/\/www.hzc-power.com\/wp-content\/plugins\/wp-youtube-lyte\/lyteCache.php?origThumbUrl=https%3A%2F%2Fi.ytimg.com%2Fvi%2FUXB_jYE-uYw%2Fhqdefault.jpg\" class=\"pL\"><div class=\"tC\"><div class=\"tT\">Montage von einem 25 t liegend Holzspalter mit Benzinmotor und Tisch (HS25205) von HZC Power<\/div><\/div><div class=\"play\"><\/div><div class=\"ctrl\"><div class=\"Lctrl\"><\/div><div class=\"Rctrl\"><\/div><\/div><\/div><noscript><a href=\"https:\/\/youtu.be\/UXB_jYE-uYw\" rel=\"nofollow noopener\" target=\"_blank\"><img loading=\"lazy\" decoding=\"async\" src=\"https:\/\/www.hzc-power.com\/wp-content\/plugins\/wp-youtube-lyte\/lyteCache.php?origThumbUrl=https%3A%2F%2Fi.ytimg.com%2Fvi%2FUXB_jYE-uYw%2F0.jpg\" alt=\"Montage von einem 25 t liegend Holzspalter mit Benzinmotor und Tisch (HS25205) von HZC Power\" width=\"640\" height=\"340\" \/><br \/>Lire cette vid\u00e9o sur YouTube<\/a><\/noscript><\/div><\/div><div class=\"lL\" style=\"max-width:100%;width:640px;margin:5px auto;\"><\/div>\n<p>[\/vc_column_text][\/vc_column][\/vc_row][\/vc_section]<\/p>\n<\/div>","protected":false},"excerpt":{"rendered":"<p><span style=\"color: #ff0000;\"><strong>Commandez votre fendeur de b\u00fbches \u00e0 temps pour votre projet. Les informations concernant le d\u00e9lai de livraison vous seront communiqu\u00e9es apr\u00e8s r\u00e9ception de la commande par notre <span style=\"color: #9e0000;\"><a style=\"color: #9e0000;\" href=\"\/?product_cat=contact\">service client<\/a><\/span>.<\/strong><\/span><\/p>\n<ul>\n<li><strong>30 t<\/strong> de force de fendage<\/li>\n<li><strong>Moteur \u00e0 essence<\/strong> Jiao (6,5 ch)<\/li>\n<li><strong>Cycle de fendage de 9 secondes<\/strong> (5 secondes en avance et 4 secondes en retour)<\/li>\n<li>Longueur de fendage max. : <strong>60 cm<\/strong><\/li>\n<li><strong>Utilisation verticale ou horizontale<\/strong><\/li>\n<li>Diam\u00e8tre du bois : <strong>max. 50 cm<\/strong><\/li>\n<li><strong>Filtre \u00e0 huile<\/strong> pour une dur\u00e9e de vie prolong\u00e9e<\/li>\n<li><strong>Attelage &amp; table de support<\/strong><\/li>\n<li><strong>Dimensions du produit (longueur \u00d7 largeur \u00d7 hauteur) :<\/strong> 226,5 cm \u00d7 101 cm \u00d7 127 cm<\/li>\n<\/ul>\n<p><span style=\"color: #000000;\"><strong>Attention : en plus du cylindre rapide mentionn\u00e9 ci-dessus, ce fendeur de b\u00fbches est actuellement \u00c9GALEMENT disponible avec un cylindre standard, c\u2019est-\u00e0-dire avec un cycle de fendage de 15 secondes. Contactez simplement notre service client par t\u00e9l\u00e9phone ou par e-mail et recevez, apr\u00e8s r\u00e9ception de votre commande, une remise suppl\u00e9mentaire de 300 \u20ac sur la version non mont\u00e9e ou pr\u00e9assembl\u00e9e du fendeur de b\u00fbches avec cylindre standard.<\/strong><\/span><\/p>\n<p>&nbsp;<\/p>\n","protected":false},"featured_media":26519,"comment_status":"open","ping_status":"closed","template":"","meta":{"inline_featured_image":false},"product_brand":[],"product_cat":[791,789],"class_list":{"0":"post-27190","1":"product","2":"type-product","3":"status-publish","4":"has-post-thumbnail","6":"product_cat-fendeuse-de-buches","7":"product_cat-travail-du-bois","8":"product_shipping_class-spedition-3-anbauteile-bagger","9":"wcpa_has_options","11":"first","12":"onbackorder","13":"sale","14":"featured","15":"taxable","16":"shipping-taxable","17":"purchasable","18":"product-type-simple"},"bundled_by":[],"bundle_stock_status":"onbackorder","bundle_stock_quantity":0,"bundle_virtual":false,"bundle_layout":"","bundle_add_to_cart_form_location":"","bundle_editable_in_cart":false,"bundle_sold_individually_context":"","bundle_item_grouping":"","bundle_min_size":"","bundle_max_size":"","bundle_price":[],"bundled_items":[],"bundle_sell_ids":[],"jetpack_sharing_enabled":true,"wcpa_form_fields":{"wcpaData":{"product":{"product_price":1549,"price_html":"<del aria-hidden=\"true\"><span class=\"woocommerce-Price-amount amount\"><bdi>2.229,00&nbsp;<span class=\"woocommerce-Price-currencySymbol\">&euro;<\/span><\/bdi><\/span><\/del> <span class=\"screen-reader-text\">Le prix initial \u00e9tait\u00a0: 2.229,00&nbsp;&euro;.<\/span><ins aria-hidden=\"true\"><span class=\"woocommerce-Price-amount amount\"><bdi>1.549,00&nbsp;<span class=\"woocommerce-Price-currencySymbol\">&euro;<\/span><\/bdi><\/span><\/ins><span class=\"screen-reader-text\">Le prix actuel est\u00a0: 1.549,00&nbsp;&euro;.<\/span><div class=\"gm-wp_bakery_woocommerce_get_price_html\">\n\t\t<div class=\"wgm-info woocommerce-de_price_taxrate \"><\/div>\n\t\t<div class=\"wgm-info woocommerce_de_versandkosten\">plus <a class=\"versandkosten\" href=\"https:\/\/www.hzc-power.com\/fr\/expedition-et-livraison\/\" target=\"_blank\">frais de port<\/a><\/div><\/div>","original_product_price":2229,"price_including_tax":1549,"price_excluding_tax":1301.680672,"product_id":{"parent":27190,"variation":false},"is_variable":false,"stock_status":"onbackorder","stock_quantity":0,"parent_sku":"HS30245","product_attributes":[],"custom_fields":[],"is_taxable":true,"product_name":"Fendeur de b\u00fbches HZC Power HS30245, 30 t, vertical & horizontal, moteur \u00e0 essence, cycle de 9 s","hasImage":false},"fields":{"sec_36435698965031":{"extra":{"key":"sec_36435698965031","section_id":"sec_36435698965031","name":"Default","status":1,"cl_rule":"show","enableCl":false,"relations":[],"toggle":true,"title_tag":"h3","show_title":false,"showPrice":"default","repeater_section_field_label":"{field_label}","repeater_section_label":"{section_name}","repeater_bind":"","form_id":287152,"form_rules":{"exclude_from_discount":false,"fee_label":"Fee","disp_hide_options_price":false,"disp_show_section_price":false,"disp_show_field_price":true,"layout_option":"standard","pric_use_as_fee":false,"process_fee_as":"woo_fee"},"layout_option":"standard"},"fields":[[{"active":true,"col":6,"relations":false,"cl_rule":"show","enableCl":false,"price":"","enablePrice":true,"className":"","label_position":"default","desc_position":"default","type":"radio-group","required":false,"elementId":"radio_3437870303","label":"Service suppl\u00e9mentaire :","name":"radio_3437870303","values":[{"label":"Sans montage","value":"Ohne Montage","selected":false,"tempId":"aco_1125","price":"","description":"Nos fendeuses de b\u00fbches sont soigneusement emball\u00e9es et livr\u00e9es non mont\u00e9es.","gt_translate_keys":["label","description"]},{"label":"Montage & enl\u00e8vement par le client","value":"Montage & Selbstabholen","selected":false,"tempId":"aco_562","price":"99","description":"Nous montons la fendeuse de b\u00fbches pour vous. Vous pouvez ensuite la retirer directement dans notre entrep\u00f4t \u00e0 M\u00f6nchengladbach.\nLors du choix du mode de livraison, veuillez s\u00e9lectionner \"Enl\u00e8vement sur rendez-vous \u00e0 M\u00f6nchengladbach\".","gt_translate_keys":["label","description"]}],"layOut":"","error":false,"checkUi":"","priceOptions":"different_for_all","pricingType":"fixed","use_as_fee":true,"other":false,"enableDesign":true,"scrollBar":false,"LabelColor":"#505f6b","LabelSize":"","mapToCheckout":false,"enableClearSelection":true,"show_selected_option":false,"options_description":true,"tooltip":"Il est possible de commander le fendeur de b\u00fbches pr\u00e9mont\u00e9 ou non.","wpml_sync":false,"isWeightTemplate":false,"isTemplate":false,"min_quantity":"1","quantity_decimal":false,"quantity_step":"1","quantity_label":"Quantity","repeater_field_label":"{field_label}","repeater_bind":"","gt_translate_keys":["label","tooltip","repeater_field_label","quantity_label"],"price_dependency":false,"cl_dependency":false,"value":""}]]}},"config":{"price_override":"","enable_recaptcha":false,"bind_quantity":false,"quantity_bind_formula":false,"disp_summ_show_option_price":true,"disp_summ_show_product_price":true,"disp_summ_show_total_price":true,"disp_summ_show_fee":false,"disp_summ_show_discount":false,"summary_title":"","options_total_label":"Prix de l'option","total_label":"Somme totale","options_product_label":"Prix du produit","fee_label":"Fee","discount_label":"Discount","has_price":true,"has_quantity_formula":false},"mc_unit":1,"tax_rate":1,"tax_rate_real":0.19,"discount":{"percentage":0,"fixed":0},"design":{"conf":{"LabelPosition":"above","DescPosition":"above","UploadField":"custom_1","QuantityFieldStyle":"default"},"css":{"LeftLabelWidth":"120px"}},"formulas":[],"lookuptables":[],"clones":false,"cartKey":false}},"_links":{"self":[{"href":"https:\/\/www.hzc-power.com\/fr\/wp-json\/wp\/v2\/product\/27190","targetHints":{"allow":["GET"]}}],"collection":[{"href":"https:\/\/www.hzc-power.com\/fr\/wp-json\/wp\/v2\/product"}],"about":[{"href":"https:\/\/www.hzc-power.com\/fr\/wp-json\/wp\/v2\/types\/product"}],"replies":[{"embeddable":true,"href":"https:\/\/www.hzc-power.com\/fr\/wp-json\/wp\/v2\/comments?post=27190"}],"wp:featuredmedia":[{"embeddable":true,"href":"https:\/\/www.hzc-power.com\/fr\/wp-json\/wp\/v2\/media\/26519"}],"wp:attachment":[{"href":"https:\/\/www.hzc-power.com\/fr\/wp-json\/wp\/v2\/media?parent=27190"}],"wp:term":[{"taxonomy":"product_brand","embeddable":true,"href":"https:\/\/www.hzc-power.com\/fr\/wp-json\/wp\/v2\/product_brand?post=27190"},{"taxonomy":"product_cat","embeddable":true,"href":"https:\/\/www.hzc-power.com\/fr\/wp-json\/wp\/v2\/product_cat?post=27190"}],"curies":[{"name":"wp","href":"https:\/\/api.w.org\/{rel}","templated":true}]}}