{"id":286980,"date":"2021-06-24T14:38:55","date_gmt":"2021-06-24T12:38:55","guid":{"rendered":"https:\/\/www.hzc-power.com\/non%20class\u00e9\/foreuse-hydraulique-foreuse-pendulaire-avec-moteur-a-essence-et-amp-jeu-de-forets-beb206\/foreuse-hydraulique-foreuse-pendulaire-avec-moteur-a-essence-et-amp-jeu-de-forets-beb206\/"},"modified":"2025-10-01T00:00:47","modified_gmt":"2025-09-30T22:00:47","slug":"foreuse-hydraulique-foreuse-pendulaire-avec-moteur-a-essence-et-jeu-de-forets-beb206","status":"publish","type":"product","link":"https:\/\/www.hzc-power.com\/fr\/foreuse-hydraulique-foreuse-pendulaire-avec-moteur-a-essence-et-jeu-de-forets-beb206\/","title":{"rendered":"Foreuse hydraulique, foreuse pendulaire avec moteur \u00e0 essence et amp; Jeu de forets (BEB206)"},"content":{"rendered":"<div class=\"wpb-content-wrapper\"><p>[vc_row css=&#8221;.vc_custom_1696242658251{padding-top: 3rem !important;padding-bottom: 3rem !important;}&#8221;][vc_column width=&#8221;1\/2&#8243;][vc_column_text]<\/p>\n<h2>Perceuse hydraulique\/perceuse pendulaire avec moteur \u00e0 essence &amp; Jeu de forets (BEB206)<\/h2>\n<p>[\/vc_column_text][vc_empty_space][vc_column_text]La BEB206 est notre perceuse pendulaire autonome. Il est utilis\u00e9 pour pr\u00e9parer le sol pour des poteaux de cl\u00f4ture ou des trous de plantation, par exemple. Avec notre perceuse, des trous jusqu&#8217;\u00e0 1 m\u00e8tre maximum sont possibles.[\/vc_column_text][\/vc_column][\/vc_row][vc_row css=&#8221;.vc_custom_1696242666015{padding-top: 3rem !important;padding-bottom: 3rem !important;}&#8221;][vc_column width=&#8221;1\/2&#8243;][vc_column_text]<\/p>\n<h2>Conduire<\/h2>\n<p>[\/vc_column_text][vc_empty_space][vc_column_text]<span style=\"color: #000000;\">Le n\u00f4tre est propuls\u00e9 par un moteur \u00e0 essence de 13,5 ch. Il s&#8217;agit d&#8217;un moteur Briggs &amp; Stratton. Briggs&amp;Stratton propose un service de maintenance\/r\u00e9paration pour ce moteur puissant dans des ateliers partenaires qualifi\u00e9s dans le monde entier.<\/span>[\/vc_column_text][vc_empty_space][\/vc_column][vc_column width=&#8221;1\/2&#8243;][vc_column_text]<\/p>\n<h2>\u00c9quipement<\/h2>\n<p>[\/vc_column_text][vc_empty_space][vc_column_text]Le foret du BEB206 est fix\u00e9 \u00e0 une tige verticale. La perceuse est enfonc\u00e9e dans le sol par un mouvement de rotation et une pression venant du haut. La perceuse pendulaire HZC Power est livr\u00e9e avec des forets d&#8217;un diam\u00e8tre de 125 mm, 150 mm, 200 mm, 250 mm et 300 mm, afin de pouvoir percer des trous de diff\u00e9rentes largeurs dans le sol. Les pneus en caoutchouc rendent le foret flexible et maniable. La machine est d\u00e9j\u00e0 assembl\u00e9e et pr\u00eate \u00e0 \u00eatre utilis\u00e9e imm\u00e9diatement.[\/vc_column_text][\/vc_column][\/vc_row][vc_row css=&#8221;.vc_custom_1696242674247{margin-top: 2rem !important;margin-bottom: 2rem !important;}&#8221;][vc_column]            <div class=\"nasa-static-block\" >\r\n                                <div class=\"nasa-static-block-container\">\r\n                    <style type=\"text\/css\" data-type=\"vc_shortcodes-custom-css\">.vc_custom_1696253521432{margin-top: 2rem !important;margin-bottom: 2rem !important;padding-top: 3rem !important;padding-bottom: 3rem !important;background-color: #505f6b !important;}.vc_custom_1696253530748{padding-right: 1rem !important;padding-left: 1rem !important;}<\/style>[vc_section full_width=\"stretch_row\" css=\".vc_custom_1696253521432{margin-top: 2rem !important;margin-bottom: 2rem !important;padding-top: 3rem !important;padding-bottom: 3rem !important;background-color: #505f6b !important;}\"][vc_row css=\".vc_custom_1696253530748{padding-right: 1rem !important;padding-left: 1rem !important;}\"][vc_column width=\"1\/2\"][vc_column_text]\r\n<h2><span style=\"color: #ffffff;\">Offre pour votre produit HZC Power<\/span><\/h2>\r\n[\/vc_column_text][vc_empty_space][\/vc_column][vc_column width=\"1\/2\"][vc_column_text]<span style=\"color: #ffffff;\">Chez HZC Power, nous pr\u00eatons toujours attention \u00e0 la plus haute qualit\u00e9, \u00e0 une finition techniquement irr\u00e9prochable et \u00e0 une construction robuste. Vous recevez nos produits partiellement assembl\u00e9s par une compagnie maritime. Nous vous proposons un prix d'exp\u00e9dition fixe qui est automatiquement g\u00e9n\u00e9r\u00e9 dans le panier (des informations d'exp\u00e9dition suppl\u00e9mentaires peuvent \u00eatre trouv\u00e9es <strong>ici<\/strong>).<\/span>\r\n\r\n<span style=\"color: #ffffff;\">Vous \u00eates invit\u00e9s \u00e0 voir nos produits \u00e0 notre si\u00e8ge social apr\u00e8s arrangement ou \u00e0 les r\u00e9cup\u00e9rer gratuitement.<\/span>\r\n\r\n<span style=\"color: #ffffff;\">Si vous avez d'autres questions sur les diff\u00e9rents mod\u00e8les, n'h\u00e9sitez pas \u00e0 contacter <strong>notre service client<\/strong>. Il se fera un plaisir de vous conseiller davantage. Laissez-vous convaincre par notre offre et assurez votre produit de la meilleure qualit\u00e9 au meilleur prix chez HZC Power.<\/span>[\/vc_column_text][\/vc_column][\/vc_row][\/vc_section]                <\/div>\r\n            <\/div>\r\n            [\/vc_column][\/vc_row][vc_row css=&#8221;.vc_custom_1696242681911{padding-top: 3rem !important;padding-bottom: 3rem !important;}&#8221;][vc_column width=&#8221;1\/2&#8243;][vc_column_text]<\/p>\n<h2>Donn\u00e9es techniques<\/h2>\n<p>[\/vc_column_text][vc_empty_space][vc_column_text]<\/p>\n<ul>\n<li>Fabricant: HZC Power<\/li>\n<li>Mod\u00e8le: BEB206<\/li>\n<li>Moteur: Briggs&amp;Stratton, 13,5 ch, essence<\/li>\n<li>Profondeur de forage: 1 m\u00e8tre maximum<\/li>\n<li>Capacit\u00e9 d&#8217;huile hydraulique: 16 l<\/li>\n<li>Poids: 206 kg<\/li>\n<li>D\u00e9bit maximal: 13,64 litres par minute<\/li>\n<li>R\u00e9glage de d\u00e9compression: 137,90 bar<\/li>\n<li>Vitesse du moteur hydraulique: 55 tours par minute (tr\/min)<\/li>\n<li>Couple du moteur hydraulique: 429,34 N-m<\/li>\n<li>Dimensions du produit: 2,92 mx 1,04 mx 1,55 m<\/li>\n<\/ul>\n<p>[\/vc_column_text][vc_empty_space][\/vc_column][vc_column width=&#8221;1\/2&#8243;][vc_column_text]<\/p>\n<h2>Contenu de la livraison<\/h2>\n<p>[\/vc_column_text][vc_empty_space][evc_icon_list][evc_icon_list_item icon_library=&#8221;fontawesome&#8221; icon_fontawesome=&#8221;fas fa-check&#8221; text=&#8221;Foreuse de terre BEB206&#8243;][evc_icon_list_item icon_library=&#8221;fontawesome&#8221; icon_fontawesome=&#8221;fas fa-check&#8221; text=&#8221;Foret d&#8217;un diam\u00e8tre de 300 mm&#8221;][evc_icon_list_item icon_library=&#8221;fontawesome&#8221; icon_fontawesome=&#8221;fas fa-check&#8221; text=&#8221;Foret d&#8217;un diam\u00e8tre de 250 mm&#8221;][evc_icon_list_item icon_library=&#8221;fontawesome&#8221; icon_fontawesome=&#8221;fas fa-check&#8221; text=&#8221;Foret d&#8217;un diam\u00e8tre de 200 mm&#8221;][evc_icon_list_item icon_library=&#8221;fontawesome&#8221; icon_fontawesome=&#8221;fas fa-check&#8221; text=&#8221; Foret d&#8217;un diam\u00e8tre de 150 mm&#8221;][evc_icon_list_item icon_library=&#8221;fontawesome&#8221; icon_fontawesome=&#8221;fas fa-check&#8221; text=&#8221;Foret d&#8217;un diam\u00e8tre de 125 mm&#8221;][\/evc_icon_list][vc_empty_space][vc_column_text css=&#8221;.vc_custom_1696244760881{margin-right: 0px !important;margin-left: 0px !important;padding-right: 0px !important;padding-left: 0px !important;}&#8221;]<div class=\"lyte-wrapper\" title=\"Hydraulischer Pendelbohrer mit Benzinmotor (BEB206)\" style=\"width:640px;max-width:100%;margin:5px auto;\"><div class=\"lyMe\" id=\"WYL_cxVKNvEOyQg\"><div id=\"lyte_cxVKNvEOyQg\" data-src=\"https:\/\/www.hzc-power.com\/wp-content\/plugins\/wp-youtube-lyte\/lyteCache.php?origThumbUrl=https%3A%2F%2Fi.ytimg.com%2Fvi%2FcxVKNvEOyQg%2Fhqdefault.jpg\" class=\"pL\"><div class=\"tC\"><div class=\"tT\">Hydraulischer Pendelbohrer mit Benzinmotor (BEB206)<\/div><\/div><div class=\"play\"><\/div><div class=\"ctrl\"><div class=\"Lctrl\"><\/div><div class=\"Rctrl\"><\/div><\/div><\/div><noscript><a href=\"https:\/\/youtu.be\/cxVKNvEOyQg\" rel=\"nofollow noopener\" target=\"_blank\"><img loading=\"lazy\" decoding=\"async\" src=\"https:\/\/www.hzc-power.com\/wp-content\/plugins\/wp-youtube-lyte\/lyteCache.php?origThumbUrl=https%3A%2F%2Fi.ytimg.com%2Fvi%2FcxVKNvEOyQg%2F0.jpg\" alt=\"Hydraulischer Pendelbohrer mit Benzinmotor (BEB206)\" width=\"640\" height=\"340\" \/><br \/>Lire cette vid\u00e9o sur YouTube<\/a><\/noscript><\/div><\/div><div class=\"lL\" style=\"max-width:100%;width:640px;margin:5px auto;\"><\/div>[\/vc_column_text][\/vc_column][\/vc_row][vc_row css=&#8221;.vc_custom_1696242689744{margin-top: 2rem !important;margin-bottom: 2rem !important;}&#8221;][vc_column]            <div class=\"nasa-static-block\" >\r\n                                <div class=\"nasa-static-block-container\">\r\n                    <style type=\"text\/css\" data-type=\"vc_shortcodes-custom-css\">.vc_custom_1696253693000{margin-top: 2rem !important;margin-bottom: 2rem !important;padding-top: 3rem !important;padding-bottom: 3rem !important;background-color: #505f6b !important;}.vc_custom_1696253682397{padding-right: 1rem !important;padding-left: 1rem !important;}<\/style>[vc_section full_width=\"stretch_row\" css=\".vc_custom_1696253693000{margin-top: 2rem !important;margin-bottom: 2rem !important;padding-top: 3rem !important;padding-bottom: 3rem !important;background-color: #505f6b !important;}\"][vc_row css=\".vc_custom_1696253682397{padding-right: 1rem !important;padding-left: 1rem !important;}\"][vc_column width=\"1\/2\"][vc_column_text]\r\n<h2><span style=\"color: #ffffff;\">D\u00e9tails d'exp\u00e9dition\/bon de livraison<\/span><\/h2>\r\n[\/vc_column_text][vc_empty_space][\/vc_column][vc_column width=\"1\/2\"][vc_column_text]<span style=\"color: #ffffff;\">Nos perceuses pendulaires sont livr\u00e9es dans une caisse en bois. L'huile moteur est remplie et l'huile hydraulique est soit d\u00e9j\u00e0 remplie, soit livr\u00e9e dans des bidons s\u00e9par\u00e9s. Il vous faudra environ 10 minutes pour le montage final de la perceuse pendulaire. N'oubliez pas de faire le plein de la perceuse pendulaire avant utilisation.<\/span>[\/vc_column_text][\/vc_column][\/vc_row][\/vc_section]                <\/div>\r\n            <\/div>\r\n            [\/vc_column][\/vc_row]<\/p>\n<\/div>","protected":false},"excerpt":{"rendered":"<ul>\n<li>Profondeur de forage jusqu&#8217;\u00e0 1 m\u00e8tre<\/li>\n<li>Diff\u00e9rents diam\u00e8tres de per\u00e7age<\/li>\n<li>Moteur essence 13,5 ch<\/li>\n<li>Capacit\u00e9 d&#8217;huile hydraulique: 16 l<\/li>\n<li>Poids: 206 kg<\/li>\n<li>D\u00e9bit maximal: 13,64 litres par minute<\/li>\n<li>R\u00e9glage de d\u00e9compression: 137,90 bar<\/li>\n<li>Vitesse du moteur hydraulique: 55 tours par minute (tr\/min)<\/li>\n<li>Couple du moteur hydraulique: 429,34 N-m<\/li>\n<li>Dimensions du produit: 2,92 mx 1,04 mx 1,55 m<\/li>\n<\/ul>\n","protected":false},"featured_media":290917,"comment_status":"open","ping_status":"closed","template":"","meta":{"inline_featured_image":false},"product_brand":[],"product_cat":[782,776],"class_list":{"0":"post-286980","1":"product","2":"type-product","3":"status-publish","4":"has-post-thumbnail","6":"product_cat-tariere","7":"product_cat-sylviculture-et-amenagement-paysager","8":"product_shipping_class-spedition-mittel","10":"first","11":"instock","12":"sale","13":"taxable","14":"shipping-taxable","15":"purchasable","16":"product-type-simple"},"bundled_by":[],"bundle_stock_status":"instock","bundle_stock_quantity":4,"bundle_virtual":false,"bundle_layout":"","bundle_add_to_cart_form_location":"","bundle_editable_in_cart":false,"bundle_sold_individually_context":"","bundle_item_grouping":"","bundle_min_size":"","bundle_max_size":"","bundle_price":[],"bundled_items":[],"bundle_sell_ids":[],"jetpack_sharing_enabled":true,"wcpa_form_fields":null,"_links":{"self":[{"href":"https:\/\/www.hzc-power.com\/fr\/wp-json\/wp\/v2\/product\/286980","targetHints":{"allow":["GET"]}}],"collection":[{"href":"https:\/\/www.hzc-power.com\/fr\/wp-json\/wp\/v2\/product"}],"about":[{"href":"https:\/\/www.hzc-power.com\/fr\/wp-json\/wp\/v2\/types\/product"}],"replies":[{"embeddable":true,"href":"https:\/\/www.hzc-power.com\/fr\/wp-json\/wp\/v2\/comments?post=286980"}],"wp:featuredmedia":[{"embeddable":true,"href":"https:\/\/www.hzc-power.com\/fr\/wp-json\/wp\/v2\/media\/290917"}],"wp:attachment":[{"href":"https:\/\/www.hzc-power.com\/fr\/wp-json\/wp\/v2\/media?parent=286980"}],"wp:term":[{"taxonomy":"product_brand","embeddable":true,"href":"https:\/\/www.hzc-power.com\/fr\/wp-json\/wp\/v2\/product_brand?post=286980"},{"taxonomy":"product_cat","embeddable":true,"href":"https:\/\/www.hzc-power.com\/fr\/wp-json\/wp\/v2\/product_cat?post=286980"}],"curies":[{"name":"wp","href":"https:\/\/api.w.org\/{rel}","templated":true}]}}