{"id":287029,"date":"2021-06-10T14:39:34","date_gmt":"2021-06-10T12:39:34","guid":{"rendered":"https:\/\/www.hzc-power.com\/non%20class\u00e9\/fraiseuse-de-tranchees-fraiseuse-de-cables-fraiseuse-de-puits-avec-moteur-a-essence-13-cv-gf170\/fraiseuse-de-tranchees-fraiseuse-de-cables-fraiseuse-de-puits-avec-moteur-a-essence-13-cv-gf170\/"},"modified":"2025-01-02T23:00:11","modified_gmt":"2025-01-02T22:00:11","slug":"fraiseuse-de-tranchees-fraiseuse-de-cables-fraiseuse-de-puits-avec-moteur-a-essence-13-cv-gf170","status":"publish","type":"product","link":"https:\/\/www.hzc-power.com\/fr\/fraiseuse-de-tranchees-fraiseuse-de-cables-fraiseuse-de-puits-avec-moteur-a-essence-13-cv-gf170\/","title":{"rendered":"Fraiseuse de tranch\u00e9es \/ fraiseuse de c\u00e2bles \/ fraiseuse de puits avec moteur \u00e0 essence (13 CV) (GF170)"},"content":{"rendered":"<div class=\"wpb-content-wrapper\"><p>[vc_row css=&#8221;.vc_custom_1696243075419{padding-top: 3rem !important;padding-bottom: 3rem !important;}&#8221;][vc_column width=&#8221;2\/3&#8243;]<div class=\"nasa-title clearfix hr-type-full\"><div class=\"nasa-wrap\"><h2 class=\"nasa-heading-title\"><span class=\"nasa-title-wrap\"><span style=\"background: #ffffff;\">Trancheuse\/c\u00e2bleuse\/fraiseuse de puits avec moteur \u00e0 essence (13 CV) (GF170)<\/span><span class=\"nasa-title-hr\"><\/span><\/span><\/h2><\/div><\/div>[vc_empty_space][vc_column_text]La trancheuse GF170 est une trancheuse portative qui creuse des puits d&#8217;une largeur de 100 mm et d&#8217;une profondeur maximale de 600 mm dans un sol solide. Il est donc particuli\u00e8rement adapt\u00e9 \u00e0 la pose de canalisations et de c\u00e2bles \u00e9lectriques ou \u00e0 l&#8217;installation de syst\u00e8mes de drainage.[\/vc_column_text][\/vc_column][\/vc_row][vc_row css=&#8221;.vc_custom_1696243083667{padding-top: 3rem !important;padding-bottom: 3rem !important;}&#8221;][vc_column]<div class=\"nasa-title clearfix hr-type-full\"><div class=\"nasa-wrap\"><h2 class=\"nasa-heading-title\"><span class=\"nasa-title-wrap\"><span style=\"background: #ffffff;\">\u00c9quipement<\/span><span class=\"nasa-title-hr\"><\/span><\/span><\/h2><\/div><\/div>[vc_empty_space][vc_row_inner][vc_column_inner width=&#8221;1\/2&#8243;][vc_column_text]Les 54 maillons de cha\u00eene et les 27 lames de fraisage assurent des tranch\u00e9es parfaites. La machine p\u00e8se 185 kg et est donc flexible d&#8217;utilisation et peut \u00eatre utilis\u00e9e de mani\u00e8re ind\u00e9pendante gr\u00e2ce au moteur \u00e0 essence. Cela fait de la fraise \u00e0 arbre un outil indispensable, par ex. B. pour l&#8217;\u00e9clairage et l&#8217;\u00e9clairage du jardin. Contr\u00f4le de portail, lors de la pose de tuyaux de drainage vers des zones de drainage et de la pose de c\u00e2bles et de lignes \u00e9lectriques.<\/p>\n<p>Veuillez toujours retirer les pierres et les corps \u00e9trangers de la cha\u00eene apr\u00e8s avoir utilis\u00e9 la machine.[\/vc_column_text][\/vc_column_inner][vc_column_inner width=&#8221;1\/2&#8243;][vc_column_text]Le coupe-c\u00e2ble est propuls\u00e9 par un moteur Briggs &amp; Stratton. Celui-ci a une puissance de 13 ch et garantit suffisamment de puissance. Briggs &amp; Stratton propose un service d&#8217;entretien\/r\u00e9paration pour le puissant moteur \u00e0 essence dans des ateliers partenaires qualifi\u00e9s dans le monde entier.[\/vc_column_text][\/vc_column_inner][\/vc_row_inner][\/vc_column][\/vc_row][vc_row css=&#8221;.vc_custom_1696243093178{margin-top: 2rem !important;margin-bottom: 2rem !important;}&#8221;][vc_column]            <div class=\"nasa-static-block\" >\r\n                                <div class=\"nasa-static-block-container\">\r\n                    <style type=\"text\/css\" data-type=\"vc_shortcodes-custom-css\">.vc_custom_1696253521432{margin-top: 2rem !important;margin-bottom: 2rem !important;padding-top: 3rem !important;padding-bottom: 3rem !important;background-color: #505f6b !important;}.vc_custom_1696253530748{padding-right: 1rem !important;padding-left: 1rem !important;}<\/style>[vc_section full_width=\"stretch_row\" css=\".vc_custom_1696253521432{margin-top: 2rem !important;margin-bottom: 2rem !important;padding-top: 3rem !important;padding-bottom: 3rem !important;background-color: #505f6b !important;}\"][vc_row css=\".vc_custom_1696253530748{padding-right: 1rem !important;padding-left: 1rem !important;}\"][vc_column width=\"1\/2\"][vc_column_text]\r\n<h2><span style=\"color: #ffffff;\">Offre pour votre produit HZC Power<\/span><\/h2>\r\n[\/vc_column_text][vc_empty_space][\/vc_column][vc_column width=\"1\/2\"][vc_column_text]<span style=\"color: #ffffff;\">Chez HZC Power, nous pr\u00eatons toujours attention \u00e0 la plus haute qualit\u00e9, \u00e0 une finition techniquement irr\u00e9prochable et \u00e0 une construction robuste. Vous recevez nos produits partiellement assembl\u00e9s par une compagnie maritime. Nous vous proposons un prix d'exp\u00e9dition fixe qui est automatiquement g\u00e9n\u00e9r\u00e9 dans le panier (des informations d'exp\u00e9dition suppl\u00e9mentaires peuvent \u00eatre trouv\u00e9es <strong>ici<\/strong>).<\/span>\r\n\r\n<span style=\"color: #ffffff;\">Vous \u00eates invit\u00e9s \u00e0 voir nos produits \u00e0 notre si\u00e8ge social apr\u00e8s arrangement ou \u00e0 les r\u00e9cup\u00e9rer gratuitement.<\/span>\r\n\r\n<span style=\"color: #ffffff;\">Si vous avez d'autres questions sur les diff\u00e9rents mod\u00e8les, n'h\u00e9sitez pas \u00e0 contacter <strong>notre service client<\/strong>. Il se fera un plaisir de vous conseiller davantage. Laissez-vous convaincre par notre offre et assurez votre produit de la meilleure qualit\u00e9 au meilleur prix chez HZC Power.<\/span>[\/vc_column_text][\/vc_column][\/vc_row][\/vc_section]                <\/div>\r\n            <\/div>\r\n            [\/vc_column][\/vc_row][vc_row css=&#8221;.vc_custom_1696243102431{padding-top: 3rem !important;padding-bottom: 3rem !important;}&#8221;][vc_column width=&#8221;1\/2&#8243;][vc_empty_space]<div class=\"nasa-title clearfix hr-type-full\"><div class=\"nasa-wrap\"><h2 class=\"nasa-heading-title\"><span class=\"nasa-title-wrap\"><span style=\"background: #ffffff;\">Donn\u00e9es techniques<\/span><span class=\"nasa-title-hr\"><\/span><\/span><\/h2><\/div><\/div>[vc_column_text]<\/p>\n<ul>\n<li>Fabricant\u00a0: HZC\u00a0Power<\/li>\n<li>Mod\u00e8le\u00a0: GF170<\/li>\n<li>Moteur\u00a0: Briggs&amp;Stratton 13 CV essence 420\u00a0cc<\/li>\n<li>Roues arri\u00e8re\u00a0: 2\u00a0pi\u00e8ces, pneus pneumatiques de 14\u00a0pouces<\/li>\n<li>Roue avant\u00a0: 8&#8243;<\/li>\n<li>Maillons de cha\u00eene\u00a0:\u00a054<\/li>\n<li>Dents coupantes\u00a0: 27<\/li>\n<li>Max. Profondeur de creusement\u00a0: 600\u00a0mm<\/li>\n<li>Max. Largeur de fouille\u00a0: 100\u00a0mm<\/li>\n<li>Poids du produit\u00a0: 185\u00a0kg<\/li>\n<li>Poids d&#8217;exp\u00e9dition\u00a0: 200\u00a0kg<\/li>\n<\/ul>\n<p>[\/vc_column_text][vc_empty_space][\/vc_column][vc_column width=&#8221;1\/2&#8243;][vc_empty_space]<div class=\"nasa-title clearfix hr-type-full\"><div class=\"nasa-wrap\"><h2 class=\"nasa-heading-title\"><span class=\"nasa-title-wrap\"><span style=\"background: #ffffff;\">Vid\u00e9o de la trancheuse (GF170)<\/span><span class=\"nasa-title-hr\"><\/span><\/span><\/h2><\/div><\/div>[vc_column_text]<div class=\"lyte-wrapper\" style=\"width:640px;max-width:100%;margin:5px auto;\"><div class=\"lyMe\" id=\"WYL_wy_SgeOsick\"><div id=\"lyte_wy_SgeOsick\" data-src=\"https:\/\/www.hzc-power.com\/wp-content\/plugins\/wp-youtube-lyte\/lyteCache.php?origThumbUrl=%2F%2Fi.ytimg.com%2Fvi%2Fwy_SgeOsick%2Fhqdefault.jpg\" class=\"pL\"><div class=\"tC\"><div class=\"tT\"><\/div><\/div><div class=\"play\"><\/div><div class=\"ctrl\"><div class=\"Lctrl\"><\/div><div class=\"Rctrl\"><\/div><\/div><\/div><noscript><a href=\"https:\/\/youtu.be\/wy_SgeOsick\" rel=\"nofollow noopener\" target=\"_blank\"><img loading=\"lazy\" decoding=\"async\" src=\"https:\/\/www.hzc-power.com\/wp-content\/plugins\/wp-youtube-lyte\/lyteCache.php?origThumbUrl=https%3A%2F%2Fi.ytimg.com%2Fvi%2Fwy_SgeOsick%2F0.jpg\" alt=\"YouTube video thumbnail\" width=\"640\" height=\"340\" \/><br \/>Lire cette vid\u00e9o sur YouTube<\/a><\/noscript><\/div><\/div><div class=\"lL\" style=\"max-width:100%;width:640px;margin:5px auto;\"><\/div>[\/vc_column_text][vc_empty_space][\/vc_column][\/vc_row][vc_row css=&#8221;.vc_custom_1696243113666{margin-top: 2rem !important;margin-bottom: 2rem !important;}&#8221;][vc_column]            <div class=\"nasa-static-block\" >\r\n                                <div class=\"nasa-static-block-container\">\r\n                    <style type=\"text\/css\" data-type=\"vc_shortcodes-custom-css\">.vc_custom_1696253560832{margin-top: 2rem !important;margin-bottom: 2rem !important;padding-top: 3rem !important;padding-bottom: 3rem !important;background-color: #505f6b !important;}.vc_custom_1696253549474{padding-right: 1rem !important;padding-left: 1rem !important;}<\/style>[vc_section full_width=\"stretch_row\" css=\".vc_custom_1696253560832{margin-top: 2rem !important;margin-bottom: 2rem !important;padding-top: 3rem !important;padding-bottom: 3rem !important;background-color: #505f6b !important;}\"][vc_row css=\".vc_custom_1696253549474{padding-right: 1rem !important;padding-left: 1rem !important;}\"][vc_column width=\"1\/2\"][vc_column_text]\r\n<h2><span style=\"color: #ffffff;\">D\u00e9tails d'exp\u00e9dition\/bon de livraison<\/span><\/h2>\r\n[\/vc_column_text][vc_empty_space][\/vc_column][vc_column width=\"1\/2\"][vc_column_text]<span style=\"color: #ffffff;\">Nos fraiseuses sont livr\u00e9es dans des caisses en bois. Ils doivent encore \u00eatre enti\u00e8rement assembl\u00e9s apr\u00e8s la livraison. Les fraiseuses ne contiennent aucun fluide de fonctionnement.<\/span>[\/vc_column_text][\/vc_column][\/vc_row][\/vc_section]                <\/div>\r\n            <\/div>\r\n            [\/vc_column][\/vc_row]<\/p>\n<\/div>","protected":false},"excerpt":{"rendered":"<ul>\n<li>Briggs&amp;Stratton 13 CV essence 420cc<\/li>\n<li>Seulement 185\u00a0kg de poids mort<\/li>\n<li>Profondeur de travail de 600\u00a0mm<\/li>\n<li>Largeur de travail de 100\u00a0mm<\/li>\n<li>Veuillez toujours retirer les pierres et les corps \u00e9trangers de la cha\u00eene apr\u00e8s avoir utilis\u00e9 la machine.<\/li>\n<\/ul>\n            <div class=\"nasa-static-block\" >\r\n                                <div class=\"nasa-static-block-container\">\r\n                    <style type=\"text\/css\" data-type=\"vc_shortcodes-custom-css\">.vc_custom_1701967224244{padding-top: 1rem !important;padding-right: 1rem !important;padding-bottom: 1rem !important;padding-left: 1rem !important;background-color: #9f131e !important;}<\/style>[vc_row css=\".vc_custom_1701967224244{padding-top: 1rem !important;padding-right: 1rem !important;padding-bottom: 1rem !important;padding-left: 1rem !important;background-color: #9f131e !important;}\"][vc_column][vc_column_text]<span style=\"color: #ffffff;\"><strong>Entretien &amp; r\u00e9paration pour une longue dur\u00e9e de vie:<\/strong>.<\/span>\r\n<span style=\"color: #ffffff;\">Notre service complet est disponible pour ce produit.<\/span>\r\n<span style=\"color: #ffffff;\">Toutes les pi\u00e8ces de rechange sont toujours disponibles en stock et sont install\u00e9es dans les plus brefs d\u00e9lais.<\/span>[\/vc_column_text][\/vc_column][\/vc_row]                <\/div>\r\n            <\/div>\r\n            \n","protected":false},"featured_media":288985,"comment_status":"open","ping_status":"closed","template":"","meta":{"inline_featured_image":false},"product_brand":[],"product_cat":[784,788,776],"class_list":{"0":"post-287029","1":"product","2":"type-product","3":"status-publish","4":"has-post-thumbnail","6":"product_cat-trancheuse","7":"product_cat-cour-et-jardin","8":"product_cat-sylviculture-et-amenagement-paysager","9":"product_shipping_class-spedition-mittel","11":"first","12":"instock","13":"taxable","14":"shipping-taxable","15":"purchasable","16":"product-type-simple"},"bundled_by":[],"bundle_stock_status":"instock","bundle_stock_quantity":29,"bundle_virtual":false,"bundle_layout":"","bundle_add_to_cart_form_location":"","bundle_editable_in_cart":false,"bundle_sold_individually_context":"","bundle_item_grouping":"","bundle_min_size":"","bundle_max_size":"","bundle_price":[],"bundled_items":[],"bundle_sell_ids":[],"jetpack_sharing_enabled":true,"wcpa_form_fields":null,"_links":{"self":[{"href":"https:\/\/www.hzc-power.com\/fr\/wp-json\/wp\/v2\/product\/287029","targetHints":{"allow":["GET"]}}],"collection":[{"href":"https:\/\/www.hzc-power.com\/fr\/wp-json\/wp\/v2\/product"}],"about":[{"href":"https:\/\/www.hzc-power.com\/fr\/wp-json\/wp\/v2\/types\/product"}],"replies":[{"embeddable":true,"href":"https:\/\/www.hzc-power.com\/fr\/wp-json\/wp\/v2\/comments?post=287029"}],"wp:featuredmedia":[{"embeddable":true,"href":"https:\/\/www.hzc-power.com\/fr\/wp-json\/wp\/v2\/media\/288985"}],"wp:attachment":[{"href":"https:\/\/www.hzc-power.com\/fr\/wp-json\/wp\/v2\/media?parent=287029"}],"wp:term":[{"taxonomy":"product_brand","embeddable":true,"href":"https:\/\/www.hzc-power.com\/fr\/wp-json\/wp\/v2\/product_brand?post=287029"},{"taxonomy":"product_cat","embeddable":true,"href":"https:\/\/www.hzc-power.com\/fr\/wp-json\/wp\/v2\/product_cat?post=287029"}],"curies":[{"name":"wp","href":"https:\/\/api.w.org\/{rel}","templated":true}]}}