{"id":287045,"date":"2021-06-08T11:27:38","date_gmt":"2021-06-08T09:27:38","guid":{"rendered":"https:\/\/www.hzc-power.com\/non%20class\u00e9\/fendeuse-de-buches-horizontale-de-30-tonnes-avec-moteur-a-essence-leve-coffre-hs30290\/fendeuse-de-buches-horizontale-de-30-tonnes-avec-moteur-a-essence-leve-coffre-hs30290\/"},"modified":"2026-01-28T09:10:23","modified_gmt":"2026-01-28T08:10:23","slug":"fendeuse-de-buches-horizontale-de-30-tonnes-avec-moteur-a-essence-leve-coffre-hs30290","status":"publish","type":"product","link":"https:\/\/www.hzc-power.com\/fr\/fendeuse-de-buches-horizontale-de-30-tonnes-avec-moteur-a-essence-leve-coffre-hs30290\/","title":{"rendered":"Fendeur de b\u00fbches HZC Power HS30290, 30 t, 60 cm, horizontal, moteur \u00e0 essence"},"content":{"rendered":"<div class=\"wpb-content-wrapper\"><p>[vc_row css=&#8221;.vc_custom_1696411153660{padding-top: 3rem !important;padding-bottom: 3rem !important;}&#8221;][vc_column width=&#8221;2\/3&#8243;][vc_column_text]<\/p>\n<h2>Fendeur de b\u00fbches horizontal 30 t avec moteur \u00e0 essence &amp; l\u00e8ve-b\u00fbches (HS30290)<\/h2>\n<p>[\/vc_column_text][vc_empty_space][vc_column_text]<br \/>\nBois de chauffage pour l\u2019hiver \u2013 toute personne disposant d\u2019une chemin\u00e9e, d\u2019un po\u00eale \u00e0 bois ou d\u2019un foyer conna\u00eet le probl\u00e8me : le bois de chauffage pr\u00eat \u00e0 l\u2019emploi est co\u00fbteux et le fendage \u00e0 la hache, au marteau et au coin est extr\u00eamement fatigant et \u00e9prouvant. Nous avons la solution, car notre fendeur de b\u00fbches horizontal avec une force de fendage de 30 t facilite consid\u00e9rablement le travail.<\/p>\n<p>Le fendeur de b\u00fbches HS30290 de HZC Power offre une force de fendage allant jusqu\u2019\u00e0 30 t et fend du bois jusqu\u2019\u00e0 une longueur de 600 mm. Il est \u00e9galement \u00e9quip\u00e9 d\u2019un l\u00e8ve-b\u00fbches, ce qui facilite encore davantage le travail. Un cadre int\u00e9gr\u00e9 emp\u00eache les b\u00fbches de tomber du fendeur de b\u00fbches horizontal pendant l\u2019utilisation. Enfin, la commande \u00e0 deux mains garantit la s\u00e9curit\u00e9 de vos mains.<br \/>\n[\/vc_column_text][\/vc_column][\/vc_row][vc_row][vc_column][accordion_father][accordion_son title_padding=&#8221;17&#8243; title=&#8221;Caract\u00e9ristiques techniques&#8221; bgclr=&#8221;#f7f7f7&#8243;]<br \/>\n<strong>Donn\u00e9es g\u00e9n\u00e9rales<\/strong><\/p>\n<ul>\n<li><strong>Mod\u00e8le :<\/strong> HS30290<\/li>\n<li><strong>Fabricant :<\/strong> HZC Power<\/li>\n<li><strong>Force de fendage :<\/strong> 30 t<\/li>\n<li><strong>Longueur de fendage max. :<\/strong> 600 mm<\/li>\n<li><strong>Cycle :<\/strong> 15 s<\/li>\n<li><strong>Capacit\u00e9 d\u2019huile hydraulique :<\/strong> 14 L (HLP46)<\/li>\n<li><strong>Poids du produit :<\/strong> 290 kg<\/li>\n<li><strong>Poids \u00e0 l\u2019exp\u00e9dition :<\/strong> 325 kg<\/li>\n<li><strong>Dimensions du produit :<\/strong> 226 cm \u00d7 101 cm \u00d7 127\u2013173,5 cm (L \u00d7 l \u00d7 H)<\/li>\n<li><strong>Particularit\u00e9s :<\/strong> L\u00e8ve-b\u00fbches (jusqu\u2019\u00e0 80 kg), attelage<\/li>\n<li><strong>Position de travail :<\/strong> Horizontale<\/li>\n<li><strong>Commande :<\/strong> \u00c0 deux mains<\/li>\n<\/ul>\n<p><strong>Moteur<\/strong><\/p>\n<ul>\n<li><strong>Moteur :<\/strong> Moteur \u00e0 essence Jiao, 6,5 ch, 208 cc<\/li>\n<li><strong>Technologie moteur :<\/strong> Monocylindre, 4 temps, refroidi par air, OHV (soupapes en t\u00eate)<\/li>\n<li><strong>Cylindr\u00e9e :<\/strong> 208 cc<\/li>\n<li><strong>Cylindre :<\/strong> Cylindre avec chemise en fonte<\/li>\n<li><strong>Al\u00e9sage :<\/strong> 68,3 mm<\/li>\n<li><strong>Course :<\/strong> 55,9 mm<\/li>\n<li><strong>Capacit\u00e9 du r\u00e9servoir :<\/strong> 3,1 L<\/li>\n<li><strong>Capacit\u00e9 d\u2019huile :<\/strong> 0,6 L<\/li>\n<li><strong>Poids :<\/strong> 16 kg<\/li>\n<li><strong>Dimensions (l \u00d7 L \u00d7 H) :<\/strong> 321 \u00d7 376 \u00d7 346 mm<\/li>\n<\/ul>\n<p>[\/accordion_son][\/accordion_father][accordion_father][accordion_son title_padding=&#8221;17&#8243; title=&#8221;\u00c9quipement de s\u00e9rie&#8221; bgclr=&#8221;#f7f7f7&#8243;]<\/p>\n<p>Le <strong>HS30290<\/strong> de HZC Power est \u00e9quip\u00e9 d\u2019un ensemble complet d\u2019\u00e9quipements de s\u00e9rie garantissant une utilisation s\u00fbre et efficace :<\/p>\n<ul>\n<li><strong>Moteur \u00e0 essence puissant de 6,5 ch<\/strong><\/li>\n<li><strong>Force de fendage de 30 t :<\/strong> fend sans effort des b\u00fbches jusqu\u2019\u00e0 <strong>600 mm de longueur et 500 mm de diam\u00e8tre<\/strong>.<\/li>\n<li><strong>Construction robuste :<\/strong> Ch\u00e2ssis en acier solide pour une longue dur\u00e9e de vie et une grande stabilit\u00e9 pendant le fonctionnement.<\/li>\n<li><strong>Syst\u00e8me hydraulique :<\/strong> Avec un <strong>r\u00e9servoir d\u2019huile hydraulique de 14 litres<\/strong> pour des performances constantes. Un <strong>filtre \u00e0 huile hydraulique int\u00e9gr\u00e9<\/strong> prolonge la <strong>dur\u00e9e de vie du fendeur de b\u00fbches<\/strong> et garantit un fonctionnement fiable.<\/li>\n<li><strong>Utilisation simple :<\/strong> Commandes ergonomiquement positionn\u00e9es pour une utilisation confortable et s\u00fbre.<\/li>\n<li><strong>Attelage :<\/strong> Gr\u00e2ce \u00e0 l\u2019<strong>attelage<\/strong>, la machine peut \u00eatre d\u00e9plac\u00e9e facilement dans la cour ou sur un terrain priv\u00e9. <strong>Veuillez noter<\/strong> que le <strong>HS30290 n\u2019est pas homologu\u00e9 pour la circulation routi\u00e8re<\/strong>.<\/li>\n<li><strong>Dispositifs de s\u00e9curit\u00e9 :<\/strong> Commande \u00e0 deux mains pour une s\u00e9curit\u00e9 maximale lors du fendage.<\/li>\n<\/ul>\n<p>[\/accordion_son][\/accordion_father][accordion_father][accordion_son title_padding=&#8221;17&#8243; title=&#8221;Contenu de la livraison&#8221; bgclr=&#8221;#f7f7f7&#8243;]<\/p>\n<p>Le <strong>HS30290<\/strong> est livr\u00e9 avec tout le n\u00e9cessaire pour une mise en service imm\u00e9diate :<\/p>\n<ul>\n<li><strong>Fendeur de b\u00fbches HS30290<\/strong><\/li>\n<li><strong>Huile hydraulique<\/strong><\/li>\n<li><strong>Notice d\u2019utilisation<\/strong><\/li>\n<\/ul>\n<p>L\u2019<strong>huile moteur<\/strong> n\u2019est <strong>pas incluse<\/strong> et doit \u00eatre <strong>achet\u00e9e et ajout\u00e9e s\u00e9par\u00e9ment avant la mise en service<\/strong> (<strong>quantit\u00e9 : env. 0,6 \u2013 1,1 litre<\/strong>). Nous recommandons l\u2019utilisation de l\u2019<strong>huile moteur 4 temps Briggs &amp; Stratton SAE30<\/strong>.<\/p>\n<p>[\/accordion_son][\/accordion_father][accordion_father][accordion_son title_padding=&#8221;17&#8243; title=&#8221;Informations de livraison&#8221; bgclr=&#8221;#f7f7f7&#8243;]<\/p>\n<p>Le <strong>fendeur de b\u00fbches HS30290<\/strong> est emball\u00e9 de mani\u00e8re s\u00e9curis\u00e9e et livr\u00e9 pr\u00e9assembl\u00e9 par transporteur. Pour une mise en service sans probl\u00e8me, veuillez respecter les indications suivantes :<\/p>\n<ul>\n<li><strong>Huile hydraulique :<\/strong> L\u2019huile hydraulique n\u00e9cessaire est incluse et doit uniquement \u00eatre remplie.<\/li>\n<li><strong>Livraison sur palette :<\/strong> La machine est transport\u00e9e en toute s\u00e9curit\u00e9 sur une palette afin d\u2019\u00e9viter les dommages pendant le transport.<\/li>\n<li><strong>Livraison par transporteur :<\/strong> La livraison est effectu\u00e9e par transporteur. Vous serez inform\u00e9 \u00e0 l\u2019avance de la date de livraison afin d\u2019organiser la r\u00e9ception.<\/li>\n<\/ul>\n<p>Si vous avez des questions concernant la livraison ou la mise en service, notre service client se tient \u00e0 votre disposition \u00e0 tout moment !<\/p>\n<p>[\/accordion_son][\/accordion_father][\/vc_column][\/vc_row][vc_section full_width=&#8221;stretch_row&#8221; css=&#8221;.vc_custom_1696411100938{margin-top: 2rem !important;margin-bottom: 2rem !important;padding-top: 3rem !important;padding-bottom: 3rem !important;background-color: #fafafa !important;}&#8221;][vc_row css=&#8221;.vc_custom_1696411111077{padding-right: 1rem !important;padding-left: 1rem !important;}&#8221;][vc_column width=&#8221;1\/2&#8243;][vc_column_text]<\/p>\n<h2>Vid\u00e9os du fendeur de b\u00fbches<\/h2>\n<p>[\/vc_column_text][vc_empty_space][vc_column_text]<div class=\"lyte-wrapper\" title=\"30 t liegend Holzspalter mit Benzinmotor &amp;amp; Stammheber (HS30290) von HZC Power\" style=\"width:640px;max-width:100%;margin:5px auto;\"><div class=\"lyMe\" id=\"WYL_M-KG_B79bRI\"><div id=\"lyte_M-KG_B79bRI\" data-src=\"https:\/\/www.hzc-power.com\/wp-content\/plugins\/wp-youtube-lyte\/lyteCache.php?origThumbUrl=https%3A%2F%2Fi.ytimg.com%2Fvi%2FM-KG_B79bRI%2Fhqdefault.jpg\" class=\"pL\"><div class=\"tC\"><div class=\"tT\">30 t liegend Holzspalter mit Benzinmotor &amp; Stammheber (HS30290) von HZC Power<\/div><\/div><div class=\"play\"><\/div><div class=\"ctrl\"><div class=\"Lctrl\"><\/div><div class=\"Rctrl\"><\/div><\/div><\/div><noscript><a href=\"https:\/\/youtu.be\/M-KG_B79bRI\" rel=\"nofollow noopener\" target=\"_blank\"><img loading=\"lazy\" decoding=\"async\" src=\"https:\/\/www.hzc-power.com\/wp-content\/plugins\/wp-youtube-lyte\/lyteCache.php?origThumbUrl=https%3A%2F%2Fi.ytimg.com%2Fvi%2FM-KG_B79bRI%2F0.jpg\" alt=\"30 t liegend Holzspalter mit Benzinmotor &amp;amp; Stammheber (HS30290) von HZC Power\" width=\"640\" height=\"340\" \/><br \/>Lire cette vid\u00e9o sur YouTube<\/a><\/noscript><\/div><\/div><div class=\"lL\" style=\"max-width:100%;width:640px;margin:5px auto;\"><\/div>[\/vc_column_text][\/vc_column][vc_column width=&#8221;1\/2&#8243;][vc_column_text]<\/p>\n<h2>Vid\u00e9o de montage du fendeur de b\u00fbches<\/h2>\n<p>[\/vc_column_text][vc_empty_space][vc_column_text]<div class=\"lyte-wrapper\" title=\"Montage von einem 40 t liegend Holzspalter mit Benzinmotor &amp;amp; Stammheber (HS40335) von HZC Power\" style=\"width:640px;max-width:100%;margin:5px auto;\"><div class=\"lyMe\" id=\"WYL_KtV8LPlO2jg\"><div id=\"lyte_KtV8LPlO2jg\" data-src=\"https:\/\/www.hzc-power.com\/wp-content\/plugins\/wp-youtube-lyte\/lyteCache.php?origThumbUrl=https%3A%2F%2Fi.ytimg.com%2Fvi%2FKtV8LPlO2jg%2Fhqdefault.jpg\" class=\"pL\"><div class=\"tC\"><div class=\"tT\">Montage von einem 40 t liegend Holzspalter mit Benzinmotor &amp; Stammheber (HS40335) von HZC Power<\/div><\/div><div class=\"play\"><\/div><div class=\"ctrl\"><div class=\"Lctrl\"><\/div><div class=\"Rctrl\"><\/div><\/div><\/div><noscript><a href=\"https:\/\/youtu.be\/KtV8LPlO2jg\" rel=\"nofollow noopener\" target=\"_blank\"><img loading=\"lazy\" decoding=\"async\" src=\"https:\/\/www.hzc-power.com\/wp-content\/plugins\/wp-youtube-lyte\/lyteCache.php?origThumbUrl=https%3A%2F%2Fi.ytimg.com%2Fvi%2FKtV8LPlO2jg%2F0.jpg\" alt=\"Montage von einem 40 t liegend Holzspalter mit Benzinmotor &amp;amp; Stammheber (HS40335) von HZC Power\" width=\"640\" height=\"340\" \/><br \/>Lire cette vid\u00e9o sur YouTube<\/a><\/noscript><\/div><\/div><div class=\"lL\" style=\"max-width:100%;width:640px;margin:5px auto;\"><\/div>[\/vc_column_text][\/vc_column][\/vc_row][\/vc_section]<\/p>\n<\/div>","protected":false},"excerpt":{"rendered":"<p><span style=\"color: #ff0000;\"><strong>Disponible d\u00e8s maintenant. <\/strong><\/span><span style=\"color: #ff0000;\"><strong>Les informations concernant le d\u00e9lai de livraison vous seront communiqu\u00e9es apr\u00e8s r\u00e9ception de la commande par notre <span style=\"color: #9e0000;\"><a style=\"color: #9e0000;\" href=\"\/?product_cat=contact\">service client<\/a><\/span>.<\/strong><\/span><\/p>\n<ul>\n<li><strong>30 t<\/strong> de force de fendage<\/li>\n<li><strong>Moteur \u00e0 essence<\/strong> Ji Ao (6,5 ch)<\/li>\n<li>Cycle de fendage : <strong>15 secondes<\/strong><\/li>\n<li>Longueur de fendage max. : <strong>60 cm<\/strong><\/li>\n<li><strong>Utilisation horizontale<\/strong><\/li>\n<li>Diam\u00e8tre du bois : <strong>max. 50 cm<\/strong><\/li>\n<li><strong>Filtre \u00e0 huile<\/strong> pour une dur\u00e9e de vie prolong\u00e9e<\/li>\n<li>L\u00e8ve-b\u00fbches avec une <strong>capacit\u00e9 de charge jusqu\u2019\u00e0 80 kg<\/strong><\/li>\n<li><strong>Attelage &amp; cadre de support<\/strong><\/li>\n<li><strong>Dimensions du produit :<\/strong> 226 cm \u00d7 101 cm \u00d7 127\u2013173,5 cm (L \u00d7 l \u00d7 H)<\/li>\n<\/ul>\n","protected":false},"featured_media":26488,"comment_status":"open","ping_status":"closed","template":"","meta":{"inline_featured_image":false},"product_brand":[],"product_cat":[791,775,789],"class_list":{"0":"post-287045","1":"product","2":"type-product","3":"status-publish","4":"has-post-thumbnail","6":"product_cat-fendeuse-de-buches","7":"product_cat-promotion-produits","8":"product_cat-travail-du-bois","9":"product_shipping_class-spedition-3-anbauteile-bagger","10":"wcpa_has_options","12":"first","13":"instock","14":"sale","15":"taxable","16":"shipping-taxable","17":"purchasable","18":"product-type-simple"},"bundled_by":[],"bundle_stock_status":"instock","bundle_stock_quantity":8,"bundle_virtual":false,"bundle_layout":"","bundle_add_to_cart_form_location":"","bundle_editable_in_cart":false,"bundle_sold_individually_context":"","bundle_item_grouping":"","bundle_min_size":"","bundle_max_size":"","bundle_price":[],"bundled_items":[],"bundle_sell_ids":[],"jetpack_sharing_enabled":true,"wcpa_form_fields":{"wcpaData":{"product":{"product_price":2099,"price_html":"<del aria-hidden=\"true\"><span class=\"woocommerce-Price-amount amount\"><bdi>2.349,00&nbsp;<span class=\"woocommerce-Price-currencySymbol\">&euro;<\/span><\/bdi><\/span><\/del> <span class=\"screen-reader-text\">Le prix initial \u00e9tait\u00a0: 2.349,00&nbsp;&euro;.<\/span><ins aria-hidden=\"true\"><span class=\"woocommerce-Price-amount amount\"><bdi>2.099,00&nbsp;<span class=\"woocommerce-Price-currencySymbol\">&euro;<\/span><\/bdi><\/span><\/ins><span class=\"screen-reader-text\">Le prix actuel est\u00a0: 2.099,00&nbsp;&euro;.<\/span><div class=\"gm-wp_bakery_woocommerce_get_price_html\">\n\t\t<div class=\"wgm-info woocommerce-de_price_taxrate \"><\/div>\n\t\t<div class=\"wgm-info woocommerce_de_versandkosten\">plus <a class=\"versandkosten\" href=\"https:\/\/www.hzc-power.com\/fr\/expedition-et-livraison\/\" target=\"_blank\">frais de port<\/a><\/div><\/div>","original_product_price":2349,"price_including_tax":2099,"price_excluding_tax":1763.865546,"product_id":{"parent":287045,"variation":false},"is_variable":false,"stock_status":"instock","stock_quantity":8,"parent_sku":"HS30290","product_attributes":[],"custom_fields":[],"is_taxable":true,"product_name":"Fendeur de b\u00fbches HZC Power HS30290, 30 t, 60 cm, horizontal, moteur \u00e0 essence","hasImage":false},"fields":{"sec_36435698965031":{"extra":{"key":"sec_36435698965031","section_id":"sec_36435698965031","name":"Default","status":1,"cl_rule":"show","enableCl":false,"relations":[],"toggle":true,"title_tag":"h3","show_title":false,"showPrice":"default","repeater_section_field_label":"{field_label}","repeater_section_label":"{section_name}","repeater_bind":"","form_id":287152,"form_rules":{"exclude_from_discount":false,"fee_label":"Fee","disp_hide_options_price":false,"disp_show_section_price":false,"disp_show_field_price":true,"layout_option":"standard","pric_use_as_fee":false,"process_fee_as":"woo_fee"},"layout_option":"standard"},"fields":[[{"active":true,"col":6,"relations":false,"cl_rule":"show","enableCl":false,"price":"","enablePrice":true,"className":"","label_position":"default","desc_position":"default","type":"radio-group","required":false,"elementId":"radio_3437870303","label":"Service suppl\u00e9mentaire :","name":"radio_3437870303","values":[{"label":"Sans montage","value":"Ohne Montage","selected":false,"tempId":"aco_1125","price":"","description":"Nos fendeuses de b\u00fbches sont soigneusement emball\u00e9es et livr\u00e9es non mont\u00e9es.","gt_translate_keys":["label","description"]},{"label":"Montage & enl\u00e8vement par le client","value":"Montage & Selbstabholen","selected":false,"tempId":"aco_562","price":"99","description":"Nous montons la fendeuse de b\u00fbches pour vous. Vous pouvez ensuite la retirer directement dans notre entrep\u00f4t \u00e0 M\u00f6nchengladbach.\nLors du choix du mode de livraison, veuillez s\u00e9lectionner \"Enl\u00e8vement sur rendez-vous \u00e0 M\u00f6nchengladbach\".","gt_translate_keys":["label","description"]}],"layOut":"","error":false,"checkUi":"","priceOptions":"different_for_all","pricingType":"fixed","use_as_fee":true,"other":false,"enableDesign":true,"scrollBar":false,"LabelColor":"#505f6b","LabelSize":"","mapToCheckout":false,"enableClearSelection":true,"show_selected_option":false,"options_description":true,"tooltip":"Il est possible de commander le fendeur de b\u00fbches pr\u00e9mont\u00e9 ou non.","wpml_sync":false,"isWeightTemplate":false,"isTemplate":false,"min_quantity":"1","quantity_decimal":false,"quantity_step":"1","quantity_label":"Quantity","repeater_field_label":"{field_label}","repeater_bind":"","gt_translate_keys":["label","tooltip","repeater_field_label","quantity_label"],"price_dependency":false,"cl_dependency":false,"value":""}]]}},"config":{"price_override":"","enable_recaptcha":false,"bind_quantity":false,"quantity_bind_formula":false,"disp_summ_show_option_price":true,"disp_summ_show_product_price":true,"disp_summ_show_total_price":true,"disp_summ_show_fee":false,"disp_summ_show_discount":false,"summary_title":"","options_total_label":"Prix de l'option","total_label":"Somme totale","options_product_label":"Prix du produit","fee_label":"Fee","discount_label":"Discount","has_price":true,"has_quantity_formula":false},"mc_unit":1,"tax_rate":1,"tax_rate_real":0.19,"discount":{"percentage":0,"fixed":0},"design":{"conf":{"LabelPosition":"above","DescPosition":"above","UploadField":"custom_1","QuantityFieldStyle":"default"},"css":{"LeftLabelWidth":"120px"}},"formulas":[],"lookuptables":[],"clones":false,"cartKey":false}},"_links":{"self":[{"href":"https:\/\/www.hzc-power.com\/fr\/wp-json\/wp\/v2\/product\/287045","targetHints":{"allow":["GET"]}}],"collection":[{"href":"https:\/\/www.hzc-power.com\/fr\/wp-json\/wp\/v2\/product"}],"about":[{"href":"https:\/\/www.hzc-power.com\/fr\/wp-json\/wp\/v2\/types\/product"}],"replies":[{"embeddable":true,"href":"https:\/\/www.hzc-power.com\/fr\/wp-json\/wp\/v2\/comments?post=287045"}],"wp:featuredmedia":[{"embeddable":true,"href":"https:\/\/www.hzc-power.com\/fr\/wp-json\/wp\/v2\/media\/26488"}],"wp:attachment":[{"href":"https:\/\/www.hzc-power.com\/fr\/wp-json\/wp\/v2\/media?parent=287045"}],"wp:term":[{"taxonomy":"product_brand","embeddable":true,"href":"https:\/\/www.hzc-power.com\/fr\/wp-json\/wp\/v2\/product_brand?post=287045"},{"taxonomy":"product_cat","embeddable":true,"href":"https:\/\/www.hzc-power.com\/fr\/wp-json\/wp\/v2\/product_cat?post=287045"}],"curies":[{"name":"wp","href":"https:\/\/api.w.org\/{rel}","templated":true}]}}