{"id":287122,"date":"2021-06-10T14:19:45","date_gmt":"2021-06-10T12:19:45","guid":{"rendered":"https:\/\/www.hzc-power.com\/?post_type=product&#038;p=287122"},"modified":"2025-01-02T23:00:05","modified_gmt":"2025-01-02T22:00:05","slug":"motobineuse-avec-moteur-essence-et-largeur-de-travail-500-mm-af70","status":"publish","type":"product","link":"https:\/\/www.hzc-power.com\/fr\/motobineuse-avec-moteur-essence-et-largeur-de-travail-500-mm-af70\/","title":{"rendered":"Motobineuse avec moteur essence et largeur de travail 500 mm (AF70)"},"content":{"rendered":"<div class=\"wpb-content-wrapper\"><p>[vc_row css=&#8221;.vc_custom_1695999726457{padding-top: 3rem !important;padding-bottom: 32px !important;}&#8221;][vc_column width=&#8221;2\/3&#8243;][vc_column_text]<\/p>\n<h2>Timon\/motoculteur\/motoculteur\/motoculteur avec moteur \u00e0 essence &amp; Largeur de travail de 500\u00a0mm (AF70)<\/h2>\n<p>[\/vc_column_text][\/vc_column][vc_column width=&#8221;1\/3&#8243;][\/vc_column][\/vc_row][vc_row css=&#8221;.vc_custom_1695999713652{padding-bottom: 3rem !important;}&#8221;][vc_column width=&#8221;1\/2&#8243;][vc_column_text]La croissance de chaque plante d\u00e9pend de la qualit\u00e9 du sol. Un fraisage ou un binage r\u00e9gulier fait partie d&#8217;un entretien optimal du sol. Vous pouvez le faire sans effort et rapidement avec les houes de jardin, les motobineuses et les motobineuses de HZC Power.[\/vc_column_text][\/vc_column][vc_column width=&#8221;1\/2&#8243;][vc_column_text]Les motobineuses sont id\u00e9ales pour pr\u00e9parer les graines ou pour arracher les mauvaises herbes. Le travail est bien plus agr\u00e9able et plus facile pour le dos qu&#8217;avec une seule division. Nos motobineuses vous assistent ainsi de mani\u00e8re optimale dans la pr\u00e9paration des sols durs et compact\u00e9s pour la plantation.[\/vc_column_text][\/vc_column][\/vc_row][vc_section full_width=&#8221;stretch_row&#8221; css=&#8221;.vc_custom_1696000689291{margin-top: 3rem !important;margin-right: 0px !important;margin-bottom: 3rem !important;margin-left: 0px !important;padding-top: 3rem !important;padding-bottom: 3rem !important;background-color: #505f6b !important;}&#8221;][vc_row content_placement=&#8221;middle&#8221; css=&#8221;.vc_custom_1696000676156{padding-right: 1rem !important;padding-left: 1rem !important;}&#8221;][vc_column width=&#8221;2\/3&#8243;][vc_column_text]<\/p>\n<h2 style=\"color: #ffffff;\">Fonctionnalit\u00e9s<\/h2>\n<p><span style=\"color: #ffffff;\">La motobineuse est \u00e9quip\u00e9e d&#8217;un puissant moteur essence Briggs &amp; Stratton (6,5 CV, XR950). Le service de maintenance\/r\u00e9paration mis en place par Briggs&amp;Stratton dans des ateliers partenaires s\u00e9lectionn\u00e9s fournit une assistance simple en cas de probl\u00e8mes avec le puissant moteur. <\/span>[\/vc_column_text][vc_column_text]<span style=\"color: #ffffff;\">La manipulation facile et les couperets de haute qualit\u00e9 rendent le travail agr\u00e9able. Le motoculteur atteint une profondeur de travail de 175 \u00e0 350 mm, avec une largeur de travail de 500 mm.<\/span>[\/vc_column_text][\/vc_column][vc_column width=&#8221;1\/3&#8243;][vc_single_image image=&#8221;20296&#8243; img_size=&#8221;250&#215;250&#8243;][\/vc_column][\/vc_row][\/vc_section][vc_row css=&#8221;.vc_custom_1696001235371{padding-top: 3rem !important;padding-bottom: 6rem !important;}&#8221;][vc_column width=&#8221;1\/2&#8243;][vc_empty_space][vc_single_image image=&#8221;21514&#8243; img_size=&#8221;300&#215;650&#8243; alignment=&#8221;center&#8221;][vc_empty_space][\/vc_column][vc_column width=&#8221;1\/2&#8243;][vc_empty_space]<div class=\"nasa-title clearfix hr-type-full\"><div class=\"nasa-wrap\"><h2 class=\"nasa-heading-title\"><span class=\"nasa-title-wrap\"><span style=\"background: #ffffff;\">Donn\u00e9es techniques<\/span><span class=\"nasa-title-hr\"><\/span><\/span><\/h2><\/div><\/div>[vc_column_text]<\/p>\n<ul>\n<li>Fabricant\u00a0: HZC\u00a0Power<\/li>\n<li>Mod\u00e8le\u00a0: AK70<\/li>\n<li>Vitesse\u00a0: 3\u00a0600 tr\/min<\/li>\n<li>Capacit\u00e9 d&#8217;huile\u00a0: 0,6\u00a0l<\/li>\n<li>Capacit\u00e9 de carburant\u00a0: 3,6\u00a0l<\/li>\n<li>Largeur de travail\u00a0: 500\u00a0mm<\/li>\n<li>Profondeur de travail\u00a0:\u00a0175-350\u00a0mm<\/li>\n<li>Poids du produit\u00a0: 70\u00a0kg<\/li>\n<li>Poids d&#8217;exp\u00e9dition\u00a0: 80\u00a0kg<\/li>\n<\/ul>\n<p>[\/vc_column_text][vc_empty_space]<div class=\"nasa-title clearfix hr-type-full\"><div class=\"nasa-wrap\"><h2 class=\"nasa-heading-title\"><span class=\"nasa-title-wrap\"><span style=\"background: #ffffff;\">moteur<\/span><span class=\"nasa-title-hr\"><\/span><\/span><\/h2><\/div><\/div>[vc_column_text]<\/p>\n<ul>\n<li>Moteur\u00a0: Briggs &amp; Stratton, moteur essence 6,5 CV, XR950<\/li>\n<li>Num\u00e9ro de mod\u00e8le\u00a0: 130G<\/li>\n<li>Technologie moteur\u00a0: monocylindre, 4\u00a0temps, refroidi par air, OHV (soupapes en t\u00eate)<\/li>\n<li>D\u00e9placement\u00a0: 208\u00a0cc<\/li>\n<li>Cylindre\u00a0: cylindre avec manchon en fonte<\/li>\n<li>Al\u00e9sage\u00a0: 68,3\u00a0mm<\/li>\n<li>Horloge\u00a0: 55,9\u00a0mm<\/li>\n<li>Volume du r\u00e9servoir de carburant\u00a0: 3,1\u00a0l<\/li>\n<li>Capacit\u00e9 d&#8217;huile\u00a0: 0,6\u00a0l<\/li>\n<li>Poids\u00a0: 16\u00a0kg<\/li>\n<li>Dimensions (LxLxH)\u00a0: 321 x 376 x 346\u00a0mm<\/li>\n<\/ul>\n<p>[\/vc_column_text][\/vc_column][\/vc_row][vc_row][vc_column]            <div class=\"nasa-static-block\" >\r\n                                <div class=\"nasa-static-block-container\">\r\n                    <style type=\"text\/css\" data-type=\"vc_shortcodes-custom-css\">.vc_custom_1696253560832{margin-top: 2rem !important;margin-bottom: 2rem !important;padding-top: 3rem !important;padding-bottom: 3rem !important;background-color: #505f6b !important;}.vc_custom_1696253549474{padding-right: 1rem !important;padding-left: 1rem !important;}<\/style>[vc_section full_width=\"stretch_row\" css=\".vc_custom_1696253560832{margin-top: 2rem !important;margin-bottom: 2rem !important;padding-top: 3rem !important;padding-bottom: 3rem !important;background-color: #505f6b !important;}\"][vc_row css=\".vc_custom_1696253549474{padding-right: 1rem !important;padding-left: 1rem !important;}\"][vc_column width=\"1\/2\"][vc_column_text]\r\n<h2><span style=\"color: #ffffff;\">D\u00e9tails d'exp\u00e9dition\/bon de livraison<\/span><\/h2>\r\n[\/vc_column_text][vc_empty_space][\/vc_column][vc_column width=\"1\/2\"][vc_column_text]<span style=\"color: #ffffff;\">Nos fraiseuses sont livr\u00e9es dans des caisses en bois. Ils doivent encore \u00eatre enti\u00e8rement assembl\u00e9s apr\u00e8s la livraison. Les fraiseuses ne contiennent aucun fluide de fonctionnement.<\/span>[\/vc_column_text][\/vc_column][\/vc_row][\/vc_section]                <\/div>\r\n            <\/div>\r\n            [\/vc_column][\/vc_row][vc_row][vc_column]            <div class=\"nasa-static-block\" >\r\n                                <div class=\"nasa-static-block-container\">\r\n                    <style type=\"text\/css\" data-type=\"vc_shortcodes-custom-css\">.vc_custom_1696253521432{margin-top: 2rem !important;margin-bottom: 2rem !important;padding-top: 3rem !important;padding-bottom: 3rem !important;background-color: #505f6b !important;}.vc_custom_1696253530748{padding-right: 1rem !important;padding-left: 1rem !important;}<\/style>[vc_section full_width=\"stretch_row\" css=\".vc_custom_1696253521432{margin-top: 2rem !important;margin-bottom: 2rem !important;padding-top: 3rem !important;padding-bottom: 3rem !important;background-color: #505f6b !important;}\"][vc_row css=\".vc_custom_1696253530748{padding-right: 1rem !important;padding-left: 1rem !important;}\"][vc_column width=\"1\/2\"][vc_column_text]\r\n<h2><span style=\"color: #ffffff;\">Offre pour votre produit HZC Power<\/span><\/h2>\r\n[\/vc_column_text][vc_empty_space][\/vc_column][vc_column width=\"1\/2\"][vc_column_text]<span style=\"color: #ffffff;\">Chez HZC Power, nous pr\u00eatons toujours attention \u00e0 la plus haute qualit\u00e9, \u00e0 une finition techniquement irr\u00e9prochable et \u00e0 une construction robuste. Vous recevez nos produits partiellement assembl\u00e9s par une compagnie maritime. Nous vous proposons un prix d'exp\u00e9dition fixe qui est automatiquement g\u00e9n\u00e9r\u00e9 dans le panier (des informations d'exp\u00e9dition suppl\u00e9mentaires peuvent \u00eatre trouv\u00e9es <strong>ici<\/strong>).<\/span>\r\n\r\n<span style=\"color: #ffffff;\">Vous \u00eates invit\u00e9s \u00e0 voir nos produits \u00e0 notre si\u00e8ge social apr\u00e8s arrangement ou \u00e0 les r\u00e9cup\u00e9rer gratuitement.<\/span>\r\n\r\n<span style=\"color: #ffffff;\">Si vous avez d'autres questions sur les diff\u00e9rents mod\u00e8les, n'h\u00e9sitez pas \u00e0 contacter <strong>notre service client<\/strong>. Il se fera un plaisir de vous conseiller davantage. Laissez-vous convaincre par notre offre et assurez votre produit de la meilleure qualit\u00e9 au meilleur prix chez HZC Power.<\/span>[\/vc_column_text][\/vc_column][\/vc_row][\/vc_section]                <\/div>\r\n            <\/div>\r\n            [\/vc_column][\/vc_row]<\/p>\n<\/div>","protected":false},"excerpt":{"rendered":"<p><span style=\"color: #ff0000;\"><strong>De nouveau disponible \u00e0 partir de d\u00e9but mars 2024. Pr\u00e9commandez maintenant et recevez une r\u00e9duction de 15 % sur la pr\u00e9commande !<\/strong><\/span><\/p>\n<ul>\n<li>Moteur essence Briggs&amp;Stratton (6,5 ch, 196 cc)<\/li>\n<li>Profondeur de travail : 175-350 mm<\/li>\n<li>Largeur de travail : 500 mm<\/li>\n<li>couperets de haute qualit\u00e9<\/li>\n<\/ul>\n            <div class=\"nasa-static-block\" >\r\n                                <div class=\"nasa-static-block-container\">\r\n                    <style type=\"text\/css\" data-type=\"vc_shortcodes-custom-css\">.vc_custom_1701967224244{padding-top: 1rem !important;padding-right: 1rem !important;padding-bottom: 1rem !important;padding-left: 1rem !important;background-color: #9f131e !important;}<\/style>[vc_row css=\".vc_custom_1701967224244{padding-top: 1rem !important;padding-right: 1rem !important;padding-bottom: 1rem !important;padding-left: 1rem !important;background-color: #9f131e !important;}\"][vc_column][vc_column_text]<span style=\"color: #ffffff;\"><strong>Entretien &amp; r\u00e9paration pour une longue dur\u00e9e de vie:<\/strong>.<\/span>\r\n<span style=\"color: #ffffff;\">Notre service complet est disponible pour ce produit.<\/span>\r\n<span style=\"color: #ffffff;\">Toutes les pi\u00e8ces de rechange sont toujours disponibles en stock et sont install\u00e9es dans les plus brefs d\u00e9lais.<\/span>[\/vc_column_text][\/vc_column][\/vc_row]                <\/div>\r\n            <\/div>\r\n            \n","protected":false},"featured_media":21294,"comment_status":"open","ping_status":"closed","template":"","meta":{"inline_featured_image":false},"product_brand":[],"product_cat":[779,776],"class_list":{"0":"post-287122","1":"product","2":"type-product","3":"status-publish","4":"has-post-thumbnail","6":"product_cat-fraises-des-champs","7":"product_cat-sylviculture-et-amenagement-paysager","8":"product_shipping_class-spedition-5-ackerfraese-zubehoer-radlader","10":"first","11":"instock","12":"sale","13":"taxable","14":"shipping-taxable","15":"purchasable","16":"product-type-simple"},"bundled_by":[],"bundle_stock_status":"instock","bundle_stock_quantity":24,"bundle_virtual":false,"bundle_layout":"","bundle_add_to_cart_form_location":"","bundle_editable_in_cart":false,"bundle_sold_individually_context":"","bundle_item_grouping":"","bundle_min_size":"","bundle_max_size":"","bundle_price":[],"bundled_items":[],"bundle_sell_ids":[],"jetpack_sharing_enabled":true,"wcpa_form_fields":null,"_links":{"self":[{"href":"https:\/\/www.hzc-power.com\/fr\/wp-json\/wp\/v2\/product\/287122","targetHints":{"allow":["GET"]}}],"collection":[{"href":"https:\/\/www.hzc-power.com\/fr\/wp-json\/wp\/v2\/product"}],"about":[{"href":"https:\/\/www.hzc-power.com\/fr\/wp-json\/wp\/v2\/types\/product"}],"replies":[{"embeddable":true,"href":"https:\/\/www.hzc-power.com\/fr\/wp-json\/wp\/v2\/comments?post=287122"}],"wp:featuredmedia":[{"embeddable":true,"href":"https:\/\/www.hzc-power.com\/fr\/wp-json\/wp\/v2\/media\/21294"}],"wp:attachment":[{"href":"https:\/\/www.hzc-power.com\/fr\/wp-json\/wp\/v2\/media?parent=287122"}],"wp:term":[{"taxonomy":"product_brand","embeddable":true,"href":"https:\/\/www.hzc-power.com\/fr\/wp-json\/wp\/v2\/product_brand?post=287122"},{"taxonomy":"product_cat","embeddable":true,"href":"https:\/\/www.hzc-power.com\/fr\/wp-json\/wp\/v2\/product_cat?post=287122"}],"curies":[{"name":"wp","href":"https:\/\/api.w.org\/{rel}","templated":true}]}}