{"id":287357,"date":"2023-12-21T11:42:07","date_gmt":"2023-12-21T10:42:07","guid":{"rendered":"https:\/\/www.hzc-power.com\/?post_type=product&#038;p=287357"},"modified":"2026-04-20T10:35:03","modified_gmt":"2026-04-20T08:35:03","slug":"pelle-de-tranchee-dune-largeur-de-1100-mm-pour-mini-pelle-hzc-power-bbs1100","status":"publish","type":"product","link":"https:\/\/www.hzc-power.com\/fr\/pelle-de-tranchee-dune-largeur-de-1100-mm-pour-mini-pelle-hzc-power-bbs1100\/","title":{"rendered":"Godet de tranch\u00e9e de 1100 mm de largeur pour mini-pelles HZC Power (BBS1100)"},"content":{"rendered":"<div class=\"wpb-content-wrapper\"><p>[vc_row css=&#8221;.vc_custom_1696422168867{padding-top: 3rem !important;padding-bottom: 3rem !important;}&#8221;][vc_column width=&#8221;1\/2&#8243;][vc_column_text]<\/p>\n<h2>Godet de tranch\u00e9e \u00e0 attache rapide de 1100 mm de largeur pour mini-pelles HZC Power (BBS1100)<\/h2>\n<p>[\/vc_column_text][vc_empty_space][vc_column_text css_animation=&#8221;none&#8221;]Le godet de tranch\u00e9e pour mini-pelles (BBS1100) convient comme godet suppl\u00e9mentaire pour toutes nos mini-pelles. La largeur du godet est de 1100 mm, ce qui en fait le godet le plus large de notre gamme. <strong><br \/>\n<\/strong><\/p>\n<p><strong>Gr\u00e2ce \u00e0 notre syst\u00e8me d\u2019attache rapide HZC Power, le changement d\u2019accessoires est simple et rapide.<\/strong><\/p>\n<p>Il est compatible avec tous nos mod\u00e8les de <a href=\"https:\/\/www.hzc-power.com\/fr\/?attachment_id=22466\">mini-pelles HZC Power<\/a>, aussi bien avec moteur diesel qu\u2019essence.[\/vc_column_text][vc_empty_space][\/vc_column][\/vc_row][vc_row][vc_column][accordion_father][accordion_son title_padding=&#8221;17&#8243; title=&#8221;Dimensions&#8221; bgclr=&#8221;#f7f7f7&#8243;]<\/p>\n<ul>\n<li>Dimensions : 340x450x1100 mm<\/li>\n<li>Largeur du godet : 1100 mm<\/li>\n<li>Largeur int\u00e9rieure (fixation) : 93 mm<\/li>\n<li>Diam\u00e8tre de fixation : 20 mm<\/li>\n<li>Distance entre les deux points de fixation : 90 mm<\/li>\n<\/ul>\n<p>[\/accordion_son][\/accordion_father][accordion_father][accordion_son title_padding=&#8221;17&#8243; title=&#8221;\u00c9quipement standard&#8221; bgclr=&#8221;#f7f7f7&#8243;]<\/p>\n<ul>\n<li>Largeur du godet : <strong>1100 mm<\/strong><\/li>\n<li><strong>Compatible<\/strong> avec toutes nos <a href=\"https:\/\/www.hzc-power.com\/fr\/?attachment_id=22466\">mini-pelles<\/a><\/li>\n<li>Fabrication en <strong>acier de haute qualit\u00e9<\/strong><\/li>\n<li>Gr\u00e2ce \u00e0 notre syst\u00e8me d\u2019<strong>attache rapide HZC Power<\/strong>, le changement d\u2019accessoires est simple<\/li>\n<\/ul>\n<p>[\/accordion_son][\/accordion_father][accordion_father][accordion_son title_padding=&#8221;17&#8243; title=&#8221;Informations de livraison&#8221; bgclr=&#8221;#f7f7f7&#8243;]Chez HZC Power, nous accordons une grande importance \u00e0 la qualit\u00e9 maximale, \u00e0 une fabrication techniquement irr\u00e9prochable et \u00e0 une construction robuste. Nos produits sont livr\u00e9s partiellement mont\u00e9s par transporteur. Nous proposons un tarif d\u2019exp\u00e9dition fixe, automatiquement calcul\u00e9 dans le panier (vous trouverez des informations suppl\u00e9mentaires sur la livraison <a href=\"\/?product_cat=versand\"><strong>ici<\/strong><\/a>). Vous pouvez \u00e9galement venir voir nos produits sur rendez-vous \u00e0 notre si\u00e8ge ou les retirer gratuitement.[\/accordion_son][\/accordion_father][\/vc_column][\/vc_row]<\/p>\n<\/div>","protected":false},"excerpt":{"rendered":"<p><strong><span style=\"color: #ff0000;\">Disponible maintenant. Les informations concernant le d\u00e9lai de livraison vous seront communiqu\u00e9es apr\u00e8s r\u00e9ception de votre commande par notre <a href=\"\/?product_cat=kontakt\"><span style=\"color: #9e0000;\">service client<\/span><\/a>.<\/span><\/strong><\/p>\n<ul>\n<li>Largeur du godet : <strong>1100 mm<\/strong><\/li>\n<li><strong>Compatible<\/strong> avec toutes nos <a href=\"https:\/\/www.hzc-power.com\/fr\/?attachment_id=22466\">mini-pelles<\/a><\/li>\n<li>Fabrication en <strong>acier de haute qualit\u00e9<\/strong><\/li>\n<li>Gr\u00e2ce \u00e0 notre syst\u00e8me d\u2019<strong>attache rapide HZC Power<\/strong>, le changement d\u2019accessoires est simple<\/li>\n<\/ul>\n<p><span style=\"color: #007bbb;\"><a style=\"color: #007bbb;\" href=\"https:\/\/www.hzc-power.com\/wp-content\/uploads\/2026\/01\/bedienungsanleitung-bbs1100.pdf\"><strong>\u2192<\/strong><\/a><a style=\"color: #007bbb;\" href=\"https:\/\/www.hzc-power.com\/wp-content\/uploads\/2026\/01\/bedienungsanleitung-bbs1100.pdf\"><strong> T\u00e9l\u00e9charger la notice de montage BBS1100<\/strong><\/a><\/span><\/p>\n","protected":false},"featured_media":22852,"comment_status":"open","ping_status":"closed","template":"","meta":{"inline_featured_image":false},"product_brand":[],"product_cat":[787,776],"class_list":{"0":"post-287357","1":"product","2":"type-product","3":"status-publish","4":"has-post-thumbnail","6":"product_cat-accessoires-pour-pelles","7":"product_cat-sylviculture-et-amenagement-paysager","8":"product_shipping_class-spedition-15","10":"first","11":"instock","12":"sale","13":"taxable","14":"shipping-taxable","15":"purchasable","16":"product-type-simple"},"bundled_by":["286874","28618","286838","286423","286497","291162","291202","287614","287611","286531","286553","289572","286930","287007","286958","286882","291231","286933","297570"],"bundle_stock_status":"instock","bundle_stock_quantity":69,"bundle_virtual":false,"bundle_layout":"","bundle_add_to_cart_form_location":"","bundle_editable_in_cart":false,"bundle_sold_individually_context":"","bundle_item_grouping":"","bundle_min_size":"","bundle_max_size":"","bundle_price":[],"bundled_items":[],"bundle_sell_ids":[],"jetpack_sharing_enabled":true,"wcpa_form_fields":null,"_links":{"self":[{"href":"https:\/\/www.hzc-power.com\/fr\/wp-json\/wp\/v2\/product\/287357","targetHints":{"allow":["GET"]}}],"collection":[{"href":"https:\/\/www.hzc-power.com\/fr\/wp-json\/wp\/v2\/product"}],"about":[{"href":"https:\/\/www.hzc-power.com\/fr\/wp-json\/wp\/v2\/types\/product"}],"replies":[{"embeddable":true,"href":"https:\/\/www.hzc-power.com\/fr\/wp-json\/wp\/v2\/comments?post=287357"}],"wp:featuredmedia":[{"embeddable":true,"href":"https:\/\/www.hzc-power.com\/fr\/wp-json\/wp\/v2\/media\/22852"}],"wp:attachment":[{"href":"https:\/\/www.hzc-power.com\/fr\/wp-json\/wp\/v2\/media?parent=287357"}],"wp:term":[{"taxonomy":"product_brand","embeddable":true,"href":"https:\/\/www.hzc-power.com\/fr\/wp-json\/wp\/v2\/product_brand?post=287357"},{"taxonomy":"product_cat","embeddable":true,"href":"https:\/\/www.hzc-power.com\/fr\/wp-json\/wp\/v2\/product_cat?post=287357"}],"curies":[{"name":"wp","href":"https:\/\/api.w.org\/{rel}","templated":true}]}}