{"id":287611,"date":"2023-12-28T15:19:05","date_gmt":"2023-12-28T14:19:05","guid":{"rendered":"https:\/\/www.hzc-power.com\/non class\u00e9\/mini-pelle-etroite-avec-entrainement-par-chaine-moteur-a-essence-bras-dexcavation-pivotant-sans-toit-sbkb800\/mini-pelle-etroite-avec-entrainement-par-chaine-moteur-a-essence-bras-dexcavation-pivotant-sans-toit-sbkb800\/"},"modified":"2025-10-01T00:00:56","modified_gmt":"2025-09-30T22:00:56","slug":"mini-pelle-etroite-avec-entrainement-par-chaine-moteur-a-essence-bras-dexcavation-pivotant-sans-toit-sbkb800","status":"publish","type":"product","link":"https:\/\/www.hzc-power.com\/fr\/mini-pelle-etroite-avec-entrainement-par-chaine-moteur-a-essence-bras-dexcavation-pivotant-sans-toit-sbkb800\/","title":{"rendered":"Mini-pelle \u00e9troite avec entra\u00eenement par cha\u00eene, moteur \u00e0 essence, bras d&#8217;excavation pivotant, sans toit (SBKB800)"},"content":{"rendered":"","protected":false},"excerpt":{"rendered":"<p><strong><span style=\"color: #ff0000;\">Disponible \u00e0 partir de fin f\u00e9vrier. Pr\u00e9commandez la mini-pelle et b\u00e9n\u00e9ficiez de la r\u00e9duction actuelle tant que l&#8217;offre est valable !<\/span><\/strong><\/p>\n<ul>\n<li>Moteur \u00e0 essence avec <strong>refroidisseur d&#8217;huile hydraulique<\/strong><\/li>\n<li>Excavateur \u00e9troit pour<strong> les entr\u00e9es et sorties \u00e9troites<\/strong><\/li>\n<li>Dimensions de <strong>245cm x 68cm x 190cm<\/strong> (LxlxH)<\/li>\n<li>Bras d&#8217;excavation pivotant (<strong>articulation \u00e0 120\u00b0<\/strong>)<\/li>\n<li>Force d&#8217;excavation de <strong>5,5 kN<\/strong>, force de levage : jusqu&#8217;\u00e0 <strong>150 Kg<\/strong><\/li>\n<li>Poids : <strong>814 Kg<\/strong><\/li>\n<li>Pour un suppl\u00e9ment de 200\u20ac, vous recevrez des <strong>fourches \u00e0 palettes<\/strong>.<\/li>\n<li><strong>Mont\u00e9 et pr\u00eat \u00e0 l&#8217;emploi<\/strong><\/li>\n<li>Contenu de la livraison : Le prix de l&#8217;excavateur <strong>inclus<\/strong>, vous recevez gratuitement le set de pelles ainsi que la pelle d\u00e9j\u00e0 mont\u00e9e sur le bras de l&#8217;excavateur !<\/li>\n<\/ul>\n","protected":false},"featured_media":301542,"comment_status":"open","ping_status":"closed","template":"","meta":{"inline_featured_image":false},"product_brand":[],"product_cat":[780,776],"class_list":{"0":"post-287611","1":"product","2":"type-product","3":"status-publish","4":"has-post-thumbnail","6":"product_cat-excavateur","7":"product_cat-sylviculture-et-amenagement-paysager","8":"product_shipping_class-spedition-mittel","9":"pa_antrieb-benzin-fr","10":"pa_fahrwerk-entrainement-par-chaine","12":"first","13":"onbackorder","14":"sale","15":"taxable","16":"shipping-taxable","17":"purchasable","18":"product-type-bundle"},"bundled_by":[],"bundle_stock_status":"instock","bundle_stock_quantity":"","bundle_virtual":false,"bundle_layout":"default","bundle_add_to_cart_form_location":"default","bundle_editable_in_cart":true,"bundle_sold_individually_context":"product","bundle_item_grouping":"parent","bundle_min_size":"","bundle_max_size":"","bundle_price":{"price":{"min":{"incl_tax":"4899.00","excl_tax":"4116.81"},"max":{"incl_tax":"37563","excl_tax":"31565.57"}},"regular_price":{"min":{"incl_tax":"6459.00","excl_tax":"5427.73"},"max":{"incl_tax":"52095","excl_tax":"43777.32"}}},"bundled_items":[{"bundled_item_id":1192,"product_id":26988,"menu_order":0,"quantity_min":1,"quantity_max":4,"quantity_default":1,"priced_individually":true,"shipped_individually":true,"override_title":true,"title":"","override_description":true,"description":"","optional":true,"hide_thumbnail":false,"discount":"","override_variations":false,"allowed_variations":[""],"override_default_variation_attributes":false,"default_variation_attributes":[],"single_product_visibility":"visible","cart_visibility":"visible","order_visibility":"visible","single_product_price_visibility":"visible","cart_price_visibility":"visible","order_price_visibility":"visible","stock_status":"in_stock"},{"bundled_item_id":4066,"product_id":295889,"menu_order":0,"quantity_min":1,"quantity_max":4,"quantity_default":1,"priced_individually":true,"shipped_individually":true,"override_title":true,"title":"","override_description":true,"description":"","optional":true,"hide_thumbnail":false,"discount":"","override_variations":false,"allowed_variations":[""],"override_default_variation_attributes":false,"default_variation_attributes":[],"single_product_visibility":"visible","cart_visibility":"visible","order_visibility":"visible","single_product_price_visibility":"visible","cart_price_visibility":"visible","order_price_visibility":"visible","stock_status":"on_backorder"},{"bundled_item_id":1193,"product_id":26990,"menu_order":1,"quantity_min":1,"quantity_max":4,"quantity_default":1,"priced_individually":true,"shipped_individually":true,"override_title":true,"title":"","override_description":true,"description":"","optional":true,"hide_thumbnail":false,"discount":"","override_variations":false,"allowed_variations":[""],"override_default_variation_attributes":false,"default_variation_attributes":[],"single_product_visibility":"visible","cart_visibility":"visible","order_visibility":"visible","single_product_price_visibility":"visible","cart_price_visibility":"visible","order_price_visibility":"visible","stock_status":"in_stock"},{"bundled_item_id":5319,"product_id":298843,"menu_order":1,"quantity_min":1,"quantity_max":4,"quantity_default":1,"priced_individually":true,"shipped_individually":true,"override_title":false,"title":null,"override_description":false,"description":null,"optional":true,"hide_thumbnail":false,"discount":"","override_variations":false,"allowed_variations":[""],"override_default_variation_attributes":false,"default_variation_attributes":[],"single_product_visibility":"visible","cart_visibility":"visible","order_visibility":"visible","single_product_price_visibility":"visible","cart_price_visibility":"visible","order_price_visibility":"visible","stock_status":"on_backorder"},{"bundled_item_id":1194,"product_id":26985,"menu_order":2,"quantity_min":1,"quantity_max":4,"quantity_default":1,"priced_individually":true,"shipped_individually":true,"override_title":true,"title":"","override_description":true,"description":"","optional":true,"hide_thumbnail":false,"discount":"","override_variations":false,"allowed_variations":[""],"override_default_variation_attributes":false,"default_variation_attributes":[],"single_product_visibility":"visible","cart_visibility":"visible","order_visibility":"visible","single_product_price_visibility":"visible","cart_price_visibility":"visible","order_price_visibility":"visible","stock_status":"on_backorder"},{"bundled_item_id":5370,"product_id":299535,"menu_order":2,"quantity_min":1,"quantity_max":4,"quantity_default":1,"priced_individually":true,"shipped_individually":true,"override_title":true,"title":"","override_description":true,"description":"","optional":true,"hide_thumbnail":false,"discount":"","override_variations":false,"allowed_variations":[""],"override_default_variation_attributes":false,"default_variation_attributes":[],"single_product_visibility":"visible","cart_visibility":"visible","order_visibility":"visible","single_product_price_visibility":"visible","cart_price_visibility":"visible","order_price_visibility":"visible","stock_status":"on_backorder"},{"bundled_item_id":1195,"product_id":27035,"menu_order":3,"quantity_min":1,"quantity_max":4,"quantity_default":1,"priced_individually":true,"shipped_individually":true,"override_title":true,"title":"","override_description":true,"description":"","optional":true,"hide_thumbnail":false,"discount":"","override_variations":false,"allowed_variations":[""],"override_default_variation_attributes":false,"default_variation_attributes":[],"single_product_visibility":"visible","cart_visibility":"visible","order_visibility":"visible","single_product_price_visibility":"visible","cart_price_visibility":"visible","order_price_visibility":"visible","stock_status":"on_backorder"},{"bundled_item_id":1196,"product_id":27048,"menu_order":4,"quantity_min":1,"quantity_max":4,"quantity_default":1,"priced_individually":true,"shipped_individually":true,"override_title":true,"title":"","override_description":true,"description":"","optional":true,"hide_thumbnail":false,"discount":"","override_variations":false,"allowed_variations":[""],"override_default_variation_attributes":false,"default_variation_attributes":[],"single_product_visibility":"visible","cart_visibility":"visible","order_visibility":"visible","single_product_price_visibility":"visible","cart_price_visibility":"visible","order_price_visibility":"visible","stock_status":"on_backorder"},{"bundled_item_id":1197,"product_id":27031,"menu_order":5,"quantity_min":1,"quantity_max":4,"quantity_default":1,"priced_individually":true,"shipped_individually":true,"override_title":true,"title":"","override_description":true,"description":"","optional":true,"hide_thumbnail":false,"discount":"","override_variations":false,"allowed_variations":[""],"override_default_variation_attributes":false,"default_variation_attributes":[],"single_product_visibility":"visible","cart_visibility":"visible","order_visibility":"visible","single_product_price_visibility":"visible","cart_price_visibility":"visible","order_price_visibility":"visible","stock_status":"in_stock"},{"bundled_item_id":1198,"product_id":287362,"menu_order":6,"quantity_min":1,"quantity_max":4,"quantity_default":1,"priced_individually":true,"shipped_individually":true,"override_title":true,"title":"","override_description":true,"description":"","optional":true,"hide_thumbnail":false,"discount":"","override_variations":false,"allowed_variations":[""],"override_default_variation_attributes":false,"default_variation_attributes":[],"single_product_visibility":"visible","cart_visibility":"visible","order_visibility":"visible","single_product_price_visibility":"visible","cart_price_visibility":"visible","order_price_visibility":"visible","stock_status":"on_backorder"},{"bundled_item_id":1199,"product_id":288802,"menu_order":7,"quantity_min":1,"quantity_max":4,"quantity_default":1,"priced_individually":true,"shipped_individually":true,"override_title":true,"title":"","override_description":true,"description":"","optional":true,"hide_thumbnail":false,"discount":"","override_variations":false,"allowed_variations":[""],"override_default_variation_attributes":false,"default_variation_attributes":[],"single_product_visibility":"visible","cart_visibility":"visible","order_visibility":"visible","single_product_price_visibility":"visible","cart_price_visibility":"visible","order_price_visibility":"visible","stock_status":"in_stock"},{"bundled_item_id":1200,"product_id":288805,"menu_order":8,"quantity_min":1,"quantity_max":4,"quantity_default":1,"priced_individually":true,"shipped_individually":true,"override_title":true,"title":"","override_description":true,"description":"","optional":true,"hide_thumbnail":false,"discount":"","override_variations":false,"allowed_variations":[""],"override_default_variation_attributes":false,"default_variation_attributes":[],"single_product_visibility":"visible","cart_visibility":"visible","order_visibility":"visible","single_product_price_visibility":"visible","cart_price_visibility":"visible","order_price_visibility":"visible","stock_status":"in_stock"},{"bundled_item_id":1201,"product_id":288808,"menu_order":9,"quantity_min":1,"quantity_max":4,"quantity_default":1,"priced_individually":true,"shipped_individually":true,"override_title":true,"title":"","override_description":true,"description":"","optional":true,"hide_thumbnail":false,"discount":"","override_variations":false,"allowed_variations":[""],"override_default_variation_attributes":false,"default_variation_attributes":[],"single_product_visibility":"visible","cart_visibility":"visible","order_visibility":"visible","single_product_price_visibility":"visible","cart_price_visibility":"visible","order_price_visibility":"visible","stock_status":"in_stock"},{"bundled_item_id":1202,"product_id":287357,"menu_order":10,"quantity_min":1,"quantity_max":4,"quantity_default":1,"priced_individually":true,"shipped_individually":true,"override_title":true,"title":"","override_description":true,"description":"","optional":true,"hide_thumbnail":false,"discount":"","override_variations":false,"allowed_variations":[""],"override_default_variation_attributes":false,"default_variation_attributes":[],"single_product_visibility":"visible","cart_visibility":"visible","order_visibility":"visible","single_product_price_visibility":"visible","cart_price_visibility":"visible","order_price_visibility":"visible","stock_status":"in_stock"},{"bundled_item_id":1203,"product_id":287176,"menu_order":11,"quantity_min":1,"quantity_max":4,"quantity_default":1,"priced_individually":true,"shipped_individually":true,"override_title":true,"title":"","override_description":true,"description":"","optional":true,"hide_thumbnail":false,"discount":"","override_variations":false,"allowed_variations":[""],"override_default_variation_attributes":false,"default_variation_attributes":[],"single_product_visibility":"visible","cart_visibility":"visible","order_visibility":"visible","single_product_price_visibility":"visible","cart_price_visibility":"visible","order_price_visibility":"visible","stock_status":"in_stock"},{"bundled_item_id":1204,"product_id":27049,"menu_order":12,"quantity_min":1,"quantity_max":4,"quantity_default":1,"priced_individually":true,"shipped_individually":true,"override_title":true,"title":"","override_description":true,"description":"","optional":true,"hide_thumbnail":false,"discount":"","override_variations":false,"allowed_variations":[""],"override_default_variation_attributes":false,"default_variation_attributes":[],"single_product_visibility":"visible","cart_visibility":"visible","order_visibility":"visible","single_product_price_visibility":"visible","cart_price_visibility":"visible","order_price_visibility":"visible","stock_status":"in_stock"},{"bundled_item_id":1205,"product_id":290470,"menu_order":13,"quantity_min":1,"quantity_max":4,"quantity_default":1,"priced_individually":true,"shipped_individually":true,"override_title":true,"title":"","override_description":true,"description":"","optional":true,"hide_thumbnail":false,"discount":"","override_variations":false,"allowed_variations":[""],"override_default_variation_attributes":false,"default_variation_attributes":[],"single_product_visibility":"visible","cart_visibility":"visible","order_visibility":"visible","single_product_price_visibility":"visible","cart_price_visibility":"visible","order_price_visibility":"visible","stock_status":"in_stock"},{"bundled_item_id":1206,"product_id":287622,"menu_order":14,"quantity_min":1,"quantity_max":4,"quantity_default":1,"priced_individually":true,"shipped_individually":true,"override_title":true,"title":"","override_description":true,"description":"","optional":true,"hide_thumbnail":false,"discount":"","override_variations":false,"allowed_variations":[""],"override_default_variation_attributes":false,"default_variation_attributes":[],"single_product_visibility":"visible","cart_visibility":"visible","order_visibility":"visible","single_product_price_visibility":"visible","cart_price_visibility":"visible","order_price_visibility":"visible","stock_status":"in_stock"},{"bundled_item_id":1207,"product_id":27083,"menu_order":15,"quantity_min":1,"quantity_max":4,"quantity_default":1,"priced_individually":true,"shipped_individually":true,"override_title":true,"title":"","override_description":true,"description":"","optional":true,"hide_thumbnail":false,"discount":"","override_variations":false,"allowed_variations":[""],"override_default_variation_attributes":false,"default_variation_attributes":[],"single_product_visibility":"visible","cart_visibility":"visible","order_visibility":"visible","single_product_price_visibility":"visible","cart_price_visibility":"visible","order_price_visibility":"visible","stock_status":"in_stock"},{"bundled_item_id":1208,"product_id":27086,"menu_order":16,"quantity_min":1,"quantity_max":4,"quantity_default":1,"priced_individually":true,"shipped_individually":true,"override_title":true,"title":"","override_description":true,"description":"","optional":true,"hide_thumbnail":false,"discount":"","override_variations":false,"allowed_variations":[""],"override_default_variation_attributes":false,"default_variation_attributes":[],"single_product_visibility":"visible","cart_visibility":"visible","order_visibility":"visible","single_product_price_visibility":"visible","cart_price_visibility":"visible","order_price_visibility":"visible","stock_status":"in_stock"},{"bundled_item_id":1209,"product_id":27101,"menu_order":17,"quantity_min":1,"quantity_max":4,"quantity_default":1,"priced_individually":true,"shipped_individually":true,"override_title":true,"title":"","override_description":true,"description":"","optional":true,"hide_thumbnail":false,"discount":"","override_variations":false,"allowed_variations":[""],"override_default_variation_attributes":false,"default_variation_attributes":[],"single_product_visibility":"visible","cart_visibility":"visible","order_visibility":"visible","single_product_price_visibility":"visible","cart_price_visibility":"visible","order_price_visibility":"visible","stock_status":"in_stock"},{"bundled_item_id":1210,"product_id":290803,"menu_order":18,"quantity_min":1,"quantity_max":4,"quantity_default":1,"priced_individually":true,"shipped_individually":true,"override_title":true,"title":"","override_description":true,"description":"","optional":true,"hide_thumbnail":false,"discount":"","override_variations":false,"allowed_variations":[""],"override_default_variation_attributes":false,"default_variation_attributes":[],"single_product_visibility":"visible","cart_visibility":"visible","order_visibility":"visible","single_product_price_visibility":"visible","cart_price_visibility":"visible","order_price_visibility":"visible","stock_status":"in_stock"},{"bundled_item_id":2724,"product_id":291460,"menu_order":19,"quantity_min":1,"quantity_max":4,"quantity_default":1,"priced_individually":true,"shipped_individually":true,"override_title":true,"title":"","override_description":true,"description":"","optional":true,"hide_thumbnail":false,"discount":"","override_variations":false,"allowed_variations":[""],"override_default_variation_attributes":false,"default_variation_attributes":[],"single_product_visibility":"visible","cart_visibility":"visible","order_visibility":"visible","single_product_price_visibility":"visible","cart_price_visibility":"visible","order_price_visibility":"visible","stock_status":"in_stock"},{"bundled_item_id":2725,"product_id":292438,"menu_order":20,"quantity_min":1,"quantity_max":4,"quantity_default":1,"priced_individually":true,"shipped_individually":true,"override_title":true,"title":"","override_description":true,"description":"","optional":true,"hide_thumbnail":false,"discount":"","override_variations":false,"allowed_variations":[""],"override_default_variation_attributes":false,"default_variation_attributes":[],"single_product_visibility":"visible","cart_visibility":"visible","order_visibility":"visible","single_product_price_visibility":"visible","cart_price_visibility":"visible","order_price_visibility":"visible","stock_status":"in_stock"},{"bundled_item_id":5445,"product_id":302479,"menu_order":24,"quantity_min":1,"quantity_max":4,"quantity_default":1,"priced_individually":true,"shipped_individually":true,"override_title":false,"title":null,"override_description":false,"description":null,"optional":true,"hide_thumbnail":false,"discount":"","override_variations":false,"allowed_variations":[""],"override_default_variation_attributes":false,"default_variation_attributes":[],"single_product_visibility":"visible","cart_visibility":"visible","order_visibility":"visible","single_product_price_visibility":"visible","cart_price_visibility":"visible","order_price_visibility":"visible","stock_status":"on_backorder"},{"bundled_item_id":5446,"product_id":302498,"menu_order":25,"quantity_min":1,"quantity_max":4,"quantity_default":1,"priced_individually":true,"shipped_individually":true,"override_title":false,"title":null,"override_description":false,"description":null,"optional":true,"hide_thumbnail":false,"discount":"","override_variations":false,"allowed_variations":[""],"override_default_variation_attributes":false,"default_variation_attributes":[],"single_product_visibility":"visible","cart_visibility":"visible","order_visibility":"visible","single_product_price_visibility":"visible","cart_price_visibility":"visible","order_price_visibility":"visible","stock_status":"on_backorder"},{"bundled_item_id":5447,"product_id":302511,"menu_order":26,"quantity_min":1,"quantity_max":4,"quantity_default":1,"priced_individually":true,"shipped_individually":true,"override_title":false,"title":null,"override_description":false,"description":null,"optional":true,"hide_thumbnail":false,"discount":"","override_variations":false,"allowed_variations":[""],"override_default_variation_attributes":false,"default_variation_attributes":[],"single_product_visibility":"visible","cart_visibility":"visible","order_visibility":"visible","single_product_price_visibility":"visible","cart_price_visibility":"visible","order_price_visibility":"visible","stock_status":"on_backorder"},{"bundled_item_id":5448,"product_id":302524,"menu_order":27,"quantity_min":1,"quantity_max":4,"quantity_default":1,"priced_individually":true,"shipped_individually":true,"override_title":true,"title":"","override_description":true,"description":"","optional":true,"hide_thumbnail":false,"discount":"","override_variations":false,"allowed_variations":[""],"override_default_variation_attributes":false,"default_variation_attributes":[],"single_product_visibility":"visible","cart_visibility":"visible","order_visibility":"visible","single_product_price_visibility":"visible","cart_price_visibility":"visible","order_price_visibility":"visible","stock_status":"on_backorder"}],"bundle_sell_ids":[],"jetpack_sharing_enabled":true,"wcpa_form_fields":null,"_links":{"self":[{"href":"https:\/\/www.hzc-power.com\/fr\/wp-json\/wp\/v2\/product\/287611","targetHints":{"allow":["GET"]}}],"collection":[{"href":"https:\/\/www.hzc-power.com\/fr\/wp-json\/wp\/v2\/product"}],"about":[{"href":"https:\/\/www.hzc-power.com\/fr\/wp-json\/wp\/v2\/types\/product"}],"replies":[{"embeddable":true,"href":"https:\/\/www.hzc-power.com\/fr\/wp-json\/wp\/v2\/comments?post=287611"}],"wp:featuredmedia":[{"embeddable":true,"href":"https:\/\/www.hzc-power.com\/fr\/wp-json\/wp\/v2\/media\/301542"}],"wp:attachment":[{"href":"https:\/\/www.hzc-power.com\/fr\/wp-json\/wp\/v2\/media?parent=287611"}],"wp:term":[{"taxonomy":"product_brand","embeddable":true,"href":"https:\/\/www.hzc-power.com\/fr\/wp-json\/wp\/v2\/product_brand?post=287611"},{"taxonomy":"product_cat","embeddable":true,"href":"https:\/\/www.hzc-power.com\/fr\/wp-json\/wp\/v2\/product_cat?post=287611"}],"curies":[{"name":"wp","href":"https:\/\/api.w.org\/{rel}","templated":true}]}}