{"id":287622,"date":"2023-12-29T11:44:42","date_gmt":"2023-12-29T10:44:42","guid":{"rendered":"https:\/\/www.hzc-power.com\/non%20class\u00e9\/fourches-a-palettes-pour-mini-pelles-hzc-power-p12\/fourches-a-palettes-pour-mini-pelles-hzc-power-p12\/"},"modified":"2026-04-27T15:12:55","modified_gmt":"2026-04-27T13:12:55","slug":"fourches-a-palettes-pour-mini-pelles-hzc-power-p12","status":"publish","type":"product","link":"https:\/\/www.hzc-power.com\/fr\/fourches-a-palettes-pour-mini-pelles-hzc-power-p12\/","title":{"rendered":"Fourches \u00e0 palettes sur la lame de nivelage pour mini-pelle HZC Power (P12)"},"content":{"rendered":"<div class=\"wpb-content-wrapper\"><p>[vc_row css=&#8221;.vc_custom_1696421734791{padding-top: 3rem !important;padding-bottom: 3rem !important;}&#8221;][vc_column width=&#8221;1\/2&#8243;][vc_column_text]<\/p>\n<h2>Fourches \u00e0 palettes sur la lame de nivelage pour mini-pelle HZC Power (P12)<\/h2>\n<p>[\/vc_column_text][vc_empty_space][vc_column_text]Les fourches \u00e0 palettes P12 sont id\u00e9ales pour nos mini-pelles. Elles se fixent sur la lame de nivelage et facilitent consid\u00e9rablement le travail avec des palettes, caisses, etc. Nos fourches peuvent soulever et d\u00e9placer jusqu\u2019\u00e0 150 kg. Elles sont particuli\u00e8rement adapt\u00e9es au transport de mat\u00e9riaux sur palettes ou en caisses d\u2019un point A \u00e0 un point B sur les chantiers ou pour des applications similaires. La largeur des fourches est r\u00e9glable de 550 mm \u00e0 680 mm.<\/p>\n<p><strong>Les fourches \u00e0 palettes sont compatibles avec toutes nos mini-pelles HZC Power \u00e9quip\u00e9es d\u2019une lame de nivelage.<\/strong>[\/vc_column_text][\/vc_column][\/vc_row][vc_row][vc_column][vc_empty_space][\/vc_column][\/vc_row][vc_row][vc_column][accordion_father][accordion_son title_padding=&#8221;17&#8243; title=&#8221;Dimensions&#8221; bgclr=&#8221;#f7f7f7&#8243;]<\/p>\n<ul>\n<li>Dimensions : 1000 x 140 x 60 mm<\/li>\n<li>Largeur du levier de commande : 550 \u00e0 680 mm<\/li>\n<\/ul>\n<p>[\/accordion_son][\/accordion_father][accordion_father][accordion_son title_padding=&#8221;17&#8243; title=&#8221;\u00c9quipement standard&#8221; bgclr=&#8221;#f7f7f7&#8243;]<\/p>\n<ul>\n<li>Le prix s\u2019applique \u00e0 une paire \u2013 <strong>2 fourches \u00e0 palettes<\/strong><\/li>\n<li>Dimensions des fourches <strong>1000 mm x 140 mm x 60 mm<\/strong> (LxLxH)<\/li>\n<li>Fourches r\u00e9glables de <strong>550 mm \u00e0 680 mm<\/strong><\/li>\n<li>Capacit\u00e9 de levage jusqu\u2019\u00e0 <strong>150 kg<\/strong><\/li>\n<li>Hauteur de levage maximale <strong>190 mm<\/strong><\/li>\n<li>Compatible avec toutes les mini-pelles HZC Power avec <strong>lame de nivelage<\/strong><\/li>\n<li>Pour plus de <strong>polyvalence<\/strong> sur la mini-pelle<\/li>\n<li>Id\u00e9al pour le <strong>transport de mat\u00e9riaux sur palettes ou en caisses d\u2019un point A \u00e0 un point B<\/strong><\/li>\n<\/ul>\n<p>[\/accordion_son][\/accordion_father][accordion_father][accordion_son title_padding=&#8221;17&#8243; title=&#8221;Informations de livraison&#8221; bgclr=&#8221;#f7f7f7&#8243;]Chez HZC Power, nous veillons toujours \u00e0 une qualit\u00e9 maximale, une fabrication technique irr\u00e9prochable et une construction robuste. Nos produits sont livr\u00e9s partiellement assembl\u00e9s par transporteur. Nous proposons un tarif d\u2019exp\u00e9dition fixe, calcul\u00e9 automatiquement dans le panier (plus d\u2019informations sur la livraison <a href=\"\/?product_cat=versand\"><strong>ici<\/strong><\/a>). Vous pouvez \u00e9galement visiter nos produits dans notre si\u00e8ge sur rendez-vous ou les retirer gratuitement.[\/accordion_son][\/accordion_father][\/vc_column][\/vc_row][vc_section full_width=&#8221;stretch_row&#8221; css=&#8221;.vc_custom_1696421646869{margin-top: 2rem !important;margin-bottom: 2rem !important;padding-top: 3rem !important;padding-bottom: 3rem !important;background-color: #fafafa !important;}&#8221;][vc_row css=&#8221;.vc_custom_1696421669972{padding-right: 1rem !important;padding-left: 1rem !important;}&#8221;][vc_column][vc_column_text]Vid\u00e9os :[\/vc_column_text][vc_empty_space][vc_video link=&#8221;https:\/\/youtu.be\/CynoWldEw7o&#8221;][vc_video link=&#8221;https:\/\/youtu.be\/fq1jfgkrvNc&#8221;][\/vc_column][\/vc_row][\/vc_section]<\/p>\n<\/div>","protected":false},"excerpt":{"rendered":"<p><span style=\"color: #ff0000;\"><strong>Disponible<\/strong><\/span><\/p>\n<ul>\n<li>Le prix s\u2019applique \u00e0 une paire \u2013 <strong>2 fourches \u00e0 palettes<\/strong><\/li>\n<li>Dimensions des fourches <strong>1000 mm x 140 mm x 60 mm<\/strong> (LxLxH)<\/li>\n<li>Fourches r\u00e9glables de <strong>550 mm \u00e0 680 mm<\/strong><\/li>\n<li>Capacit\u00e9 de levage jusqu\u2019\u00e0 <strong>150 kg<\/strong><\/li>\n<li>Hauteur de levage maximale <strong>190 mm<\/strong><\/li>\n<li>Compatible avec toutes les mini-pelles HZC Power \u00e9quip\u00e9es d\u2019une <strong>lame de nivelage<\/strong><\/li>\n<li>Pour plus de <strong>polyvalence<\/strong> sur la mini-pelle<\/li>\n<li>Id\u00e9al pour le <strong>transport de mat\u00e9riaux sur palettes ou en caisses d\u2019un point A \u00e0 un point B<\/strong><\/li>\n<\/ul>\n<p><a href=\"https:\/\/www.hzc-power.com\/wp-content\/uploads\/2026\/01\/bedienungsanleitung-p12.pdf\"><span style=\"color: #007bbb;\"><strong>\u2192 T\u00e9l\u00e9charger les instructions de montage P12<\/strong><\/span><\/a><\/p>\n","protected":false},"featured_media":299279,"comment_status":"open","ping_status":"closed","template":"","meta":{"inline_featured_image":false},"product_brand":[],"product_cat":[787,776],"class_list":{"0":"post-287622","1":"product","2":"type-product","3":"status-publish","4":"has-post-thumbnail","6":"product_cat-accessoires-pour-pelles","7":"product_cat-sylviculture-et-amenagement-paysager","8":"product_shipping_class-spedition-15","10":"first","11":"instock","12":"sale","13":"taxable","14":"shipping-taxable","15":"purchasable","16":"product-type-simple"},"bundled_by":["286874","28618","286838","286423","286497","291162","291202","287614","287611","286531","286553","289572","286930","287007","286958","286882","291231","286933","297570"],"bundle_stock_status":"instock","bundle_stock_quantity":28,"bundle_virtual":false,"bundle_layout":"","bundle_add_to_cart_form_location":"","bundle_editable_in_cart":false,"bundle_sold_individually_context":"","bundle_item_grouping":"","bundle_min_size":"","bundle_max_size":"","bundle_price":[],"bundled_items":[],"bundle_sell_ids":[],"jetpack_sharing_enabled":true,"wcpa_form_fields":null,"_links":{"self":[{"href":"https:\/\/www.hzc-power.com\/fr\/wp-json\/wp\/v2\/product\/287622","targetHints":{"allow":["GET"]}}],"collection":[{"href":"https:\/\/www.hzc-power.com\/fr\/wp-json\/wp\/v2\/product"}],"about":[{"href":"https:\/\/www.hzc-power.com\/fr\/wp-json\/wp\/v2\/types\/product"}],"replies":[{"embeddable":true,"href":"https:\/\/www.hzc-power.com\/fr\/wp-json\/wp\/v2\/comments?post=287622"}],"wp:featuredmedia":[{"embeddable":true,"href":"https:\/\/www.hzc-power.com\/fr\/wp-json\/wp\/v2\/media\/299279"}],"wp:attachment":[{"href":"https:\/\/www.hzc-power.com\/fr\/wp-json\/wp\/v2\/media?parent=287622"}],"wp:term":[{"taxonomy":"product_brand","embeddable":true,"href":"https:\/\/www.hzc-power.com\/fr\/wp-json\/wp\/v2\/product_brand?post=287622"},{"taxonomy":"product_cat","embeddable":true,"href":"https:\/\/www.hzc-power.com\/fr\/wp-json\/wp\/v2\/product_cat?post=287622"}],"curies":[{"name":"wp","href":"https:\/\/api.w.org\/{rel}","templated":true}]}}