{"id":288571,"date":"2024-04-04T13:42:06","date_gmt":"2024-04-04T11:42:06","guid":{"rendered":"https:\/\/www.hzc-power.com\/?post_type=product&#038;p=288571"},"modified":"2025-12-01T09:22:39","modified_gmt":"2025-12-01T08:22:39","slug":"minidumper-tombereau-sur-chenilles-avec-benne-entrainement-par-chaine-moteur-a-essence-9-cv-et-dispositif-de-basculement-hydraulique-mdk505h","status":"publish","type":"product","link":"https:\/\/www.hzc-power.com\/fr\/mini-dumper-dumper-sur-chenilles-entrainement-hydrostatique-par-chaine-moteur-essence-7-hp-et-dispositif-de-basculement-hydraulique-mdk505h\/","title":{"rendered":"Minidumper, tombereau sur chenilles avec benne, entra\u00eenement par cha\u00eene, moteur \u00e0 essence 9 CV et dispositif de basculement hydraulique (MDK500H) (Kopie)"},"content":{"rendered":"<div class=\"wpb-content-wrapper\"><p>[vc_row css=&#8221;.vc_custom_1696257929733{padding-top: 3rem !important;padding-bottom: 3rem !important;}&#8221;][vc_column width=&#8221;1\/2&#8243;][vc_column_text]<\/p>\n<h2>Minidumper, tombereau sur chenilles, hydrostatique, plate-forme conducteur, entra\u00eenement par cha\u00eene, moteur essence 7 CV et basculement hydraulique (MDK505H)<\/h2>\n<p>[\/vc_column_text][vc_empty_space][vc_column_text]Avec le MDK505H de HZC Power, vous disposez d&#8217;un mini-dumper de haute qualit\u00e9 avec un ch\u00e2ssis \u00e0 chenilles. La particularit\u00e9 de ce mini dumper est qu&#8217;il poss\u00e8de un entra\u00eenement hydrostatique. Autrement dit, il dispose d&#8217;un syst\u00e8me enti\u00e8rement hydraulique. L&#8217;entra\u00eenement hydrostatique pr\u00e9sente les avantages suivants : r\u00e9glage de la vitesse en continu, couple \u00e9lev\u00e9, mouvement d&#8217;entra\u00eenement lin\u00e9aire avec un rendement \u00e9lev\u00e9, la protection contre les surcharges est plus s\u00fbre et plus rapide, dur\u00e9e de vie plus longue, entretien r\u00e9duit, moins d&#8217;usure (car il y a moins de frottement qu&#8217;avec une transmission normale), le d\u00e9marrage \u00e0 l&#8217;arr\u00eat est possible \u00e0 pleine charge. Gr\u00e2ce \u00e0 son entra\u00eenement par cha\u00eene, le tombereau est particuli\u00e8rement adapt\u00e9 aux zones difficiles d&#8217;acc\u00e8s ou aux ruelles \u00e9troites, aux terrains difficiles et aux pentes. Gr\u00e2ce \u00e0 la fonction de basculement hydraulique suppl\u00e9mentaire de 90\u00b0, le d\u00e9chargement est \u00e0 la fois facile et confortable. La charge maximale est de 500 kg, ce qui permet de transporter facilement des charges tr\u00e8s lourdes comme du sable, de la terre, du gravier, des pierres, des gravats, des d\u00e9chets de jardin, des outils ou d&#8217;autres mat\u00e9riaux. De plus, il est possible de gravir sans probl\u00e8me une pente de 20\u00b0 maximum \u00e0 pleine charge. La plate-forme innovante et stable permet \u00e0 l&#8217;op\u00e9rateur de se d\u00e9placer confortablement. Lorsque la plate-forme n&#8217;est pas utilis\u00e9e, elle peut \u00eatre facilement rabattue vers le haut. La manipulation est particuli\u00e8rement facile et confortable gr\u00e2ce \u00e0 la commande intuitive.<\/p>\n<p>[\/vc_column_text][vc_empty_space][vc_column_text]<\/p>\n<h2>Entra\u00eenement du minidumper avec cha\u00eenes et moteur \u00e0 essence<\/h2>\n<p>[\/vc_column_text][vc_empty_space][vc_column_text]Ce mini-dumper pratique est propuls\u00e9 par un puissant moteur \u00e0 essence Ducar (7 CV). Pour celui-ci, un service de maintenance\/r\u00e9paration est propos\u00e9 dans le monde entier par des ateliers partenaires qualifi\u00e9s. De plus, l&#8217;entra\u00eenement par cha\u00eene permet de venir \u00e0 bout sans peine des terrains particuli\u00e8rement impraticables ou des pentes. Le minidumper atteint une vitesse maximale de 3,5 km\/h. Le mini-dumper peut gravir une pente jusqu&#8217;\u00e0 20\u00b0 sans probl\u00e8me.<\/p>\n<p>[\/vc_column_text][vc_empty_space][vc_column_text]<\/p>\n<h2>\u00c9quipement du mini-dumper avec cha\u00eenes<\/h2>\n<p>[\/vc_column_text][vc_empty_space][vc_column_text]La benne spacieuse du mini-dumper sur chenilles peut contenir jusqu&#8217;\u00e0 500 kg de sable, de terre, de gravier, de pierres, de gravats, de d\u00e9chets de jardin ou d&#8217;autres mat\u00e9riaux. Son poids propre est de 390 kg. Gr\u00e2ce \u00e0 la motorisation, ce poids est facilement transportable, sans aucun effort de votre part. La particularit\u00e9 de ce mini-dumper est qu&#8217;il poss\u00e8de un entra\u00eenement hydrostatique. Autrement dit, il dispose d&#8217;un syst\u00e8me enti\u00e8rement hydraulique. L&#8217;entra\u00eenement hydrostatique pr\u00e9sente les avantages suivants : r\u00e9glage de la vitesse en continu, couple \u00e9lev\u00e9, mouvement d&#8217;entra\u00eenement lin\u00e9aire \u00e0 haut rendement, protection contre les surcharges plus s\u00fbre et plus rapide, dur\u00e9e de vie plus longue, moins d&#8217;entretien, moins d&#8217;usure (car moins de frottements qu&#8217;avec une transmission normale), d\u00e9marrage \u00e0 l&#8217;arr\u00eat possible \u00e0 pleine charge. La plate-forme innovante et stable permet \u00e0 l&#8217;op\u00e9rateur de se d\u00e9placer confortablement. Lorsque la plateforme n&#8217;est pas utilis\u00e9e, elle peut \u00eatre facilement rabattue vers le haut. La manipulation est particuli\u00e8rement facile et confortable gr\u00e2ce \u00e0 la commande intuitive. La benne est renforc\u00e9e et pr\u00e9sente une \u00e9paisseur de paroi de 3 mm et offre en outre suffisamment de place pour de nombreux mat\u00e9riaux et outils. La benne peut \u00eatre bascul\u00e9e hydrauliquement jusqu&#8217;\u00e0 un angle de 90\u00b0, ce qui facilite le d\u00e9chargement.[\/vc_column_text][vc_empty_space][\/vc_column][vc_column width=&#8221;1\/2&#8243;][vc_single_image image=&#8221;288713&#8243; img_size=&#8221;300&#215;300&#8243; alignment=&#8221;center&#8221; onclick=&#8221;img_link_large&#8221; img_link_target=&#8221;_blank&#8221;][vc_empty_space][vc_single_image image=&#8221;288717&#8243; img_size=&#8221;300&#215;300&#8243; alignment=&#8221;center&#8221; onclick=&#8221;img_link_large&#8221; img_link_target=&#8221;_blank&#8221;][\/vc_column][\/vc_row][vc_row][vc_column]            <div class=\"nasa-static-block\" >\r\n                                <div class=\"nasa-static-block-container\">\r\n                    <style type=\"text\/css\" data-type=\"vc_shortcodes-custom-css\">.vc_custom_1696253521432{margin-top: 2rem !important;margin-bottom: 2rem !important;padding-top: 3rem !important;padding-bottom: 3rem !important;background-color: #505f6b !important;}.vc_custom_1696253530748{padding-right: 1rem !important;padding-left: 1rem !important;}<\/style>[vc_section full_width=\"stretch_row\" css=\".vc_custom_1696253521432{margin-top: 2rem !important;margin-bottom: 2rem !important;padding-top: 3rem !important;padding-bottom: 3rem !important;background-color: #505f6b !important;}\"][vc_row css=\".vc_custom_1696253530748{padding-right: 1rem !important;padding-left: 1rem !important;}\"][vc_column width=\"1\/2\"][vc_column_text]\r\n<h2><span style=\"color: #ffffff;\">Offre pour votre produit HZC Power<\/span><\/h2>\r\n[\/vc_column_text][vc_empty_space][\/vc_column][vc_column width=\"1\/2\"][vc_column_text]<span style=\"color: #ffffff;\">Chez HZC Power, nous pr\u00eatons toujours attention \u00e0 la plus haute qualit\u00e9, \u00e0 une finition techniquement irr\u00e9prochable et \u00e0 une construction robuste. Vous recevez nos produits partiellement assembl\u00e9s par une compagnie maritime. Nous vous proposons un prix d'exp\u00e9dition fixe qui est automatiquement g\u00e9n\u00e9r\u00e9 dans le panier (des informations d'exp\u00e9dition suppl\u00e9mentaires peuvent \u00eatre trouv\u00e9es <strong>ici<\/strong>).<\/span>\r\n\r\n<span style=\"color: #ffffff;\">Vous \u00eates invit\u00e9s \u00e0 voir nos produits \u00e0 notre si\u00e8ge social apr\u00e8s arrangement ou \u00e0 les r\u00e9cup\u00e9rer gratuitement.<\/span>\r\n\r\n<span style=\"color: #ffffff;\">Si vous avez d'autres questions sur les diff\u00e9rents mod\u00e8les, n'h\u00e9sitez pas \u00e0 contacter <strong>notre service client<\/strong>. Il se fera un plaisir de vous conseiller davantage. Laissez-vous convaincre par notre offre et assurez votre produit de la meilleure qualit\u00e9 au meilleur prix chez HZC Power.<\/span>[\/vc_column_text][\/vc_column][\/vc_row][\/vc_section]                <\/div>\r\n            <\/div>\r\n            [\/vc_column][\/vc_row][vc_row css=&#8221;.vc_custom_1696257940618{padding-top: 3rem !important;padding-bottom: 3rem !important;}&#8221;][vc_column width=&#8221;2\/3&#8243;][vc_column_text]<\/p>\n<h2>Donn\u00e9es techniques<\/h2>\n<p>[\/vc_column_text][vc_empty_space][vc_row_inner][vc_column_inner width=&#8221;1\/2&#8243;][vc_column_text]<\/p>\n<ul>\n<li>Fabricant : HZC Power<\/li>\n<li>Mod\u00e8le : Minidumper avec benne &amp; entra\u00eenement par cha\u00eene (MDK505H)<\/li>\n<li>Moteur : moteur \u00e0 essence Ducar, 7 CV, 212cc<\/li>\n<li>Carburant : essence (essence normale, super E5 ou E10)<\/li>\n<li>D\u00e9marreur : D\u00e9marreur \u00e0 c\u00e2ble<\/li>\n<li>Entra\u00eenement du ch\u00e2ssis : Cha\u00eenes<\/li>\n<li>Capacit\u00e9 du r\u00e9servoir :<\/li>\n<li>R\u00e9servoir d&#8217;huile hydraulique : 20,5 litres<\/li>\n<li>Transmission : hydrostatique<\/li>\n<li>Vitesse : max. 3,5 Km\/h<\/li>\n<li>Charge utile : max. 500 Kg<\/li>\n<li>Entra\u00eenement de la benne : Hydraulique<\/li>\n<\/ul>\n<p>[\/vc_column_text][\/vc_column_inner][vc_column_inner width=&#8221;1\/2&#8243;][vc_column_text]<\/p>\n<ul>\n<li>Capacit\u00e9 d&#8217;inclinaison : max. 20<\/li>\n<li>Dimensions de la benne de chargement :<\/li>\n<li>Garde au sol minimale : 10 cm<\/li>\n<li>Rayon de braquage minimal : 85 cm<\/li>\n<li>Hauteur du bord avant de la benne de chargement :<\/li>\n<li>Poids total : 390 Kg<\/li>\n<li>Poids avec emballage : Env. 420 Kg<\/li>\n<li>Dimensions du produit :<\/li>\n<li>Dimensions emballage : 175x75x120 cm (LxlxH)<\/li>\n<li>Particularit\u00e9 : plate-forme conducteur, benne plus forte, \u00e9paisseur de paroi 3mm<\/li>\n<li>Exp\u00e9dition : par transporteur<\/li>\n<\/ul>\n<p>[\/vc_column_text][\/vc_column_inner][\/vc_row_inner][\/vc_column][\/vc_row][vc_section full_width=&#8221;stretch_row&#8221; css=&#8221;.vc_custom_1696257962686{margin-top: 2rem !important;margin-bottom: 2rem !important;padding-top: 3rem !important;padding-bottom: 3rem !important;background-color: #fafafa !important;}&#8221;][vc_row css=&#8221;.vc_custom_1696257990824{padding-right: 1rem !important;padding-left: 1rem !important;}&#8221;][vc_column width=&#8221;1\/2&#8243;][vc_column_text][\/vc_column_text][vc_empty_space][vc_column_text][\/vc_column_text][\/vc_column][vc_column width=&#8221;1\/2&#8243;][vc_column_text][\/vc_column_text][vc_empty_space][vc_column_text][\/vc_column_text][\/vc_column][\/vc_row][\/vc_section][vc_row][vc_column]            <div class=\"nasa-static-block\" >\r\n                                <div class=\"nasa-static-block-container\">\r\n                    <style type=\"text\/css\" data-type=\"vc_shortcodes-custom-css\">.vc_custom_1696253729959{margin-top: 2rem !important;margin-bottom: 2rem !important;padding-top: 3rem !important;padding-bottom: 3rem !important;background-color: #505f6b !important;}.vc_custom_1696253718334{padding-right: 1rem !important;padding-left: 1rem !important;}<\/style>[vc_section full_width=\"stretch_row\" css=\".vc_custom_1696253729959{margin-top: 2rem !important;margin-bottom: 2rem !important;padding-top: 3rem !important;padding-bottom: 3rem !important;background-color: #505f6b !important;}\"][vc_row css=\".vc_custom_1696253718334{padding-right: 1rem !important;padding-left: 1rem !important;}\"][vc_column width=\"1\/2\"][vc_column_text]\r\n<h2><span style=\"color: #ffffff;\">D\u00e9tails d'exp\u00e9dition\/Indications de livraison<\/span><\/h2>\r\n[\/vc_column_text][vc_empty_space][\/vc_column][vc_column width=\"1\/2\"][vc_column_text]<span style=\"color: #ffffff;\">Le minidumper est livr\u00e9 bien emball\u00e9 et partiellement assembl\u00e9 dans un ch\u00e2ssis en acier robuste ou une caisse en bois. Il faut compter environ une heure pour le montage final, qui est facile \u00e0 r\u00e9aliser. Nous vous aidons volontiers, n'h\u00e9sitez pas \u00e0 nous contacter. <strong>Attention : lors de la premi\u00e8re utilisation des dumpers \u00e9lectriques, il faut charger compl\u00e8tement la batterie ou, pour les dumpers \u00e0 carburant, faire le plein de carburant et d'huile moteur !<\/strong><\/span>[\/vc_column_text][\/vc_column][\/vc_row][\/vc_section]                <\/div>\r\n            <\/div>\r\n            [\/vc_column][\/vc_row]<\/p>\n<\/div>","protected":false},"excerpt":{"rendered":"<p>&nbsp;<\/p>\n<ul>\n<li>Capacit\u00e9 de charge de<b><strong> 500 kg avec benne<\/strong><\/b><\/li>\n<li>Puissant <b><strong>moteur \u00e0 essence de 7 CV<\/strong><\/b><\/li>\n<li>Particularit\u00e9 de l&#8217;<b><strong>entra\u00eenement hydrostatique- Avantages :<\/strong><\/b> <b><strong>Peu d&#8217;entretien, moins d&#8217;usure (moins de frottement dans la transmission), D\u00e9marrage \u00e0 l&#8217;arr\u00eat \u00e0 pleine charge, protection contre les surcharges plus s\u00fbre et plus rapide, couple plus \u00e9lev\u00e9, r\u00e9glage de la vitesse en continu, mouvement d&#8217;entra\u00eenement lin\u00e9aire.<\/strong><\/b><\/li>\n<li>Plateforme de conduite incluse, <b><strong>l&#8217;op\u00e9rateur peut se d\u00e9placer confortablement pendant le travail<\/strong><\/b><\/li>\n<li><b><strong>Commande<\/strong><\/b> l\u00e9g\u00e8re et <b><strong>intuitive<\/strong><\/b><\/li>\n<li>Benne plus solide avec une <b><strong>\u00e9paisseur de paroi de 3 mm<\/strong><\/b><\/li>\n<li>Entra\u00eenement par <b><strong>train de chenilles pour les terrains impraticables et les pentes<\/strong><\/b><\/li>\n<li>Convient pour <b><strong>les charges tr\u00e8s lourdes comme le sable, la terre, le gravier, les pierres, les gravats, les d\u00e9chets de jardin, les outils ou autres mat\u00e9riaux<\/strong><\/b><\/li>\n<li>vitesse max. <b><strong>3,5 Km\/h<\/strong><\/b><\/li>\n<li><b><strong>Structure robuste &amp; finition de qualit\u00e9<\/strong><\/b><\/li>\n<li>Dispositif de basculement <b><strong>hydraulique<\/strong><\/b><\/li>\n<li>Capacit\u00e9 de la citerne de<\/li>\n<li>Rayon de braquage minimal : <b><strong>85 cm<\/strong><\/b><\/li>\n<\/ul>\n            <div class=\"nasa-static-block\" >\r\n                                <div class=\"nasa-static-block-container\">\r\n                    <style type=\"text\/css\" data-type=\"vc_shortcodes-custom-css\">.vc_custom_1701967224244{padding-top: 1rem !important;padding-right: 1rem !important;padding-bottom: 1rem !important;padding-left: 1rem !important;background-color: #9f131e !important;}<\/style>[vc_row css=\".vc_custom_1701967224244{padding-top: 1rem !important;padding-right: 1rem !important;padding-bottom: 1rem !important;padding-left: 1rem !important;background-color: #9f131e !important;}\"][vc_column][vc_column_text]<span style=\"color: #ffffff;\"><strong>Entretien &amp; r\u00e9paration pour une longue dur\u00e9e de vie:<\/strong>.<\/span>\r\n<span style=\"color: #ffffff;\">Notre service complet est disponible pour ce produit.<\/span>\r\n<span style=\"color: #ffffff;\">Toutes les pi\u00e8ces de rechange sont toujours disponibles en stock et sont install\u00e9es dans les plus brefs d\u00e9lais.<\/span>[\/vc_column_text][\/vc_column][\/vc_row]                <\/div>\r\n            <\/div>\r\n            \n","protected":false},"featured_media":288581,"comment_status":"open","ping_status":"closed","template":"","meta":{"inline_featured_image":false},"product_brand":[],"product_cat":[785,788,789],"class_list":{"0":"post-288571","1":"product","2":"type-product","3":"status-publish","4":"has-post-thumbnail","6":"product_cat-brouette-a-moteur","7":"product_cat-cour-et-jardin","8":"product_cat-travail-du-bois","9":"product_shipping_class-spedition-7-dumper","11":"first","12":"instock","13":"sale","14":"taxable","15":"shipping-taxable","16":"purchasable","17":"product-type-simple"},"bundled_by":[],"bundle_stock_status":"instock","bundle_stock_quantity":4,"bundle_virtual":false,"bundle_layout":"","bundle_add_to_cart_form_location":"","bundle_editable_in_cart":false,"bundle_sold_individually_context":"","bundle_item_grouping":"","bundle_min_size":"","bundle_max_size":"","bundle_price":[],"bundled_items":[],"bundle_sell_ids":[],"jetpack_sharing_enabled":true,"wcpa_form_fields":null,"_links":{"self":[{"href":"https:\/\/www.hzc-power.com\/fr\/wp-json\/wp\/v2\/product\/288571","targetHints":{"allow":["GET"]}}],"collection":[{"href":"https:\/\/www.hzc-power.com\/fr\/wp-json\/wp\/v2\/product"}],"about":[{"href":"https:\/\/www.hzc-power.com\/fr\/wp-json\/wp\/v2\/types\/product"}],"replies":[{"embeddable":true,"href":"https:\/\/www.hzc-power.com\/fr\/wp-json\/wp\/v2\/comments?post=288571"}],"wp:featuredmedia":[{"embeddable":true,"href":"https:\/\/www.hzc-power.com\/fr\/wp-json\/wp\/v2\/media\/288581"}],"wp:attachment":[{"href":"https:\/\/www.hzc-power.com\/fr\/wp-json\/wp\/v2\/media?parent=288571"}],"wp:term":[{"taxonomy":"product_brand","embeddable":true,"href":"https:\/\/www.hzc-power.com\/fr\/wp-json\/wp\/v2\/product_brand?post=288571"},{"taxonomy":"product_cat","embeddable":true,"href":"https:\/\/www.hzc-power.com\/fr\/wp-json\/wp\/v2\/product_cat?post=288571"}],"curies":[{"name":"wp","href":"https:\/\/api.w.org\/{rel}","templated":true}]}}