{"id":288802,"date":"2024-04-09T11:33:54","date_gmt":"2024-04-09T09:33:54","guid":{"rendered":"https:\/\/www.hzc-power.com\/unkategorisiert\/godet-tamis-dune-largeur-de-800-mm-pour-mini-pelle-hzc-power-sbbs810\/godet-tamis-dune-largeur-de-800-mm-pour-mini-pelle-hzc-power-sbbs810\/"},"modified":"2026-04-21T11:03:34","modified_gmt":"2026-04-21T09:03:34","slug":"godet-tamis-dune-largeur-de-800-mm-pour-mini-pelle-hzc-power-sbbs810","status":"publish","type":"product","link":"https:\/\/www.hzc-power.com\/fr\/godet-tamis-dune-largeur-de-800-mm-pour-mini-pelle-hzc-power-sbbs810\/","title":{"rendered":"Godet cribleur d\u2019une largeur de 810 mm pour mini-pelles HZC Power (SBBS810)"},"content":{"rendered":"<div class=\"wpb-content-wrapper\"><p>[vc_row css=&#8221;.vc_custom_1696421734791{padding-top: 3rem !important;padding-bottom: 3rem !important;}&#8221;][vc_column width=&#8221;1\/2&#8243;][vc_column_text]<\/p>\n<h2>Godet cribleur d\u2019une largeur de 810 mm pour mini-pelles HZC Power (SBBS810)<\/h2>\n<p>[\/vc_column_text][vc_empty_space][vc_column_text]Le godet cribleur pour mini-pelles (BBS810) convient comme godet suppl\u00e9mentaire pour toutes nos mini-pelles. La largeur du godet est de 810 mm, ce qui en fait le deuxi\u00e8me godet le plus large de notre gamme.<\/p>\n<p>Le godet cribleur est id\u00e9al pour divers travaux de tri et de chargement. Gr\u00e2ce \u00e0 l\u2019\u00e9cartement des grilles, diff\u00e9rents types de pierres et autres mat\u00e9riaux de construction peuvent \u00eatre cribl\u00e9s.<\/p>\n<p><strong>Gr\u00e2ce \u00e0 notre syst\u00e8me d\u2019attache rapide HZC Power, le changement d\u2019accessoires est simple et rapide.<\/strong><\/p>\n<p>Il est compatible avec tous nos mod\u00e8les de <a href=\"https:\/\/www.hzc-power.com\/fr\/?attachment_id=22466\">mini-pelles<\/a> HZC Power, avec moteur diesel ou essence.[\/vc_column_text][\/vc_column][\/vc_row][vc_row][vc_column][accordion_father][accordion_son title_padding=&#8221;17&#8243; title=&#8221;Dimensions&#8221; bgclr=&#8221;#f7f7f7&#8243;]<\/p>\n<ul>\n<li>Dimensions : 340 x 450 x 810 mm<\/li>\n<li>Largeur du godet : 810 mm<\/li>\n<li>Poids brut : 44 kg<\/li>\n<li>Capacit\u00e9 : 0,03 m<sup>3<\/sup><\/li>\n<li>Espacement des dents : 27,5 mm<\/li>\n<li>Longueur des dents : 125 mm<\/li>\n<\/ul>\n<p>[\/accordion_son][\/accordion_father][accordion_father][accordion_son title_padding=&#8221;17&#8243; title=&#8221;\u00c9quipement standard&#8221; bgclr=&#8221;#f7f7f7&#8243;]<\/p>\n<ul>\n<li>Largeur du godet : <strong>810 mm<\/strong><\/li>\n<li>Id\u00e9al pour <strong>divers travaux de tri et de chargement<\/strong><\/li>\n<li><strong>Compatible<\/strong> avec toutes nos <a href=\"https:\/\/www.hzc-power.com\/fr\/?attachment_id=22466\">mini-pelles<\/a><\/li>\n<li>Fabriqu\u00e9 en <strong>acier de haute qualit\u00e9<\/strong><\/li>\n<li>Gr\u00e2ce \u00e0 notre syst\u00e8me d\u2019attache rapide HZC Power, les accessoires peuvent \u00eatre chang\u00e9s facilement<\/li>\n<\/ul>\n<p>[\/accordion_son][\/accordion_father][accordion_father][accordion_son title_padding=&#8221;17&#8243; title=&#8221;Informations de livraison&#8221; bgclr=&#8221;#f7f7f7&#8243;]Chez HZC Power, nous accordons une grande importance \u00e0 la qualit\u00e9 maximale, \u00e0 une fabrication techniquement irr\u00e9prochable et \u00e0 une construction robuste. Nos produits sont livr\u00e9s partiellement mont\u00e9s par transporteur. Nous proposons un prix d\u2019exp\u00e9dition fixe, calcul\u00e9 automatiquement dans le panier (vous trouverez des informations suppl\u00e9mentaires sur la livraison <a href=\"\/?product_cat=versand\"><strong>ici<\/strong><\/a>). Vous pouvez \u00e9galement visiter nos produits sur rendez-vous \u00e0 notre si\u00e8ge ou les retirer gratuitement.[\/accordion_son][\/accordion_father][\/vc_column][\/vc_row]<\/p>\n<\/div>","protected":false},"excerpt":{"rendered":"<div class=\"woocommerce-product-details__short-description\">\n<p><span style=\"color: #ff0000;\"><strong>Disponible. Les informations relatives au d\u00e9lai de livraison vous seront communiqu\u00e9es apr\u00e8s r\u00e9ception de votre commande par notre <span style=\"color: #9e0000;\"><a style=\"color: #9e0000;\" href=\"\/?product_cat=kontakt\">service client<\/a><\/span>.<\/strong><\/span><\/p>\n<ul>\n<li>Largeur du godet : <strong>810 mm<\/strong><\/li>\n<li>Id\u00e9al pour <strong>divers travaux de tri et de chargement<\/strong><\/li>\n<li><strong>Compatible<\/strong> avec toutes nos <a href=\"https:\/\/www.hzc-power.com\/fr\/?attachment_id=22466\">mini-pelles<\/a><\/li>\n<li>Fabriqu\u00e9 en <strong>acier de haute qualit\u00e9<\/strong><\/li>\n<li>Gr\u00e2ce \u00e0 notre syst\u00e8me d\u2019attache rapide HZC Power, les accessoires peuvent \u00eatre chang\u00e9s facilement<\/li>\n<\/ul>\n<p><a href=\"https:\/\/www.hzc-power.com\/wp-content\/uploads\/2026\/01\/bedienungsanleitung-sbbs810.pdf\"><strong><span style=\"color: #007bbb;\">\u2192 T\u00e9l\u00e9charger le manuel de montage SBBS810<\/span><\/strong><\/a><\/p>\n<\/div>\n","protected":false},"featured_media":291245,"comment_status":"open","ping_status":"closed","template":"","meta":{"inline_featured_image":false},"product_brand":[],"product_cat":[787,776],"class_list":{"0":"post-288802","1":"product","2":"type-product","3":"status-publish","4":"has-post-thumbnail","6":"product_cat-accessoires-pour-pelles","7":"product_cat-sylviculture-et-amenagement-paysager","8":"product_shipping_class-versand-2","10":"first","11":"instock","12":"sale","13":"taxable","14":"shipping-taxable","15":"purchasable","16":"product-type-simple"},"bundled_by":["286874","28618","286838","286423","286497","291162","291202","287614","287611","286531","286553","289572","286930","287007","286958","286882","291231","286933","297570"],"bundle_stock_status":"instock","bundle_stock_quantity":37,"bundle_virtual":false,"bundle_layout":"","bundle_add_to_cart_form_location":"","bundle_editable_in_cart":false,"bundle_sold_individually_context":"","bundle_item_grouping":"","bundle_min_size":"","bundle_max_size":"","bundle_price":[],"bundled_items":[],"bundle_sell_ids":[],"jetpack_sharing_enabled":true,"wcpa_form_fields":null,"_links":{"self":[{"href":"https:\/\/www.hzc-power.com\/fr\/wp-json\/wp\/v2\/product\/288802","targetHints":{"allow":["GET"]}}],"collection":[{"href":"https:\/\/www.hzc-power.com\/fr\/wp-json\/wp\/v2\/product"}],"about":[{"href":"https:\/\/www.hzc-power.com\/fr\/wp-json\/wp\/v2\/types\/product"}],"replies":[{"embeddable":true,"href":"https:\/\/www.hzc-power.com\/fr\/wp-json\/wp\/v2\/comments?post=288802"}],"wp:featuredmedia":[{"embeddable":true,"href":"https:\/\/www.hzc-power.com\/fr\/wp-json\/wp\/v2\/media\/291245"}],"wp:attachment":[{"href":"https:\/\/www.hzc-power.com\/fr\/wp-json\/wp\/v2\/media?parent=288802"}],"wp:term":[{"taxonomy":"product_brand","embeddable":true,"href":"https:\/\/www.hzc-power.com\/fr\/wp-json\/wp\/v2\/product_brand?post=288802"},{"taxonomy":"product_cat","embeddable":true,"href":"https:\/\/www.hzc-power.com\/fr\/wp-json\/wp\/v2\/product_cat?post=288802"}],"curies":[{"name":"wp","href":"https:\/\/api.w.org\/{rel}","templated":true}]}}