{"id":288805,"date":"2024-04-09T12:26:08","date_gmt":"2024-04-09T10:26:08","guid":{"rendered":"https:\/\/www.hzc-power.com\/unkategorisiert\/pouce-dexcavatrice-pour-mini-pelle-hzc-power-bgd\/pouce-dexcavatrice-pour-mini-pelle-hzc-power-bgd\/"},"modified":"2026-04-14T13:47:31","modified_gmt":"2026-04-14T11:47:31","slug":"pouce-dexcavatrice-pour-mini-pelle-hzc-power-bgd","status":"publish","type":"product","link":"https:\/\/www.hzc-power.com\/fr\/pouce-dexcavatrice-pour-mini-pelle-hzc-power-bgd\/","title":{"rendered":"Pince pour mini-pelles HZC Power (BGD)"},"content":{"rendered":"<div class=\"wpb-content-wrapper\"><p>[vc_row css=&#8221;.vc_custom_1696421734791{padding-top: 3rem !important;padding-bottom: 3rem !important;}&#8221;][vc_column width=&#8221;1\/2&#8243;][vc_column_text]<\/p>\n<h2>Pince pour mini-pelles HZC Power (BGD)<\/h2>\n<p>[\/vc_column_text][vc_empty_space][vc_column_text]La pince BGD est con\u00e7ue comme un accessoire suppl\u00e9mentaire pour toutes nos mini-pelles. Elle constitue un v\u00e9ritable outil polyvalent pour les travaux de chargement et de tri tels que le bois, les pierres, etc.<\/p>\n<p>Elle est compatible avec tous les mod\u00e8les de <a href=\"https:\/\/www.hzc-power.com\/fr\/?attachment_id=22466\">mini-pelles<\/a> HZC Power, aussi bien avec moteur diesel que moteur essence.[\/vc_column_text][\/vc_column][\/vc_row][vc_row][vc_column][accordion_father][accordion_son title_padding=&#8221;17&#8243; title=&#8221;Dimensions&#8221; bgclr=&#8221;#f7f7f7&#8243;]<\/p>\n<ul>\n<li>Poids : 12 kg<\/li>\n<li>Diam\u00e8tre max. : 500 mm<\/li>\n<li>Capacit\u00e9 de charge : 100 kg<\/li>\n<\/ul>\n<p>[\/accordion_son][\/accordion_father][accordion_father][accordion_son title_padding=&#8221;17&#8243; title=&#8221;\u00c9quipement standard&#8221; bgclr=&#8221;#f7f7f7&#8243;]<\/p>\n<ul>\n<li>Diam\u00e8tre max. : <strong>500 mm<\/strong><\/li>\n<li>Capacit\u00e9 de charge : <strong>100 kg<\/strong><\/li>\n<li><strong>Compatible<\/strong> avec toutes nos <a href=\"https:\/\/www.hzc-power.com\/fr\/?attachment_id=22466\">mini-pelles<\/a><\/li>\n<li>Outil polyvalent pour <strong>les travaux de chargement et de tri tels que le bois, les pierres, etc.<\/strong><\/li>\n<li>Fabrication en <strong>acier de haute qualit\u00e9<\/strong><\/li>\n<\/ul>\n<p>[\/accordion_son][\/accordion_father][accordion_father][accordion_son title_padding=&#8221;17&#8243; title=&#8221;Informations de livraison&#8221; bgclr=&#8221;#f7f7f7&#8243;]Chez HZC Power, nous accordons une grande importance \u00e0 une qualit\u00e9 maximale, \u00e0 une fabrication irr\u00e9prochable et \u00e0 une construction robuste. Nos produits sont livr\u00e9s partiellement mont\u00e9s par transporteur. Un tarif d\u2019exp\u00e9dition fixe est automatiquement calcul\u00e9 dans le panier (vous trouverez des informations suppl\u00e9mentaires sur la livraison <a href=\"\/?product_cat=versand\"><strong>ici<\/strong><\/a>).<\/p>\n<p>Vous pouvez \u00e9galement, sur rendez-vous, visiter nos produits dans notre si\u00e8ge ou les retirer gratuitement sur place.[\/accordion_son][\/accordion_father][\/vc_column][\/vc_row]<\/p>\n<\/div>","protected":false},"excerpt":{"rendered":"<div class=\"woocommerce-product-details__short-description\">\n<p><span style=\"color: #ff0000;\"><strong>Disponible d\u00e8s maintenant. Les informations concernant le d\u00e9lai de livraison vous seront communiqu\u00e9es apr\u00e8s r\u00e9ception de la commande via notre <span style=\"color: #9e0000;\"><a style=\"color: #9e0000;\" href=\"\/?product_cat=kontakt\">service client<\/a><\/span>.<\/strong><\/span><\/p>\n<ul>\n<li>Diam\u00e8tre max. : <strong>500 mm<\/strong><\/li>\n<li>Capacit\u00e9 de charge : <strong>100 kg<\/strong><\/li>\n<li><strong>Compatible<\/strong> avec toutes nos <a href=\"https:\/\/www.hzc-power.com\/fr\/?attachment_id=22466\">mini-pelles<\/a><\/li>\n<li>Outil polyvalent pour <strong>les travaux de chargement et de tri tels que le bois, les pierres, etc.<\/strong><\/li>\n<li>Fabrication en <strong>acier de haute qualit\u00e9<\/strong><\/li>\n<\/ul>\n<p><a href=\"https:\/\/www.hzc-power.com\/wp-content\/uploads\/2026\/01\/bedienungsanleitung-bgd.pdf\"><strong><span style=\"color: #007bbb;\">\u2192 T\u00e9l\u00e9charger le manuel de montage BGD<\/span><\/strong><\/a><\/p>\n<\/div>\n","protected":false},"featured_media":288765,"comment_status":"closed","ping_status":"closed","template":"","meta":{"inline_featured_image":false},"product_brand":[],"product_cat":[787,776],"class_list":{"0":"post-288805","1":"product","2":"type-product","3":"status-publish","4":"has-post-thumbnail","6":"product_cat-accessoires-pour-pelles","7":"product_cat-sylviculture-et-amenagement-paysager","8":"product_shipping_class-versand-b","9":"wcpa_has_options","11":"first","12":"instock","13":"sale","14":"taxable","15":"shipping-taxable","16":"purchasable","17":"product-type-simple"},"bundled_by":["286874","28618","286838","286423","286497","291162","291202","287614","287611","286531","286553","289572","286930","287007","286958","286882","286933","297570","291231"],"bundle_stock_status":"instock","bundle_stock_quantity":140,"bundle_virtual":false,"bundle_layout":"","bundle_add_to_cart_form_location":"","bundle_editable_in_cart":false,"bundle_sold_individually_context":"","bundle_item_grouping":"","bundle_min_size":"","bundle_max_size":"","bundle_price":[],"bundled_items":[],"bundle_sell_ids":[],"jetpack_sharing_enabled":true,"wcpa_form_fields":{"wcpaData":{"product":{"product_price":99,"price_html":"<del aria-hidden=\"true\"><span class=\"woocommerce-Price-amount amount\"><bdi>159,00&nbsp;<span class=\"woocommerce-Price-currencySymbol\">&euro;<\/span><\/bdi><\/span><\/del> <span class=\"screen-reader-text\">Le prix initial \u00e9tait\u00a0: 159,00&nbsp;&euro;.<\/span><ins aria-hidden=\"true\"><span class=\"woocommerce-Price-amount amount\"><bdi>99,00&nbsp;<span class=\"woocommerce-Price-currencySymbol\">&euro;<\/span><\/bdi><\/span><\/ins><span class=\"screen-reader-text\">Le prix actuel est\u00a0: 99,00&nbsp;&euro;.<\/span><div class=\"gm-wp_bakery_woocommerce_get_price_html\">\n\t\t<div class=\"wgm-info woocommerce-de_price_taxrate \"><\/div>\n\t\t<div class=\"wgm-info woocommerce_de_versandkosten\">plus <a class=\"versandkosten\" href=\"https:\/\/www.hzc-power.com\/fr\/expedition-et-livraison\/\" target=\"_blank\">frais de port<\/a><\/div><\/div>","original_product_price":159,"price_including_tax":99,"price_excluding_tax":83.193277,"product_id":{"parent":288805,"variation":false},"is_variable":false,"stock_status":"instock","stock_quantity":140,"parent_sku":"BGD","product_attributes":[],"custom_fields":[],"is_taxable":true,"product_name":"Pince pour mini-pelles HZC Power (BGD)","hasImage":false},"fields":{"sec_66711012370517":{"extra":{"key":"sec_66711012370517","section_id":"sec_66711012370517","name":"Default","status":1,"cl_rule":"show","enableCl":false,"relations":[],"toggle":true,"title_tag":"h3","show_title":false,"showPrice":"default","form_id":292283,"form_rules":{"exclude_from_discount":false,"fee_label":"Fee","disp_hide_options_price":false,"disp_show_section_price":false,"disp_show_field_price":true,"layout_option":"standard","pric_use_as_fee":false,"process_fee_as":"woo_fee"},"layout_option":"standard"},"fields":[[{"active":true,"col":6,"relations":false,"cl_rule":"show","enableCl":false,"price":"","enablePrice":true,"className":"","label_position":"default","desc_position":"default","type":"checkbox-group","required":false,"elementId":"checkgroup_6160862643","label":"Adapter","name":"checkgroup_6160862643","values":[{"label":"Adapter","value":"Adapter","selected":false,"tempId":"aco_2814","price":"70","description":"Der Adapter wird f\u00fcr alle Bagger ben\u00f6tigt die oben am Arm keine \u00d6se\/Halterung besitzen. Nur so kann der HBGD an den Minibagger montiert werden.","gt_translate_keys":["label","description"]}],"layOut":"","error":false,"checkUi":"","tooltip":"Der Adapter wird f\u00fcr alle Bagger ben\u00f6tigt die oben am Arm keine \u00d6se\/Halterung besitzen. Nur so kann der HBGD an den Minibagger montiert werden.","other":false,"priceOptions":"different_for_all","pricingType":"fixed","use_as_fee":true,"options_description":true,"enableClearSelection":true,"enableDesign":true,"LabelColor":"#505f6b","gt_translate_keys":["label","tooltip"],"price_dependency":false,"cl_dependency":false,"value":""}]]}},"config":{"price_override":"","enable_recaptcha":false,"bind_quantity":false,"quantity_bind_formula":false,"disp_summ_show_option_price":true,"disp_summ_show_product_price":true,"disp_summ_show_total_price":true,"disp_summ_show_fee":false,"disp_summ_show_discount":false,"summary_title":"","options_total_label":"Prix de l'option","total_label":"Somme totale","options_product_label":"Prix du produit","fee_label":"Fee","discount_label":"Discount","has_price":true,"has_quantity_formula":false},"mc_unit":1,"tax_rate":1,"tax_rate_real":0.19,"discount":{"percentage":0,"fixed":0},"design":{"conf":{"LabelPosition":"above","DescPosition":"above","UploadField":"custom_1","QuantityFieldStyle":"default"},"css":{"LeftLabelWidth":"120px"}},"formulas":[],"lookuptables":[],"clones":false,"cartKey":false}},"_links":{"self":[{"href":"https:\/\/www.hzc-power.com\/fr\/wp-json\/wp\/v2\/product\/288805","targetHints":{"allow":["GET"]}}],"collection":[{"href":"https:\/\/www.hzc-power.com\/fr\/wp-json\/wp\/v2\/product"}],"about":[{"href":"https:\/\/www.hzc-power.com\/fr\/wp-json\/wp\/v2\/types\/product"}],"replies":[{"embeddable":true,"href":"https:\/\/www.hzc-power.com\/fr\/wp-json\/wp\/v2\/comments?post=288805"}],"wp:featuredmedia":[{"embeddable":true,"href":"https:\/\/www.hzc-power.com\/fr\/wp-json\/wp\/v2\/media\/288765"}],"wp:attachment":[{"href":"https:\/\/www.hzc-power.com\/fr\/wp-json\/wp\/v2\/media?parent=288805"}],"wp:term":[{"taxonomy":"product_brand","embeddable":true,"href":"https:\/\/www.hzc-power.com\/fr\/wp-json\/wp\/v2\/product_brand?post=288805"},{"taxonomy":"product_cat","embeddable":true,"href":"https:\/\/www.hzc-power.com\/fr\/wp-json\/wp\/v2\/product_cat?post=288805"}],"curies":[{"name":"wp","href":"https:\/\/api.w.org\/{rel}","templated":true}]}}