{"id":289076,"date":"2024-04-25T16:48:41","date_gmt":"2024-04-25T14:48:41","guid":{"rendered":"https:\/\/www.hzc-power.com\/?post_type=product&#038;p=289076"},"modified":"2024-06-11T16:18:39","modified_gmt":"2024-06-11T14:18:39","slug":"faucheuse-a-fleaux-largeur-de-travail-119-cm-moteur-essence-13-cv-tracteur-atv-faucheuse-avec-attelage-pour-vehicules-tracteurs-at119zf","status":"publish","type":"product","link":"https:\/\/www.hzc-power.com\/fr\/faucheuse-a-fleaux-largeur-de-travail-119-cm-moteur-essence-13-cv-tracteur-atv-faucheuse-avec-attelage-pour-vehicules-tracteurs-at119zf\/","title":{"rendered":"Faucheuse \u00e0 fl\u00e9aux, largeur de travail 119 cm, moteur essence 13 CV, tracteur ATV, faucheuse, avec attelage pour v\u00e9hicules tracteurs (AT119ZF)"},"content":{"rendered":"<div class=\"wpb-content-wrapper\"><p>[vc_row css=&#8221;.vc_custom_1696242851914{padding-top: 3rem !important;padding-bottom: 3rem !important;}&#8221;][vc_column width=&#8221;1\/2&#8243;]<div class=\"nasa-title clearfix hr-type-full\"><div class=\"nasa-wrap\"><h2 class=\"nasa-heading-title\"><span class=\"nasa-title-wrap\"><span style=\"background: #ffffff;\">Faucheuse \u00e0 fl\u00e9aux, largeur de travail 119 cm, moteur essence 13 CV, tracteur ATV, faucheuse, avec attelage pour v\u00e9hicules tracteurs (AT119ZF)<\/span><span class=\"nasa-title-hr\"><\/span><\/span><\/h2><\/div><\/div>[vc_empty_space][vc_column_text]Notre AT119ZF avec tondeuse \u00e0 gazon ATV vous offre une grande flexibilit\u00e9. Gr\u00e2ce au puissant moteur \u00e0 essence Briggs&amp;Stratton d&#8217;une puissance de 13 CV, vous \u00eates ind\u00e9pendant avec cette faucheuse que vous pouvez tracter avec un tracteur \u00e0 gazon, un tracteur \u00e0 sellette, une voiture quad\/ATV ou un v\u00e9hicule tracteur similaire. Le broyeur est particuli\u00e8rement adapt\u00e9 pour le nettoyage des prairies et le broyage des pelouses. Il est \u00e9galement parfait pour une utilisation apr\u00e8s des intemp\u00e9ries, lorsque des d\u00e9bris sont \u00e9parpill\u00e9s sur des surfaces qui sont normalement entretenues par des tondeuses normales. En outre, le broyeur est id\u00e9al pour broyer l&#8217;herbe dense, les souches, les sous-bois et les vrilles l\u00e9g\u00e8res. les couvertures de l\u00e9gumes et de p\u00e2turages, les bordures et l&#8217;entretien des bords de route. Le rouleau suiveur permet de laisser une surface propre et tondue \u00e0 plat sur la prairie. Attention, la faucheuse n&#8217;est pas homologu\u00e9e pour les routes.<\/p>\n<p><strong>La faucheuse est reli\u00e9e au v\u00e9hicule tracteur par une boule d&#8217;attelage normale.<\/strong><\/p>\n<p>La hauteur de fauche, c&#8217;est-\u00e0-dire la hauteur de coupe, est r\u00e9glable. La hauteur de coupe peut \u00eatre r\u00e9gl\u00e9e \u00e0 l&#8217;aide des patins lat\u00e9raux. En outre, la faucheuse dispose de clapets de s\u00e9curit\u00e9 qui emp\u00eachent les pierres, les d\u00e9bris, etc. de s&#8217;\u00e9chapper. En outre, les roues peuvent \u00eatre mont\u00e9es soit sur les c\u00f4t\u00e9s, soit derri\u00e8re le broyeur \u00e0 fl\u00e9aux afin de r\u00e9duire la largeur totale du broyeur.[\/vc_column_text][\/vc_column][\/vc_row][vc_row css=&#8221;.vc_custom_1696242860894{margin-top: 2rem !important;margin-bottom: 2rem !important;}&#8221;][vc_column]            <div class=\"nasa-static-block\" >\r\n                                <div class=\"nasa-static-block-container\">\r\n                    <style type=\"text\/css\" data-type=\"vc_shortcodes-custom-css\">.vc_custom_1696253521432{margin-top: 2rem !important;margin-bottom: 2rem !important;padding-top: 3rem !important;padding-bottom: 3rem !important;background-color: #505f6b !important;}.vc_custom_1696253530748{padding-right: 1rem !important;padding-left: 1rem !important;}<\/style>[vc_section full_width=\"stretch_row\" css=\".vc_custom_1696253521432{margin-top: 2rem !important;margin-bottom: 2rem !important;padding-top: 3rem !important;padding-bottom: 3rem !important;background-color: #505f6b !important;}\"][vc_row css=\".vc_custom_1696253530748{padding-right: 1rem !important;padding-left: 1rem !important;}\"][vc_column width=\"1\/2\"][vc_column_text]\r\n<h2><span style=\"color: #ffffff;\">Offre pour votre produit HZC Power<\/span><\/h2>\r\n[\/vc_column_text][vc_empty_space][\/vc_column][vc_column width=\"1\/2\"][vc_column_text]<span style=\"color: #ffffff;\">Chez HZC Power, nous pr\u00eatons toujours attention \u00e0 la plus haute qualit\u00e9, \u00e0 une finition techniquement irr\u00e9prochable et \u00e0 une construction robuste. Vous recevez nos produits partiellement assembl\u00e9s par une compagnie maritime. Nous vous proposons un prix d'exp\u00e9dition fixe qui est automatiquement g\u00e9n\u00e9r\u00e9 dans le panier (des informations d'exp\u00e9dition suppl\u00e9mentaires peuvent \u00eatre trouv\u00e9es <strong>ici<\/strong>).<\/span>\r\n\r\n<span style=\"color: #ffffff;\">Vous \u00eates invit\u00e9s \u00e0 voir nos produits \u00e0 notre si\u00e8ge social apr\u00e8s arrangement ou \u00e0 les r\u00e9cup\u00e9rer gratuitement.<\/span>\r\n\r\n<span style=\"color: #ffffff;\">Si vous avez d'autres questions sur les diff\u00e9rents mod\u00e8les, n'h\u00e9sitez pas \u00e0 contacter <strong>notre service client<\/strong>. Il se fera un plaisir de vous conseiller davantage. Laissez-vous convaincre par notre offre et assurez votre produit de la meilleure qualit\u00e9 au meilleur prix chez HZC Power.<\/span>[\/vc_column_text][\/vc_column][\/vc_row][\/vc_section]                <\/div>\r\n            <\/div>\r\n            [\/vc_column][\/vc_row][vc_row css=&#8221;.vc_custom_1696242868633{padding-top: 3rem !important;padding-bottom: 3rem !important;}&#8221;][vc_column width=&#8221;1\/2&#8243;]<div class=\"nasa-title clearfix hr-type-full\"><div class=\"nasa-wrap\"><h2 class=\"nasa-heading-title\"><span class=\"nasa-title-wrap\"><span style=\"background: #ffffff;\">Conduire<\/span><span class=\"nasa-title-hr\"><\/span><\/span><\/h2><\/div><\/div>[vc_empty_space][vc_column_text]Le moteur \u00e0 essence Briggs&amp;Stratton bien connu de 13 CV entra\u00eene la faucheuse \u00e0 l&#8217;aide de courroies trap\u00e9zo\u00efdales et peut \u00eatre d\u00e9marr\u00e9 facilement par un d\u00e9marreur \u00e9lectrique, la batterie 12 volts correspondante est fournie.[\/vc_column_text][vc_empty_space]<div class=\"nasa-title clearfix hr-type-full\"><div class=\"nasa-wrap\"><h2 class=\"nasa-heading-title\"><span class=\"nasa-title-wrap\"><span style=\"background: #ffffff;\">\u00c9quipement<\/span><span class=\"nasa-title-hr\"><\/span><\/span><\/h2><\/div><\/div>[vc_empty_space][vc_column_text]Les 28 marteaux int\u00e9gr\u00e9s r\u00e9duisent l&#8217;herbe coup\u00e9e \u00e0 un minimum. M\u00eame l&#8217;herbe tr\u00e8s haute, l&#8217;herbe coup\u00e9e en broussaille ou en paille ne posent aucun probl\u00e8me \u00e0 cette tondeuse. Le broyeur est particuli\u00e8rement adapt\u00e9 au d\u00e9broussaillage des prairies et au paillage des pelouses. Gr\u00e2ce aux grands pneus pneumatiques robustes, la faucheuse peut \u00eatre d\u00e9plac\u00e9e confortablement, m\u00eame sur des surfaces tr\u00e8s in\u00e9gales. De plus, le capot arri\u00e8re peut \u00eatre retir\u00e9 pour faciliter l&#8217;entretien ou le remplacement des marteaux.[\/vc_column_text][\/vc_column][vc_column width=&#8221;1\/2&#8243;]<div class=\"nasa-title clearfix hr-type-full\"><div class=\"nasa-wrap\"><h2 class=\"nasa-heading-title\"><span class=\"nasa-title-wrap\"><span style=\"background: #ffffff;\">Donn\u00e9es Techniques<\/span><span class=\"nasa-title-hr\"><\/span><\/span><\/h2><\/div><\/div>[vc_empty_space][vc_column_text]Fabricant : HZC Power<br \/>\nMod\u00e8le : AT119ZF<br \/>\nMoteur : Briggs&amp;Stratton, 13 CV, essence, 1 cylindre 4 temps, 420cc<br \/>\nCarburant : essence (essence normale, Super E5 ou Super E10)<br \/>\nD\u00e9marreur : \u00e9lectrique<br \/>\nEntra\u00eenement de la faucheuse : 2 courroies trap\u00e9zo\u00efdales<br \/>\nLargeur de travail\/coupe : 1.190 mm<br \/>\nType de lame : marteaux, lame Y<br \/>\nNombre de marteaux : 28<br \/>\nPoids des marteaux : 0,2 Kg<br \/>\n\u00d8 de l&#8217;arbre des fl\u00e9aux : \u00d8108mm<br \/>\nRouleau suiveur \u00d8 : \u00d8102mm<br \/>\nDispositif de traction : Attelage de traction \u00e0 t\u00eate sph\u00e9rique<br \/>\nCapacit\u00e9 du r\u00e9servoir : 6,6 litres<br \/>\nHuile moteur : 1,1 litre<br \/>\nPoids total : 250 Kg<br \/>\nDimensions mont\u00e9 : 1220 x 760 x 400 mm (LxlxH)<br \/>\nDimensions emballage : 1950 x 765 x 2050 mm (LxlxH)<br \/>\nPoids avec emballage : 280 Kg[\/vc_column_text][\/vc_column][\/vc_row][vc_row css=&#8221;.vc_custom_1696242881010{margin-top: 2rem !important;margin-bottom: 2rem !important;}&#8221;][vc_column]            <div class=\"nasa-static-block\" >\r\n                                <div class=\"nasa-static-block-container\">\r\n                    <style type=\"text\/css\" data-type=\"vc_shortcodes-custom-css\">.vc_custom_1696253560832{margin-top: 2rem !important;margin-bottom: 2rem !important;padding-top: 3rem !important;padding-bottom: 3rem !important;background-color: #505f6b !important;}.vc_custom_1696253549474{padding-right: 1rem !important;padding-left: 1rem !important;}<\/style>[vc_section full_width=\"stretch_row\" css=\".vc_custom_1696253560832{margin-top: 2rem !important;margin-bottom: 2rem !important;padding-top: 3rem !important;padding-bottom: 3rem !important;background-color: #505f6b !important;}\"][vc_row css=\".vc_custom_1696253549474{padding-right: 1rem !important;padding-left: 1rem !important;}\"][vc_column width=\"1\/2\"][vc_column_text]\r\n<h2><span style=\"color: #ffffff;\">D\u00e9tails d'exp\u00e9dition\/Indice de livraison<\/span><\/h2>\r\n[\/vc_column_text][vc_empty_space][\/vc_column][vc_column width=\"1\/2\"][vc_column_text]<span style=\"color: #ffffff;\">La machine est livr\u00e9e bien emball\u00e9e et d\u00e9mont\u00e9e dans une caisse en bois. Il faut pr\u00e9voir environ 2 \u00e0 3 heures pour le montage final. Le montage est tr\u00e8s simple et peut \u00eatre effectu\u00e9 par des non professionnels. Si toutefois vous avez besoin d'aide, nous sommes \u00e0 votre disposition \u00e0 tout moment. Vous avez encore besoin d'environ 1,8 litre d'huile moteur pour le moteur. Nous recommandons ici une huile multigrade de la classification 10W40 ou 15W40.<\/span>[\/vc_column_text][\/vc_column][\/vc_row][\/vc_section]                <\/div>\r\n            <\/div>\r\n            [\/vc_column][\/vc_row]<\/p>\n<\/div>","protected":false},"excerpt":{"rendered":"<p><strong><span style=\"color: #ff0000;\">Disponible \u00e0 partir du mois d&#8217;ao\u00fbt. Pr\u00e9commandez et obtenez le broyeur\/la faucheuse jusqu&#8217;\u00e0 \u00e9puisement du stock !<\/span><\/strong><\/p>\n<ul>\n<li>Moteur \u00e0 essence <strong>13 CV, 1 cylindre 4 temps, 420cc<\/strong><\/li>\n<li>Largeur de travail\/coupe <strong>de 1190 mm<\/strong><\/li>\n<li>En plus, deux roues pneumatiques robustes pour se <strong>d\u00e9placer confortablement sur<\/strong> des surfaces in\u00e9gales<\/li>\n<li>Entra\u00eenement de la faucheuse avec moteur \u00e0 essence par <strong>2 courroies trap\u00e9zo\u00efdales<\/strong><\/li>\n<li><strong>La hauteur de coupe est r\u00e9glable<\/strong><\/li>\n<li><strong>Convient pour l&#8217;herbe haute, l&#8217;herbe coup\u00e9e touffue et paill\u00e9e, les pelouses<\/strong><\/li>\n<li>28 marteaux r\u00e9duisent <strong>l&#8217;herbe coup\u00e9e en petits morceaux<\/strong><\/li>\n<li>Le broyeur peut \u00eatre tract\u00e9 par un <strong>quad \/ ATV, un tracteur de pelouse, un tracteur \u00e9troit ou m\u00eame une voiture.<\/strong><\/li>\n<li>Poss\u00e8de un attelage \u00e0 <strong>boule normal<\/strong><\/li>\n<li>Le broyeur est particuli\u00e8rement adapt\u00e9 <strong>pour le nettoyage des prairies et le broyage des pelouses.<\/strong><\/li>\n<li>Finition de tr\u00e8s <strong>haute qualit\u00e9 et robuste<\/strong><\/li>\n<li><strong>Facile \u00e0 utiliser\/manipuler<\/strong><\/li>\n<\/ul>\n            <div class=\"nasa-static-block\" >\r\n                                <div class=\"nasa-static-block-container\">\r\n                    <style type=\"text\/css\" data-type=\"vc_shortcodes-custom-css\">.vc_custom_1701967224244{padding-top: 1rem !important;padding-right: 1rem !important;padding-bottom: 1rem !important;padding-left: 1rem !important;background-color: #9f131e !important;}<\/style>[vc_row css=\".vc_custom_1701967224244{padding-top: 1rem !important;padding-right: 1rem !important;padding-bottom: 1rem !important;padding-left: 1rem !important;background-color: #9f131e !important;}\"][vc_column][vc_column_text]<span style=\"color: #ffffff;\"><strong>Entretien &amp; r\u00e9paration pour une longue dur\u00e9e de vie:<\/strong>.<\/span>\r\n<span style=\"color: #ffffff;\">Notre service complet est disponible pour ce produit.<\/span>\r\n<span style=\"color: #ffffff;\">Toutes les pi\u00e8ces de rechange sont toujours disponibles en stock et sont install\u00e9es dans les plus brefs d\u00e9lais.<\/span>[\/vc_column_text][\/vc_column][\/vc_row]                <\/div>\r\n            <\/div>\r\n            \n","protected":false},"featured_media":289068,"comment_status":"open","ping_status":"closed","template":"","meta":{"inline_featured_image":false},"product_brand":[],"product_cat":[1126,776],"class_list":{"0":"post-289076","1":"product","2":"type-product","3":"status-publish","4":"has-post-thumbnail","6":"product_cat-faucheuses-broyeurs","7":"product_cat-sylviculture-et-amenagement-paysager","8":"product_shipping_class-spedition-mittel","10":"first","11":"instock","12":"sale","13":"taxable","14":"shipping-taxable","15":"purchasable","16":"product-type-simple"},"bundled_by":[],"bundle_stock_status":"instock","bundle_stock_quantity":2,"bundle_virtual":false,"bundle_layout":"","bundle_add_to_cart_form_location":"","bundle_editable_in_cart":false,"bundle_sold_individually_context":"","bundle_item_grouping":"","bundle_min_size":"","bundle_max_size":"","bundle_price":[],"bundled_items":[],"bundle_sell_ids":[],"jetpack_sharing_enabled":true,"wcpa_form_fields":null,"_links":{"self":[{"href":"https:\/\/www.hzc-power.com\/fr\/wp-json\/wp\/v2\/product\/289076","targetHints":{"allow":["GET"]}}],"collection":[{"href":"https:\/\/www.hzc-power.com\/fr\/wp-json\/wp\/v2\/product"}],"about":[{"href":"https:\/\/www.hzc-power.com\/fr\/wp-json\/wp\/v2\/types\/product"}],"replies":[{"embeddable":true,"href":"https:\/\/www.hzc-power.com\/fr\/wp-json\/wp\/v2\/comments?post=289076"}],"wp:featuredmedia":[{"embeddable":true,"href":"https:\/\/www.hzc-power.com\/fr\/wp-json\/wp\/v2\/media\/289068"}],"wp:attachment":[{"href":"https:\/\/www.hzc-power.com\/fr\/wp-json\/wp\/v2\/media?parent=289076"}],"wp:term":[{"taxonomy":"product_brand","embeddable":true,"href":"https:\/\/www.hzc-power.com\/fr\/wp-json\/wp\/v2\/product_brand?post=289076"},{"taxonomy":"product_cat","embeddable":true,"href":"https:\/\/www.hzc-power.com\/fr\/wp-json\/wp\/v2\/product_cat?post=289076"}],"curies":[{"name":"wp","href":"https:\/\/api.w.org\/{rel}","templated":true}]}}