{"id":289083,"date":"2024-04-26T16:38:43","date_gmt":"2024-04-26T14:38:43","guid":{"rendered":"https:\/\/www.hzc-power.com\/?post_type=product&#038;p=289083"},"modified":"2024-06-11T17:51:45","modified_gmt":"2024-06-11T15:51:45","slug":"epareuse-105-cm-largeur-tracteur-faucheuse-avec-prise-de-force-el105m","status":"publish","type":"product","link":"https:\/\/www.hzc-power.com\/fr\/epareuse-105-cm-largeur-tracteur-faucheuse-avec-prise-de-force-el105m\/","title":{"rendered":"Faucheuse \u00e0 fl\u00e9aux, largeur de fauche de 105 cm, tracteur tondeuse, faucheuse \u00e0 fl\u00e9aux, faucheuse, avec prise de force (EL105M)"},"content":{"rendered":"<div class=\"wpb-content-wrapper\"><p>[vc_row css=&#8221;.vc_custom_1696242851914{padding-top: 3rem !important;padding-bottom: 3rem !important;}&#8221;][vc_column width=&#8221;1\/2&#8243;]<div class=\"nasa-title clearfix hr-type-full\"><div class=\"nasa-wrap\"><h2 class=\"nasa-heading-title\"><span class=\"nasa-title-wrap\"><span style=\"background: #ffffff;\">Faucheuse \u00e0 fl\u00e9aux, largeur de fauche de 105 cm, tracteur tondeuse, faucheuse \u00e0 fl\u00e9aux, faucheuse, avec prise de force (EL105M)<\/span><span class=\"nasa-title-hr\"><\/span><\/span><\/h2><\/div><\/div>[vc_empty_space][vc_column_text]Notre faucheuse mulching EL105M est tr\u00e8s stable et donc la faucheuse mulching parfaite. Elle peut \u00e9galement \u00eatre utilis\u00e9e comme faucheuse pour tracteur\/tracteur. La faucheuse pour tracteur\/tracteur est entra\u00een\u00e9e par une prise de force et poss\u00e8de une largeur de coupe de 105 cm.<\/p>\n<p>Le rotor \u00e0 double spirale assure un fonctionnement particuli\u00e8rement silencieux et une longue dur\u00e9e de vie avec un effort nettement moindre gr\u00e2ce \u00e0 la charge uniforme du rotor. Gr\u00e2ce \u00e0 sa construction stable, aucune d\u00e9formation n&#8217;appara\u00eet apr\u00e8s le travail. M\u00eame l&#8217;herbe tr\u00e8s haute, la v\u00e9g\u00e9tation touffue ou la paille sont un jeu d&#8217;enfant avec cette faucheuse.<\/p>\n<p>La faucheuse \u00e0 fl\u00e9aux est particuli\u00e8rement adapt\u00e9e aux surfaces plates, aux pentes, aux cours, aux pelouses, aux parcs, aux espaces verts, aux vergers, \u00e0 l&#8217;herbe dense, aux souches, aux sous-bois et aux vrilles l\u00e9g\u00e8res, aux couvertures de l\u00e9gumes et de p\u00e2turages, aux bordures et \u00e0 l&#8217;entretien des bords de route, etc., ce qui permet de couper les mauvaises herbes, les vignes et les branches d&#8217;arbustes de moins de 3 cm. Le rouleau suiveur permet de laisser une surface propre et fauch\u00e9e \u00e0 plat sur la prairie.<\/p>\n<p>La faucheuse s&#8217;accroche \u00e0 l&#8217;attelage trois points de votre tracteur\/tracteur, elle est con\u00e7ue pour la cat. I est con\u00e7u pour cela.<\/p>\n<p>Votre tracteur doit avoir une puissance d&#8217;au moins 18-25 CV.<\/p>\n<p>La hauteur de fauche, c&#8217;est-\u00e0-dire la hauteur de coupe, est r\u00e9glable. La hauteur de coupe peut \u00eatre r\u00e9gl\u00e9e \u00e0 l&#8217;aide des patins lat\u00e9raux. La hauteur de coupe maximale est de 6 cm. En outre, la faucheuse dispose de clapets de s\u00e9curit\u00e9 qui emp\u00eachent les pierres, les d\u00e9bris, etc. de s&#8217;\u00e9chapper.[\/vc_column_text][\/vc_column][\/vc_row][vc_row css=&#8221;.vc_custom_1696242860894{margin-top: 2rem !important;margin-bottom: 2rem !important;}&#8221;][vc_column]            <div class=\"nasa-static-block\" >\r\n                                <div class=\"nasa-static-block-container\">\r\n                    <style type=\"text\/css\" data-type=\"vc_shortcodes-custom-css\">.vc_custom_1696253521432{margin-top: 2rem !important;margin-bottom: 2rem !important;padding-top: 3rem !important;padding-bottom: 3rem !important;background-color: #505f6b !important;}.vc_custom_1696253530748{padding-right: 1rem !important;padding-left: 1rem !important;}<\/style>[vc_section full_width=\"stretch_row\" css=\".vc_custom_1696253521432{margin-top: 2rem !important;margin-bottom: 2rem !important;padding-top: 3rem !important;padding-bottom: 3rem !important;background-color: #505f6b !important;}\"][vc_row css=\".vc_custom_1696253530748{padding-right: 1rem !important;padding-left: 1rem !important;}\"][vc_column width=\"1\/2\"][vc_column_text]\r\n<h2><span style=\"color: #ffffff;\">Offre pour votre produit HZC Power<\/span><\/h2>\r\n[\/vc_column_text][vc_empty_space][\/vc_column][vc_column width=\"1\/2\"][vc_column_text]<span style=\"color: #ffffff;\">Chez HZC Power, nous pr\u00eatons toujours attention \u00e0 la plus haute qualit\u00e9, \u00e0 une finition techniquement irr\u00e9prochable et \u00e0 une construction robuste. Vous recevez nos produits partiellement assembl\u00e9s par une compagnie maritime. Nous vous proposons un prix d'exp\u00e9dition fixe qui est automatiquement g\u00e9n\u00e9r\u00e9 dans le panier (des informations d'exp\u00e9dition suppl\u00e9mentaires peuvent \u00eatre trouv\u00e9es <strong>ici<\/strong>).<\/span>\r\n\r\n<span style=\"color: #ffffff;\">Vous \u00eates invit\u00e9s \u00e0 voir nos produits \u00e0 notre si\u00e8ge social apr\u00e8s arrangement ou \u00e0 les r\u00e9cup\u00e9rer gratuitement.<\/span>\r\n\r\n<span style=\"color: #ffffff;\">Si vous avez d'autres questions sur les diff\u00e9rents mod\u00e8les, n'h\u00e9sitez pas \u00e0 contacter <strong>notre service client<\/strong>. Il se fera un plaisir de vous conseiller davantage. Laissez-vous convaincre par notre offre et assurez votre produit de la meilleure qualit\u00e9 au meilleur prix chez HZC Power.<\/span>[\/vc_column_text][\/vc_column][\/vc_row][\/vc_section]                <\/div>\r\n            <\/div>\r\n            [\/vc_column][\/vc_row][vc_row css=&#8221;.vc_custom_1696242868633{padding-top: 3rem !important;padding-bottom: 3rem !important;}&#8221;][vc_column width=&#8221;1\/2&#8243;]<div class=\"nasa-title clearfix hr-type-full\"><div class=\"nasa-wrap\"><h2 class=\"nasa-heading-title\"><span class=\"nasa-title-wrap\"><span style=\"background: #ffffff;\">Conduire<\/span><span class=\"nasa-title-hr\"><\/span><\/span><\/h2><\/div><\/div>[vc_empty_space][vc_column_text]La faucheuse est entra\u00een\u00e9e par la prise de force de votre tracteur\/tracteur. De plus, la faucheuse est \u00e9quip\u00e9e de 3 courroies trap\u00e9zo\u00efdales qui l&#8217;entra\u00eenent. La prise de force est incluse dans la livraison.[\/vc_column_text][vc_empty_space]<div class=\"nasa-title clearfix hr-type-full\"><div class=\"nasa-wrap\"><h2 class=\"nasa-heading-title\"><span class=\"nasa-title-wrap\"><span style=\"background: #ffffff;\">\u00c9quipement<\/span><span class=\"nasa-title-hr\"><\/span><\/span><\/h2><\/div><\/div>[vc_empty_space][vc_column_text]Les 18 marteaux extra-durs int\u00e9gr\u00e9s r\u00e9duisent l&#8217;herbe coup\u00e9e \u00e0 un minimum. M\u00eame l&#8217;herbe tr\u00e8s haute, la v\u00e9g\u00e9tation touffue ou la paille ne posent aucun probl\u00e8me \u00e0 cette faucheuse.[\/vc_column_text][\/vc_column][vc_column width=&#8221;1\/2&#8243;]<div class=\"nasa-title clearfix hr-type-full\"><div class=\"nasa-wrap\"><h2 class=\"nasa-heading-title\"><span class=\"nasa-title-wrap\"><span style=\"background: #ffffff;\">Donn\u00e9es Techniques<\/span><span class=\"nasa-title-hr\"><\/span><\/span><\/h2><\/div><\/div>[vc_empty_space][vc_column_text]Fabricant : HZC Power<br \/>\nMod\u00e8le : EL105M<br \/>\nPrise de force : Inclus dans la livraison<br \/>\nEntra\u00eenement de la faucheuse : 3 courroies trap\u00e9zo\u00efdales<br \/>\nLargeur de travail\/coupe : 1050 mm<br \/>\nTours par minute : 540<br \/>\nType de lame : Marteaux<br \/>\nFixation : Attelage trois points cat. I<br \/>\nPuissance du tracteur : min. 18 CV &#8211; 25 CV<br \/>\nType de couteaux : marteaux<br \/>\nNombre de marteaux : 18 extra-durcis<br \/>\nPoids par maillet : 0,32 Kg<br \/>\n\u00d8 de l&#8217;arbre des fl\u00e9aux : \u00d876 mm<br \/>\nRouleau suiveur \u00d8 : \u00d8102 mm<br \/>\nPoids total : 182 Kg<br \/>\nDimensions mont\u00e9 : 1170 x 1100 x 850 mm (LxlxH)<br \/>\nDimensions emballage : 1180 x 750 x 580 mm (LxlxH)<br \/>\nPoids avec emballage : 207 Kg[\/vc_column_text][\/vc_column][\/vc_row][vc_row css=&#8221;.vc_custom_1696242881010{margin-top: 2rem !important;margin-bottom: 2rem !important;}&#8221;][vc_column]            <div class=\"nasa-static-block\" >\r\n                                <div class=\"nasa-static-block-container\">\r\n                    <style type=\"text\/css\" data-type=\"vc_shortcodes-custom-css\">.vc_custom_1696253560832{margin-top: 2rem !important;margin-bottom: 2rem !important;padding-top: 3rem !important;padding-bottom: 3rem !important;background-color: #505f6b !important;}.vc_custom_1696253549474{padding-right: 1rem !important;padding-left: 1rem !important;}<\/style>[vc_section full_width=\"stretch_row\" css=\".vc_custom_1696253560832{margin-top: 2rem !important;margin-bottom: 2rem !important;padding-top: 3rem !important;padding-bottom: 3rem !important;background-color: #505f6b !important;}\"][vc_row css=\".vc_custom_1696253549474{padding-right: 1rem !important;padding-left: 1rem !important;}\"][vc_column width=\"1\/2\"][vc_column_text]\r\n<h2><span style=\"color: #ffffff;\">D\u00e9tails d'exp\u00e9dition\/Indice de livraison<\/span><\/h2>\r\n[\/vc_column_text][vc_empty_space][\/vc_column][vc_column width=\"1\/2\"][vc_column_text]<span style=\"color: #ffffff;\">La machine est livr\u00e9e bien emball\u00e9e et d\u00e9mont\u00e9e dans une caisse en bois. Il faut pr\u00e9voir environ 2 \u00e0 3 heures pour le montage final. Le montage est tr\u00e8s simple et peut \u00eatre effectu\u00e9 par des non professionnels. Si toutefois vous avez besoin d'aide, nous sommes \u00e0 votre disposition \u00e0 tout moment. Vous avez encore besoin d'environ 1,8 litre d'huile moteur pour le moteur. Nous recommandons ici une huile multigrade de la classification 10W40 ou 15W40.<\/span>[\/vc_column_text][\/vc_column][\/vc_row][\/vc_section]                <\/div>\r\n            <\/div>\r\n            [\/vc_column][\/vc_row]<\/p>\n<\/div>","protected":false},"excerpt":{"rendered":"<p><span style=\"color: #ff0000;\"><strong>Disponible \u00e0 partir du mois d&#8217;ao\u00fbt. Pr\u00e9commandez et obtenez le broyeur\/la faucheuse jusqu&#8217;\u00e0 \u00e9puisement du stock !<\/strong><\/span><\/p>\n<ul>\n<li>Largeur de travail\/coupe de 1050 mm<\/li>\n<li>Le rotor \u00e0 double spirale assure, gr\u00e2ce \u00e0 sa charge uniforme sur le rotor, un fonctionnement particuli\u00e8rement silencieux et une longue dur\u00e9e de vie, tout en n\u00e9cessitant beaucoup moins d&#8217;efforts.<\/li>\n<li>Entra\u00eenement de la faucheuse par 3 courroies trap\u00e9zo\u00efdales<\/li>\n<li>La hauteur de coupe est r\u00e9glable, hauteur de coupe max. 6 cm<\/li>\n<li>Convient pour l&#8217;herbe tr\u00e8s haute, l&#8217;herbe coup\u00e9e en broussaille ou en paille, les pelouses<\/li>\n<li>18 marteaux extra-durs r\u00e9duisent l&#8217;herbe coup\u00e9e \u00e0 un minimum.<\/li>\n<li>Le broyeur peut \u00eatre attel\u00e9 au tracteur\/tracteur \u00e0 l&#8217;aide de la prise de force existante.<\/li>\n<li>Le broyeur est particuli\u00e8rement adapt\u00e9 aux surfaces plates, aux pentes, aux cours, aux pelouses, aux parcs, aux espaces verts, aux vergers, \u00e0<\/li>\n<li>l&#8217;herbe dense, aux souches, aux sous-bois et aux vignes l\u00e9g\u00e8res, aux couvertures de l\u00e9gumes et de p\u00e2turages, aux bordures et \u00e0 l&#8217;entretien des bords de route, etc.<\/li>\n<li>En outre, il peut couper les mauvaises herbes, les vignes et les branches d&#8217;arbustes de moins de 3 cm.<\/li>\n<li>Ramassage : attelage \u00e0 trois points cat. I<\/li>\n<li>Puissance du tracteur\/de la machine : min. 18 CV &#8211; 25 CV<\/li>\n<li>Finition de tr\u00e8s haute qualit\u00e9 et robuste<\/li>\n<li>Facile \u00e0 utiliser\/manipuler<\/li>\n<\/ul>\n            <div class=\"nasa-static-block\" >\r\n                                <div class=\"nasa-static-block-container\">\r\n                    <style type=\"text\/css\" data-type=\"vc_shortcodes-custom-css\">.vc_custom_1701967224244{padding-top: 1rem !important;padding-right: 1rem !important;padding-bottom: 1rem !important;padding-left: 1rem !important;background-color: #9f131e !important;}<\/style>[vc_row css=\".vc_custom_1701967224244{padding-top: 1rem !important;padding-right: 1rem !important;padding-bottom: 1rem !important;padding-left: 1rem !important;background-color: #9f131e !important;}\"][vc_column][vc_column_text]<span style=\"color: #ffffff;\"><strong>Entretien &amp; r\u00e9paration pour une longue dur\u00e9e de vie:<\/strong>.<\/span>\r\n<span style=\"color: #ffffff;\">Notre service complet est disponible pour ce produit.<\/span>\r\n<span style=\"color: #ffffff;\">Toutes les pi\u00e8ces de rechange sont toujours disponibles en stock et sont install\u00e9es dans les plus brefs d\u00e9lais.<\/span>[\/vc_column_text][\/vc_column][\/vc_row]                <\/div>\r\n            <\/div>\r\n            \n","protected":false},"featured_media":289122,"comment_status":"open","ping_status":"closed","template":"","meta":{"inline_featured_image":false},"product_brand":[],"product_cat":[1126,776],"class_list":{"0":"post-289083","1":"product","2":"type-product","3":"status-publish","4":"has-post-thumbnail","6":"product_cat-faucheuses-broyeurs","7":"product_cat-sylviculture-et-amenagement-paysager","8":"product_shipping_class-spedition-mittel","10":"first","11":"instock","12":"sale","13":"taxable","14":"shipping-taxable","15":"purchasable","16":"product-type-simple"},"bundled_by":[],"bundle_stock_status":"instock","bundle_stock_quantity":3,"bundle_virtual":false,"bundle_layout":"","bundle_add_to_cart_form_location":"","bundle_editable_in_cart":false,"bundle_sold_individually_context":"","bundle_item_grouping":"","bundle_min_size":"","bundle_max_size":"","bundle_price":[],"bundled_items":[],"bundle_sell_ids":[],"jetpack_sharing_enabled":true,"wcpa_form_fields":null,"_links":{"self":[{"href":"https:\/\/www.hzc-power.com\/fr\/wp-json\/wp\/v2\/product\/289083","targetHints":{"allow":["GET"]}}],"collection":[{"href":"https:\/\/www.hzc-power.com\/fr\/wp-json\/wp\/v2\/product"}],"about":[{"href":"https:\/\/www.hzc-power.com\/fr\/wp-json\/wp\/v2\/types\/product"}],"replies":[{"embeddable":true,"href":"https:\/\/www.hzc-power.com\/fr\/wp-json\/wp\/v2\/comments?post=289083"}],"wp:featuredmedia":[{"embeddable":true,"href":"https:\/\/www.hzc-power.com\/fr\/wp-json\/wp\/v2\/media\/289122"}],"wp:attachment":[{"href":"https:\/\/www.hzc-power.com\/fr\/wp-json\/wp\/v2\/media?parent=289083"}],"wp:term":[{"taxonomy":"product_brand","embeddable":true,"href":"https:\/\/www.hzc-power.com\/fr\/wp-json\/wp\/v2\/product_brand?post=289083"},{"taxonomy":"product_cat","embeddable":true,"href":"https:\/\/www.hzc-power.com\/fr\/wp-json\/wp\/v2\/product_cat?post=289083"}],"curies":[{"name":"wp","href":"https:\/\/api.w.org\/{rel}","templated":true}]}}