{"id":289457,"date":"2024-05-13T15:15:34","date_gmt":"2024-05-13T13:15:34","guid":{"rendered":"https:\/\/www.hzc-power.com\/?post_type=product&#038;p=289457"},"modified":"2024-06-13T10:47:23","modified_gmt":"2024-06-13T08:47:23","slug":"epareuse-largeur-de-192-cm-tracteur-mailleur-epareuse-avec-prise-de-force-efgc192","status":"publish","type":"product","link":"https:\/\/www.hzc-power.com\/fr\/epareuse-largeur-de-192-cm-tracteur-mailleur-epareuse-avec-prise-de-force-efgc192\/","title":{"rendered":"Broyeur \u00e0 fl\u00e9aux, largeur de coupe de 192 cm, tondeuse \u00e0 tracteur, tondeuse \u00e0 fl\u00e9aux, broyeur, faucheuse, avec prise de force (EFGC192)"},"content":{"rendered":"<div class=\"wpb-content-wrapper\"><p>[vc_row css=&#8221;.vc_custom_1696242851914{padding-top: 3rem !important;padding-bottom: 3rem !important;}&#8221;][vc_column width=&#8221;1\/2&#8243;]<div class=\"nasa-title clearfix hr-type-full\"><div class=\"nasa-wrap\"><h2 class=\"nasa-heading-title\"><span class=\"nasa-title-wrap\"><span style=\"background: #ffffff;\">Broyeur \u00e0 fl\u00e9aux, largeur de coupe de 192 cm, tondeuse \u00e0 tracteur, tondeuse \u00e0 fl\u00e9aux, broyeur, faucheuse, avec prise de force (EFGC192)<\/span><span class=\"nasa-title-hr\"><\/span><\/span><\/h2><\/div><\/div>[vc_empty_space][vc_column_text]Notre tondeuse mulching EFGC192 est tr\u00e8s stable et donc la tondeuse mulching parfaite et peut \u00e9galement \u00eatre utilis\u00e9e comme tondeuse \u00e0 tracteur\/tondeuse \u00e0 tracteur. La tondeuse pour tracteur\/tracteur est entra\u00een\u00e9e par un arbre de prise de force et a une largeur de tonte de 192 cm.<\/p>\n<p><strong>Le rotor \u00e0 double spirale, avec sa charge uniforme, garantit un fonctionnement particuli\u00e8rement silencieux et une longue dur\u00e9e de vie avec beaucoup moins d&#8217;efforts. Gr\u00e2ce \u00e0 la construction stable, aucune d\u00e9formation ne se produit apr\u00e8s le travail. M\u00eame les herbes tr\u00e8s hautes, les touffes touffues ou les brins de paille deviennent un jeu d&#8217;enfant avec cette tondeuse.<\/strong><\/p>\n<p>La faucheuse \u00e0 fl\u00e9aux est particuli\u00e8rement adapt\u00e9e aux terrains plats, aux pentes, aux cours, aux pelouses, aux parcs, aux espaces verts, aux vergers, aux herbes \u00e9paisses, aux b\u00e2tons, aux sous-bois et aux vignes l\u00e9g\u00e8res, aux couvertures v\u00e9g\u00e9tales et p\u00e2tur\u00e9es, aux accotements et \u00e0 l&#8217;entretien des bords de route, etc., qui peuvent \u00eatre utilis\u00e9s pour enlever les mauvaises herbes, les vignes et peut couper les branches d&#8217;arbustes de moins de 3 cm. <strong>C&#8217;est \u00e9galement parfait pour une utilisation apr\u00e8s les temp\u00eates<\/strong>. Le rouleau tra\u00eeneur laisse une zone tondue propre et plate sur le pr\u00e9.<\/p>\n<p>La tondeuse est accroch\u00e9e \u00e0 l&#8217;attelage trois points de votre tracteur\/remorqueur et est con\u00e7ue pour Cat.<\/p>\n<p>Votre tracteur ou tracteur doit avoir au moins 45 \u00e0 85 chevaux.<\/p>\n<p>La hauteur de tonte, c&#8217;est-\u00e0-dire la hauteur de coupe, est r\u00e9glable. La hauteur de coupe peut \u00eatre r\u00e9gl\u00e9e \u00e0 l&#8217;aide des patins situ\u00e9s sur les c\u00f4t\u00e9s. La hauteur de coupe maximale est de 6 cm. La tondeuse est \u00e9galement \u00e9quip\u00e9e de volets de s\u00e9curit\u00e9 qui emp\u00eachent les pierres, d\u00e9bris, etc.[\/vc_column_text][\/vc_column][\/vc_row][vc_row css=&#8221;.vc_custom_1696242860894{margin-top: 2rem !important;margin-bottom: 2rem !important;}&#8221;][vc_column]            <div class=\"nasa-static-block\" >\r\n                                <div class=\"nasa-static-block-container\">\r\n                    <style type=\"text\/css\" data-type=\"vc_shortcodes-custom-css\">.vc_custom_1696253521432{margin-top: 2rem !important;margin-bottom: 2rem !important;padding-top: 3rem !important;padding-bottom: 3rem !important;background-color: #505f6b !important;}.vc_custom_1696253530748{padding-right: 1rem !important;padding-left: 1rem !important;}<\/style>[vc_section full_width=\"stretch_row\" css=\".vc_custom_1696253521432{margin-top: 2rem !important;margin-bottom: 2rem !important;padding-top: 3rem !important;padding-bottom: 3rem !important;background-color: #505f6b !important;}\"][vc_row css=\".vc_custom_1696253530748{padding-right: 1rem !important;padding-left: 1rem !important;}\"][vc_column width=\"1\/2\"][vc_column_text]\r\n<h2><span style=\"color: #ffffff;\">Offre pour votre produit HZC Power<\/span><\/h2>\r\n[\/vc_column_text][vc_empty_space][\/vc_column][vc_column width=\"1\/2\"][vc_column_text]<span style=\"color: #ffffff;\">Chez HZC Power, nous pr\u00eatons toujours attention \u00e0 la plus haute qualit\u00e9, \u00e0 une finition techniquement irr\u00e9prochable et \u00e0 une construction robuste. Vous recevez nos produits partiellement assembl\u00e9s par une compagnie maritime. Nous vous proposons un prix d'exp\u00e9dition fixe qui est automatiquement g\u00e9n\u00e9r\u00e9 dans le panier (des informations d'exp\u00e9dition suppl\u00e9mentaires peuvent \u00eatre trouv\u00e9es <strong>ici<\/strong>).<\/span>\r\n\r\n<span style=\"color: #ffffff;\">Vous \u00eates invit\u00e9s \u00e0 voir nos produits \u00e0 notre si\u00e8ge social apr\u00e8s arrangement ou \u00e0 les r\u00e9cup\u00e9rer gratuitement.<\/span>\r\n\r\n<span style=\"color: #ffffff;\">Si vous avez d'autres questions sur les diff\u00e9rents mod\u00e8les, n'h\u00e9sitez pas \u00e0 contacter <strong>notre service client<\/strong>. Il se fera un plaisir de vous conseiller davantage. Laissez-vous convaincre par notre offre et assurez votre produit de la meilleure qualit\u00e9 au meilleur prix chez HZC Power.<\/span>[\/vc_column_text][\/vc_column][\/vc_row][\/vc_section]                <\/div>\r\n            <\/div>\r\n            [\/vc_column][\/vc_row][vc_row css=&#8221;.vc_custom_1696242868633{padding-top: 3rem !important;padding-bottom: 3rem !important;}&#8221;][vc_column width=&#8221;1\/2&#8243;]<div class=\"nasa-title clearfix hr-type-full\"><div class=\"nasa-wrap\"><h2 class=\"nasa-heading-title\"><span class=\"nasa-title-wrap\"><span style=\"background: #ffffff;\">Conduire<\/span><span class=\"nasa-title-hr\"><\/span><\/span><\/h2><\/div><\/div>[vc_empty_space][vc_column_text]La faucheuse est entra\u00een\u00e9e par la prise de force de votre tracteur\/tracteur. De plus, la faucheuse est \u00e9quip\u00e9e de 3 courroies trap\u00e9zo\u00efdales qui l&#8217;entra\u00eenent. La prise de force est incluse dans la livraison.[\/vc_column_text][vc_empty_space]<div class=\"nasa-title clearfix hr-type-full\"><div class=\"nasa-wrap\"><h2 class=\"nasa-heading-title\"><span class=\"nasa-title-wrap\"><span style=\"background: #ffffff;\">\u00c9quipement<\/span><span class=\"nasa-title-hr\"><\/span><\/span><\/h2><\/div><\/div>[vc_empty_space][vc_column_text]Les 32 marteaux extra-durs int\u00e9gr\u00e9s r\u00e9duisent l&#8217;herbe coup\u00e9e \u00e0 un minimum. M\u00eame l&#8217;herbe tr\u00e8s haute, la v\u00e9g\u00e9tation touffue ou la paille ne posent aucun probl\u00e8me \u00e0 cette faucheuse.[\/vc_column_text][\/vc_column][vc_column width=&#8221;1\/2&#8243;]<div class=\"nasa-title clearfix hr-type-full\"><div class=\"nasa-wrap\"><h2 class=\"nasa-heading-title\"><span class=\"nasa-title-wrap\"><span style=\"background: #ffffff;\">Donn\u00e9es Techniques<\/span><span class=\"nasa-title-hr\"><\/span><\/span><\/h2><\/div><\/div>[vc_empty_space][vc_column_text]Fabricant : HZC Power<br \/>\nMod\u00e8le\u00a0: EFGC192<br \/>\nArbre de prise de force\u00a0: inclus<br \/>\nEntra\u00eenement de la tondeuse : 3 courroies trap\u00e9zo\u00efdales<br \/>\nLargeur de travail\/largeur de coupe : 1920 mm<br \/>\nTours par minute\u00a0: 540<br \/>\nType de couteau : fl\u00e9au marteau<br \/>\nMontage : attelage trois points Cat.<br \/>\nPuissance du tracteur : min. 45 CV &#8211; 85 CV<br \/>\nType de couteau : fl\u00e9au marteau<br \/>\nNombre de maillets marteau : 32 extra durcis<br \/>\nPoids du fl\u00e9au marteau\u00a0:<br \/>\n\u00d8 arbre du fl\u00e9au\u00a0:<br \/>\n\u00d8 du rouleau suiveur\u00a0:<br \/>\nPoids total : 408 kg<br \/>\nDimensions assembl\u00e9 : mm (LxlxH)<br \/>\nDimensions de l&#8217;emballage : mm (LxlxH)<br \/>\nPoids avec emballage :[\/vc_column_text][\/vc_column][\/vc_row][vc_row css=&#8221;.vc_custom_1696242881010{margin-top: 2rem !important;margin-bottom: 2rem !important;}&#8221;][vc_column]            <div class=\"nasa-static-block\" >\r\n                                <div class=\"nasa-static-block-container\">\r\n                    <style type=\"text\/css\" data-type=\"vc_shortcodes-custom-css\">.vc_custom_1696253560832{margin-top: 2rem !important;margin-bottom: 2rem !important;padding-top: 3rem !important;padding-bottom: 3rem !important;background-color: #505f6b !important;}.vc_custom_1696253549474{padding-right: 1rem !important;padding-left: 1rem !important;}<\/style>[vc_section full_width=\"stretch_row\" css=\".vc_custom_1696253560832{margin-top: 2rem !important;margin-bottom: 2rem !important;padding-top: 3rem !important;padding-bottom: 3rem !important;background-color: #505f6b !important;}\"][vc_row css=\".vc_custom_1696253549474{padding-right: 1rem !important;padding-left: 1rem !important;}\"][vc_column width=\"1\/2\"][vc_column_text]\r\n<h2><span style=\"color: #ffffff;\">D\u00e9tails d'exp\u00e9dition\/Indice de livraison<\/span><\/h2>\r\n[\/vc_column_text][vc_empty_space][\/vc_column][vc_column width=\"1\/2\"][vc_column_text]<span style=\"color: #ffffff;\">La machine est livr\u00e9e bien emball\u00e9e et d\u00e9mont\u00e9e dans une caisse en bois. Il faut pr\u00e9voir environ 2 \u00e0 3 heures pour le montage final. Le montage est tr\u00e8s simple et peut \u00eatre effectu\u00e9 par des non professionnels. Si toutefois vous avez besoin d'aide, nous sommes \u00e0 votre disposition \u00e0 tout moment. Vous avez encore besoin d'environ 1,8 litre d'huile moteur pour le moteur. Nous recommandons ici une huile multigrade de la classification 10W40 ou 15W40.<\/span>[\/vc_column_text][\/vc_column][\/vc_row][\/vc_section]                <\/div>\r\n            <\/div>\r\n            [\/vc_column][\/vc_row]<\/p>\n<\/div>","protected":false},"excerpt":{"rendered":"<p><span style=\"color: #ff0000;\"><strong>Disponible \u00e0 partir de juillet. Pr\u00e9commandez le broyeur\/tondeuse et b\u00e9n\u00e9ficiez de la r\u00e9duction actuelle jusqu&#8217;\u00e0 la fin de l&#8217;offre\u00a0!<\/strong><\/span><\/p>\n<ul>\n<li>Largeur de travail\/largeur de coupe <strong>de 1\u00a0920\u00a0mm<\/strong><\/li>\n<li><strong>Le rotor \u00e0 double spirale avec sa charge uniforme assure un fonctionnement particuli\u00e8rement silencieux et une longue dur\u00e9e de vie avec beaucoup moins d&#8217;effort<\/strong><\/li>\n<li>Entra\u00eenement de la tondeuse <strong>via 3 courroies trap\u00e9zo\u00efdales<\/strong><\/li>\n<li><strong>La hauteur de coupe est r\u00e9glable, hauteur de coupe max. 6 cm<\/strong><\/li>\n<li><strong>Convient aux herbes tr\u00e8s hautes, aux tontes touffues ou pailleuses, aux pelouses, surtout apr\u00e8s les temp\u00eates<\/strong><\/li>\n<li>32 fl\u00e9aux marteaux extra-durcis <strong>d\u00e9chiquetent les d\u00e9blais jusqu&#8217;\u00e0 la plus petite taille<\/strong><\/li>\n<li>Le broyeur peut <strong>\u00eatre connect\u00e9 au tracteur\/tracteur \u00e0 l&#8217;aide de l&#8217;arbre de prise de force existant<\/strong><\/li>\n<li>Le broyeur est particuli\u00e8rement adapt\u00e9 aux terrains plats, talus, cours, pelouses, parcs, espaces verts, vergers, herbes \u00e9paisses, b\u00e2tons, sous-bois et vignes l\u00e9g\u00e8res, couvertures v\u00e9g\u00e9tales et p\u00e2tur\u00e9es, accotements et entretien des bords de route, etc<\/li>\n<li>Il peut \u00e9galement <strong>couper les mauvaises herbes, les vignes et les branches d&#8217;arbustes de moins de 3\u00a0cm<\/strong><\/li>\n<li>Admission\u00a0: <strong>Suspension trois points Cat I<\/strong><\/li>\n<li>Puissance du remorqueur\/tracteur\u00a0:<strong>min. 45\u00a0HP \u2013 85\u00a0HP<\/strong><\/li>\n<li>Tr\u00e8s<strong>qualit\u00e9<\/strong>et <strong>fabrication robuste<\/strong><\/li>\n<li><strong>Op\u00e9ration\/manipulation facile<\/strong><\/li>\n<\/ul>\n            <div class=\"nasa-static-block\" >\r\n                                <div class=\"nasa-static-block-container\">\r\n                    <style type=\"text\/css\" data-type=\"vc_shortcodes-custom-css\">.vc_custom_1701967224244{padding-top: 1rem !important;padding-right: 1rem !important;padding-bottom: 1rem !important;padding-left: 1rem !important;background-color: #9f131e !important;}<\/style>[vc_row css=\".vc_custom_1701967224244{padding-top: 1rem !important;padding-right: 1rem !important;padding-bottom: 1rem !important;padding-left: 1rem !important;background-color: #9f131e !important;}\"][vc_column][vc_column_text]<span style=\"color: #ffffff;\"><strong>Entretien &amp; r\u00e9paration pour une longue dur\u00e9e de vie:<\/strong>.<\/span>\r\n<span style=\"color: #ffffff;\">Notre service complet est disponible pour ce produit.<\/span>\r\n<span style=\"color: #ffffff;\">Toutes les pi\u00e8ces de rechange sont toujours disponibles en stock et sont install\u00e9es dans les plus brefs d\u00e9lais.<\/span>[\/vc_column_text][\/vc_column][\/vc_row]                <\/div>\r\n            <\/div>\r\n            \n","protected":false},"featured_media":289898,"comment_status":"open","ping_status":"closed","template":"","meta":{"inline_featured_image":false},"product_brand":[],"product_cat":[1126,776],"class_list":{"0":"post-289457","1":"product","2":"type-product","3":"status-publish","4":"has-post-thumbnail","6":"product_cat-faucheuses-broyeurs","7":"product_cat-sylviculture-et-amenagement-paysager","8":"product_shipping_class-spedition-mittel","10":"first","11":"instock","12":"sale","13":"taxable","14":"shipping-taxable","15":"purchasable","16":"product-type-simple"},"bundled_by":[],"bundle_stock_status":"instock","bundle_stock_quantity":2,"bundle_virtual":false,"bundle_layout":"","bundle_add_to_cart_form_location":"","bundle_editable_in_cart":false,"bundle_sold_individually_context":"","bundle_item_grouping":"","bundle_min_size":"","bundle_max_size":"","bundle_price":[],"bundled_items":[],"bundle_sell_ids":[],"jetpack_sharing_enabled":true,"wcpa_form_fields":null,"_links":{"self":[{"href":"https:\/\/www.hzc-power.com\/fr\/wp-json\/wp\/v2\/product\/289457","targetHints":{"allow":["GET"]}}],"collection":[{"href":"https:\/\/www.hzc-power.com\/fr\/wp-json\/wp\/v2\/product"}],"about":[{"href":"https:\/\/www.hzc-power.com\/fr\/wp-json\/wp\/v2\/types\/product"}],"replies":[{"embeddable":true,"href":"https:\/\/www.hzc-power.com\/fr\/wp-json\/wp\/v2\/comments?post=289457"}],"wp:featuredmedia":[{"embeddable":true,"href":"https:\/\/www.hzc-power.com\/fr\/wp-json\/wp\/v2\/media\/289898"}],"wp:attachment":[{"href":"https:\/\/www.hzc-power.com\/fr\/wp-json\/wp\/v2\/media?parent=289457"}],"wp:term":[{"taxonomy":"product_brand","embeddable":true,"href":"https:\/\/www.hzc-power.com\/fr\/wp-json\/wp\/v2\/product_brand?post=289457"},{"taxonomy":"product_cat","embeddable":true,"href":"https:\/\/www.hzc-power.com\/fr\/wp-json\/wp\/v2\/product_cat?post=289457"}],"curies":[{"name":"wp","href":"https:\/\/api.w.org\/{rel}","templated":true}]}}