{"id":289511,"date":"2024-05-13T15:50:28","date_gmt":"2024-05-13T13:50:28","guid":{"rendered":"https:\/\/www.hzc-power.com\/unkategorisiert\/scie-circulaire-scie-a-bascule-avec-moteur-a-essence-wp1\/scie-circulaire-scie-a-bascule-avec-moteur-a-essence-wp1\/"},"modified":"2025-09-09T17:00:13","modified_gmt":"2025-09-09T15:00:13","slug":"scie-circulaire-scie-a-bascule-avec-moteur-a-essence-wp1","status":"publish","type":"product","link":"https:\/\/www.hzc-power.com\/fr\/scie-circulaire-scie-a-bascule-avec-moteur-a-essence-wp1\/","title":{"rendered":"Scie circulaire\/scie \u00e0 bascule avec moteur \u00e0 essence (WP1)"},"content":{"rendered":"<div class=\"wpb-content-wrapper\"><p>[vc_row css=&#8221;.vc_custom_1696433000306{padding-top: 3rem !important;padding-bottom: 3rem !important;}&#8221;][vc_column width=&#8221;2\/3&#8243;][vc_column_text]<\/p>\n<h2>Scie circulaire\/scie \u00e0 bascule avec moteur essence (WP1)<\/h2>\n<p>[\/vc_column_text][vc_empty_space][vc_column_text]Avec la scie \u00e0 bascule WP1, vous ma\u00eetrisez sans peine la pr\u00e9paration du bois de chauffage. La scie \u00e0 bascule est facile \u00e0 utiliser et dispose d&#8217;un moteur \u00e0 essence puissant pour un travail puissant. La lame de scie a une vitesse de 1800 tours par minute. Gr\u00e2ce \u00e0 la lame de 700 x 4,2 mm, la scie \u00e0 bascule convient parfaitement pour des coupes pr\u00e9cises.<\/p>\n<p>La scie \u00e0 bascule permet d&#8217;\u00e9conomiser du temps et des efforts gr\u00e2ce \u00e0 une coupe efficace. Les coupes nettes minimisent les pertes de bois. La scie \u00e0 bascule pr\u00e9sente un rapport qualit\u00e9\/prix optimal. Un diam\u00e8tre de bois de 5 \u00e0 30 cm est recommand\u00e9. La hauteur est de 76 cm.[\/vc_column_text][\/vc_column][\/vc_row][vc_row][vc_column]            <div class=\"nasa-static-block\" >\r\n                                <div class=\"nasa-static-block-container\">\r\n                    <style type=\"text\/css\" data-type=\"vc_shortcodes-custom-css\">.vc_custom_1696253521432{margin-top: 2rem !important;margin-bottom: 2rem !important;padding-top: 3rem !important;padding-bottom: 3rem !important;background-color: #505f6b !important;}.vc_custom_1696253530748{padding-right: 1rem !important;padding-left: 1rem !important;}<\/style>[vc_section full_width=\"stretch_row\" css=\".vc_custom_1696253521432{margin-top: 2rem !important;margin-bottom: 2rem !important;padding-top: 3rem !important;padding-bottom: 3rem !important;background-color: #505f6b !important;}\"][vc_row css=\".vc_custom_1696253530748{padding-right: 1rem !important;padding-left: 1rem !important;}\"][vc_column width=\"1\/2\"][vc_column_text]\r\n<h2><span style=\"color: #ffffff;\">Offre pour votre produit HZC Power<\/span><\/h2>\r\n[\/vc_column_text][vc_empty_space][\/vc_column][vc_column width=\"1\/2\"][vc_column_text]<span style=\"color: #ffffff;\">Chez HZC Power, nous pr\u00eatons toujours attention \u00e0 la plus haute qualit\u00e9, \u00e0 une finition techniquement irr\u00e9prochable et \u00e0 une construction robuste. Vous recevez nos produits partiellement assembl\u00e9s par une compagnie maritime. Nous vous proposons un prix d'exp\u00e9dition fixe qui est automatiquement g\u00e9n\u00e9r\u00e9 dans le panier (des informations d'exp\u00e9dition suppl\u00e9mentaires peuvent \u00eatre trouv\u00e9es <strong>ici<\/strong>).<\/span>\r\n\r\n<span style=\"color: #ffffff;\">Vous \u00eates invit\u00e9s \u00e0 voir nos produits \u00e0 notre si\u00e8ge social apr\u00e8s arrangement ou \u00e0 les r\u00e9cup\u00e9rer gratuitement.<\/span>\r\n\r\n<span style=\"color: #ffffff;\">Si vous avez d'autres questions sur les diff\u00e9rents mod\u00e8les, n'h\u00e9sitez pas \u00e0 contacter <strong>notre service client<\/strong>. Il se fera un plaisir de vous conseiller davantage. Laissez-vous convaincre par notre offre et assurez votre produit de la meilleure qualit\u00e9 au meilleur prix chez HZC Power.<\/span>[\/vc_column_text][\/vc_column][\/vc_row][\/vc_section]                <\/div>\r\n            <\/div>\r\n            [\/vc_column][\/vc_row][vc_row css=&#8221;.vc_custom_1696432956165{padding-top: 3rem !important;padding-bottom: 3rem !important;}&#8221;][vc_column width=&#8221;1\/3&#8243;][\/vc_column][vc_column width=&#8221;1\/3&#8243;][vc_column_text]<\/p>\n<h2>Donn\u00e9es techniques<\/h2>\n<p>[\/vc_column_text][vc_empty_space][vc_column_text]<\/p>\n<ul>\n<li>Fabricant\u00a0: HZC Power GmbH<\/li>\n<li>Moteur\u00a0: DUCAR (420\u00a0cc)<\/li>\n<li>Type de carburant\u00a0: essence sans plomb<\/li>\n<li>Volume de carburant\u00a0: 6,5\u00a0L<\/li>\n<li>Quantit\u00e9 d&#8217;huile\u00a0: 1,1\u00a0L<\/li>\n<li>Vitesse de la lame de scie\u00a0: 1\u00a0800\u00a0tours par minute<\/li>\n<li>Taille totale\u00a0: 150X110X132CM<\/li>\n<li>Taille de la lame de scie\u00a0: 700 x 4,2 mm<\/li>\n<li>Diam\u00e8tre du bois recommand\u00e9\u00a0:\u00a0&gt; 5\u00a0cm et &lt;\u00a030\u00a0cm<br \/>\nCoupe arri\u00e8re<\/li>\n<li>Hauteur de la plaque de scie\u00a0:\u00a076\u00a0CM<\/li>\n<\/ul>\n<p>[\/vc_column_text][vc_empty_space][\/vc_column][vc_column width=&#8221;1\/3&#8243;][vc_column_text]<\/p>\n<h2>Caract\u00e9ristiques du produit<\/h2>\n<p>[\/vc_column_text][vc_empty_space][vc_column_text]Taille d&#8217;emballage: 1140*820*1160MM<br \/>\nPoids brut : 210KG[\/vc_column_text][\/vc_column][\/vc_row][vc_row css=&#8221;.vc_custom_1696433000306{padding-top: 3rem !important;padding-bottom: 3rem !important;}&#8221;][vc_column width=&#8221;2\/3&#8243;][vc_column_text]<\/p>\n<\/div>","protected":false},"excerpt":{"rendered":"<p>&nbsp;<\/p>\n<ul>\n<li>Hauteur de la plaque de scie\u00a0:\u00a076\u00a0CM<\/li>\n<li>Vitesse de la lame de scie\u00a0: 1\u00a0800 tr\/min<\/li>\n<li>Moteur \u00e0 essence<\/li>\n<li>Volume de carburant\u00a0: 6,5\u00a0L<\/li>\n<\/ul>\n","protected":false},"featured_media":291241,"comment_status":"closed","ping_status":"closed","template":"","meta":{"inline_featured_image":false},"product_brand":[],"product_cat":[1220,776],"class_list":{"0":"post-289511","1":"product","2":"type-product","3":"status-publish","4":"has-post-thumbnail","6":"product_cat-scies-basculantes","7":"product_cat-sylviculture-et-amenagement-paysager","8":"product_shipping_class-spedition-mittel","10":"first","11":"instock","12":"sale","13":"taxable","14":"shipping-taxable","15":"purchasable","16":"product-type-simple"},"bundled_by":[],"bundle_stock_status":"instock","bundle_stock_quantity":16,"bundle_virtual":false,"bundle_layout":"","bundle_add_to_cart_form_location":"","bundle_editable_in_cart":false,"bundle_sold_individually_context":"","bundle_item_grouping":"","bundle_min_size":"","bundle_max_size":"","bundle_price":[],"bundled_items":[],"bundle_sell_ids":[],"jetpack_sharing_enabled":true,"wcpa_form_fields":null,"_links":{"self":[{"href":"https:\/\/www.hzc-power.com\/fr\/wp-json\/wp\/v2\/product\/289511","targetHints":{"allow":["GET"]}}],"collection":[{"href":"https:\/\/www.hzc-power.com\/fr\/wp-json\/wp\/v2\/product"}],"about":[{"href":"https:\/\/www.hzc-power.com\/fr\/wp-json\/wp\/v2\/types\/product"}],"replies":[{"embeddable":true,"href":"https:\/\/www.hzc-power.com\/fr\/wp-json\/wp\/v2\/comments?post=289511"}],"wp:featuredmedia":[{"embeddable":true,"href":"https:\/\/www.hzc-power.com\/fr\/wp-json\/wp\/v2\/media\/291241"}],"wp:attachment":[{"href":"https:\/\/www.hzc-power.com\/fr\/wp-json\/wp\/v2\/media?parent=289511"}],"wp:term":[{"taxonomy":"product_brand","embeddable":true,"href":"https:\/\/www.hzc-power.com\/fr\/wp-json\/wp\/v2\/product_brand?post=289511"},{"taxonomy":"product_cat","embeddable":true,"href":"https:\/\/www.hzc-power.com\/fr\/wp-json\/wp\/v2\/product_cat?post=289511"}],"curies":[{"name":"wp","href":"https:\/\/api.w.org\/{rel}","templated":true}]}}