{"id":289645,"date":"2024-05-24T16:20:31","date_gmt":"2024-05-24T14:20:31","guid":{"rendered":"https:\/\/www.hzc-power.com\/?post_type=product&#038;p=289645"},"modified":"2024-05-28T15:42:38","modified_gmt":"2024-05-28T13:42:38","slug":"broyeur-largeur-178cm-broyeur-deplacement-lateral-hydraulique-et-prise-de-force-agf178","status":"publish","type":"product","link":"https:\/\/www.hzc-power.com\/fr\/broyeur-largeur-178cm-broyeur-deplacement-lateral-hydraulique-et-prise-de-force-agf178\/","title":{"rendered":"Broyeur d&#8217;accotement, largeur de fauche 178cm, d\u00e9port lat\u00e9ral hydraulique et prise de force (AGF178)"},"content":{"rendered":"<div class=\"wpb-content-wrapper\"><p>[vc_row css=&#8221;.vc_custom_1696242851914{padding-top: 3rem !important;padding-bottom: 3rem !important;}&#8221;][vc_column width=&#8221;1\/2&#8243;]<div class=\"nasa-title clearfix hr-type-full\"><div class=\"nasa-wrap\"><h2 class=\"nasa-heading-title\"><span class=\"nasa-title-wrap\"><span style=\"background: #ffffff;\">Broyeur d'accotement, largeur de fauche 178cm, d\u00e9port lat\u00e9ral hydraulique et prise de force (AGF178)<\/span><span class=\"nasa-title-hr\"><\/span><\/span><\/h2><\/div><\/div>[vc_empty_space][vc_column_text]Notre tondeuse de talus AGF178 avec d\u00e9placement lat\u00e9ral hydraulique est tr\u00e8s stable et donc la tondeuse mulching parfaite et peut \u00e9galement \u00eatre utilis\u00e9e comme tondeuse tracteur\/tondeuse tracteur. La tondeuse pour tracteur\/tracteur est entra\u00een\u00e9e par un arbre de prise de force et a une largeur de tonte de 178 cm. <strong>Gr\u00e2ce au d\u00e9placement lat\u00e9ral hydraulique, vous pouvez d\u00e9placer le broyeur \u00e0 gauche et \u00e0 droite et vous pouvez \u00e9galement l&#8217;incliner, <\/strong><strong>90\u00b0 vers le haut et 40\u00b0 vers le bas<\/strong><strong>. Pour cette fonction, vous avez besoin de 2 circuits de commande hydrauliques sur votre tracteur\/tracteur, car la tondeuse dispose pour cela de 2 v\u00e9rins hydrauliques \u00e0 double effet.<\/strong><\/p>\n<p><strong>Le rotor \u00e0 double spirale, avec sa charge uniforme, garantit un fonctionnement particuli\u00e8rement silencieux et une longue dur\u00e9e de vie avec beaucoup moins d&#8217;efforts. Gr\u00e2ce \u00e0 la construction stable, aucune d\u00e9formation ne se produit apr\u00e8s le travail. M\u00eame les herbes tr\u00e8s hautes, les touffes touffues ou les brins de paille deviennent un jeu d&#8217;enfant avec cette tondeuse.<\/strong><\/p>\n<p>Gr\u00e2ce \u00e0 son d\u00e9port lat\u00e9ral, la faucheuse \u00e0 fl\u00e9aux est particuli\u00e8rement adapt\u00e9e aux foss\u00e9s, aux talus, aux talus, aux zones en pente, aux accotements et \u00e0 l&#8217;entretien des abords de routes, etc. Le rouleau suiveur laisse derri\u00e8re lui une zone tondue proprement. Le broyeur peut \u00eatre \u00e9tendu verticalement jusqu&#8217;\u00e0 une hauteur de 177 cm et horizontalement jusqu&#8217;\u00e0 une hauteur lat\u00e9rale allant jusqu&#8217;\u00e0 296 cm.<\/p>\n<p>La tondeuse est accroch\u00e9e \u00e0 l&#8217;attelage trois points de votre tracteur\/remorqueur et est con\u00e7ue pour Cat II.<\/p>\n<p>Votre tracteur ou tracteur doit avoir au moins 70 \u00e0 110 ch.<\/p>\n<p>La hauteur de tonte, c&#8217;est-\u00e0-dire la hauteur de coupe, est r\u00e9glable. La hauteur de coupe peut \u00eatre r\u00e9gl\u00e9e \u00e0 l&#8217;aide des patins situ\u00e9s sur les c\u00f4t\u00e9s. La tondeuse est \u00e9galement \u00e9quip\u00e9e de volets de s\u00e9curit\u00e9 qui emp\u00eachent les pierres, d\u00e9bris, etc.[\/vc_column_text][\/vc_column][\/vc_row][vc_row css=&#8221;.vc_custom_1696242860894{margin-top: 2rem !important;margin-bottom: 2rem !important;}&#8221;][vc_column]            <div class=\"nasa-static-block\" >\r\n                                <div class=\"nasa-static-block-container\">\r\n                    <style type=\"text\/css\" data-type=\"vc_shortcodes-custom-css\">.vc_custom_1696253521432{margin-top: 2rem !important;margin-bottom: 2rem !important;padding-top: 3rem !important;padding-bottom: 3rem !important;background-color: #505f6b !important;}.vc_custom_1696253530748{padding-right: 1rem !important;padding-left: 1rem !important;}<\/style>[vc_section full_width=\"stretch_row\" css=\".vc_custom_1696253521432{margin-top: 2rem !important;margin-bottom: 2rem !important;padding-top: 3rem !important;padding-bottom: 3rem !important;background-color: #505f6b !important;}\"][vc_row css=\".vc_custom_1696253530748{padding-right: 1rem !important;padding-left: 1rem !important;}\"][vc_column width=\"1\/2\"][vc_column_text]\r\n<h2><span style=\"color: #ffffff;\">Offre pour votre produit HZC Power<\/span><\/h2>\r\n[\/vc_column_text][vc_empty_space][\/vc_column][vc_column width=\"1\/2\"][vc_column_text]<span style=\"color: #ffffff;\">Chez HZC Power, nous pr\u00eatons toujours attention \u00e0 la plus haute qualit\u00e9, \u00e0 une finition techniquement irr\u00e9prochable et \u00e0 une construction robuste. Vous recevez nos produits partiellement assembl\u00e9s par une compagnie maritime. Nous vous proposons un prix d'exp\u00e9dition fixe qui est automatiquement g\u00e9n\u00e9r\u00e9 dans le panier (des informations d'exp\u00e9dition suppl\u00e9mentaires peuvent \u00eatre trouv\u00e9es <strong>ici<\/strong>).<\/span>\r\n\r\n<span style=\"color: #ffffff;\">Vous \u00eates invit\u00e9s \u00e0 voir nos produits \u00e0 notre si\u00e8ge social apr\u00e8s arrangement ou \u00e0 les r\u00e9cup\u00e9rer gratuitement.<\/span>\r\n\r\n<span style=\"color: #ffffff;\">Si vous avez d'autres questions sur les diff\u00e9rents mod\u00e8les, n'h\u00e9sitez pas \u00e0 contacter <strong>notre service client<\/strong>. Il se fera un plaisir de vous conseiller davantage. Laissez-vous convaincre par notre offre et assurez votre produit de la meilleure qualit\u00e9 au meilleur prix chez HZC Power.<\/span>[\/vc_column_text][\/vc_column][\/vc_row][\/vc_section]                <\/div>\r\n            <\/div>\r\n            [\/vc_column][\/vc_row][vc_row css=&#8221;.vc_custom_1696242868633{padding-top: 3rem !important;padding-bottom: 3rem !important;}&#8221;][vc_column width=&#8221;1\/2&#8243;]<div class=\"nasa-title clearfix hr-type-full\"><div class=\"nasa-wrap\"><h2 class=\"nasa-heading-title\"><span class=\"nasa-title-wrap\"><span style=\"background: #ffffff;\">Conduire<\/span><span class=\"nasa-title-hr\"><\/span><\/span><\/h2><\/div><\/div>[vc_empty_space][vc_column_text]La tondeuse est aliment\u00e9e par l&#8217;arbre de prise de force existant de votre tracteur\/remorqueur. La tondeuse dispose \u00e9galement de 4 courroies trap\u00e9zo\u00efdales qui l\u2019entra\u00eenent. L&#8217;arbre de prise de force est inclus dans la livraison.[\/vc_column_text][vc_empty_space]<div class=\"nasa-title clearfix hr-type-full\"><div class=\"nasa-wrap\"><h2 class=\"nasa-heading-title\"><span class=\"nasa-title-wrap\"><span style=\"background: #ffffff;\">\u00c9quipement<\/span><span class=\"nasa-title-hr\"><\/span><\/span><\/h2><\/div><\/div>[vc_empty_space][vc_column_text]Les 18 fl\u00e9aux de marteau int\u00e9gr\u00e9s sp\u00e9cialement durcis d\u00e9chiquetent les d\u00e9blais au minimum. M\u00eame les herbes tr\u00e8s hautes, les touffes touffues ou pailleuses ne posent aucun probl\u00e8me \u00e0 cette tondeuse.[\/vc_column_text][\/vc_column][vc_column width=&#8221;1\/2&#8243;]<div class=\"nasa-title clearfix hr-type-full\"><div class=\"nasa-wrap\"><h2 class=\"nasa-heading-title\"><span class=\"nasa-title-wrap\"><span style=\"background: #ffffff;\">Donn\u00e9es Techniques<\/span><span class=\"nasa-title-hr\"><\/span><\/span><\/h2><\/div><\/div>[vc_empty_space][vc_column_text]Fabricant : HZC Power<br \/>\nMod\u00e8le : AGF178<br \/>\nAngle d&#8217;inclinaison : +90\u00b0 \u00e0 -40\u00b0<br \/>\nD\u00e9placement lat\u00e9ral hydraulique<br \/>\nArbre de prise de force\u00a0: inclus<br \/>\nEntra\u00eenement de la tondeuse\u00a0: 4 courroies trap\u00e9zo\u00efdales<br \/>\nLargeur de travail\/largeur de coupe : 1780 mm<br \/>\nTours par minute\u00a0: 540<br \/>\nType de couteau : fl\u00e9au marteau<br \/>\nMontage : attelage trois points Cat. II.<br \/>\nPuissance du tracteur : min. 70 CV &#8211; 110 CV<br \/>\nType de couteau : fl\u00e9au marteau<br \/>\nNombre de maillets : 18 extra durcis<br \/>\nPoids du fl\u00e9au marteau\u00a0:<br \/>\nDistance d&#8217;extension verticale : 177 cm<br \/>\nDistance d&#8217;extension horizontale\u00a0: 296\u00a0cm<br \/>\n\u00d8 arbre du fl\u00e9au\u00a0:<br \/>\n\u00d8 du rouleau suiveur\u00a0:<br \/>\nDistance de d\u00e9placement\u00a0:<br \/>\nPoids total : 671 kg<br \/>\nDimensions assembl\u00e9 : mm (LxlxH)<br \/>\nDimensions de l&#8217;emballage : mm (LxlxH)<br \/>\nPoids avec emballage :[\/vc_column_text][\/vc_column][\/vc_row][vc_row css=&#8221;.vc_custom_1696242881010{margin-top: 2rem !important;margin-bottom: 2rem !important;}&#8221;][vc_column]            <div class=\"nasa-static-block\" >\r\n                                <div class=\"nasa-static-block-container\">\r\n                    <style type=\"text\/css\" data-type=\"vc_shortcodes-custom-css\">.vc_custom_1696253560832{margin-top: 2rem !important;margin-bottom: 2rem !important;padding-top: 3rem !important;padding-bottom: 3rem !important;background-color: #505f6b !important;}.vc_custom_1696253549474{padding-right: 1rem !important;padding-left: 1rem !important;}<\/style>[vc_section full_width=\"stretch_row\" css=\".vc_custom_1696253560832{margin-top: 2rem !important;margin-bottom: 2rem !important;padding-top: 3rem !important;padding-bottom: 3rem !important;background-color: #505f6b !important;}\"][vc_row css=\".vc_custom_1696253549474{padding-right: 1rem !important;padding-left: 1rem !important;}\"][vc_column width=\"1\/2\"][vc_column_text]\r\n<h2><span style=\"color: #ffffff;\">D\u00e9tails d'exp\u00e9dition\/Indice de livraison<\/span><\/h2>\r\n[\/vc_column_text][vc_empty_space][\/vc_column][vc_column width=\"1\/2\"][vc_column_text]<span style=\"color: #ffffff;\">La machine est livr\u00e9e bien emball\u00e9e et d\u00e9mont\u00e9e dans une caisse en bois. Il faut pr\u00e9voir environ 2 \u00e0 3 heures pour le montage final. Le montage est tr\u00e8s simple et peut \u00eatre effectu\u00e9 par des non professionnels. Si toutefois vous avez besoin d'aide, nous sommes \u00e0 votre disposition \u00e0 tout moment. Vous avez encore besoin d'environ 1,8 litre d'huile moteur pour le moteur. Nous recommandons ici une huile multigrade de la classification 10W40 ou 15W40.<\/span>[\/vc_column_text][\/vc_column][\/vc_row][\/vc_section]                <\/div>\r\n            <\/div>\r\n            [\/vc_column][\/vc_row]<\/p>\n<\/div>","protected":false},"excerpt":{"rendered":"<p><span style=\"color: #ff0000;\"><strong>Disponible \u00e0 partir d&#8217;ao\u00fbt. Pr\u00e9commandez le broyeur\/tondeuse et s\u00e9curisez-le jusqu&#8217;\u00e0 \u00e9puisement des stocks !<\/strong><\/span><\/p>\n<ul>\n<li>Largeur de travail\/largeur de coupe <strong>de 1\u00a0780\u00a0mm<\/strong><\/li>\n<li>Angle d&#8217;inclinaison\u00a0: <strong>+90\u00b0 \u00e0 -40\u00b0<\/strong><\/li>\n<li><strong>D\u00e9placement lat\u00e9ral hydraulique<\/strong><\/li>\n<li><strong>Le rotor \u00e0 double spirale avec sa charge uniforme assure un fonctionnement particuli\u00e8rement silencieux et une longue dur\u00e9e de vie avec beaucoup moins d&#8217;effort<\/strong><\/li>\n<li>Distance d&#8217;extension verticale\u00a0:<strong>177\u00a0cm<\/strong><\/li>\n<li>Distance d&#8217;extension horizontale\u00a0: <strong>296\u00a0cm<\/strong><\/li>\n<li>Entra\u00eenement de la tondeuse <strong>via 4 courroies trap\u00e9zo\u00efdales<\/strong><\/li>\n<li><strong>La hauteur de coupe est r\u00e9glable<\/strong><\/li>\n<li>18 fl\u00e9aux marteaux extra-durcis <strong>d\u00e9chiquetent les d\u00e9blais jusqu&#8217;\u00e0 la taille la plus petite possible<\/strong><\/li>\n<li>Le broyeur peut <strong>\u00eatre connect\u00e9 au tracteur\/tracteur \u00e0 l&#8217;aide de l&#8217;arbre de prise de force existant<\/strong><\/li>\n<li>Gr\u00e2ce \u00e0 son d\u00e9port lat\u00e9ral, le broyeur est particuli\u00e8rement adapt\u00e9 aux foss\u00e9s, aux talus, aux talus, aux zones en pente, aux accotements et \u00e0 l&#8217;entretien des bords de route, etc.<\/li>\n<li><strong>Convient aux herbes tr\u00e8s hautes, aux tontes touffues ou pailleuses<\/strong><\/li>\n<li>Admission\u00a0: <strong>Suspension trois points Cat. II<\/strong><\/li>\n<li>Puissance du remorqueur\/tracteur\u00a0:<strong>min. 70\u00a0HP \u2013 110\u00a0HP<\/strong><\/li>\n<li>Tr\u00e8s<strong>qualit\u00e9<\/strong>et <strong>fabrication robuste<\/strong><\/li>\n<li><strong>Op\u00e9ration\/manipulation facile<\/strong><\/li>\n<\/ul>\n            <div class=\"nasa-static-block\" >\r\n                                <div class=\"nasa-static-block-container\">\r\n                    <style type=\"text\/css\" data-type=\"vc_shortcodes-custom-css\">.vc_custom_1701967224244{padding-top: 1rem !important;padding-right: 1rem !important;padding-bottom: 1rem !important;padding-left: 1rem !important;background-color: #9f131e !important;}<\/style>[vc_row css=\".vc_custom_1701967224244{padding-top: 1rem !important;padding-right: 1rem !important;padding-bottom: 1rem !important;padding-left: 1rem !important;background-color: #9f131e !important;}\"][vc_column][vc_column_text]<span style=\"color: #ffffff;\"><strong>Entretien &amp; r\u00e9paration pour une longue dur\u00e9e de vie:<\/strong>.<\/span>\r\n<span style=\"color: #ffffff;\">Notre service complet est disponible pour ce produit.<\/span>\r\n<span style=\"color: #ffffff;\">Toutes les pi\u00e8ces de rechange sont toujours disponibles en stock et sont install\u00e9es dans les plus brefs d\u00e9lais.<\/span>[\/vc_column_text][\/vc_column][\/vc_row]                <\/div>\r\n            <\/div>\r\n            \n","protected":false},"featured_media":289638,"comment_status":"open","ping_status":"closed","template":"","meta":{"inline_featured_image":false},"product_brand":[],"product_cat":[1126,776],"class_list":{"0":"post-289645","1":"product","2":"type-product","3":"status-publish","4":"has-post-thumbnail","6":"product_cat-faucheuses-broyeurs","7":"product_cat-sylviculture-et-amenagement-paysager","8":"product_shipping_class-spedition-mittel","10":"first","11":"instock","12":"sale","13":"taxable","14":"shipping-taxable","15":"purchasable","16":"product-type-simple"},"bundled_by":[],"bundle_stock_status":"instock","bundle_stock_quantity":1,"bundle_virtual":false,"bundle_layout":"","bundle_add_to_cart_form_location":"","bundle_editable_in_cart":false,"bundle_sold_individually_context":"","bundle_item_grouping":"","bundle_min_size":"","bundle_max_size":"","bundle_price":[],"bundled_items":[],"bundle_sell_ids":[],"jetpack_sharing_enabled":true,"wcpa_form_fields":null,"_links":{"self":[{"href":"https:\/\/www.hzc-power.com\/fr\/wp-json\/wp\/v2\/product\/289645","targetHints":{"allow":["GET"]}}],"collection":[{"href":"https:\/\/www.hzc-power.com\/fr\/wp-json\/wp\/v2\/product"}],"about":[{"href":"https:\/\/www.hzc-power.com\/fr\/wp-json\/wp\/v2\/types\/product"}],"replies":[{"embeddable":true,"href":"https:\/\/www.hzc-power.com\/fr\/wp-json\/wp\/v2\/comments?post=289645"}],"wp:featuredmedia":[{"embeddable":true,"href":"https:\/\/www.hzc-power.com\/fr\/wp-json\/wp\/v2\/media\/289638"}],"wp:attachment":[{"href":"https:\/\/www.hzc-power.com\/fr\/wp-json\/wp\/v2\/media?parent=289645"}],"wp:term":[{"taxonomy":"product_brand","embeddable":true,"href":"https:\/\/www.hzc-power.com\/fr\/wp-json\/wp\/v2\/product_brand?post=289645"},{"taxonomy":"product_cat","embeddable":true,"href":"https:\/\/www.hzc-power.com\/fr\/wp-json\/wp\/v2\/product_cat?post=289645"}],"curies":[{"name":"wp","href":"https:\/\/api.w.org\/{rel}","templated":true}]}}