{"id":290032,"date":"2024-06-06T10:11:07","date_gmt":"2024-06-06T08:11:07","guid":{"rendered":"https:\/\/www.hzc-power.com\/?post_type=product&#038;p=290032"},"modified":"2025-08-19T12:11:02","modified_gmt":"2025-08-19T10:11:02","slug":"tondeuses-tondeuse-a-hautes-herbes-tondeuse-largeur-76cm-15cv-herbe-haute-rsm77","status":"publish","type":"product","link":"https:\/\/www.hzc-power.com\/fr\/tondeuses-tondeuse-a-hautes-herbes\/tondeuse-largeur-76cm-15cv-herbe-haute-rsm77\/","title":{"rendered":"Tondeuse \u00e0 gazon, largeur de tonte 76 cm, 15 CV, chenilles, tondeuse \u00e0 hautes herbes, faucheuse \u00e0 fl\u00e9aux, faucheuse manuelle, broyeur de prairie (RSM77)"},"content":{"rendered":"<div class=\"wpb-content-wrapper\"><p>[vc_row css=&#8221;.vc_custom_1696242851914{padding-top: 3rem !important;padding-bottom: 3rem !important;}&#8221;][vc_column width=&#8221;1\/2&#8243;]<div class=\"nasa-title clearfix hr-type-full\"><div class=\"nasa-wrap\"><h2 class=\"nasa-heading-title\"><span class=\"nasa-title-wrap\"><span style=\"background: #ffffff;\">Tondeuse \u00e0 gazon, largeur de tonte 76 cm, 15 CV, chenilles, tondeuse \u00e0 hautes herbes, faucheuse \u00e0 fl\u00e9aux, faucheuse manuelle, broyeur de prairie (RSM77)<\/span><span class=\"nasa-title-hr\"><\/span><\/span><\/h2><\/div><\/div>[vc_empty_space][vc_column_text]Notre tondeuse \u00e0 gazon\/tondeuse \u00e0 herbes hautes RSM77 peut facilement g\u00e9rer les herbes hautes et les sous-bois \u00e9pais. La tondeuse \u00e0 gazon est \u00e9galement particuli\u00e8rement adapt\u00e9e aux herbes hautes, aux sous-bois et \u00e0 l&#8217;herbe emm\u00eal\u00e9e gr\u00e2ce \u00e0 ses lames en Y mont\u00e9es sur pendule. Les lames en Y broient l&#8217;herbe coup\u00e9e finement et uniform\u00e9ment sur toute la largeur de tonte.<\/p>\n<p>Les entra\u00eenements de tonte et de d\u00e9placement peuvent \u00eatre commut\u00e9s s\u00e9par\u00e9ment et la transmission est coordonn\u00e9e entre elles afin que la vitesse soit adapt\u00e9e aux conditions sp\u00e9cifi\u00e9es sans perte de performances de tonte.<\/p>\n<p>La hauteur de tonte, c&#8217;est-\u00e0-dire la hauteur de coupe, est r\u00e9glable. La hauteur de coupe peut \u00eatre r\u00e9gl\u00e9e en hauteur et lat\u00e9ralement sans outils et tr\u00e8s facilement gr\u00e2ce \u00e0 une poign\u00e9e r\u00e9glable en hauteur. La hauteur de coupe peut \u00eatre r\u00e9gl\u00e9e de 2 \u00e0 8 cm. La tondeuse dispose \u00e9galement de volets avant qui s&#8217;ouvrent automatiquement lorsque les buissons ou les sous-bois sont plus hauts. Pour l&#8217;entretien, le volet avant peut \u00e9galement \u00eatre ouvert \u00e0 la main, par exemple pour remplacer les lames en Y.[\/vc_column_text][\/vc_column][\/vc_row][vc_row css=&#8221;.vc_custom_1696242860894{margin-top: 2rem !important;margin-bottom: 2rem !important;}&#8221;][vc_column]            <div class=\"nasa-static-block\" >\r\n                                <div class=\"nasa-static-block-container\">\r\n                    <style type=\"text\/css\" data-type=\"vc_shortcodes-custom-css\">.vc_custom_1696253521432{margin-top: 2rem !important;margin-bottom: 2rem !important;padding-top: 3rem !important;padding-bottom: 3rem !important;background-color: #505f6b !important;}.vc_custom_1696253530748{padding-right: 1rem !important;padding-left: 1rem !important;}<\/style>[vc_section full_width=\"stretch_row\" css=\".vc_custom_1696253521432{margin-top: 2rem !important;margin-bottom: 2rem !important;padding-top: 3rem !important;padding-bottom: 3rem !important;background-color: #505f6b !important;}\"][vc_row css=\".vc_custom_1696253530748{padding-right: 1rem !important;padding-left: 1rem !important;}\"][vc_column width=\"1\/2\"][vc_column_text]\r\n<h2><span style=\"color: #ffffff;\">Offre pour votre produit HZC Power<\/span><\/h2>\r\n[\/vc_column_text][vc_empty_space][\/vc_column][vc_column width=\"1\/2\"][vc_column_text]<span style=\"color: #ffffff;\">Chez HZC Power, nous pr\u00eatons toujours attention \u00e0 la plus haute qualit\u00e9, \u00e0 une finition techniquement irr\u00e9prochable et \u00e0 une construction robuste. Vous recevez nos produits partiellement assembl\u00e9s par une compagnie maritime. Nous vous proposons un prix d'exp\u00e9dition fixe qui est automatiquement g\u00e9n\u00e9r\u00e9 dans le panier (des informations d'exp\u00e9dition suppl\u00e9mentaires peuvent \u00eatre trouv\u00e9es <strong>ici<\/strong>).<\/span>\r\n\r\n<span style=\"color: #ffffff;\">Vous \u00eates invit\u00e9s \u00e0 voir nos produits \u00e0 notre si\u00e8ge social apr\u00e8s arrangement ou \u00e0 les r\u00e9cup\u00e9rer gratuitement.<\/span>\r\n\r\n<span style=\"color: #ffffff;\">Si vous avez d'autres questions sur les diff\u00e9rents mod\u00e8les, n'h\u00e9sitez pas \u00e0 contacter <strong>notre service client<\/strong>. Il se fera un plaisir de vous conseiller davantage. Laissez-vous convaincre par notre offre et assurez votre produit de la meilleure qualit\u00e9 au meilleur prix chez HZC Power.<\/span>[\/vc_column_text][\/vc_column][\/vc_row][\/vc_section]                <\/div>\r\n            <\/div>\r\n            [\/vc_column][\/vc_row][vc_row css=&#8221;.vc_custom_1696242868633{padding-top: 3rem !important;padding-bottom: 3rem !important;}&#8221;][vc_column width=&#8221;1\/2&#8243;]<div class=\"nasa-title clearfix hr-type-full\"><div class=\"nasa-wrap\"><h2 class=\"nasa-heading-title\"><span class=\"nasa-title-wrap\"><span style=\"background: #ffffff;\">Conduire<\/span><span class=\"nasa-title-hr\"><\/span><\/span><\/h2><\/div><\/div>[vc_empty_space][vc_column_text]Gr\u00e2ce \u00e0 son puissant moteur essence de 15 ch, il dispose de performances suffisantes. La tondeuse \u00e0 gazon\/tondeuse \u00e0 herbes hautes est \u00e9galement \u00e9quip\u00e9e de cha\u00eenes de haute qualit\u00e9 qui l&#8217;entra\u00eenent. Les cha\u00eenes assurent un \u00e9quilibre parfait et assurent la stabilit\u00e9 sur tout type de terrain, en particulier les terrains accident\u00e9s, ainsi que pour le travail sur des pentes et des surfaces in\u00e9gales. La tondeuse \u00e0 gazon dispose \u00e9galement d&#8217;une plate-forme de conduite qui rend la tonte plus confortable.[\/vc_column_text][vc_empty_space]<div class=\"nasa-title clearfix hr-type-full\"><div class=\"nasa-wrap\"><h2 class=\"nasa-heading-title\"><span class=\"nasa-title-wrap\"><span style=\"background: #ffffff;\">\u00c9quipement<\/span><span class=\"nasa-title-hr\"><\/span><\/span><\/h2><\/div><\/div>[vc_empty_space][vc_column_text]Les 40 lames en Y int\u00e9gr\u00e9es d\u00e9chiquetent les coupures au minimum. M\u00eame les herbes tr\u00e8s hautes, les touffes touffues ou les brins de paille ne posent aucun probl\u00e8me \u00e0 cette tondeuse \u00e0 gazon. La tondeuse dispose \u00e9galement de volets avant qui s&#8217;ouvrent automatiquement lorsque les buissons ou les sous-bois sont plus hauts. Pour l&#8217;entretien, le volet avant peut \u00e9galement \u00eatre ouvert \u00e0 la main, par exemple pour remplacer les lames en Y.[\/vc_column_text][\/vc_column][vc_column width=&#8221;1\/2&#8243;]<div class=\"nasa-title clearfix hr-type-full\"><div class=\"nasa-wrap\"><h2 class=\"nasa-heading-title\"><span class=\"nasa-title-wrap\"><span style=\"background: #ffffff;\">Donn\u00e9es Techniques<\/span><span class=\"nasa-title-hr\"><\/span><\/span><\/h2><\/div><\/div>[vc_empty_space][vc_column_text]Fabricant : HZC Power<br \/>\nMod\u00e8le : RSM77<br \/>\nMoteur : 15 CV, essence, Loncin, 1 cylindre, moteur 4 temps, 420cc<br \/>\nCarburant\u00a0: Essence (essence ordinaire, Super E5 ou Super E10)<br \/>\nLargeur de travail\/largeur de coupe : 760 mm<br \/>\nR\u00e9glage de la hauteur de coupe : central, en continu de 20 \u00e0 80 mm<br \/>\nType de couteau : couteau en Y<br \/>\nNombre de couteaux Y : 40<br \/>\nTransmission : chenilles<br \/>\nEntra\u00eenement\u00a0: 3 vitesses avant et 1 marche arri\u00e8re<br \/>\nVitesse\u00a0: avant 3,5 km\/h, arri\u00e8re 1 km\/h<br \/>\nCapacit\u00e9 du r\u00e9servoir : 6,5 litres<br \/>\nHuile moteur : 1,1 litre, 10W40 ou 15W40<br \/>\nPoids total : 245 kg<br \/>\nDimensions assembl\u00e9 : 1775 x 900 x 1386 mm (LxlxH)<br \/>\nDimensions de l&#8217;emballage : 1780 x 970 x 910 mm (LxlxH)<br \/>\nPoids avec emballage : environ 280 kg[\/vc_column_text][\/vc_column][\/vc_row][vc_row css=&#8221;.vc_custom_1696242881010{margin-top: 2rem !important;margin-bottom: 2rem !important;}&#8221;][vc_column]            <div class=\"nasa-static-block\" >\r\n                                <div class=\"nasa-static-block-container\">\r\n                    <style type=\"text\/css\" data-type=\"vc_shortcodes-custom-css\">.vc_custom_1696253560832{margin-top: 2rem !important;margin-bottom: 2rem !important;padding-top: 3rem !important;padding-bottom: 3rem !important;background-color: #505f6b !important;}.vc_custom_1696253549474{padding-right: 1rem !important;padding-left: 1rem !important;}<\/style>[vc_section full_width=\"stretch_row\" css=\".vc_custom_1696253560832{margin-top: 2rem !important;margin-bottom: 2rem !important;padding-top: 3rem !important;padding-bottom: 3rem !important;background-color: #505f6b !important;}\"][vc_row css=\".vc_custom_1696253549474{padding-right: 1rem !important;padding-left: 1rem !important;}\"][vc_column width=\"1\/2\"][vc_column_text]\r\n<h2><span style=\"color: #ffffff;\">D\u00e9tails d'exp\u00e9dition\/Indice de livraison<\/span><\/h2>\r\n[\/vc_column_text][vc_empty_space][\/vc_column][vc_column width=\"1\/2\"][vc_column_text]<span style=\"color: #ffffff;\">La machine est livr\u00e9e bien emball\u00e9e et d\u00e9mont\u00e9e dans une caisse en bois. Il faut pr\u00e9voir environ 2 \u00e0 3 heures pour le montage final. Le montage est tr\u00e8s simple et peut \u00eatre effectu\u00e9 par des non professionnels. Si toutefois vous avez besoin d'aide, nous sommes \u00e0 votre disposition \u00e0 tout moment. Vous avez encore besoin d'environ 1,8 litre d'huile moteur pour le moteur. Nous recommandons ici une huile multigrade de la classification 10W40 ou 15W40.<\/span>[\/vc_column_text][\/vc_column][\/vc_row][\/vc_section]                <\/div>\r\n            <\/div>\r\n            [\/vc_column][\/vc_row]<\/p>\n<\/div>","protected":false},"excerpt":{"rendered":"<p><span style=\"color: #ff0000;\"><strong>Disponible \u00e0 partir d&#8217;octobre<\/strong><\/span><\/p>\n<ul>\n<li>Moteur essence <strong>15 CV, moteur 1 cylindre 4 temps, 420cc<\/strong><\/li>\n<li>Largeur de travail\/largeur de coupe <strong>de 760\u00a0mm<\/strong><\/li>\n<li>Capacit\u00e9 du r\u00e9servoir\u00a0: <strong>6,5\u00a0litres<\/strong><\/li>\n<li>Huile moteur\u00a0: <strong>1,1 litre, 10W40 ou 15W40<\/strong><\/li>\n<li><strong>Avec plateforme de conduite<\/strong> pour un travail plus confortable<\/li>\n<li><strong>Cha\u00eenes d&#8217;entra\u00eenement<\/strong> pour terrains accident\u00e9s, surfaces in\u00e9gales et travaux en pente<\/li>\n<li><strong>La hauteur de coupe est r\u00e9glable centralement, en continu et facilement via une poign\u00e9e de 20 \u00e0 80\u00a0mm<\/strong><\/li>\n<li><strong>Convient aux herbes hautes, aux tontes touffues et pailleuses, aux sous-bois denses, aux pelouses <\/strong><\/li>\n<li>40 couteaux en Y <strong>d\u00e9chiquetent les boutures jusqu&#8217;\u00e0 la plus petite taille<\/strong><\/li>\n<li>Conduite\u00a0: <strong>3 vitesses avant et 1 marche arri\u00e8re<\/strong><\/li>\n<li>Vitesse\u00a0: <strong>avant 3,5\u00a0km\/h, arri\u00e8re 1\u00a0km\/h<\/strong><\/li>\n<li>Transmission\u00a0: <strong>Pistes suivies<\/strong><\/li>\n<li>convient pour une superficie <strong>de 1\u00a0140 \u00e0 2\u00a0660\u00a0m\u00b2\/h<\/strong><\/li>\n<li>Tr\u00e8s<strong>qualit\u00e9<\/strong>et <strong>fabrication robuste<\/strong><\/li>\n<li><strong>Op\u00e9ration\/manipulation facile<\/strong><\/li>\n<\/ul>\n            <div class=\"nasa-static-block\" >\r\n                                <div class=\"nasa-static-block-container\">\r\n                    <style type=\"text\/css\" data-type=\"vc_shortcodes-custom-css\">.vc_custom_1701967224244{padding-top: 1rem !important;padding-right: 1rem !important;padding-bottom: 1rem !important;padding-left: 1rem !important;background-color: #9f131e !important;}<\/style>[vc_row css=\".vc_custom_1701967224244{padding-top: 1rem !important;padding-right: 1rem !important;padding-bottom: 1rem !important;padding-left: 1rem !important;background-color: #9f131e !important;}\"][vc_column][vc_column_text]<span style=\"color: #ffffff;\"><strong>Entretien &amp; r\u00e9paration pour une longue dur\u00e9e de vie:<\/strong>.<\/span>\r\n<span style=\"color: #ffffff;\">Notre service complet est disponible pour ce produit.<\/span>\r\n<span style=\"color: #ffffff;\">Toutes les pi\u00e8ces de rechange sont toujours disponibles en stock et sont install\u00e9es dans les plus brefs d\u00e9lais.<\/span>[\/vc_column_text][\/vc_column][\/vc_row]                <\/div>\r\n            <\/div>\r\n            \n","protected":false},"featured_media":290027,"comment_status":"open","ping_status":"closed","template":"","meta":{"inline_featured_image":false},"product_brand":[],"product_cat":[776,1288],"class_list":{"0":"post-290032","1":"product","2":"type-product","3":"status-publish","4":"has-post-thumbnail","6":"product_cat-sylviculture-et-amenagement-paysager","7":"product_cat-tondeuses-tondeuse-a-hautes-herbes","8":"product_shipping_class-spedition-mittel","10":"first","11":"instock","12":"sale","13":"taxable","14":"shipping-taxable","15":"purchasable","16":"product-type-simple"},"bundled_by":[],"bundle_stock_status":"instock","bundle_stock_quantity":20,"bundle_virtual":false,"bundle_layout":"","bundle_add_to_cart_form_location":"","bundle_editable_in_cart":false,"bundle_sold_individually_context":"","bundle_item_grouping":"","bundle_min_size":"","bundle_max_size":"","bundle_price":[],"bundled_items":[],"bundle_sell_ids":[],"jetpack_sharing_enabled":true,"wcpa_form_fields":null,"_links":{"self":[{"href":"https:\/\/www.hzc-power.com\/fr\/wp-json\/wp\/v2\/product\/290032","targetHints":{"allow":["GET"]}}],"collection":[{"href":"https:\/\/www.hzc-power.com\/fr\/wp-json\/wp\/v2\/product"}],"about":[{"href":"https:\/\/www.hzc-power.com\/fr\/wp-json\/wp\/v2\/types\/product"}],"replies":[{"embeddable":true,"href":"https:\/\/www.hzc-power.com\/fr\/wp-json\/wp\/v2\/comments?post=290032"}],"wp:featuredmedia":[{"embeddable":true,"href":"https:\/\/www.hzc-power.com\/fr\/wp-json\/wp\/v2\/media\/290027"}],"wp:attachment":[{"href":"https:\/\/www.hzc-power.com\/fr\/wp-json\/wp\/v2\/media?parent=290032"}],"wp:term":[{"taxonomy":"product_brand","embeddable":true,"href":"https:\/\/www.hzc-power.com\/fr\/wp-json\/wp\/v2\/product_brand?post=290032"},{"taxonomy":"product_cat","embeddable":true,"href":"https:\/\/www.hzc-power.com\/fr\/wp-json\/wp\/v2\/product_cat?post=290032"}],"curies":[{"name":"wp","href":"https:\/\/api.w.org\/{rel}","templated":true}]}}