{"id":290608,"date":"2024-07-01T14:26:05","date_gmt":"2024-07-01T12:26:05","guid":{"rendered":"https:\/\/www.hzc-power.com\/?post_type=product&#038;p=290608"},"modified":"2025-09-23T10:14:23","modified_gmt":"2025-09-23T08:14:23","slug":"brouette-a-moteur-minidumper-1000kg-charge-utile-13cv-mdk1000hksh","status":"publish","type":"product","link":"https:\/\/www.hzc-power.com\/fr\/brouette-a-moteur\/minidumper-1000kg-charge-utile-13cv-mdk1000hksh\/","title":{"rendered":"Minidumper, tombereau sur chenilles, 1.000 Kg de charge utile, basculement hydraulique, benne hydraulique avec syst\u00e8me de basculement vers le haut, plate-forme conducteur, entra\u00eenement par cha\u00eene, moteur essence 13 CV (MDK1000HKSH)"},"content":{"rendered":"<div class=\"wpb-content-wrapper\"><p>[vc_row css=&#8221;.vc_custom_1696257929733{padding-top: 3rem !important;padding-bottom: 3rem !important;}&#8221;][vc_column width=&#8221;1\/2&#8243;][vc_column_text]<\/p>\n<h2>Minidumper, tombereau sur chenilles, 1.000 Kg de charge utile, plate-forme conducteur, entra\u00eenement par cha\u00eene, moteur essence 13 CV (MDK1000HKSH)<\/h2>\n<p>[\/vc_column_text][vc_empty_space][vc_column_text]Avec le MDK1000HKSH avec syst\u00e8me de basculement hydraulique \u00e9lev\u00e9 de HZC Power, vous obtenez un mini dumper de haute qualit\u00e9 avec ch\u00e2ssis \u00e0 chenilles. Le dumper est \u00e9quip\u00e9 de la nouvelle bo\u00eete de vitesses 6:2. Cela signifie qu\u2019il dispose de 6 vitesses avant et de 2 vitesses arri\u00e8re. La vitesse maximale en marche avant est de 7,5 km\/h et en arri\u00e8re de 3,5 km\/h. Gr\u00e2ce \u00e0 son entra\u00eenement par cha\u00eene, le dumper est particuli\u00e8rement adapt\u00e9 aux zones difficiles d&#8217;acc\u00e8s telles que les terrains accident\u00e9s et les pentes, les sols inclin\u00e9s, boueux, sableux. Gr\u00e2ce \u00e0 la fonction de basculement hydraulique suppl\u00e9mentaire de 75\u00b0, le d\u00e9chargement peut \u00eatre ma\u00eetris\u00e9 avec peu d&#8217;effort et est tr\u00e8s confortable. La charge utile maximale est de 1 000 kg, ce qui permet de transporter facilement des charges tr\u00e8s lourdes comme du sable, de la terre, des graviers, des pierres, des gravats de b\u00e2timents, des d\u00e9chets de jardin, des outils ou d&#8217;autres mat\u00e9riaux.<\/p>\n<p>De plus, une inclinaison de 20\u00b0 maximum peut \u00eatre facilement surmont\u00e9e une fois compl\u00e8tement charg\u00e9e. La plate-forme de conduite innovante et stable permet \u00e0 l&#8217;op\u00e9rateur de voyager confortablement car le dumper est automoteur. Lorsque la plateforme n&#8217;est pas utilis\u00e9e, vous pouvez facilement la replier. La manipulation est particuli\u00e8rement simple et confortable gr\u00e2ce \u00e0 la commande intuitive.<\/p>\n<p>Le syst\u00e8me hydraulique de basculement \u00e9lev\u00e9 vous offre plus de flexibilit\u00e9, permettant de charger une large gamme de mat\u00e9riaux d&#8217;un poids maximum de 1 000 kg directement dans le conteneur, la remorque ou le camion cible. De plus, l&#8217;auge au niveau du d\u00e9versement est droite, ce qui signifie que le mat\u00e9riau en vrac n&#8217;est pas coinc\u00e9 lors du d\u00e9versement.<\/p>\n<p>Le processus de mont\u00e9e et de descente ne prend que quelques secondes. L&#8217;auge mesure 1 360 x 830 x 650 mm et est renforc\u00e9e par une \u00e9paisseur de paroi de 3 mm. Le moteur est d\u00e9marr\u00e9 via un c\u00e2ble et peut \u00eatre d\u00e9marr\u00e9 facilement m\u00eame \u00e0 basse temp\u00e9rature.[\/vc_column_text][vc_empty_space][vc_column_text]<\/p>\n<h2>Conduire<\/h2>\n<p>[\/vc_column_text][vc_empty_space][vc_column_text]Le mini dumper pratique est propuls\u00e9 par un puissant moteur essence Loncin (13 CV). Un service de maintenance\/r\u00e9paration est disponible aupr\u00e8s d\u2019ateliers partenaires qualifi\u00e9s dans le monde entier. De plus, l&#8217;entra\u00eenement par cha\u00eene permet de surmonter sans effort les terrains particuli\u00e8rement accident\u00e9s, les pentes, les sols inclin\u00e9s, boueux et sablonneux. Le mini dumper atteint une vitesse maximale de 7,5 km\/h en marche avant et 3,5 km\/h en marche arri\u00e8re. Le mini dumper peut facilement g\u00e9rer des pentes allant jusqu&#8217;\u00e0 20\u00b0.[\/vc_column_text][vc_empty_space][vc_column_text]<\/p>\n<h2>\u00c9quipement<\/h2>\n<p>[\/vc_column_text][vc_empty_space][vc_column_text]L&#8217;auge spacieuse du mini tombereau sur chenilles peut contenir jusqu&#8217;\u00e0 1 000 kg de sable, de terre, de gravier, de pierres, de gravats, de d\u00e9chets de jardin ou d&#8217;autres mat\u00e9riaux. Le poids mort est de 520 kg. Gr\u00e2ce \u00e0 la motorisation, ce poids peut \u00eatre facilement transport\u00e9 pour vous \u2013 sans aucun effort de votre part. L&#8217;entra\u00eenement offre les avantages suivants\u00a0: r\u00e9gulation continue de la vitesse, couple \u00e9lev\u00e9, mouvement d&#8217;entra\u00eenement lin\u00e9aire \u00e0 haut rendement, protection contre les surcharges plus s\u00fbre et plus rapide, dur\u00e9e de vie plus longue, moins d&#8217;entretien, moins d&#8217;usure (car il y a moins de friction qu&#8217;avec des engrenages normaux), d\u00e9marrage est possible \u00e0 pleine charge et peut \u00eatre effectu\u00e9 \u00e0 l&#8217;arr\u00eat.<\/p>\n<p>Le mini dumper dispose \u00e9galement du syst\u00e8me de basculement hydraulique \u00e9lev\u00e9. Cela vous offre plus de flexibilit\u00e9, permettant de charger une grande vari\u00e9t\u00e9 de mat\u00e9riaux d&#8217;un poids maximum de 1 000 kg directement dans le conteneur, la remorque ou le camion cible. De plus, l&#8217;auge au niveau du d\u00e9versement est droite, ce qui signifie que le mat\u00e9riau en vrac n&#8217;est pas coinc\u00e9 lors du d\u00e9versement.<\/p>\n<p>La plate-forme de conduite innovante et stable permet \u00e0 l&#8217;op\u00e9rateur de rouler confortablement. Lorsque la plateforme n&#8217;est pas utilis\u00e9e, vous pouvez facilement la replier. La manipulation est particuli\u00e8rement simple et confortable gr\u00e2ce \u00e0 la commande intuitive. L&#8217;auge est renforc\u00e9e et a une \u00e9paisseur de paroi de 3 mm et offre \u00e9galement suffisamment d&#8217;espace pour de nombreux mat\u00e9riaux et outils. L&#8217;auge peut \u00eatre inclin\u00e9e hydrauliquement jusqu&#8217;\u00e0 un angle d&#8217;inclinaison de 75\u00b0 afin de faciliter le d\u00e9chargement.[\/vc_column_text][vc_empty_space][\/vc_column][vc_column width=&#8221;1\/2&#8243;][vc_single_image image=&#8221;288729&#8243; img_size=&#8221;300&#215;300&#8243; alignment=&#8221;center&#8221; onclick=&#8221;img_link_large&#8221; img_link_target=&#8221;_blank&#8221;][vc_empty_space][vc_single_image image=&#8221;288733&#8243; img_size=&#8221;300&#215;300&#8243; alignment=&#8221;center&#8221; onclick=&#8221;img_link_large&#8221; img_link_target=&#8221;_blank&#8221;][\/vc_column][\/vc_row][vc_row][vc_column]            <div class=\"nasa-static-block\" >\r\n                                <div class=\"nasa-static-block-container\">\r\n                    <style type=\"text\/css\" data-type=\"vc_shortcodes-custom-css\">.vc_custom_1696253521432{margin-top: 2rem !important;margin-bottom: 2rem !important;padding-top: 3rem !important;padding-bottom: 3rem !important;background-color: #505f6b !important;}.vc_custom_1696253530748{padding-right: 1rem !important;padding-left: 1rem !important;}<\/style>[vc_section full_width=\"stretch_row\" css=\".vc_custom_1696253521432{margin-top: 2rem !important;margin-bottom: 2rem !important;padding-top: 3rem !important;padding-bottom: 3rem !important;background-color: #505f6b !important;}\"][vc_row css=\".vc_custom_1696253530748{padding-right: 1rem !important;padding-left: 1rem !important;}\"][vc_column width=\"1\/2\"][vc_column_text]\r\n<h2><span style=\"color: #ffffff;\">Offre pour votre produit HZC Power<\/span><\/h2>\r\n[\/vc_column_text][vc_empty_space][\/vc_column][vc_column width=\"1\/2\"][vc_column_text]<span style=\"color: #ffffff;\">Chez HZC Power, nous pr\u00eatons toujours attention \u00e0 la plus haute qualit\u00e9, \u00e0 une finition techniquement irr\u00e9prochable et \u00e0 une construction robuste. Vous recevez nos produits partiellement assembl\u00e9s par une compagnie maritime. Nous vous proposons un prix d'exp\u00e9dition fixe qui est automatiquement g\u00e9n\u00e9r\u00e9 dans le panier (des informations d'exp\u00e9dition suppl\u00e9mentaires peuvent \u00eatre trouv\u00e9es <strong>ici<\/strong>).<\/span>\r\n\r\n<span style=\"color: #ffffff;\">Vous \u00eates invit\u00e9s \u00e0 voir nos produits \u00e0 notre si\u00e8ge social apr\u00e8s arrangement ou \u00e0 les r\u00e9cup\u00e9rer gratuitement.<\/span>\r\n\r\n<span style=\"color: #ffffff;\">Si vous avez d'autres questions sur les diff\u00e9rents mod\u00e8les, n'h\u00e9sitez pas \u00e0 contacter <strong>notre service client<\/strong>. Il se fera un plaisir de vous conseiller davantage. Laissez-vous convaincre par notre offre et assurez votre produit de la meilleure qualit\u00e9 au meilleur prix chez HZC Power.<\/span>[\/vc_column_text][\/vc_column][\/vc_row][\/vc_section]                <\/div>\r\n            <\/div>\r\n            [\/vc_column][\/vc_row][vc_row css=&#8221;.vc_custom_1696257940618{padding-top: 3rem !important;padding-bottom: 3rem !important;}&#8221;][vc_column width=&#8221;2\/3&#8243;][vc_column_text]<\/p>\n<h2>Donn\u00e9es techniques<\/h2>\n<p>[\/vc_column_text][vc_empty_space][vc_row_inner][vc_column_inner width=&#8221;1\/2&#8243;][vc_column_text]<\/p>\n<ul>\n<li>Fabricant\u00a0: HZC\u00a0Power<\/li>\n<li>Mod\u00e8le\u00a0: Mini dumper avec fonction de basculement hydraulique \u00e9lev\u00e9 et amp; Entra\u00eenement par cha\u00eene (MDK500HKSH)<\/li>\n<li>Moteur\u00a0: moteur essence Loncin, 13 CV, 390\u00a0cc<\/li>\n<li>Carburant\u00a0: essence (essence ordinaire, Super E5 ou E10)<\/li>\n<li>D\u00e9marreur\u00a0: poulie<\/li>\n<li>Train de roulement\u00a0: cha\u00eenes<\/li>\n<li>Capacit\u00e9 du r\u00e9servoir\u00a0: 6\u00a0litres<\/li>\n<li>R\u00e9servoir d&#8217;huile hydraulique\u00a0: 3,5\u00a0litres<\/li>\n<li>Bo\u00eete de vitesses\u00a0: 6:2<\/li>\n<li>Vitesse\u00a0: avant max. 7,5 km\/h, arri\u00e8re max. 3,5 km\/h<\/li>\n<li>Charge de charge\u00a0:\u00a0max. 1\u00a0000\u00a0kg\/1\u00a0to<\/li>\n<li>Entra\u00eenement d&#8217;auge\u00a0: hydraulique<\/li>\n<\/ul>\n<p>[\/vc_column_text][\/vc_column_inner][vc_column_inner width=&#8221;1\/2&#8243;][vc_column_text]<\/p>\n<ul>\n<li>Capacit\u00e9 d&#8217;escalade\u00a0:\u00a0max. 20\u00a0\u00b0<\/li>\n<li>Angle d&#8217;inclinaison\u00a0:\u00a075\u00a0\u00b0<\/li>\n<li>Garde au sol\u00a0: 140\u00a0mm<\/li>\n<li>Rayon de braquage minimum\u00a0:\u00a02\u00a0000\u00a0mm<\/li>\n<li>Poids total\u00a0: 520\u00a0kg<\/li>\n<li>Poids avec emballage\u00a0: environ 570\u00a0kg<\/li>\n<li>Dimensions de l&#8217;auge\u00a0: 1\u00a0360 x 830 x 650\u00a0mm (L\u00a0x\u00a0L x H)<\/li>\n<li>Dimensions produit\u00a0: 197 x 83 x 131 cm (LxLxH)<\/li>\n<li>Dimensions de l&#8217;emballage\u00a0: 230 x 94 x 124 cm (LxlxH)<\/li>\n<li>Caract\u00e9ristiques sp\u00e9ciales\u00a0: syst\u00e8me hydraulique d&#8217;inclinaison \u00e9lev\u00e9e, plate-forme de conduite, auge plus solide avec une \u00e9paisseur de paroi de 3\u00a0mm<\/li>\n<li>Exp\u00e9dition\u00a0: par transitaire<\/li>\n<\/ul>\n<p>[\/vc_column_text][\/vc_column_inner][\/vc_row_inner][\/vc_column][\/vc_row][vc_section full_width=&#8221;stretch_row&#8221; css=&#8221;.vc_custom_1696257962686{margin-top: 2rem !important;margin-bottom: 2rem !important;padding-top: 3rem !important;padding-bottom: 3rem !important;background-color: #fafafa !important;}&#8221;][vc_row css=&#8221;.vc_custom_1696257990824{padding-right: 1rem !important;padding-left: 1rem !important;}&#8221;][vc_column width=&#8221;1\/2&#8243;][vc_column_text][\/vc_column_text][vc_empty_space][vc_column_text][\/vc_column_text][\/vc_column][vc_column width=&#8221;1\/2&#8243;][vc_column_text][\/vc_column_text][vc_empty_space][vc_column_text][\/vc_column_text][\/vc_column][\/vc_row][\/vc_section][vc_row][vc_column]            <div class=\"nasa-static-block\" >\r\n                                <div class=\"nasa-static-block-container\">\r\n                    <style type=\"text\/css\" data-type=\"vc_shortcodes-custom-css\">.vc_custom_1696253729959{margin-top: 2rem !important;margin-bottom: 2rem !important;padding-top: 3rem !important;padding-bottom: 3rem !important;background-color: #505f6b !important;}.vc_custom_1696253718334{padding-right: 1rem !important;padding-left: 1rem !important;}<\/style>[vc_section full_width=\"stretch_row\" css=\".vc_custom_1696253729959{margin-top: 2rem !important;margin-bottom: 2rem !important;padding-top: 3rem !important;padding-bottom: 3rem !important;background-color: #505f6b !important;}\"][vc_row css=\".vc_custom_1696253718334{padding-right: 1rem !important;padding-left: 1rem !important;}\"][vc_column width=\"1\/2\"][vc_column_text]\r\n<h2><span style=\"color: #ffffff;\">D\u00e9tails d'exp\u00e9dition\/Indications de livraison<\/span><\/h2>\r\n[\/vc_column_text][vc_empty_space][\/vc_column][vc_column width=\"1\/2\"][vc_column_text]<span style=\"color: #ffffff;\">Le minidumper est livr\u00e9 bien emball\u00e9 et partiellement assembl\u00e9 dans un ch\u00e2ssis en acier robuste ou une caisse en bois. Il faut compter environ une heure pour le montage final, qui est facile \u00e0 r\u00e9aliser. Nous vous aidons volontiers, n'h\u00e9sitez pas \u00e0 nous contacter. <strong>Attention : lors de la premi\u00e8re utilisation des dumpers \u00e9lectriques, il faut charger compl\u00e8tement la batterie ou, pour les dumpers \u00e0 carburant, faire le plein de carburant et d'huile moteur !<\/strong><\/span>[\/vc_column_text][\/vc_column][\/vc_row][\/vc_section]                <\/div>\r\n            <\/div>\r\n            [\/vc_column][\/vc_row]<\/p>\n<\/div>","protected":false},"excerpt":{"rendered":"<p><span style=\"color: #ff0000;\"><strong>Disponible d\u00e8s maintenant.<\/strong><\/span><\/p>\n<ul>\n<li>Capacit\u00e9 de charge de<strong>1\u00a0000\u00a0kg avec auge<\/strong><\/li>\n<li>Avec <strong>syst\u00e8me de basculement hydraulique pour charger les conteneurs cibles, les remorques ou sur le camion<\/strong><\/li>\n<li>Puissant <strong>moteur essence de 13\u00a0ch\u00a0390\u00a0cc<\/strong><\/li>\n<li>Comprend une plate-forme de conduite, <strong>l&#8217;op\u00e9rateur peut se d\u00e9placer confortablement tout en travaillant<\/strong><\/li>\n<li>Gr\u00e2ce \u00e0 l&#8217;entra\u00eenement &#8211; Avantages\u00a0: faible maintenance, moins d&#8217;usure (moins de friction dans la bo\u00eete de vitesses), d\u00e9marrage \u00e0 l&#8217;arr\u00eat \u00e0 pleine charge, protection contre les surcharges plus s\u00fbre et plus rapide, couple plus \u00e9lev\u00e9, r\u00e9gulation de vitesse en continu, mouvement d&#8217;entra\u00eenement lin\u00e9aire &lt;\/li &gt;<\/li>\n<li>Comprend une plate-forme de conduite, <strong>l&#8217;op\u00e9rateur peut se d\u00e9placer confortablement tout en travaillant<\/strong><\/li>\n<li>Commandes simples et <strong>intuitives<\/strong><\/li>\n<li>Cuve plus solide avec une <strong>\u00e9paisseur de paroi de 3\u00a0mm<\/strong><\/li>\n<li>Conduite par <strong>ch\u00e2ssis \u00e0 chenilles pour les terrains accident\u00e9s, les pentes, les sols boueux et sablonneux<\/strong><\/li>\n<li>Convient aux <strong>charges tr\u00e8s lourdes telles que le sable, la terre, le gravier, les pierres, les gravats de construction, les d\u00e9chets de jardin, les outils ou autres mat\u00e9riaux<\/strong><\/li>\n<li>max. Vitesse <strong>Avant 7,5 km\/h, arri\u00e8re max. 3,5 km\/h<\/strong><\/li>\n<li><strong>Construction robuste et amp; fabrication de haute qualit\u00e9<\/strong><\/li>\n<li>Dispositif de basculement <strong>hydraulique<\/strong><\/li>\n<li>Capacit\u00e9 du r\u00e9servoir de <strong>6\u00a0litres<\/strong><\/li>\n<li>Garde au sol de <strong>140\u00a0mm<\/strong><\/li>\n<li>Rayon de braquage minimum\u00a0: <strong>2\u00a0000\u00a0mm<\/strong><\/li>\n<\/ul>\n            <div class=\"nasa-static-block\" >\r\n                                <div class=\"nasa-static-block-container\">\r\n                    <style type=\"text\/css\" data-type=\"vc_shortcodes-custom-css\">.vc_custom_1701967224244{padding-top: 1rem !important;padding-right: 1rem !important;padding-bottom: 1rem !important;padding-left: 1rem !important;background-color: #9f131e !important;}<\/style>[vc_row css=\".vc_custom_1701967224244{padding-top: 1rem !important;padding-right: 1rem !important;padding-bottom: 1rem !important;padding-left: 1rem !important;background-color: #9f131e !important;}\"][vc_column][vc_column_text]<span style=\"color: #ffffff;\"><strong>Entretien &amp; r\u00e9paration pour une longue dur\u00e9e de vie:<\/strong>.<\/span>\r\n<span style=\"color: #ffffff;\">Notre service complet est disponible pour ce produit.<\/span>\r\n<span style=\"color: #ffffff;\">Toutes les pi\u00e8ces de rechange sont toujours disponibles en stock et sont install\u00e9es dans les plus brefs d\u00e9lais.<\/span>[\/vc_column_text][\/vc_column][\/vc_row]                <\/div>\r\n            <\/div>\r\n            \n","protected":false},"featured_media":290625,"comment_status":"open","ping_status":"closed","template":"","meta":{"inline_featured_image":false},"product_brand":[],"product_cat":[785,788,776,789],"class_list":{"0":"post-290608","1":"product","2":"type-product","3":"status-publish","4":"has-post-thumbnail","6":"product_cat-brouette-a-moteur","7":"product_cat-cour-et-jardin","8":"product_cat-sylviculture-et-amenagement-paysager","9":"product_cat-travail-du-bois","10":"product_shipping_class-spedition-7-dumper","12":"first","13":"instock","14":"sale","15":"taxable","16":"shipping-taxable","17":"purchasable","18":"product-type-simple"},"bundled_by":[],"bundle_stock_status":"instock","bundle_stock_quantity":1,"bundle_virtual":false,"bundle_layout":"","bundle_add_to_cart_form_location":"","bundle_editable_in_cart":false,"bundle_sold_individually_context":"","bundle_item_grouping":"","bundle_min_size":"","bundle_max_size":"","bundle_price":[],"bundled_items":[],"bundle_sell_ids":[],"jetpack_sharing_enabled":true,"wcpa_form_fields":null,"_links":{"self":[{"href":"https:\/\/www.hzc-power.com\/fr\/wp-json\/wp\/v2\/product\/290608","targetHints":{"allow":["GET"]}}],"collection":[{"href":"https:\/\/www.hzc-power.com\/fr\/wp-json\/wp\/v2\/product"}],"about":[{"href":"https:\/\/www.hzc-power.com\/fr\/wp-json\/wp\/v2\/types\/product"}],"replies":[{"embeddable":true,"href":"https:\/\/www.hzc-power.com\/fr\/wp-json\/wp\/v2\/comments?post=290608"}],"wp:featuredmedia":[{"embeddable":true,"href":"https:\/\/www.hzc-power.com\/fr\/wp-json\/wp\/v2\/media\/290625"}],"wp:attachment":[{"href":"https:\/\/www.hzc-power.com\/fr\/wp-json\/wp\/v2\/media?parent=290608"}],"wp:term":[{"taxonomy":"product_brand","embeddable":true,"href":"https:\/\/www.hzc-power.com\/fr\/wp-json\/wp\/v2\/product_brand?post=290608"},{"taxonomy":"product_cat","embeddable":true,"href":"https:\/\/www.hzc-power.com\/fr\/wp-json\/wp\/v2\/product_cat?post=290608"}],"curies":[{"name":"wp","href":"https:\/\/api.w.org\/{rel}","templated":true}]}}